{"id":44061,"date":"2024-01-26T06:45:55","date_gmt":"2024-01-26T06:45:55","guid":{"rendered":"https:\/\/store.evolve-fitness.eu\/product\/evolve-horisontell-skivstangshallare-10-st\/"},"modified":"2026-04-29T12:01:11","modified_gmt":"2026-04-29T12:01:11","slug":"evolve-horisontell-skivstangshallare-10-st","status":"publish","type":"product","link":"https:\/\/store.evolve-fitness.eu\/sv\/produkt\/evolve-horisontell-skivstangshallare-10-st\/","title":{"rendered":"Evolve horisontell skivst\u00e5ngsh\u00e5llare (10 st)"},"content":{"rendered":"","protected":false},"excerpt":{"rendered":"<p>Vi introducerar Evolve Horizontal Barbell Holder, ett viktigt tillskott till alla gym som s\u00f6ker en smart och utrymmeseffektiv l\u00f6sning f\u00f6r f\u00f6rvaring av skivst\u00e4nger. Denna robusta och eleganta h\u00e5llare \u00e4r utformad f\u00f6r att h\u00e5lla ditt gymgolv rent och dina skivst\u00e4nger organiserade, tillg\u00e4ngliga och i perfekt skick. Evolve Horizontal Barbell Holder \u00e4r perfekt f\u00f6r b\u00e5de hemmabruk och kommersiella gym, och erbjuder ett kompakt och elegant s\u00e4tt att f\u00f6rvara flera skivst\u00e4nger horisontellt, vilket maximerar utrymmet och f\u00f6rb\u00e4ttrar den \u00f6vergripande renheten och organisationen i ditt tr\u00e4ningsomr\u00e5de. Den \u00e4r konstruerad med h\u00e5llbarhet i \u00e5tanke och t\u00e5l slitage vid regelbunden anv\u00e4ndning, vilket g\u00f6r den till en p\u00e5litlig och l\u00e5ngvarig investering. Den anv\u00e4ndarv\u00e4nliga designen g\u00f6r det enkelt att placera och h\u00e4mta skivst\u00e4nger, vilket garanterar en s\u00f6ml\u00f6s tr\u00e4ningsupplevelse. Genom att v\u00e4lja Evolve Horizontal Barbell Holder optimerar du inte bara ditt utrymme utan h\u00f6jer ocks\u00e5 funktionaliteten och professionalismen i din tr\u00e4ningsmilj\u00f6     <\/p>\n","protected":false},"featured_media":44081,"template":"","meta":{"_acf_changed":false,"inline_featured_image":false},"product_cat":[550,1001,1005],"product_tag":[],"class_list":{"0":"post-44061","1":"product","2":"type-product","3":"status-publish","4":"has-post-thumbnail","6":"product_cat-startsida","7":"product_cat-fria-vikter","8":"product_cat-hyllor-och-forvaringslosningar","10":"first","11":"instock","12":"shipping-taxable","13":"purchasable","14":"product-type-simple"},"acf":[],"_links":{"self":[{"href":"https:\/\/store.evolve-fitness.eu\/sv\/wp-json\/wp\/v2\/product\/44061","targetHints":{"allow":["GET"]}}],"collection":[{"href":"https:\/\/store.evolve-fitness.eu\/sv\/wp-json\/wp\/v2\/product"}],"about":[{"href":"https:\/\/store.evolve-fitness.eu\/sv\/wp-json\/wp\/v2\/types\/product"}],"wp:featuredmedia":[{"embeddable":true,"href":"https:\/\/store.evolve-fitness.eu\/sv\/wp-json\/wp\/v2\/media\/44081"}],"wp:attachment":[{"href":"https:\/\/store.evolve-fitness.eu\/sv\/wp-json\/wp\/v2\/media?parent=44061"}],"wp:term":[{"taxonomy":"product_cat","embeddable":true,"href":"https:\/\/store.evolve-fitness.eu\/sv\/wp-json\/wp\/v2\/product_cat?post=44061"},{"taxonomy":"product_tag","embeddable":true,"href":"https:\/\/store.evolve-fitness.eu\/sv\/wp-json\/wp\/v2\/product_tag?post=44061"}],"curies":[{"name":"wp","href":"https:\/\/api.w.org\/{rel}","templated":true}]}}