{"id":43155,"date":"2024-01-17T11:48:39","date_gmt":"2024-01-17T11:48:39","guid":{"rendered":"https:\/\/store.evolve-fitness.eu\/product\/evolve-ultra-series-series-selectorized-5-stack-multigym\/"},"modified":"2024-03-13T18:50:45","modified_gmt":"2024-03-13T18:50:45","slug":"evolve-ultra-series-series-selectorized-5-stack-multigym","status":"publish","type":"product","link":"https:\/\/store.evolve-fitness.eu\/sv\/produkt\/evolve-ultra-series-series-selectorized-5-stack-multigym\/","title":{"rendered":"Evolve Ultra Series Series Selectorized 5 Stack Multigym"},"content":{"rendered":"\n<section class=\"wp-block-group alignfull black-content has-white-color has-darkgray-background-color has-text-color has-background is-layout-constrained wp-block-group-is-layout-constrained\" style=\"padding-top:var(--wp--preset--spacing--section-bottom);padding-bottom:var(--wp--preset--spacing--section-bottom)\">\n<div class=\"wp-block-columns alignwide mobile-reverse is-layout-flex wp-container-core-columns-is-layout-ca64bf2d wp-block-columns-is-layout-flex\" style=\"margin-bottom:var(--wp--preset--spacing--side-padding)\">\n<div class=\"wp-block-column is-vertically-aligned-center is-layout-flow wp-block-column-is-layout-flow\">\n<h3 class=\"wp-block-heading\" style=\"margin-bottom:var(--wp--preset--spacing--h-3-bottom)\">  Evolve Ultra-serien<\/h3>\n\n\n\n<p style=\"margin-bottom:var(--wp--preset--spacing--tb-section-padding)\">V\u00e4lkommen till Evolve Ultra-serien, d\u00e4r vi definierar kvalitet p\u00e5 nytt. V\u00e5r Ultra-serie \u00e4r utformad f\u00f6r gym\u00e4gare, potentiella gym\u00e4gare och fitnessanl\u00e4ggningar i alla storlekar, och erbjuder en rad kostnadseffektiva selekterade maskiner som prioriterar kvalitet och prestanda. L\u00e5t oss utforska de unika funktionerna som g\u00f6r Ultra-serien till ett exceptionellt val f\u00f6r dem som s\u00f6ker budgetv\u00e4nlig men \u00e4nd\u00e5 h\u00f6gkvalitativ tr\u00e4ningsutrustning.<\/p>\n\n\n\n<h3 class=\"wp-block-heading\" style=\"margin-bottom:var(--wp--preset--spacing--h-3-bottom)\">S\u00e4kerhet m\u00f6ter stil<\/h3>\n\n\n\n<p><strong><em>Fullt t\u00e4ckt sk\u00e4rm f\u00f6r viktmagasin<\/em><\/strong><\/p>\n\n\n\n<p>F\u00f6r gym\u00e4gare och fitnessf\u00f6retagare \u00e4r s\u00e4kerhet och estetik av st\u00f6rsta vikt. Evolve Ultra Series har en helt\u00e4ckande Weight Stack Shroud som s\u00f6ml\u00f6st kombinerar s\u00e4kerhet och stil. Genom att f\u00f6rb\u00e4ttra s\u00e4kerheten och f\u00f6rhindra olyckor samtidigt som du h\u00e5ller ditt gym rent, \u00e4r detta skydd ett viktigt tillskott till alla tr\u00e4ningsanl\u00e4ggningar. F\u00f6rh\u00f6j ditt gyms visuella attraktionskraft samtidigt som du prioriterar dina kunders s\u00e4kerhet under varje tr\u00e4ningspass.<\/p>\n<\/div>\n\n\n\n<div class=\"wp-block-column is-vertically-aligned-center is-layout-flow wp-block-column-is-layout-flow\">\n<figure class=\"wp-block-image alignright size-full is-resized is-style-rounded\"><img decoding=\"async\" src=\"https:\/\/evolve-fitness.eu\/wp-content\/uploads\/2023\/12\/EV-SC-UL-500-Covered-Weight-Stack-Shroud.png\" alt=\"\" class=\"wp-image-9212\" style=\"object-fit:cover;width:680px;height:600px\"\/><\/figure>\n<\/div>\n<\/div>\n\n\n\n<div class=\"wp-block-columns alignwide is-layout-flex wp-container-core-columns-is-layout-c45ee707 wp-block-columns-is-layout-flex\" style=\"margin-bottom:var(--wp--preset--spacing--side-padding);padding-top:var(--wp--preset--spacing--side-padding)\">\n<div class=\"wp-block-column is-vertically-aligned-center is-layout-flow wp-block-column-is-layout-flow\">\n<figure class=\"wp-block-image size-full is-resized is-style-rounded\"><img decoding=\"async\" src=\"https:\/\/evolve-fitness.eu\/wp-content\/uploads\/2023\/12\/EV-SC-UL-500-Electrostatic-powder-coated.png\" alt=\"\" class=\"wp-image-9214\" style=\"object-fit:cover;width:680px;height:600px\"\/><\/figure>\n<\/div>\n\n\n\n<div class=\"wp-block-column is-vertically-aligned-center is-layout-flow wp-block-column-is-layout-flow\">\n<h3 class=\"wp-block-heading\"><strong>DUBBEL PULVERLACKERING<\/strong><\/h3>\n\n\n\n<p><strong><em><strong><em>Elektrostatisk pulverlackering<\/em><\/strong><\/em><\/strong><\/p>\n\n\n\n<p style=\"margin-bottom:var(--wp--preset--spacing--tb-section-padding)\">Evolve Ultra Series styrkemaskiner med en elektrostatiskt pulverlackerad p\u00e4rlsvart matt ram exemplifierar b\u00e5de form och funktion. Dess estetiska tilltal f\u00f6rst\u00e4rks av den svarta, matta ytan, medan dess praktiska egenskaper, inklusive friktionsmotst\u00e5nd, korrosionsskydd och rept\u00e5lighet, s\u00e4kerst\u00e4ller att den blir en p\u00e5litlig och l\u00e5ngvarig tr\u00e4ningskamrat.<\/p>\n\n\n\n<h3 class=\"wp-block-heading\" style=\"margin-bottom:var(--wp--preset--spacing--h-3-bottom)\">BEVARA DITT UTRYMME<\/h3>\n\n\n\n<p><strong><em><strong><em>Gummikuddar f\u00f6r golvskydd<\/em><\/strong><\/em><\/strong><\/p>\n\n\n\n<p>Uppr\u00e4tth\u00e5ll en ren och skadefri tr\u00e4ningsmilj\u00f6 med Rubber Pads. Gym\u00e4gare f\u00f6rst\u00e5r vikten av att bevara sina gymgolv. V\u00e5ra gummibelagda ben skyddar golvet mot repor och potentiella skador, vilket g\u00f6r Ultra-serien till valet f\u00f6r gym\u00e4gare som vill skydda sitt utrymme.<\/p>\n<\/div>\n<\/div>\n\n\n\n<div class=\"wp-block-columns alignwide are-vertically-aligned-center mobile-reverse is-layout-flex wp-container-core-columns-is-layout-e8158c2f wp-block-columns-is-layout-flex\" style=\"padding-top:var(--wp--preset--spacing--side-padding)\">\n<div class=\"wp-block-column is-vertically-aligned-center is-layout-flow wp-block-column-is-layout-flow\">\n<h3 class=\"wp-block-heading\" style=\"margin-bottom:var(--wp--preset--spacing--h-3-bottom)\"><strong>Optimala handgrepp<\/strong><\/h3>\n\n\n\n<p><strong><em><strong><em>F\u00f6rh\u00f6jd tr\u00e4ningsupplevelse<\/em><\/strong><\/em><\/strong><\/p>\n\n\n\n<p style=\"margin-bottom:var(--wp--preset--spacing--tb-section-padding)\">Att locka och beh\u00e5lla kunder \u00e4r avg\u00f6rande f\u00f6r gym\u00e4gare och chefer f\u00f6r fitnessanl\u00e4ggningar. Evolve Ultra-serien erbjuder optimala handgrepp, noggrant utformade f\u00f6r komfort och s\u00e4kerhet. F\u00f6rh\u00f6j dina kunders tr\u00e4ningsupplevelse, h\u00e5ll dem engagerade och motiverade att uppn\u00e5 sina tr\u00e4ningsm\u00e5l p\u00e5 din anl\u00e4ggning.<\/p>\n<\/div>\n\n\n\n<div class=\"wp-block-column is-vertically-aligned-center is-layout-flow wp-block-column-is-layout-flow\">\n<figure class=\"wp-block-image alignright size-full is-resized is-style-rounded\"><img decoding=\"async\" src=\"https:\/\/evolve-fitness.eu\/wp-content\/uploads\/2023\/12\/EV-SC-UL-500-Optimal-Hand-Grips.png\" alt=\"\" class=\"wp-image-9216\" style=\"object-fit:cover;width:680px;height:600px\"\/><\/figure>\n<\/div>\n<\/div>\n<\/section>\n","protected":false},"excerpt":{"rendered":"<p>Uppt\u00e4ck Evolve Ultra Series Selectorized 5 Stack Multigym, en perfekt blandning av s\u00e4kerhet, stil och funktionalitet f\u00f6r gym\u00e4gare och fitnessentusiaster. Den slitstarka, elektrostatiskt pulverlackerade ramen i p\u00e4rlsvart matt \u00e4r b\u00e5de elegant och byggd f\u00f6r att h\u00e5lla l\u00e4nge, och har en helt t\u00e4ckt Weight Stack Shroud f\u00f6r \u00f6kad s\u00e4kerhet och ett elegant utseende. Denna 1025 kg tunga multigym \u00e4r utrustad med gummikuddar f\u00f6r att skydda golven och optimala handgrepp f\u00f6r komfort och s\u00e4kerhet, och \u00e4r ett perfekt val f\u00f6r alla fitnessanl\u00e4ggningar. Med 2 \u00e5rs garanti och omfattande funktioner som korrosionsskydd och slitstarka golvskydd \u00e4r det en investering i kvalitet och elegans f\u00f6r ditt gym.<\/p>\n","protected":false},"featured_media":43165,"template":"","meta":{"_acf_changed":false,"inline_featured_image":false},"product_cat":[550,1149,1292],"product_tag":[],"class_list":{"0":"post-43155","1":"product","2":"type-product","3":"status-publish","4":"has-post-thumbnail","6":"product_cat-startsida","7":"product_cat-selectoriserade-maskiner","8":"product_cat-ultra-series-selectorized-maskiner","10":"first","11":"outofstock","12":"shipping-taxable","13":"purchasable","14":"product-type-simple"},"acf":[],"_links":{"self":[{"href":"https:\/\/store.evolve-fitness.eu\/sv\/wp-json\/wp\/v2\/product\/43155","targetHints":{"allow":["GET"]}}],"collection":[{"href":"https:\/\/store.evolve-fitness.eu\/sv\/wp-json\/wp\/v2\/product"}],"about":[{"href":"https:\/\/store.evolve-fitness.eu\/sv\/wp-json\/wp\/v2\/types\/product"}],"wp:featuredmedia":[{"embeddable":true,"href":"https:\/\/store.evolve-fitness.eu\/sv\/wp-json\/wp\/v2\/media\/43165"}],"wp:attachment":[{"href":"https:\/\/store.evolve-fitness.eu\/sv\/wp-json\/wp\/v2\/media?parent=43155"}],"wp:term":[{"taxonomy":"product_cat","embeddable":true,"href":"https:\/\/store.evolve-fitness.eu\/sv\/wp-json\/wp\/v2\/product_cat?post=43155"},{"taxonomy":"product_tag","embeddable":true,"href":"https:\/\/store.evolve-fitness.eu\/sv\/wp-json\/wp\/v2\/product_tag?post=43155"}],"curies":[{"name":"wp","href":"https:\/\/api.w.org\/{rel}","templated":true}]}}