{"id":43014,"date":"2024-01-18T14:00:24","date_gmt":"2024-01-18T14:00:24","guid":{"rendered":"https:\/\/store.evolve-fitness.eu\/product\/evolve-hexagon-hantlar-25-kg-60-kg\/"},"modified":"2026-04-29T12:01:51","modified_gmt":"2026-04-29T12:01:51","slug":"evolve-hexagon-hantlar-25-kg-60-kg","status":"publish","type":"product","link":"https:\/\/store.evolve-fitness.eu\/sv\/produkt\/evolve-hexagon-hantlar-25-kg-60-kg\/","title":{"rendered":"Evolve TPU Hexagon-hantlar 1 &#8211; 50 KG"},"content":{"rendered":"\n<section class=\"wp-block-group alignfull black-content has-white-color has-darkgray-background-color has-text-color has-background is-layout-constrained wp-block-group-is-layout-constrained\" style=\"padding-top:var(--wp--preset--spacing--section-bottom);padding-bottom:var(--wp--preset--spacing--section-bottom)\">\n<div class=\"wp-block-columns alignwide is-layout-flex wp-container-core-columns-is-layout-c45ee707 wp-block-columns-is-layout-flex\" style=\"margin-bottom:var(--wp--preset--spacing--side-padding);padding-top:var(--wp--preset--spacing--side-padding)\">\n<div class=\"wp-block-column is-vertically-aligned-center is-layout-flow wp-block-column-is-layout-flow\">\n<div class=\"wp-block-columns is-layout-flex wp-container-core-columns-is-layout-9d6595d7 wp-block-columns-is-layout-flex\">\n<div class=\"wp-block-column is-layout-flow wp-block-column-is-layout-flow\">\n<figure class=\"wp-block-image size-full is-style-rounded\"><img decoding=\"async\" src=\"https:\/\/evolve-fitness.eu\/wp-content\/uploads\/2023\/11\/Evolve-hex-dumbbells-5.png\" alt=\"\" class=\"wp-image-5356\"\/><\/figure>\n<\/div>\n<\/div>\n<\/div>\n\n\n\n<div class=\"wp-block-column is-vertically-aligned-center is-layout-flow wp-block-column-is-layout-flow\">\n<h3 class=\"wp-block-heading\"><strong>Funktionell design f\u00f6r varje tr\u00e4ningspass<\/strong><\/h3>\n\n\n\n<p><strong><em><strong><em>Utmana dina gr\u00e4nser<\/em><\/strong><\/em><\/strong><\/p>\n\n\n\n<p>V\u00e5ra hantlar \u00e4r praktiskt utformade och har gummibekl\u00e4dda huvuden som \u00f6kar h\u00e5llbarheten, skyddar ditt utrymme och minskar ljudniv\u00e5n. Den innovativa hexagonformen f\u00f6rhindrar rullning och underl\u00e4ttar en m\u00e4ngd olika \u00f6vningar f\u00f6r dem som gillar funktionella eller crossfit-rutiner. Med tydligt pr\u00e4glade och laserskurna viktnummer \u00e4r valet enkelt, vilket s\u00e4kerst\u00e4ller en s\u00f6ml\u00f6s \u00f6verg\u00e5ng mellan vikter.<\/p>\n<\/div>\n<\/div>\n\n\n\n<div class=\"wp-block-columns alignwide is-layout-flex wp-container-core-columns-is-layout-c45ee707 wp-block-columns-is-layout-flex\" style=\"margin-bottom:var(--wp--preset--spacing--side-padding);padding-top:var(--wp--preset--spacing--side-padding)\">\n<div class=\"wp-block-column is-vertically-aligned-center is-layout-flow wp-block-column-is-layout-flow\">\n<h3 class=\"wp-block-heading\"><strong>Ergonomisk spetskompetens<\/strong><\/h3>\n\n\n\n<p><strong><em><strong><em>H\u00f6gsta prestanda<\/em><\/strong><\/em><\/strong><\/p>\n\n\n\n<p style=\"margin-bottom:var(--wp--preset--spacing--tb-section-padding)\">Upplev komforten i v\u00e5ra ergonomiskt utformade hantlar. Varje handtag \u00e4r noggrant b\u00f6jt och belagt med en h\u00e5rd kromfinish, som inte bara ger en elegant, modern touch utan ocks\u00e5 skyddar mot rost. Det r\u00e4fflade m\u00f6nstret ger ett stadigt grepp och g\u00f6r det m\u00f6jligt f\u00f6r anv\u00e4ndaren att tr\u00e4na med tillf\u00f6rsikt och s\u00e4kerhet.<\/p>\n<\/div>\n\n\n\n<div class=\"wp-block-column is-vertically-aligned-center is-layout-flow wp-block-column-is-layout-flow\">\n<div class=\"wp-block-columns is-layout-flex wp-container-core-columns-is-layout-9d6595d7 wp-block-columns-is-layout-flex\">\n<div class=\"wp-block-column is-layout-flow wp-block-column-is-layout-flow\">\n<figure class=\"wp-block-image size-full is-resized is-style-rounded\"><img decoding=\"async\" src=\"https:\/\/evolve-fitness.eu\/wp-content\/uploads\/2023\/12\/A7_05929.jpg\" alt=\"\" class=\"wp-image-7933\" style=\"object-fit:cover;width:680px;height:600px\"\/><\/figure>\n<\/div>\n<\/div>\n<\/div>\n<\/div>\n\n\n\n<div class=\"wp-block-columns alignwide is-layout-flex wp-container-core-columns-is-layout-c45ee707 wp-block-columns-is-layout-flex\" style=\"margin-bottom:var(--wp--preset--spacing--side-padding);padding-top:var(--wp--preset--spacing--side-padding)\">\n<div class=\"wp-block-column is-vertically-aligned-center is-layout-flow wp-block-column-is-layout-flow\">\n<figure class=\"wp-block-image size-full is-resized is-style-rounded\"><img decoding=\"async\" src=\"https:\/\/evolve-fitness.eu\/wp-content\/uploads\/2023\/11\/Evolve-hex-dumbbells.png\" alt=\"\" class=\"wp-image-5346\" style=\"object-fit:cover;width:680px;height:600px\"\/><\/figure>\n<\/div>\n\n\n\n<div class=\"wp-block-column is-vertically-aligned-center is-layout-constrained wp-block-column-is-layout-constrained\">\n<h3 class=\"wp-block-heading\"><strong>Anpassning f\u00f6r att lyfta ditt varum\u00e4rke<\/strong><\/h3>\n\n\n\n<p><strong><em><strong><em>Evolve hantlar med anpassad passform<\/em><\/strong><\/em><\/strong><\/p>\n\n\n\n<p>F\u00f6rb\u00e4ttra utseendet p\u00e5 din anl\u00e4ggning med Evolve Hexagon hantlar. Vi erbjuder inte bara \u00f6verl\u00e4gsen tr\u00e4ningsutrustning, utan \u00e4ven anpassningstj\u00e4nster f\u00f6r att anpassa den till ditt varum\u00e4rkes estetik. V\u00e4lj att integrera dina varum\u00e4rkesf\u00e4rger och logotyp s\u00f6ml\u00f6st med v\u00e5r lasersk\u00e4rning och uretaninfusionsprocess. Med Evolve \u00e4r din tr\u00e4ningsutrustning inte bara ett redskap f\u00f6r tr\u00e4ning &#8211; den \u00e4r en \u00e5terspegling av ditt engagemang f\u00f6r kvalitet och stil.<\/p>\n<\/div>\n<\/div>\n\n\n\n<div class=\"wp-block-columns alignwide is-layout-flex wp-container-core-columns-is-layout-c45ee707 wp-block-columns-is-layout-flex\" style=\"margin-bottom:var(--wp--preset--spacing--side-padding);padding-top:var(--wp--preset--spacing--side-padding)\">\n<div class=\"wp-block-column is-vertically-aligned-center is-layout-flow wp-block-column-is-layout-flow\">\n<h3 class=\"wp-block-heading\"><strong>Brett spektrum av vikter<\/strong><\/h3>\n\n\n\n<p><strong><em><strong><em>Utmana dina gr\u00e4nser<\/em><\/strong><\/em><\/strong><\/p>\n\n\n\n<p>V\u00e5rt varierade viktsortiment, som str\u00e4cker sig fr\u00e5n 1 kg till 50 kg, tillgodoser alla niv\u00e5er av styrka och tr\u00e4ningsskicklighet. Evolve Hexagon Dumbbells finns i par eller upps\u00e4ttningar och passar hela spektrumet av anv\u00e4ndare, fr\u00e5n nyb\u00f6rjare som p\u00e5b\u00f6rjar sin fitnessresa till erfarna idrottare som vill t\u00e4nja p\u00e5 sina gr\u00e4nser.<\/p>\n<\/div>\n\n\n\n<div class=\"wp-block-column is-vertically-aligned-center is-layout-flow wp-block-column-is-layout-flow\">\n<div class=\"wp-block-columns is-layout-flex wp-container-core-columns-is-layout-9d6595d7 wp-block-columns-is-layout-flex\">\n<div class=\"wp-block-column is-layout-flow wp-block-column-is-layout-flow\">\n<figure class=\"wp-block-image size-full is-style-rounded\"><img decoding=\"async\" src=\"https:\/\/evolve-fitness.eu\/wp-content\/uploads\/2023\/11\/Evolve-hex-dumbbells-4-1.png\" alt=\"\" class=\"wp-image-5354\"\/><\/figure>\n<\/div>\n<\/div>\n<\/div>\n<\/div>\n\n\n\n<div class=\"wp-block-columns alignwide is-layout-flex wp-container-core-columns-is-layout-c45ee707 wp-block-columns-is-layout-flex\" style=\"margin-bottom:var(--wp--preset--spacing--side-padding);padding-top:var(--wp--preset--spacing--side-padding)\">\n<div class=\"wp-block-column is-vertically-aligned-center is-layout-flow wp-block-column-is-layout-flow\">\n<div class=\"wp-block-columns is-layout-flex wp-container-core-columns-is-layout-9d6595d7 wp-block-columns-is-layout-flex\">\n<div class=\"wp-block-column is-layout-flow wp-block-column-is-layout-flow\">\n<figure class=\"wp-block-video\"><video autoplay=\"\" controls=\"\" loop=\"\" muted=\"\" src=\"https:\/\/evolve-fitness.eu\/wp-content\/uploads\/2023\/11\/1.mp4\"><\/video><\/figure>\n<\/div>\n<\/div>\n<\/div>\n\n\n\n<div class=\"wp-block-column is-vertically-aligned-center is-layout-flow wp-block-column-is-layout-flow\">\n<h3 class=\"wp-block-heading\"><strong>Teknisk elegans<\/strong><\/h3>\n\n\n\n<p><strong><em><strong>Varaktig prestanda<\/strong><\/em><\/strong><\/p>\n\n\n\n<p>Evolve Hexagon Dumbbells \u00e4r ett paradigm av teknisk sofistikering och estetisk design, fr\u00e5n de gummiinfattade huvudena till det konturerade, kromf\u00f6rst\u00e4rkta greppet. Den sexkantiga formen ger balans, medan de laserskurna detaljerna \u00e5terspeglar v\u00e5rt engagemang f\u00f6r kvalitet. Utveckla dig med oss och ta det f\u00f6rsta steget mot en \u00f6verl\u00e4gsen tr\u00e4ningsupplevelse.<\/p>\n<\/div>\n<\/div>\n<\/section>\n","protected":false},"excerpt":{"rendered":"<p>P\u00e5 Evolve tror vi p\u00e5 kraften i omvandling genom styrka. Det \u00e4r d\u00e4rf\u00f6r vi har konstruerat Evolve Hexagon Dumbbell f\u00f6r att \u00f6vertr\u00e4ffa kraven p\u00e5 h\u00e5llbarhet och prestanda. V\u00e5ra hantlar \u00e4r tillverkade av h\u00f6gkvalitativa metalllegeringar och har enast\u00e5ende motst\u00e5ndskraft mot korrosion och deformation. Den noggranna precisionsgjutningen garanterar perfekt balans och m\u00e5ttnoggrannhet, vilket g\u00f6r dem till ett perfekt val f\u00f6r alla fitnessentusiaster, oavsett om du utrustar ett hemmagym eller en kommersiell fitnessanl\u00e4ggning p\u00e5 milit\u00e4rbaser, hotell, vandrarhem eller rehabiliteringscenter.  <\/p>\n","protected":false},"featured_media":125702,"template":"","meta":{"_acf_changed":false,"inline_featured_image":false},"product_cat":[2408,1001,1306],"product_tag":[],"class_list":{"0":"post-43014","1":"product","2":"type-product","3":"status-publish","4":"has-post-thumbnail","6":"product_cat-hyrox-redskap","7":"product_cat-fria-vikter","8":"product_cat-hantlar","10":"first","11":"instock","12":"shipping-taxable","13":"purchasable","14":"product-type-variable"},"acf":[],"_links":{"self":[{"href":"https:\/\/store.evolve-fitness.eu\/sv\/wp-json\/wp\/v2\/product\/43014","targetHints":{"allow":["GET"]}}],"collection":[{"href":"https:\/\/store.evolve-fitness.eu\/sv\/wp-json\/wp\/v2\/product"}],"about":[{"href":"https:\/\/store.evolve-fitness.eu\/sv\/wp-json\/wp\/v2\/types\/product"}],"wp:featuredmedia":[{"embeddable":true,"href":"https:\/\/store.evolve-fitness.eu\/sv\/wp-json\/wp\/v2\/media\/125702"}],"wp:attachment":[{"href":"https:\/\/store.evolve-fitness.eu\/sv\/wp-json\/wp\/v2\/media?parent=43014"}],"wp:term":[{"taxonomy":"product_cat","embeddable":true,"href":"https:\/\/store.evolve-fitness.eu\/sv\/wp-json\/wp\/v2\/product_cat?post=43014"},{"taxonomy":"product_tag","embeddable":true,"href":"https:\/\/store.evolve-fitness.eu\/sv\/wp-json\/wp\/v2\/product_tag?post=43014"}],"curies":[{"name":"wp","href":"https:\/\/api.w.org\/{rel}","templated":true}]}}