{"id":42677,"date":"2024-01-11T15:25:29","date_gmt":"2024-01-11T15:25:29","guid":{"rendered":"https:\/\/store.evolve-fitness.eu\/product\/evolve-prime-series-ab-och-armar-kabelmaskin\/"},"modified":"2024-03-14T01:36:44","modified_gmt":"2024-03-14T01:36:44","slug":"evolve-prime-series-ab-och-armar-kabelmaskin","status":"publish","type":"product","link":"https:\/\/store.evolve-fitness.eu\/sv\/produkt\/evolve-prime-series-ab-och-armar-kabelmaskin\/","title":{"rendered":"Evolve Prime Series AB och armar Kabelmaskin"},"content":{"rendered":"","protected":false},"excerpt":{"rendered":"<p>Optimera din core- och bicepstr\u00e4ning med Evolve kabelsystem, ett m\u00e5ngsidigt och utrymmeseffektivt komplement till b\u00e5de hemmagym och kommersiella gym. Systemet har justerbara motst\u00e5ndsniv\u00e5er, s\u00e5 att anv\u00e4ndarna kan anpassa tr\u00e4ningsintensiteten efter sina tr\u00e4ningsm\u00e5l. Den ergonomiska utformningen s\u00e4kerst\u00e4ller korrekt h\u00e5llning och st\u00f6d, vilket maximerar effekten av mag- och biceps\u00f6vningar. Evolve kabelsystem \u00e4r perfekt f\u00f6r dem som s\u00f6ker en kompakt men \u00e4nd\u00e5 effektiv l\u00f6sning f\u00f6r att f\u00f6rb\u00e4ttra b\u00e5l- och bicepsstyrka, och \u00e4r ett f\u00f6rstahandsval f\u00f6r fitnessentusiaster.<\/p>\n","protected":false},"featured_media":42715,"template":"","meta":{"_acf_changed":false,"inline_featured_image":false},"product_cat":[550,1149,1167],"product_tag":[],"class_list":{"0":"post-42677","1":"product","2":"type-product","3":"status-publish","4":"has-post-thumbnail","6":"product_cat-startsida","7":"product_cat-selectoriserade-maskiner","8":"product_cat-prime-series-selectoriserade-maskiner","10":"first","11":"outofstock","12":"shipping-taxable","13":"purchasable","14":"product-type-simple"},"acf":[],"_links":{"self":[{"href":"https:\/\/store.evolve-fitness.eu\/sv\/wp-json\/wp\/v2\/product\/42677","targetHints":{"allow":["GET"]}}],"collection":[{"href":"https:\/\/store.evolve-fitness.eu\/sv\/wp-json\/wp\/v2\/product"}],"about":[{"href":"https:\/\/store.evolve-fitness.eu\/sv\/wp-json\/wp\/v2\/types\/product"}],"wp:featuredmedia":[{"embeddable":true,"href":"https:\/\/store.evolve-fitness.eu\/sv\/wp-json\/wp\/v2\/media\/42715"}],"wp:attachment":[{"href":"https:\/\/store.evolve-fitness.eu\/sv\/wp-json\/wp\/v2\/media?parent=42677"}],"wp:term":[{"taxonomy":"product_cat","embeddable":true,"href":"https:\/\/store.evolve-fitness.eu\/sv\/wp-json\/wp\/v2\/product_cat?post=42677"},{"taxonomy":"product_tag","embeddable":true,"href":"https:\/\/store.evolve-fitness.eu\/sv\/wp-json\/wp\/v2\/product_tag?post=42677"}],"curies":[{"name":"wp","href":"https:\/\/api.w.org\/{rel}","templated":true}]}}