{"id":42124,"date":"2024-01-11T15:07:09","date_gmt":"2024-01-11T15:07:09","guid":{"rendered":"https:\/\/store.evolve-fitness.eu\/product\/evolve-prime-series-kabelmaskin-for-brost-och-axlar\/"},"modified":"2024-03-14T01:36:47","modified_gmt":"2024-03-14T01:36:47","slug":"evolve-prime-series-kabelmaskin-for-brost-och-axlar","status":"publish","type":"product","link":"https:\/\/store.evolve-fitness.eu\/sv\/produkt\/evolve-prime-series-kabelmaskin-for-brost-och-axlar\/","title":{"rendered":"Evolve Prime Series kabelmaskin f\u00f6r br\u00f6st och axlar"},"content":{"rendered":"\n<section class=\"wp-block-group alignfull black-content has-white-color has-darkgray-background-color has-text-color has-background is-layout-constrained wp-block-group-is-layout-constrained\" style=\"padding-top:var(--wp--preset--spacing--section-bottom);padding-bottom:var(--wp--preset--spacing--section-bottom)\">\n<div class=\"wp-block-columns is-layout-flex wp-container-core-columns-is-layout-9d6595d7 wp-block-columns-is-layout-flex\">\n<div class=\"wp-block-column is-layout-flow wp-block-column-is-layout-flow\">\n<figure class=\"wp-block-image size-full\"><img loading=\"lazy\" decoding=\"async\" width=\"1080\" height=\"1080\" src=\"https:\/\/store.evolve-fitness.eu\/wp-content\/uploads\/2024\/01\/Evolve-Shoulder-and-Chest-Cable-System.png\" alt=\"\" class=\"wp-image-4465\" srcset=\"https:\/\/store.evolve-fitness.eu\/wp-content\/uploads\/2024\/01\/Evolve-Shoulder-and-Chest-Cable-System.png 1080w, https:\/\/store.evolve-fitness.eu\/wp-content\/uploads\/2024\/01\/Evolve-Shoulder-and-Chest-Cable-System-300x300.png 300w, https:\/\/store.evolve-fitness.eu\/wp-content\/uploads\/2024\/01\/Evolve-Shoulder-and-Chest-Cable-System-1024x1024.png 1024w, https:\/\/store.evolve-fitness.eu\/wp-content\/uploads\/2024\/01\/Evolve-Shoulder-and-Chest-Cable-System-150x150.png 150w, https:\/\/store.evolve-fitness.eu\/wp-content\/uploads\/2024\/01\/Evolve-Shoulder-and-Chest-Cable-System-768x768.png 768w, https:\/\/store.evolve-fitness.eu\/wp-content\/uploads\/2024\/01\/Evolve-Shoulder-and-Chest-Cable-System-600x600.png 600w, https:\/\/store.evolve-fitness.eu\/wp-content\/uploads\/2024\/01\/Evolve-Shoulder-and-Chest-Cable-System-100x100.png 100w\" sizes=\"auto, (max-width: 1080px) 100vw, 1080px\" \/><\/figure>\n<\/div>\n\n\n\n<div class=\"wp-block-column is-layout-flow wp-block-column-is-layout-flow\" style=\"padding-top:var(--wp--preset--spacing--tb-section-padding);padding-bottom:var(--wp--preset--spacing--tb-section-padding)\">\n<p class=\"has-big-title-font-size\">Br\u00f6stkorg och axlar Kabelmaskin<\/p>\n\n\n\n<p>1. Exklusiv design: Efterliknar dagliga aktiviteter med aluminiumreglage, lager och h\u00f6gkvalitativa kablar f\u00f6r smidig, obegr\u00e4nsad r\u00f6relse; dubbla handtagspar riktar sig mot olika \u00f6verkroppsmuskler.<\/p>\n\n\n\n<p>2. M\u00e5ngsidig anv\u00e4ndning: L\u00e4mplig f\u00f6r sittande eller st\u00e5ende \u00f6vningar, passar alla konditionsniv\u00e5er och \u00e4ven rullstolsanv\u00e4ndare.<\/p>\n\n\n\n<p>3. H\u00e5llbar ram: Robust, pulverlackerad metallram f\u00f6r \u00f6kad h\u00e5llbarhet och rostskydd.<\/p>\n\n\n\n<p>4. Flexibla tr\u00e4ningsalternativ: Oberoende handtagsr\u00f6relse m\u00f6jligg\u00f6r balanserad tr\u00e4ning av b\u00e5da kroppssidorna; inkluderar transporthjul f\u00f6r enkel r\u00f6rlighet och en rad olika \u00f6vningar.<\/p>\n\n\n\n<p>5. Ergonomisk stoppning: Industriell stoppning med t\u00e4tt, deformationsbest\u00e4ndigt skum och slitstarkt syntetiskt l\u00e4der\u00f6verdrag.<\/p>\n\n\n\n<p>6. S\u00e4kerhet och anv\u00e4ndarv\u00e4nlighet: Har t\u00e4ckta viktstaplar f\u00f6r att f\u00f6rebygga skador och l\u00e4ttjusterat motst\u00e5nd med ett r\u00f6tt f\u00e4rgkodat stift; viktskivor har rost- och skadebest\u00e4ndig behandling.<\/p>\n<\/div>\n<\/div>\n<\/section>\n","protected":false},"excerpt":{"rendered":"<p>Evolve Shoulder and Chest Cable System \u00e4r en m\u00e5ngsidig, anv\u00e4ndarv\u00e4nlig maskin som \u00e4r perfekt f\u00f6r att f\u00f6rb\u00e4ttra axel- och br\u00f6sttr\u00e4ningen. Den unika designen ger smidig och obehindrad r\u00f6relse, har justerbart motst\u00e5nd och \u00e4r l\u00e4mplig f\u00f6r olika konditionsniv\u00e5er, \u00e4ven f\u00f6r personer med nedsatt r\u00f6rlighet. Den slitstarka, pulverlackerade ramen och den ergonomiska stoppningen garanterar komfort och l\u00e5ng livsl\u00e4ngd. Detta kabelsystem, perfekt f\u00f6r b\u00e5de sittande och st\u00e5ende \u00f6vningar, erbjuder en skr\u00e4ddarsydd tr\u00e4ningsupplevelse och tillgodoser alla dina behov av att st\u00e4rka \u00f6verkroppen.<\/p>\n","protected":false},"featured_media":42133,"template":"","meta":{"_acf_changed":false,"inline_featured_image":false},"product_cat":[550,1149,1167],"product_tag":[],"class_list":{"0":"post-42124","1":"product","2":"type-product","3":"status-publish","4":"has-post-thumbnail","6":"product_cat-startsida","7":"product_cat-selectoriserade-maskiner","8":"product_cat-prime-series-selectoriserade-maskiner","10":"first","11":"outofstock","12":"shipping-taxable","13":"purchasable","14":"product-type-simple"},"acf":[],"_links":{"self":[{"href":"https:\/\/store.evolve-fitness.eu\/sv\/wp-json\/wp\/v2\/product\/42124","targetHints":{"allow":["GET"]}}],"collection":[{"href":"https:\/\/store.evolve-fitness.eu\/sv\/wp-json\/wp\/v2\/product"}],"about":[{"href":"https:\/\/store.evolve-fitness.eu\/sv\/wp-json\/wp\/v2\/types\/product"}],"wp:featuredmedia":[{"embeddable":true,"href":"https:\/\/store.evolve-fitness.eu\/sv\/wp-json\/wp\/v2\/media\/42133"}],"wp:attachment":[{"href":"https:\/\/store.evolve-fitness.eu\/sv\/wp-json\/wp\/v2\/media?parent=42124"}],"wp:term":[{"taxonomy":"product_cat","embeddable":true,"href":"https:\/\/store.evolve-fitness.eu\/sv\/wp-json\/wp\/v2\/product_cat?post=42124"},{"taxonomy":"product_tag","embeddable":true,"href":"https:\/\/store.evolve-fitness.eu\/sv\/wp-json\/wp\/v2\/product_tag?post=42124"}],"curies":[{"name":"wp","href":"https:\/\/api.w.org\/{rel}","templated":true}]}}