{"id":42063,"date":"2024-01-11T14:08:56","date_gmt":"2024-01-11T14:08:56","guid":{"rendered":"https:\/\/store.evolve-fitness.eu\/product\/evolve-prime-series-kabelmaskin-for-lats-drag-och-rodd\/"},"modified":"2024-03-14T01:36:40","modified_gmt":"2024-03-14T01:36:40","slug":"evolve-prime-series-kabelmaskin-for-lats-drag-och-rodd","status":"publish","type":"product","link":"https:\/\/store.evolve-fitness.eu\/sv\/produkt\/evolve-prime-series-kabelmaskin-for-lats-drag-och-rodd\/","title":{"rendered":"Evolve Prime Series kabelmaskin f\u00f6r lats, drag och rodd"},"content":{"rendered":"\n<section class=\"wp-block-group alignfull black-content has-white-color has-darkgray-background-color has-text-color has-background is-layout-constrained wp-block-group-is-layout-constrained\" style=\"padding-top:var(--wp--preset--spacing--section-bottom);padding-bottom:var(--wp--preset--spacing--section-bottom)\">\n<div class=\"wp-block-columns is-layout-flex wp-container-core-columns-is-layout-9d6595d7 wp-block-columns-is-layout-flex\">\n<div class=\"wp-block-column is-layout-flow wp-block-column-is-layout-flow\">\n<figure class=\"wp-block-image size-full\"><img loading=\"lazy\" decoding=\"async\" width=\"614\" height=\"768\" src=\"https:\/\/store.evolve-fitness.eu\/wp-content\/uploads\/2024\/01\/Lat-Pull-Row-Trainer-7.png\" alt=\"\" class=\"wp-image-4461\" srcset=\"https:\/\/store.evolve-fitness.eu\/wp-content\/uploads\/2024\/01\/Lat-Pull-Row-Trainer-7.png 614w, https:\/\/store.evolve-fitness.eu\/wp-content\/uploads\/2024\/01\/Lat-Pull-Row-Trainer-7-240x300.png 240w, https:\/\/store.evolve-fitness.eu\/wp-content\/uploads\/2024\/01\/Lat-Pull-Row-Trainer-7-600x750.png 600w\" sizes=\"auto, (max-width: 614px) 100vw, 614px\" \/><\/figure>\n<\/div>\n\n\n\n<div class=\"wp-block-column is-layout-flow wp-block-column-is-layout-flow\" style=\"padding-top:var(--wp--preset--spacing--tb-section-padding);padding-bottom:var(--wp--preset--spacing--tb-section-padding)\">\n<p class=\"has-big-title-font-size\">Lat Pull och Row Kabelmaskin<\/p>\n\n\n\n<p><\/p>\n\n\n\n<p>1. Exklusiv design: Med simuleringar av vardagsaktiviteter, aluminiumreglage, h\u00f6gkvalitativa kablar och dubbla handtagspar f\u00f6r varierad tr\u00e4ning av \u00f6verkroppen.  <\/p>\n\n\n\n<p>2. M\u00e5ngsidighet: L\u00e4mplig f\u00f6r sittande och st\u00e5ende \u00f6vningar, tillg\u00e4nglig f\u00f6r olika konditionsniv\u00e5er och personer med r\u00f6relsehinder, inklusive rullstolsanv\u00e4ndare.  <\/p>\n\n\n\n<p>3. H\u00e5llbar ram: Kombinerar h\u00f6gkvalitativ, pulverlackerad metall f\u00f6r rostskydd och l\u00e5ngvarig f\u00e4rg.  <\/p>\n\n\n\n<p>4. Obegr\u00e4nsad tr\u00e4ningsfrihet: Oberoende handtagsr\u00f6relser f\u00f6r balanserad tr\u00e4ning, anpassningsbar f\u00f6r individuella behov, med transporthjul f\u00f6r enkel ompositionering.  <\/p>\n\n\n\n<p>5. Ergonomisk stoppning: Deformationsbest\u00e4ndig skumplast av industrikvalitet kl\u00e4dd i slitstarkt syntetiskt l\u00e4der f\u00f6r \u00f6kad komfort.  <\/p>\n\n\n\n<p>6. S\u00e4kerhet och anv\u00e4ndarv\u00e4nlighet: Snygga, skadef\u00f6rebyggande t\u00e4ckta viktstaplar med enkel justering av motst\u00e5ndet via ett r\u00f6tt f\u00e4rgkodat stift och rostbest\u00e4ndiga viktskivor.<\/p>\n<\/div>\n<\/div>\n<\/section>\n","protected":false},"excerpt":{"rendered":"<p>Uppt\u00e4ck Evolve Vertical Cable Pull-maskinen, en m\u00e5ngsidig tr\u00e4ningsl\u00f6sning f\u00f6r \u00f6verkroppen som passar alla konditionsniv\u00e5er. Den unika designen erbjuder ett brett utbud av \u00f6vningar med smidig, oavbruten r\u00f6relse och justerbart motst\u00e5nd. Den \u00e4r idealisk f\u00f6r b\u00e5de sittande och st\u00e5ende tr\u00e4ning och passar anv\u00e4ndare med olika f\u00f6rm\u00e5gor, inklusive rullstolsburna. Den slitstarka, pulverlackerade ramen och den ergonomiska stoppningen garanterar komfort och l\u00e5ng livsl\u00e4ngd. Med oberoende handtagsr\u00f6relser och l\u00e4ttjusterat motst\u00e5nd \u00e4r den perfekt f\u00f6r balanserad muskeltr\u00e4ning och en omfattande fitnessrutin.<\/p>\n","protected":false},"featured_media":42082,"template":"","meta":{"_acf_changed":false,"inline_featured_image":false},"product_cat":[550,1149,1167],"product_tag":[],"class_list":{"0":"post-42063","1":"product","2":"type-product","3":"status-publish","4":"has-post-thumbnail","6":"product_cat-startsida","7":"product_cat-selectoriserade-maskiner","8":"product_cat-prime-series-selectoriserade-maskiner","10":"first","11":"outofstock","12":"shipping-taxable","13":"purchasable","14":"product-type-simple"},"acf":[],"_links":{"self":[{"href":"https:\/\/store.evolve-fitness.eu\/sv\/wp-json\/wp\/v2\/product\/42063","targetHints":{"allow":["GET"]}}],"collection":[{"href":"https:\/\/store.evolve-fitness.eu\/sv\/wp-json\/wp\/v2\/product"}],"about":[{"href":"https:\/\/store.evolve-fitness.eu\/sv\/wp-json\/wp\/v2\/types\/product"}],"wp:featuredmedia":[{"embeddable":true,"href":"https:\/\/store.evolve-fitness.eu\/sv\/wp-json\/wp\/v2\/media\/42082"}],"wp:attachment":[{"href":"https:\/\/store.evolve-fitness.eu\/sv\/wp-json\/wp\/v2\/media?parent=42063"}],"wp:term":[{"taxonomy":"product_cat","embeddable":true,"href":"https:\/\/store.evolve-fitness.eu\/sv\/wp-json\/wp\/v2\/product_cat?post=42063"},{"taxonomy":"product_tag","embeddable":true,"href":"https:\/\/store.evolve-fitness.eu\/sv\/wp-json\/wp\/v2\/product_tag?post=42063"}],"curies":[{"name":"wp","href":"https:\/\/api.w.org\/{rel}","templated":true}]}}