{"id":41954,"date":"2024-01-11T13:38:55","date_gmt":"2024-01-11T13:38:55","guid":{"rendered":"https:\/\/store.evolve-fitness.eu\/product\/evolve-prime-series-cross-system-med-dubbla-kablar\/"},"modified":"2024-03-14T01:34:36","modified_gmt":"2024-03-14T01:34:36","slug":"evolve-prime-series-cross-system-med-dubbla-kablar","status":"publish","type":"product","link":"https:\/\/store.evolve-fitness.eu\/sv\/produkt\/evolve-prime-series-cross-system-med-dubbla-kablar\/","title":{"rendered":"Evolve Prime Series Cross-system med dubbla kablar"},"content":{"rendered":"\n<section class=\"wp-block-group alignfull black-content has-white-color has-darkgray-background-color has-text-color has-background is-layout-constrained wp-block-group-is-layout-constrained\" style=\"padding-top:var(--wp--preset--spacing--section-bottom);padding-bottom:var(--wp--preset--spacing--section-bottom)\">\n<div class=\"wp-block-columns alignwide is-layout-flex wp-container-core-columns-is-layout-c45ee707 wp-block-columns-is-layout-flex\" style=\"margin-bottom:var(--wp--preset--spacing--side-padding);padding-top:var(--wp--preset--spacing--side-padding)\">\n<div class=\"wp-block-column is-vertically-aligned-center is-layout-flow wp-block-column-is-layout-flow\">\n<figure class=\"wp-block-video\"><video autoplay=\"\" controls=\"\" loop=\"\" muted=\"\" src=\"https:\/\/evolve-fitness.eu\/wp-content\/uploads\/2023\/12\/2-18.mp4\"><\/video><\/figure>\n<\/div>\n\n\n\n<div class=\"wp-block-column is-vertically-aligned-center is-layout-constrained wp-block-column-is-layout-constrained\">\n<h3 class=\"wp-block-heading\" style=\"margin-bottom:var(--wp--preset--spacing--h-3-bottom)\"><strong>Brett utbud av \u00f6vningar<\/strong> <\/h3>\n\n\n\n<p><\/p>\n\n\n\n<p style=\"margin-bottom:var(--wp--preset--spacing--tb-section-padding)\">Evolve cross pull trainer kabel crossover-maskin erbjuder ett stort utbud av \u00f6vningar som riktar sig till flera muskelgrupper, vilket f\u00f6rb\u00e4ttrar kroppens totala styrka och flexibilitet.<\/p>\n<\/div>\n<\/div>\n\n\n\n<div class=\"wp-block-columns alignwide is-layout-flex wp-container-core-columns-is-layout-c45ee707 wp-block-columns-is-layout-flex\" style=\"margin-bottom:var(--wp--preset--spacing--side-padding);padding-top:var(--wp--preset--spacing--side-padding)\">\n<div class=\"wp-block-column is-vertically-aligned-center is-layout-flow wp-block-column-is-layout-flow\">\n<h3 class=\"wp-block-heading\" style=\"margin-bottom:var(--wp--preset--spacing--h-3-bottom)\"><strong><strong>Anpassningsbara alternativ f\u00f6r motst\u00e5nd<\/strong><\/strong><\/h3>\n\n\n\n<p><\/p>\n\n\n\n<p>Den har justerbara motst\u00e5ndsinst\u00e4llningar, s\u00e5 att anv\u00e4ndarna kan skr\u00e4ddarsy sina tr\u00e4ningspass efter specifika styrkeniv\u00e5er och m\u00e5l, vilket g\u00f6r den l\u00e4mplig f\u00f6r b\u00e5de nyb\u00f6rjare och avancerade anv\u00e4ndare.<\/p>\n<\/div>\n\n\n\n<div class=\"wp-block-column is-vertically-aligned-center is-layout-flow wp-block-column-is-layout-flow\">\n<div class=\"wp-block-columns is-layout-flex wp-container-core-columns-is-layout-9d6595d7 wp-block-columns-is-layout-flex\">\n<div class=\"wp-block-column is-layout-flow wp-block-column-is-layout-flow\">\n<figure class=\"wp-block-video\"><video autoplay=\"\" controls=\"\" loop=\"\" muted=\"\" src=\"https:\/\/evolve-fitness.eu\/wp-content\/uploads\/2023\/12\/8.mp4\"><\/video><\/figure>\n<\/div>\n<\/div>\n<\/div>\n<\/div>\n\n\n\n<div class=\"wp-block-columns alignwide is-layout-flex wp-container-core-columns-is-layout-c45ee707 wp-block-columns-is-layout-flex\" style=\"margin-bottom:var(--wp--preset--spacing--side-padding);padding-top:var(--wp--preset--spacing--side-padding)\">\n<div class=\"wp-block-column is-vertically-aligned-center is-layout-flow wp-block-column-is-layout-flow\">\n<figure class=\"wp-block-video\"><video autoplay=\"\" controls=\"\" loop=\"\" muted=\"\" src=\"https:\/\/evolve-fitness.eu\/wp-content\/uploads\/2023\/12\/1-28.mp4\"><\/video><\/figure>\n<\/div>\n\n\n\n<div class=\"wp-block-column is-vertically-aligned-center is-layout-flow wp-block-column-is-layout-flow\">\n<h3 class=\"wp-block-heading\" style=\"margin-bottom:var(--wp--preset--spacing--h-3-bottom)\"><strong><strong><strong>H\u00e5llbarhet f\u00f6r intensiv anv\u00e4ndning<\/strong><\/strong><\/strong><\/h3>\n\n\n\n<p><\/p>\n\n\n\n<p>Denna maskin \u00e4r utformad f\u00f6r professionella gym och \u00e4r byggd f\u00f6r att t\u00e5la tung anv\u00e4ndning, vilket garanterar l\u00e5ng livsl\u00e4ngd och konsekvent prestanda.<\/p>\n<\/div>\n<\/div>\n\n\n\n<div class=\"wp-block-columns alignwide is-layout-flex wp-container-core-columns-is-layout-c45ee707 wp-block-columns-is-layout-flex\" style=\"margin-bottom:var(--wp--preset--spacing--side-padding);padding-top:var(--wp--preset--spacing--side-padding)\">\n<div class=\"wp-block-column is-vertically-aligned-center is-layout-flow wp-block-column-is-layout-flow\">\n<h3 class=\"wp-block-heading\" style=\"margin-bottom:var(--wp--preset--spacing--h-3-bottom)\"><strong><strong>Ergonomisk design f\u00f6r anv\u00e4ndarkomfort<\/strong><\/strong><\/h3>\n\n\n\n<p><\/p>\n\n\n\n<p>Maskinens ergonomiska design underl\u00e4ttar naturliga r\u00f6relser, minskar risken f\u00f6r skador och \u00f6kar effektiviteten i \u00f6vningarna.<\/p>\n<\/div>\n\n\n\n<div class=\"wp-block-column is-vertically-aligned-center is-layout-flow wp-block-column-is-layout-flow\">\n<div class=\"wp-block-columns is-layout-flex wp-container-core-columns-is-layout-9d6595d7 wp-block-columns-is-layout-flex\">\n<div class=\"wp-block-column is-layout-flow wp-block-column-is-layout-flow\">\n<figure class=\"wp-block-video\"><video height=\"450\" style=\"aspect-ratio: 367 \/ 450;\" width=\"367\" autoplay=\"\" controls=\"\" loop=\"\" muted=\"\" src=\"https:\/\/evolve-fitness.eu\/wp-content\/uploads\/2023\/12\/6-1.mp4\"><\/video><\/figure>\n<\/div>\n<\/div>\n<\/div>\n<\/div>\n<\/section>\n","protected":false},"excerpt":{"rendered":"<p>Evolve cross pull trainer \u00e4r en professionell tr\u00e4ningsmaskin i toppklass som \u00e4r inriktad p\u00e5 att f\u00f6rb\u00e4ttra b\u00e5lstyrka och uth\u00e5llighet. Armarna kan justeras vertikalt och horisontellt. Denna crosstrainer \u00e4r s\u00e4rskilt utformad f\u00f6r b\u00e5de gym och hemmabruk, och erbjuder exceptionellt m\u00e5nga olika \u00f6vningar f\u00f6r b\u00e5len. Den robusta konstruktionen garanterar l\u00e5ng livsl\u00e4ngd och g\u00f6r den till en p\u00e5litlig utrustning f\u00f6r intensiva tr\u00e4ningspass.<\/p>\n","protected":false},"featured_media":41989,"template":"","meta":{"_acf_changed":false,"inline_featured_image":false},"product_cat":[550,1149,1167],"product_tag":[],"class_list":{"0":"post-41954","1":"product","2":"type-product","3":"status-publish","4":"has-post-thumbnail","6":"product_cat-startsida","7":"product_cat-selectoriserade-maskiner","8":"product_cat-prime-series-selectoriserade-maskiner","10":"first","11":"outofstock","12":"shipping-taxable","13":"purchasable","14":"product-type-simple"},"acf":[],"_links":{"self":[{"href":"https:\/\/store.evolve-fitness.eu\/sv\/wp-json\/wp\/v2\/product\/41954","targetHints":{"allow":["GET"]}}],"collection":[{"href":"https:\/\/store.evolve-fitness.eu\/sv\/wp-json\/wp\/v2\/product"}],"about":[{"href":"https:\/\/store.evolve-fitness.eu\/sv\/wp-json\/wp\/v2\/types\/product"}],"wp:featuredmedia":[{"embeddable":true,"href":"https:\/\/store.evolve-fitness.eu\/sv\/wp-json\/wp\/v2\/media\/41989"}],"wp:attachment":[{"href":"https:\/\/store.evolve-fitness.eu\/sv\/wp-json\/wp\/v2\/media?parent=41954"}],"wp:term":[{"taxonomy":"product_cat","embeddable":true,"href":"https:\/\/store.evolve-fitness.eu\/sv\/wp-json\/wp\/v2\/product_cat?post=41954"},{"taxonomy":"product_tag","embeddable":true,"href":"https:\/\/store.evolve-fitness.eu\/sv\/wp-json\/wp\/v2\/product_tag?post=41954"}],"curies":[{"name":"wp","href":"https:\/\/api.w.org\/{rel}","templated":true}]}}