{"id":41383,"date":"2024-01-09T09:31:02","date_gmt":"2024-01-09T09:31:02","guid":{"rendered":"https:\/\/store.evolve-fitness.eu\/product\/evolve-prime-series-selectorized-torso-rotation\/"},"modified":"2024-06-05T12:33:59","modified_gmt":"2024-06-05T12:33:59","slug":"evolve-prime-series-selectorized-torso-rotation","status":"publish","type":"product","link":"https:\/\/store.evolve-fitness.eu\/sv\/produkt\/evolve-prime-series-selectorized-torso-rotation\/","title":{"rendered":"Evolve Prime Series Selectorized Torso Rotation"},"content":{"rendered":"\n<section class=\"wp-block-group alignfull black-content has-white-color has-darkgray-background-color has-text-color has-background is-layout-constrained wp-block-group-is-layout-constrained\" style=\"padding-top:var(--wp--preset--spacing--section-bottom);padding-bottom:var(--wp--preset--spacing--section-bottom)\">\n<section class=\"wp-block-group alignfull black-content has-white-color has-darkgray-background-color has-text-color has-background is-layout-constrained wp-block-group-is-layout-constrained\" style=\"padding-top:var(--wp--preset--spacing--section-bottom);padding-bottom:var(--wp--preset--spacing--section-bottom)\">\n<div class=\"wp-block-columns alignwide mobile-reverse is-layout-flex wp-container-core-columns-is-layout-ca64bf2d wp-block-columns-is-layout-flex\" style=\"margin-bottom:var(--wp--preset--spacing--side-padding)\">\n<div class=\"wp-block-column is-vertically-aligned-center is-layout-flow wp-block-column-is-layout-flow\">\n<h3 class=\"wp-block-heading\" style=\"margin-bottom:var(--wp--preset--spacing--h-3-bottom)\">Revolutionera din tr\u00e4ning<\/h3>\n\n\n\n<p><em><strong>Evolve Prime Series Selectoriserade maskiner<\/strong><\/em><\/p>\n\n\n\n<p style=\"margin-bottom:var(--wp--preset--spacing--tb-section-padding)\">F\u00f6rh\u00f6j din tr\u00e4ningsresa med Evolve Prime Series Selectorized Machines. Dessa maskiner \u00e4r utformade f\u00f6r effektiva tr\u00e4ningspass och erbjuder en rad funktioner f\u00f6r att f\u00f6rb\u00e4ttra din tr\u00e4ningsrutin. Med justerbara s\u00e4ten och ryggst\u00f6d kan anv\u00e4ndarna anpassa sina tr\u00e4ningspositioner f\u00f6r maximal komfort. Maskinerna har en exceptionellt h\u00e5llbar oval ram, vilket ger b\u00e5de en elegant design och en livsl\u00e4ngd som \u00e4r l\u00e4mplig f\u00f6r kommersiella milj\u00f6er. En bekv\u00e4m kl\u00e4dd bas s\u00e4kerst\u00e4ller stabilitet under tr\u00e4ningspassen, medan halkfria handtag, en l\u00e5gprofilerad torndesign, kompakt storlek och anpassningsbara ram- och kl\u00e4dself\u00e4rger ger en touch av stil till ditt gym. Uppt\u00e4ck ensidiga r\u00f6relser och konvergerande axelarmar som ger en naturlig och balanserad tr\u00e4ningsupplevelse.<\/p>\n\n\n\n<h3 class=\"wp-block-heading\" style=\"margin-bottom:var(--wp--preset--spacing--h-3-bottom)\">Ergonomisk spetskompetens<\/h3>\n\n\n\n<p><strong><em>Skr\u00e4ddarsydd f\u00f6r din kropp<\/em><\/strong><\/p>\n\n\n\n<p>V\u00e5ra selektiva styrkemaskiner har en ergonomisk design som anpassar sig efter m\u00e4nniskokroppens anatomi. Detta s\u00e4kerst\u00e4ller korrekt kroppsposition och stabiliserar lederna under tr\u00e4ningen. Handtagen \u00e4r t\u00e4ckta med ett halkfritt material som garanterar maximal stabilitet och tr\u00e4ningss\u00e4kerhet. Justerbara s\u00e4ten och ryggst\u00f6d g\u00f6r det m\u00f6jligt f\u00f6r anv\u00e4ndaren att hitta den perfekta tr\u00e4ningspositionen f\u00f6r sina individuella behov. Justeringshandtagen, som \u00e4r m\u00e5lade i en klarr\u00f6d f\u00e4rg, \u00e4r b\u00e5de l\u00e4tta att identifiera och anv\u00e4ndarv\u00e4nliga.<\/p>\n<\/div>\n\n\n\n<div class=\"wp-block-column is-vertically-aligned-center is-layout-flow wp-block-column-is-layout-flow\">\n<figure class=\"wp-block-image size-large is-resized is-style-rounded\"><img loading=\"lazy\" decoding=\"async\" width=\"617\" height=\"617\" src=\"https:\/\/store.evolve-fitness.eu\/wp-content\/uploads\/2024\/06\/Dizainas-be-pavadinimo-27-edited.png\" alt=\"\" class=\"wp-image-75405\" style=\"width:1015px;height:auto\" srcset=\"https:\/\/store.evolve-fitness.eu\/wp-content\/uploads\/2024\/06\/Dizainas-be-pavadinimo-27-edited.png 617w, https:\/\/store.evolve-fitness.eu\/wp-content\/uploads\/2024\/06\/Dizainas-be-pavadinimo-27-edited-300x300.png 300w, https:\/\/store.evolve-fitness.eu\/wp-content\/uploads\/2024\/06\/Dizainas-be-pavadinimo-27-edited-150x150.png 150w, https:\/\/store.evolve-fitness.eu\/wp-content\/uploads\/2024\/06\/Dizainas-be-pavadinimo-27-edited-600x600.png 600w, https:\/\/store.evolve-fitness.eu\/wp-content\/uploads\/2024\/06\/Dizainas-be-pavadinimo-27-edited-100x100.png 100w\" sizes=\"auto, (max-width: 617px) 100vw, 617px\" \/><\/figure>\n<\/div>\n<\/div>\n<\/section>\n\n\n\n<section class=\"wp-block-group alignfull black-content has-white-color has-darkgray-background-color has-text-color has-background is-layout-constrained wp-block-group-is-layout-constrained\" style=\"padding-top:var(--wp--preset--spacing--section-bottom);padding-bottom:var(--wp--preset--spacing--section-bottom)\">\n<div class=\"wp-block-columns alignwide mobile-reverse is-layout-flex wp-container-core-columns-is-layout-ca64bf2d wp-block-columns-is-layout-flex\" style=\"margin-bottom:var(--wp--preset--spacing--side-padding)\">\n<div class=\"wp-block-column is-vertically-aligned-center is-layout-flow wp-block-column-is-layout-flow\">\n<figure class=\"wp-block-image size-large is-resized\"><img loading=\"lazy\" decoding=\"async\" width=\"617\" height=\"617\" src=\"https:\/\/store.evolve-fitness.eu\/wp-content\/uploads\/2024\/06\/Dizainas-be-pavadinimo-27-1-edited.png\" alt=\"\" class=\"wp-image-75380\" style=\"width:1026px;height:auto\" srcset=\"https:\/\/store.evolve-fitness.eu\/wp-content\/uploads\/2024\/06\/Dizainas-be-pavadinimo-27-1-edited.png 617w, https:\/\/store.evolve-fitness.eu\/wp-content\/uploads\/2024\/06\/Dizainas-be-pavadinimo-27-1-edited-300x300.png 300w, https:\/\/store.evolve-fitness.eu\/wp-content\/uploads\/2024\/06\/Dizainas-be-pavadinimo-27-1-edited-150x150.png 150w, https:\/\/store.evolve-fitness.eu\/wp-content\/uploads\/2024\/06\/Dizainas-be-pavadinimo-27-1-edited-600x600.png 600w, https:\/\/store.evolve-fitness.eu\/wp-content\/uploads\/2024\/06\/Dizainas-be-pavadinimo-27-1-edited-100x100.png 100w\" sizes=\"auto, (max-width: 617px) 100vw, 617px\" \/><\/figure>\n<\/div>\n\n\n\n<div class=\"wp-block-column is-vertically-aligned-center is-layout-flow wp-block-column-is-layout-flow\">\n<h3 class=\"wp-block-heading\" style=\"margin-bottom:var(--wp--preset--spacing--h-3-bottom)\">S\u00e4kerhet och enkelhet<\/h3>\n\n\n\n<p><strong><em>Smidiga justeringar<\/em><\/strong><\/p>\n\n\n\n<p style=\"margin-bottom:var(--wp--preset--spacing--tb-section-padding)\">S\u00e4kerheten \u00e4r av st\u00f6rsta vikt, och d\u00e4rf\u00f6r \u00e4r viktstaplarna p\u00e5 alla selekterade styrkemaskiner helt t\u00e4ckta med ogenomskinliga plasth\u00f6ljen. Detta \u00f6kar inte bara s\u00e4kerheten vid tr\u00e4ning utan ger ocks\u00e5 ett attraktivt utseende. Det \u00e4r enkelt att \u00e4ndra motst\u00e5ndet &#8211; skjut bara stiftet till \u00f6nskad viktstapel. Varje viktplatta skyddas av ett extra korrosionsbest\u00e4ndigt skikt.<\/p>\n\n\n\n<h3 class=\"wp-block-heading\" style=\"margin-bottom:var(--wp--preset--spacing--h-3-bottom)\">Multifunktionell<\/h3>\n\n\n\n<p><strong><em>Bekv\u00e4mlighet vid dina fingertoppar<\/em><\/strong><\/p>\n\n\n\n<p>Inbyggda f\u00f6rvaringsfack g\u00f6r det m\u00f6jligt att f\u00f6rvara viktiga saker som vattenflaskor, musikspelare eller mobiltelefoner inom arml\u00e4ngds avst\u00e5nd. Informativa skyltar visar vilka muskelgrupper varje tr\u00e4nare riktar in sig p\u00e5 och ger v\u00e4gledning om korrekt kroppsposition och r\u00f6relser f\u00f6r att s\u00e4kerst\u00e4lla att \u00f6vningarna utf\u00f6rs korrekt. De konvergerande axelarmarna efterliknar naturliga r\u00f6relser, och den ensidiga handtagsr\u00f6relsen m\u00f6jligg\u00f6r riktat muskelarbete, oavsett om man anv\u00e4nder en eller b\u00e5da h\u00e4nderna, vilket fr\u00e4mjar styrka med symmetri och balans.<\/p>\n<\/div>\n<\/div>\n<\/section>\n\n\n\n<section class=\"wp-block-group alignfull black-content has-white-color has-darkgray-background-color has-text-color has-background is-layout-constrained wp-block-group-is-layout-constrained\" style=\"padding-top:var(--wp--preset--spacing--section-bottom);padding-bottom:var(--wp--preset--spacing--section-bottom)\">\n<div class=\"wp-block-columns alignwide mobile-reverse is-layout-flex wp-container-core-columns-is-layout-ca64bf2d wp-block-columns-is-layout-flex\" style=\"margin-bottom:var(--wp--preset--spacing--side-padding)\">\n<div class=\"wp-block-column is-vertically-aligned-center is-layout-flow wp-block-column-is-layout-flow\">\n<h3 class=\"wp-block-heading\" style=\"margin-bottom:var(--wp--preset--spacing--h-3-bottom)\">\u00d6verd\u00e5dig komfort<\/h3>\n\n\n\n<p><strong><em>St\u00f6djande stoppning<\/em><\/strong><\/p>\n\n\n\n<p style=\"margin-bottom:var(--wp--preset--spacing--tb-section-padding)\">S\u00e4kerheten \u00e4r av st\u00f6rsta vikt, och d\u00e4rf\u00f6r \u00e4r viktstaplarna p\u00e5 alla selekterade styrkemaskiner helt t\u00e4ckta med ogenomskinliga plasth\u00f6ljen. Detta \u00f6kar inte bara s\u00e4kerheten vid tr\u00e4ning utan ger ocks\u00e5 ett attraktivt utseende. Det \u00e4r enkelt att \u00e4ndra motst\u00e5ndet &#8211; skjut bara stiftet till \u00f6nskad viktstapel. Varje viktplatta skyddas av ett extra korrosionsbest\u00e4ndigt skikt.<\/p>\n\n\n\n<h3 class=\"wp-block-heading\" style=\"margin-bottom:var(--wp--preset--spacing--h-3-bottom)\">Byggd f\u00f6r att h\u00e5lla<\/h3>\n\n\n\n<p><strong><em>Robust ramverk<\/em><\/strong><\/p>\n\n\n\n<p>Ramen \u00e4r tillverkad av svetsade, pulverlackerade ovala r\u00f6r och \u00e4r inte bara mycket h\u00e5llbar utan \u00e4ven rostbest\u00e4ndig. Oavsett om du \u00e4r en hemanv\u00e4ndare som s\u00f6ker kvalitet eller ett professionellt gym eller kommersiell tr\u00e4ningsanl\u00e4ggning, inklusive milit\u00e4rbaser, hotell, vandrarhem och rehabiliteringscenter, \u00e4r dessa maskiner utformade f\u00f6r att uppfylla dina f\u00f6rv\u00e4ntningar.<\/p>\n\n\n\n<p><\/p>\n\n\n\n<div class=\"wp-block-columns is-layout-flex wp-container-core-columns-is-layout-9d6595d7 wp-block-columns-is-layout-flex\">\n<div class=\"wp-block-column is-layout-flow wp-block-column-is-layout-flow\">\n<div class=\"wp-block-columns is-layout-flex wp-container-core-columns-is-layout-9d6595d7 wp-block-columns-is-layout-flex\">\n<div class=\"wp-block-column is-layout-flow wp-block-column-is-layout-flow\"><\/div>\n<\/div>\n<\/div>\n<\/div>\n\n\n\n<h3 class=\"wp-block-heading\" style=\"margin-bottom:var(--wp--preset--spacing--h-3-bottom)\">Idealisk f\u00f6r yrkesverksamma<\/h3>\n\n\n\n<p><strong><em>Anpassa ditt gym<\/em><\/strong><\/p>\n\n\n\n<p>F\u00f6rst\u00e4rk ditt gyms varum\u00e4rke med utrustning som matchar din stil. N\u00e4r du best\u00e4ller Evolve-utrustning matchar vi den med din interi\u00f6rs f\u00e4rgschema och anpassar ramens och kl\u00e4dselns f\u00e4rger s\u00e5 att de passar ditt utrymme. Upplev l\u00f6sningen du har v\u00e4ntat p\u00e5 &#8211; tr\u00e4ningsutrustning anpassad efter dina behov. V\u00e4lj h\u00f6gkvalitativ tr\u00e4ningsutrustning som passar utm\u00e4rkt i en kommersiell milj\u00f6 samtidigt som den kompletterar din interi\u00f6rs f\u00e4rgschema.<\/p>\n<\/div>\n\n\n\n<div class=\"wp-block-column is-vertically-aligned-center is-layout-flow wp-block-column-is-layout-flow\">\n<figure class=\"wp-block-image size-large is-resized\"><img loading=\"lazy\" decoding=\"async\" width=\"617\" height=\"617\" src=\"https:\/\/store.evolve-fitness.eu\/wp-content\/uploads\/2024\/06\/Dizainas-be-pavadinimo-27-2-edited.png\" alt=\"\" class=\"wp-image-75355\" style=\"width:1091px;height:auto\" srcset=\"https:\/\/store.evolve-fitness.eu\/wp-content\/uploads\/2024\/06\/Dizainas-be-pavadinimo-27-2-edited.png 617w, https:\/\/store.evolve-fitness.eu\/wp-content\/uploads\/2024\/06\/Dizainas-be-pavadinimo-27-2-edited-300x300.png 300w, https:\/\/store.evolve-fitness.eu\/wp-content\/uploads\/2024\/06\/Dizainas-be-pavadinimo-27-2-edited-150x150.png 150w, https:\/\/store.evolve-fitness.eu\/wp-content\/uploads\/2024\/06\/Dizainas-be-pavadinimo-27-2-edited-600x600.png 600w, https:\/\/store.evolve-fitness.eu\/wp-content\/uploads\/2024\/06\/Dizainas-be-pavadinimo-27-2-edited-100x100.png 100w\" sizes=\"auto, (max-width: 617px) 100vw, 617px\" \/><\/figure>\n<\/div>\n<\/div>\n<\/section>\n<\/section>\n","protected":false},"excerpt":{"rendered":"<p>F\u00f6rb\u00e4ttra dina tr\u00e4ningspass med Evolve Prime Series Selectorized Torso Rotation, PR-204. Denna robusta styrkemaskin erbjuder skr\u00e4ddarsydd tr\u00e4ning med en justerbar sits och m\u00e5ngsidigt r\u00f6relseomf\u00e5ng. Den eleganta ovala ramen f\u00f6rh\u00f6jer alla gymutrymmen, medan halkfria handtag s\u00e4kerst\u00e4ller stabilitet. Anpassa f\u00e4rgerna s\u00e5 att de matchar ditt gyms stil.<\/p>\n","protected":false},"featured_media":41388,"template":"","meta":{"_acf_changed":false,"inline_featured_image":false},"product_cat":[550,1149,1167],"product_tag":[],"class_list":{"0":"post-41383","1":"product","2":"type-product","3":"status-publish","4":"has-post-thumbnail","6":"product_cat-startsida","7":"product_cat-selectoriserade-maskiner","8":"product_cat-prime-series-selectoriserade-maskiner","10":"first","11":"outofstock","12":"shipping-taxable","13":"purchasable","14":"product-type-simple"},"acf":[],"_links":{"self":[{"href":"https:\/\/store.evolve-fitness.eu\/sv\/wp-json\/wp\/v2\/product\/41383","targetHints":{"allow":["GET"]}}],"collection":[{"href":"https:\/\/store.evolve-fitness.eu\/sv\/wp-json\/wp\/v2\/product"}],"about":[{"href":"https:\/\/store.evolve-fitness.eu\/sv\/wp-json\/wp\/v2\/types\/product"}],"wp:featuredmedia":[{"embeddable":true,"href":"https:\/\/store.evolve-fitness.eu\/sv\/wp-json\/wp\/v2\/media\/41388"}],"wp:attachment":[{"href":"https:\/\/store.evolve-fitness.eu\/sv\/wp-json\/wp\/v2\/media?parent=41383"}],"wp:term":[{"taxonomy":"product_cat","embeddable":true,"href":"https:\/\/store.evolve-fitness.eu\/sv\/wp-json\/wp\/v2\/product_cat?post=41383"},{"taxonomy":"product_tag","embeddable":true,"href":"https:\/\/store.evolve-fitness.eu\/sv\/wp-json\/wp\/v2\/product_tag?post=41383"}],"curies":[{"name":"wp","href":"https:\/\/api.w.org\/{rel}","templated":true}]}}