{"id":40631,"date":"2024-01-26T06:27:35","date_gmt":"2024-01-26T06:27:35","guid":{"rendered":"https:\/\/store.evolve-fitness.eu\/product\/evolve-horisontellt-stotfangarplatstall\/"},"modified":"2025-11-28T13:35:32","modified_gmt":"2025-11-28T13:35:32","slug":"evolve-horisontellt-stotfangarplatstall","status":"publish","type":"product","link":"https:\/\/store.evolve-fitness.eu\/sv\/produkt\/evolve-horisontellt-stotfangarplatstall\/","title":{"rendered":"Evolve horisontellt st\u00f6tf\u00e5ngarpl\u00e5tst\u00e4ll"},"content":{"rendered":"\n<section class=\"wp-block-group alignfull black-content has-white-color has-darkgray-background-color has-text-color has-background is-layout-constrained wp-block-group-is-layout-constrained\" style=\"padding-top:var(--wp--preset--spacing--section-bottom);padding-bottom:var(--wp--preset--spacing--section-bottom)\">\n<div class=\"wp-block-columns alignwide mobile-reverse is-layout-flex wp-container-core-columns-is-layout-ca64bf2d wp-block-columns-is-layout-flex\" style=\"margin-bottom:var(--wp--preset--spacing--side-padding)\">\n<div class=\"wp-block-column is-vertically-aligned-center is-layout-flow wp-block-column-is-layout-flow\">\n<h3 class=\"wp-block-heading\" style=\"margin-bottom:var(--wp--preset--spacing--h-3-bottom)\"><strong><strong><strong><strong><strong><strong>Mobil och bekv\u00e4m f\u00f6rvaring<\/strong><\/strong><\/strong><\/strong><\/strong><\/strong><\/h3>\n\n\n\n<p>Evolve Horizontal Bumper Plate Rack \u00e4r utrustat med transporthjul och ett halkfritt handtag, vilket g\u00f6r det enkelt att flytta runt viktskivor i ditt utrymme. Oavsett om du omorganiserar ditt gym eller bara flyttar utrustning f\u00f6r ett specifikt tr\u00e4ningspass, erbjuder detta st\u00e4ll o\u00f6vertr\u00e4ffad r\u00f6rlighet.<\/p>\n\n\n\n<h3 class=\"wp-block-heading\" style=\"margin-bottom:var(--wp--preset--spacing--h-3-bottom)\"><strong><strong><strong><strong><strong>Slitstark konstruktion f\u00f6r l\u00e5ng livsl\u00e4ngd<\/strong><\/strong><\/strong><\/strong><\/strong><\/h3>\n\n\n\n<p>Den pulverlackerade ramen ger inte bara ett snyggt, professionellt utseende utan \u00e4r ocks\u00e5 motst\u00e5ndskraftig mot rost och slitage. Det inneb\u00e4r att din investering f\u00f6rblir i toppskick, \u00e4ven i de tuffaste gymmilj\u00f6erna.<\/p>\n<\/div>\n\n\n\n<div class=\"wp-block-column is-vertically-aligned-center is-layout-flow wp-block-column-is-layout-flow\">\n<figure class=\"wp-block-image alignright size-full is-resized is-style-rounded\"><img decoding=\"async\" src=\"https:\/\/evolve-fitness.eu\/wp-content\/uploads\/2023\/11\/Evolve-Horizontal-Bumper-Plate-Rack-1.1.png\" alt=\"\" class=\"wp-image-5966\" style=\"object-fit:cover;width:680px;height:600px\"\/><\/figure>\n<\/div>\n<\/div>\n\n\n\n<div class=\"wp-block-columns alignwide is-layout-flex wp-container-core-columns-is-layout-c45ee707 wp-block-columns-is-layout-flex\" style=\"margin-bottom:var(--wp--preset--spacing--side-padding);padding-top:var(--wp--preset--spacing--side-padding)\">\n<div class=\"wp-block-column is-vertically-aligned-center is-layout-flow wp-block-column-is-layout-flow\">\n<figure class=\"wp-block-image size-full is-resized is-style-rounded\"><img decoding=\"async\" src=\"https:\/\/evolve-fitness.eu\/wp-content\/uploads\/2023\/11\/Evolve-Horizontal-Bumper-Plate-Rack.png\" alt=\"\" class=\"wp-image-5962\" style=\"object-fit:cover;width:680px;height:600px\"\/><\/figure>\n<\/div>\n\n\n\n<div class=\"wp-block-column is-vertically-aligned-center is-layout-constrained wp-block-column-is-layout-constrained\">\n<h3 class=\"wp-block-heading\" style=\"margin-bottom:var(--wp--preset--spacing--h-3-bottom)\"><strong><strong><strong><strong><strong><strong>Effektiv organisation f\u00f6r enkel \u00e5tkomst<\/strong><\/strong><\/strong><\/strong><\/strong><\/strong><\/h3>\n\n\n\n<p>Rackets starka ram kan rymma flera viktplattor, vilket g\u00f6r det till en effektiv f\u00f6rvaringsl\u00f6sning. Genom att h\u00e5lla dina plattor prydligt staplade och sorterade blir det l\u00e4ttare f\u00f6r anv\u00e4ndarna att hitta och v\u00e4lja de vikter de beh\u00f6ver, vilket effektiviserar deras tr\u00e4ningsupplevelse.<\/p>\n\n\n\n<h3 class=\"wp-block-heading\" style=\"margin-bottom:var(--wp--preset--spacing--h-3-bottom)\"><strong><strong><strong><strong><strong><strong>Skyddselement f\u00f6r s\u00e4kerhet och stabilitet<\/strong><\/strong><\/strong><\/strong><\/strong><\/strong><\/h3>\n\n\n\n<p>Evolve Horizontal Bumper Plate Rack har skyddande PVC-f\u00f6tter och st\u00e5r s\u00e4kert p\u00e5 plats, vilket garanterar s\u00e4kerhet och stabilitet under anv\u00e4ndning. Denna funktion skyddar golven fr\u00e5n repor och skador, s\u00e5 att tr\u00e4ningslokalen f\u00f6rblir i perfekt skick.<\/p>\n<\/div>\n<\/div>\n\n\n\n<div class=\"wp-block-columns alignwide is-layout-flex wp-container-core-columns-is-layout-c45ee707 wp-block-columns-is-layout-flex\" style=\"margin-bottom:var(--wp--preset--spacing--side-padding);padding-top:var(--wp--preset--spacing--side-padding)\">\n<div class=\"wp-block-column is-vertically-aligned-center is-layout-constrained wp-block-column-is-layout-constrained\">\n<h3 class=\"wp-block-heading\" style=\"margin-bottom:var(--wp--preset--spacing--h-3-bottom)\"><strong><strong><strong><strong><strong><strong><strong>De viktigaste f\u00f6rdelarna med att v\u00e4lja Evolve Rack<\/strong><\/strong><\/strong><\/strong><\/strong><\/strong><\/strong><\/h3>\n\n\n\n<ul class=\"wp-block-list\">\n<li><strong>Pulverlackerad ram<\/strong>: Ger h\u00e5llbarhet och rostbest\u00e4ndighet.<\/li>\n\n\n\n<li>Hjul f\u00f6r <strong>transport<\/strong>: Underl\u00e4ttar enkel f\u00f6rflyttning inom ditt utrymme.<\/li>\n\n\n\n<li><strong>Halkfritt handtag<\/strong>: S\u00e4kerst\u00e4ller ett stadigt grepp vid f\u00f6rflyttning av hyllan.<\/li>\n\n\n\n<li><strong>Skyddande PVC-bel\u00e4ggning p\u00e5 f\u00f6tterna<\/strong>: Bevarar golvets integritet och ger \u00f6kad stabilitet.<\/li>\n<\/ul>\n<\/div>\n\n\n\n<div class=\"wp-block-column is-vertically-aligned-center is-layout-flow wp-block-column-is-layout-flow\">\n<figure class=\"wp-block-image size-full is-resized is-style-rounded\"><img decoding=\"async\" src=\"https:\/\/evolve-fitness.eu\/wp-content\/uploads\/2023\/11\/Evolve-Horizontal-Bumper-Plate-Rack-1.0.png\" alt=\"\" class=\"wp-image-5968\" style=\"object-fit:cover;width:680px;height:600px\"\/><\/figure>\n<\/div>\n<\/div>\n\n\n\n<p class=\"has-text-align-center has-medium-2-font-size\" style=\"padding-top:var(--wp--preset--spacing--tb-padding);padding-bottom:var(--wp--preset--spacing--tb-padding)\">T<strong>he Evolve Horizontal Bumper Plate Rack \u00e4r ett viktigt komplement till alla tr\u00e4ningsanl\u00e4ggningar och erbjuder en praktisk l\u00f6sning f\u00f6r f\u00f6rvaring och transport av viktskivor. Den robusta konstruktionen i kombination med praktiska funktioner g\u00f6r den till en investering som f\u00f6rb\u00e4ttrar funktionaliteten och organiseringen av ditt tr\u00e4ningsutrymme.<\/strong><\/p>\n<\/section>\n","protected":false},"excerpt":{"rendered":"<p>Evolve Horizontal Bumper Plate Rack \u00e4r en exceptionell f\u00f6rvaringsl\u00f6sning f\u00f6r gym, garage och fitnesscenter, utformad f\u00f6r att h\u00e5lla viktskivor organiserade och l\u00e4ttillg\u00e4ngliga. Detta h\u00e5llbara st\u00e4ll har en pulverlackerad ram f\u00f6r rostskydd, transporthjul och ett halkfritt handtag f\u00f6r enkel f\u00f6rflyttning. Den effektiva designen, komplett med skyddande PVC-f\u00f6tter, garanterar s\u00e4kerhet, stabilitet och utrymmesoptimering, vilket g\u00f6r den till ett idealiskt val f\u00f6r att uppr\u00e4tth\u00e5lla en ordnad och professionell tr\u00e4ningsmilj\u00f6. Detta st\u00e4ll \u00e4r inte bara ett praktiskt tillskott till alla tr\u00e4ningslokaler utan f\u00f6rb\u00e4ttrar ocks\u00e5 anv\u00e4ndarupplevelsen genom att h\u00e5lla utrustningen snyggt organiserad och l\u00e4ttillg\u00e4nglig.<\/p>\n","protected":false},"featured_media":40634,"template":"","meta":{"_acf_changed":false,"inline_featured_image":false},"product_cat":[550,1001,1005],"product_tag":[],"class_list":{"0":"post-40631","1":"product","2":"type-product","3":"status-publish","4":"has-post-thumbnail","6":"product_cat-startsida","7":"product_cat-fria-vikter","8":"product_cat-hyllor-och-forvaringslosningar","10":"first","11":"instock","12":"shipping-taxable","13":"purchasable","14":"product-type-simple"},"acf":[],"_links":{"self":[{"href":"https:\/\/store.evolve-fitness.eu\/sv\/wp-json\/wp\/v2\/product\/40631","targetHints":{"allow":["GET"]}}],"collection":[{"href":"https:\/\/store.evolve-fitness.eu\/sv\/wp-json\/wp\/v2\/product"}],"about":[{"href":"https:\/\/store.evolve-fitness.eu\/sv\/wp-json\/wp\/v2\/types\/product"}],"wp:featuredmedia":[{"embeddable":true,"href":"https:\/\/store.evolve-fitness.eu\/sv\/wp-json\/wp\/v2\/media\/40634"}],"wp:attachment":[{"href":"https:\/\/store.evolve-fitness.eu\/sv\/wp-json\/wp\/v2\/media?parent=40631"}],"wp:term":[{"taxonomy":"product_cat","embeddable":true,"href":"https:\/\/store.evolve-fitness.eu\/sv\/wp-json\/wp\/v2\/product_cat?post=40631"},{"taxonomy":"product_tag","embeddable":true,"href":"https:\/\/store.evolve-fitness.eu\/sv\/wp-json\/wp\/v2\/product_tag?post=40631"}],"curies":[{"name":"wp","href":"https:\/\/api.w.org\/{rel}","templated":true}]}}