{"id":39973,"date":"2024-01-24T10:56:55","date_gmt":"2024-01-24T10:56:55","guid":{"rendered":"https:\/\/store.evolve-fitness.eu\/product\/evolve-prime-series-dragbank\/"},"modified":"2025-09-25T17:13:01","modified_gmt":"2025-09-25T17:13:01","slug":"evolve-prime-series-dragbank","status":"publish","type":"product","link":"https:\/\/store.evolve-fitness.eu\/sv\/produkt\/evolve-prime-series-dragbank\/","title":{"rendered":"Evolve Prime Series dragb\u00e4nk"},"content":{"rendered":"\n<section class=\"wp-block-group alignfull black-content has-white-color has-darkgray-background-color has-text-color has-background is-layout-constrained wp-block-group-is-layout-constrained\" style=\"padding-top:var(--wp--preset--spacing--section-bottom);padding-bottom:var(--wp--preset--spacing--section-bottom)\">\n<div class=\"wp-block-columns alignwide mobile-reverse is-layout-flex wp-container-core-columns-is-layout-ca64bf2d wp-block-columns-is-layout-flex\" style=\"margin-bottom:var(--wp--preset--spacing--side-padding)\">\n<div class=\"wp-block-column is-vertically-aligned-center is-layout-flow wp-block-column-is-layout-flow\">\n<h3 class=\"wp-block-heading\" style=\"margin-bottom:var(--wp--preset--spacing--h-3-bottom)\"><strong><strong><strong><strong><strong><strong><strong>H\u00e5llbar och anpassningsbar<\/strong><\/strong><\/strong><\/strong><\/strong><\/strong><\/strong><\/h3>\n\n\n\n<p><strong><em><strong><em><strong><strong><strong><strong><strong>Fitnessb\u00e4nkar<\/strong><\/strong><\/strong><\/strong><\/strong><\/em><\/strong><\/em><\/strong><\/p>\n\n\n\n<p style=\"margin-bottom:var(--wp--preset--spacing--tb-section-padding)\">F\u00f6rh\u00f6j ditt fitnessutrymme med v\u00e5ra Evolve-b\u00e4nkar. B\u00e4nkarna \u00e4r tillverkade av en solid metallram med den senaste tekniken f\u00f6r elektrostatisk sprutning av h\u00e4rdplastpulver och \u00e4r byggda f\u00f6r att h\u00e5lla l\u00e4nge. Den robusta konstruktionen g\u00f6r att de klarar kraven fr\u00e5n hemanv\u00e4ndare, professionella gym och kommersiella tr\u00e4ningsanl\u00e4ggningar, inklusive milit\u00e4rbaser, hotell, vandrarhem och rehabiliteringscenter.<\/p>\n\n\n\n<h3 class=\"wp-block-heading\" style=\"margin-bottom:var(--wp--preset--spacing--h-3-bottom)\"><strong>Funktionell<\/strong> <strong>Stabilitet<\/strong><\/h3>\n\n\n\n<p><strong><em><strong><em><strong><strong><strong><strong><strong>PVC-\u00f6verdrag<\/strong><\/strong><\/strong><\/strong><\/strong><\/em><\/strong><\/em><\/strong><\/p>\n\n\n\n<p>V\u00e5ra Evolve-b\u00e4nkar har mjuka PVC-\u00f6verdrag p\u00e5 f\u00f6tterna f\u00f6r att skydda dina golv och ge exceptionell stabilitet \u00e4ven under de mest intensiva tr\u00e4ningspassen. Du kan lita p\u00e5 att dessa b\u00e4nkar ger en helkroppstr\u00e4ning med maximal stabilitet. Den mjuka och bekv\u00e4ma kl\u00e4dseln \u00e4r fylld med t\u00e4tt, elastiskt skum som inte tappar formen med tiden. Dessutom \u00e4r den kl\u00e4dd med h\u00f6gkvalitativt, slitstarkt PU-l\u00e4der f\u00f6r l\u00e5ng h\u00e5llbarhet.<\/p>\n<\/div>\n\n\n\n<div class=\"wp-block-column is-vertically-aligned-center is-layout-flow wp-block-column-is-layout-flow\">\n<figure class=\"wp-block-image size-large\"><img decoding=\"async\" src=\"https:\/\/evolve-fitness.eu\/wp-content\/uploads\/2023\/09\/A7_07059-683x1024.jpg\" alt=\"\" class=\"wp-image-8273\"\/><\/figure>\n<\/div>\n<\/div>\n\n\n\n<div class=\"wp-block-columns alignwide is-layout-flex wp-container-core-columns-is-layout-c45ee707 wp-block-columns-is-layout-flex\" style=\"margin-bottom:var(--wp--preset--spacing--side-padding);padding-top:var(--wp--preset--spacing--side-padding)\">\n<div class=\"wp-block-column is-vertically-aligned-center is-layout-flow wp-block-column-is-layout-flow\">\n<figure class=\"wp-block-image size-large\"><img loading=\"lazy\" decoding=\"async\" width=\"1024\" height=\"1024\" src=\"https:\/\/store.evolve-fitness.eu\/wp-content\/uploads\/2024\/06\/Dizainas-be-pavadinimo-26-3-1024x1024.png\" alt=\"\" class=\"wp-image-78904\" srcset=\"https:\/\/store.evolve-fitness.eu\/wp-content\/uploads\/2024\/06\/Dizainas-be-pavadinimo-26-3-1024x1024.png 1024w, https:\/\/store.evolve-fitness.eu\/wp-content\/uploads\/2024\/06\/Dizainas-be-pavadinimo-26-3-300x300.png 300w, https:\/\/store.evolve-fitness.eu\/wp-content\/uploads\/2024\/06\/Dizainas-be-pavadinimo-26-3-150x150.png 150w, https:\/\/store.evolve-fitness.eu\/wp-content\/uploads\/2024\/06\/Dizainas-be-pavadinimo-26-3-768x768.png 768w, https:\/\/store.evolve-fitness.eu\/wp-content\/uploads\/2024\/06\/Dizainas-be-pavadinimo-26-3-600x600.png 600w, https:\/\/store.evolve-fitness.eu\/wp-content\/uploads\/2024\/06\/Dizainas-be-pavadinimo-26-3-100x100.png 100w, https:\/\/store.evolve-fitness.eu\/wp-content\/uploads\/2024\/06\/Dizainas-be-pavadinimo-26-3.png 1080w\" sizes=\"auto, (max-width: 1024px) 100vw, 1024px\" \/><\/figure>\n<\/div>\n\n\n\n<div class=\"wp-block-column is-vertically-aligned-center is-layout-flow wp-block-column-is-layout-flow\">\n<h3 class=\"wp-block-heading\" style=\"margin-bottom:var(--wp--preset--spacing--h-3-bottom)\"><strong>Anpassad f\u00f6r ditt varum\u00e4rke<\/strong><\/h3>\n\n\n\n<p><strong><em><strong><em>Matcha din interi\u00f6rs f\u00e4rgschema<\/em><\/strong><\/em><\/strong><\/p>\n\n\n\n<p style=\"margin-bottom:var(--wp--preset--spacing--tb-section-padding)\">F\u00f6rb\u00e4ttra ditt gyms varum\u00e4rkesimage genom att v\u00e4lja Evolve-utrustning. Vi erbjuder anpassningsalternativ f\u00f6r att matcha din interi\u00f6rs f\u00e4rgschema. Du kan \u00e4ven anpassa ramens och kl\u00e4dselns f\u00e4rger f\u00f6r att s\u00f6ml\u00f6st integrera med din anl\u00e4ggnings estetik. F\u00e5 den tr\u00e4ningsutrustning du har v\u00e4ntat p\u00e5 &#8211; h\u00e5llbar, snygg och skr\u00e4ddarsydd f\u00f6r dina specifika behov. V\u00e4lj Evolve f\u00f6r f\u00f6rstklassig tr\u00e4ningsutrustning som utm\u00e4rker sig i kommersiella milj\u00f6er och kompletterar din designvision.<\/p>\n<\/div>\n<\/div>\n<\/section>\n","protected":false},"excerpt":{"rendered":"<p>Evolve Prime Series Pull Bench, en h\u00f6jdare i Evolve Fitness Equipments sortiment, kombinerar h\u00e5llbarhet och funktionalitet p\u00e5 ett skickligt s\u00e4tt. Med en vikt p\u00e5 130 kg \u00e4r den ett robust val f\u00f6r intensiva tr\u00e4ningspass. Med m\u00e5tten 1845 x 1239 x 913 mm f\u00e5r du en bekv\u00e4m och rymlig tr\u00e4ningsyta. B\u00e4nken levereras dessutom med en betryggande 2-\u00e5rsgaranti, vilket \u00e5terspeglar Evolves engagemang f\u00f6r kvalitet och kundn\u00f6jdhet. Denna b\u00e4nk \u00e4r idealisk f\u00f6r dig som s\u00f6ker en p\u00e5litlig, l\u00e5nglivad tr\u00e4ningsutrustning f\u00f6r ditt gym eller hemmabruk. F\u00f6r mer information, bes\u00f6k Evolves webbplats.<\/p>\n","protected":false},"featured_media":39974,"template":"","meta":{"_acf_changed":false,"inline_featured_image":false},"product_cat":[550,1270,1283],"product_tag":[],"class_list":{"0":"post-39973","1":"product","2":"type-product","3":"status-publish","4":"has-post-thumbnail","6":"product_cat-startsida","7":"product_cat-bankar","8":"product_cat-prime-series-bankar","10":"first","11":"outofstock","12":"shipping-taxable","13":"purchasable","14":"product-type-simple"},"acf":[],"_links":{"self":[{"href":"https:\/\/store.evolve-fitness.eu\/sv\/wp-json\/wp\/v2\/product\/39973","targetHints":{"allow":["GET"]}}],"collection":[{"href":"https:\/\/store.evolve-fitness.eu\/sv\/wp-json\/wp\/v2\/product"}],"about":[{"href":"https:\/\/store.evolve-fitness.eu\/sv\/wp-json\/wp\/v2\/types\/product"}],"wp:featuredmedia":[{"embeddable":true,"href":"https:\/\/store.evolve-fitness.eu\/sv\/wp-json\/wp\/v2\/media\/39974"}],"wp:attachment":[{"href":"https:\/\/store.evolve-fitness.eu\/sv\/wp-json\/wp\/v2\/media?parent=39973"}],"wp:term":[{"taxonomy":"product_cat","embeddable":true,"href":"https:\/\/store.evolve-fitness.eu\/sv\/wp-json\/wp\/v2\/product_cat?post=39973"},{"taxonomy":"product_tag","embeddable":true,"href":"https:\/\/store.evolve-fitness.eu\/sv\/wp-json\/wp\/v2\/product_tag?post=39973"}],"curies":[{"name":"wp","href":"https:\/\/api.w.org\/{rel}","templated":true}]}}