{"id":39610,"date":"2023-10-12T07:00:54","date_gmt":"2023-10-12T07:00:54","guid":{"rendered":"https:\/\/store.evolve-fitness.eu\/product\/hantelstall-evolve-studio\/"},"modified":"2026-03-26T11:59:12","modified_gmt":"2026-03-26T11:59:12","slug":"hantelstall-evolve-studio","status":"publish","type":"product","link":"https:\/\/store.evolve-fitness.eu\/sv\/produkt\/hantelstall-evolve-studio\/","title":{"rendered":"Hantelst\u00e4ll Evolve studio"},"content":{"rendered":"\n<section class=\"wp-block-group alignfull black-content has-white-color has-darkgray-background-color has-text-color has-background is-layout-constrained wp-block-group-is-layout-constrained\" style=\"padding-top:var(--wp--preset--spacing--section-bottom);padding-bottom:var(--wp--preset--spacing--section-bottom)\">\n<p class=\"has-text-align-center has-medium-2-font-size\" style=\"padding-top:var(--wp--preset--spacing--tb-padding);padding-bottom:var(--wp--preset--spacing--tb-padding)\"><strong>Maximera ditt tr\u00e4ningsutrymme med Evolve Studios aerobiska hantelst\u00e4ll<\/strong><\/p>\n\n\n\n<p>F\u00f6rvandla din tr\u00e4ningsstudio eller ditt hemmagym med <strong>Evolve Aerobic Dumbbell Rack<\/strong>, expertdesignad f\u00f6r att f\u00f6rb\u00e4ttra organisationen och tillg\u00e4ngligheten. V\u00e5rt st\u00e4ll har en utrymmeseffektiv vertikal design som g\u00f6r det till ett perfekt komplement till fitnessstudior, h\u00e4lsocenter och hemmatr\u00e4ningsrum, med plats f\u00f6r olika aerobic- och vinylhantlar.<\/p>\n\n\n\n<div class=\"wp-block-columns alignwide mobile-reverse is-layout-flex wp-container-core-columns-is-layout-ca64bf2d wp-block-columns-is-layout-flex\" style=\"margin-bottom:var(--wp--preset--spacing--side-padding)\">\n<div class=\"wp-block-column is-vertically-aligned-center is-layout-flow wp-block-column-is-layout-flow\">\n<h3 class=\"wp-block-heading\" style=\"margin-bottom:var(--wp--preset--spacing--h-3-bottom)\"><strong><strong><strong><strong><strong><strong><strong><strong><strong><strong>Viktiga funktioner<\/strong><\/strong><\/strong><\/strong><\/strong><\/strong><\/strong><\/strong><\/strong><\/strong>:<\/h3>\n\n\n\n<ul class=\"wp-block-list\">\n<li><strong>Utrymmesbesparande design:<\/strong> Evolve Hantelracks vertikala struktur m\u00f6jligg\u00f6r maximal f\u00f6rvaring utan att offra golvyta, perfekt f\u00f6r kompakta utrymmen.<\/li>\n\n\n\n<li><strong>Enkel f\u00f6rflyttning:<\/strong> Utrustad med fyra robusta hjul med s\u00e4kra bromsar kan detta st\u00e4ll enkelt flyttas och placeras, vilket ger o\u00f6vertr\u00e4ffad bekv\u00e4mlighet.<\/li>\n\n\n\n<li><strong>H\u00e5llbar konstruktion:<\/strong> Racket har en pulverlackerad ram, vilket garanterar l\u00e5ng livsl\u00e4ngd och motst\u00e5ndskraft mot slitage, l\u00e4mplig f\u00f6r rigor\u00f6sa tr\u00e4ningsmilj\u00f6er.<\/li>\n\n\n\n<li><strong>Stabil och kompakt:<\/strong> Den stabila ramen ger en s\u00e4ker f\u00f6rvaringsl\u00f6sning som h\u00e5ller ditt tr\u00e4ningsomr\u00e5de snyggt och organiserat.<\/li>\n<\/ul>\n<\/div>\n\n\n\n<div class=\"wp-block-column is-vertically-aligned-center is-layout-flow wp-block-column-is-layout-flow\">\n<figure class=\"wp-block-video\"><video autoplay=\"\" controls=\"\" loop=\"\" muted=\"\" src=\"https:\/\/evolve-fitness.eu\/wp-content\/uploads\/2023\/12\/1-2.mp4\"><\/video><\/figure>\n<\/div>\n<\/div>\n\n\n\n<div class=\"wp-block-columns alignwide is-layout-flex wp-container-core-columns-is-layout-c45ee707 wp-block-columns-is-layout-flex\" style=\"margin-bottom:var(--wp--preset--spacing--side-padding);padding-top:var(--wp--preset--spacing--side-padding)\">\n<div class=\"wp-block-column is-vertically-aligned-center is-layout-flow wp-block-column-is-layout-flow\">\n<figure class=\"wp-block-video\"><video height=\"1080\" style=\"aspect-ratio: 1920 \/ 1080;\" width=\"1920\" autoplay=\"\" controls=\"\" loop=\"\" muted=\"\" src=\"https:\/\/evolve-fitness.eu\/wp-content\/uploads\/2023\/12\/2-2.mp4\"><\/video><\/figure>\n<\/div>\n\n\n\n<div class=\"wp-block-column is-vertically-aligned-center is-layout-constrained wp-block-column-is-layout-constrained\">\n<h3 class=\"wp-block-heading\" style=\"margin-bottom:var(--wp--preset--spacing--h-3-bottom)\"><strong><strong><strong><strong><strong><strong><strong><strong><strong><strong>Varf\u00f6r v\u00e4lja Evolve Aerobic Hantelst\u00e4ll?<\/strong><\/strong><\/strong><\/strong><\/strong><\/strong><\/strong><\/strong><\/strong><\/strong><\/h3>\n\n\n\n<p>Detta stativ \u00e4r inte bara en f\u00f6rvaringsl\u00f6sning, det \u00e4r en f\u00f6rb\u00e4ttring av din tr\u00e4ningsresa. Oavsett om det g\u00e4ller ett professionellt fitnesscenter eller ett personligt gym, ser v\u00e5rt st\u00e4ll till att dina hantlar alltid \u00e4r inom r\u00e4ckh\u00e5ll, organiserade och f\u00f6rvarade p\u00e5 ett s\u00e4kert s\u00e4tt. Dess eleganta design och enkla mobilitet g\u00f6r den till ett f\u00f6rstahandsval f\u00f6r b\u00e5de tr\u00e4ningsentusiaster och professionella anv\u00e4ndare.<\/p>\n<\/div>\n<\/div>\n\n\n\n<p class=\"has-text-align-center has-medium-2-font-size\">Investera i <strong>Evolve Studio Hantelst\u00e4ll<\/strong> och upplev den perfekta blandningen av funktionalitet, h\u00e5llbarhet och stil. Best\u00e4ll nu och lyft ditt fitnessutrymme!<\/p>\n<\/section>\n","protected":false},"excerpt":{"rendered":"<p>F\u00f6rh\u00f6j ditt fitnessutrymme med Evolve Aerobic Dumbbell Rack (EV-RS-SD-500), en utrymmeseffektiv och mobil l\u00f6sning f\u00f6r att organisera aerobic- och vinylhantlar. Den vertikala, kompakta designen och den pulverlackerade ramen g\u00f6r den idealisk f\u00f6r fitnessstudior och hemmagym, medan vikten p\u00e5 34 kg garanterar stabilitet. Utrustad med transporthjul och tv\u00e5 \u00e5rs garanti \u00e4r detta st\u00e4ll en perfekt blandning av funktionalitet och h\u00e5llbarhet f\u00f6r fitnessentusiaster som vill ha en st\u00e4dad och tillg\u00e4nglig tr\u00e4ningsmilj\u00f6.<\/p>\n","protected":false},"featured_media":39621,"template":"","meta":{"_acf_changed":false,"inline_featured_image":false},"product_cat":[550,1001,1005],"product_tag":[],"class_list":{"0":"post-39610","1":"product","2":"type-product","3":"status-publish","4":"has-post-thumbnail","6":"product_cat-startsida","7":"product_cat-fria-vikter","8":"product_cat-hyllor-och-forvaringslosningar","10":"first","11":"instock","12":"shipping-taxable","13":"purchasable","14":"product-type-simple"},"acf":[],"_links":{"self":[{"href":"https:\/\/store.evolve-fitness.eu\/sv\/wp-json\/wp\/v2\/product\/39610","targetHints":{"allow":["GET"]}}],"collection":[{"href":"https:\/\/store.evolve-fitness.eu\/sv\/wp-json\/wp\/v2\/product"}],"about":[{"href":"https:\/\/store.evolve-fitness.eu\/sv\/wp-json\/wp\/v2\/types\/product"}],"wp:featuredmedia":[{"embeddable":true,"href":"https:\/\/store.evolve-fitness.eu\/sv\/wp-json\/wp\/v2\/media\/39621"}],"wp:attachment":[{"href":"https:\/\/store.evolve-fitness.eu\/sv\/wp-json\/wp\/v2\/media?parent=39610"}],"wp:term":[{"taxonomy":"product_cat","embeddable":true,"href":"https:\/\/store.evolve-fitness.eu\/sv\/wp-json\/wp\/v2\/product_cat?post=39610"},{"taxonomy":"product_tag","embeddable":true,"href":"https:\/\/store.evolve-fitness.eu\/sv\/wp-json\/wp\/v2\/product_tag?post=39610"}],"curies":[{"name":"wp","href":"https:\/\/api.w.org\/{rel}","templated":true}]}}