{"id":38986,"date":"2024-01-12T08:41:08","date_gmt":"2024-01-12T08:41:08","guid":{"rendered":"https:\/\/store.evolve-fitness.eu\/product\/evolve-ultra-series-cpu-viktplatta-i-uretan-125-25-kg\/"},"modified":"2025-11-07T11:51:42","modified_gmt":"2025-11-07T11:51:42","slug":"evolve-ultra-series-cpu-viktplatta-i-uretan-125-25-kg","status":"publish","type":"product","link":"https:\/\/store.evolve-fitness.eu\/sv\/produkt\/evolve-ultra-series-cpu-viktplatta-i-uretan-125-25-kg\/","title":{"rendered":"Evolve Ultra Series CPU viktplatta i uretan 1,25-25 kg"},"content":{"rendered":"\n<section class=\"wp-block-group alignfull black-content has-white-color has-darkgray-background-color has-text-color has-background is-layout-constrained wp-block-group-is-layout-constrained\" style=\"padding-top:var(--wp--preset--spacing--section-bottom);padding-bottom:var(--wp--preset--spacing--section-bottom)\">\n<div class=\"wp-block-columns alignwide is-layout-flex wp-container-core-columns-is-layout-c45ee707 wp-block-columns-is-layout-flex\" style=\"margin-bottom:var(--wp--preset--spacing--side-padding);padding-top:var(--wp--preset--spacing--side-padding)\">\n<div class=\"wp-block-column is-vertically-aligned-center is-layout-flow wp-block-column-is-layout-flow\">\n<figure class=\"wp-block-video\"><video height=\"2560\" style=\"aspect-ratio: 1920 \/ 2560;\" width=\"1920\" autoplay=\"\" controls=\"\" loop=\"\" muted=\"\" src=\"https:\/\/evolve-fitness.eu\/wp-content\/uploads\/2024\/01\/EV-WP-CP-1.25-25-3D-WEB.mp4\"><\/video><\/figure>\n<\/div>\n\n\n\n<div class=\"wp-block-column is-vertically-aligned-center is-layout-constrained wp-block-column-is-layout-constrained\">\n<h3 class=\"wp-block-heading\" style=\"margin-bottom:var(--wp--preset--spacing--h-3-bottom)\">Anpassa f\u00f6r att matcha ditt varum\u00e4rke<\/h3>\n\n\n\n<p><strong><em><strong><em>F\u00f6rb\u00e4ttra ett gyms varum\u00e4rke och estetiska tilltal<\/em><\/strong><\/em><\/strong><\/p>\n\n\n\n<p style=\"margin-bottom:var(--wp--preset--spacing--tb-section-padding)\">En av de utm\u00e4rkande egenskaperna hos dessa viktskivor \u00e4r att de kan anpassas. Gym\u00e4gare har m\u00f6jlighet att skr\u00e4ddarsy utrustningen s\u00e5 att den matchar deras varum\u00e4rkesimage. Detta inkluderar alternativ f\u00f6r f\u00e4rgmatchning och laserskurna, uretaninfunderade logotyper, vilket inneb\u00e4r att tallrikarna kan anpassas f\u00f6r att inneh\u00e5lla gymlogotyper eller specifika f\u00e4rgscheman. Denna anpassning f\u00f6rb\u00e4ttrar inte bara utrustningens estetiska tilltal utan bidrar ocks\u00e5 till att skapa en unik varum\u00e4rkesidentitet f\u00f6r gymmet.<\/p>\n<\/div>\n<\/div>\n\n\n\n<div class=\"wp-block-columns alignwide is-layout-flex wp-container-core-columns-is-layout-c45ee707 wp-block-columns-is-layout-flex\" style=\"margin-bottom:var(--wp--preset--spacing--side-padding);padding-top:var(--wp--preset--spacing--side-padding)\">\n<div class=\"wp-block-column is-vertically-aligned-center is-layout-flow wp-block-column-is-layout-flow\">\n<h3 class=\"wp-block-heading\" style=\"margin-bottom:var(--wp--preset--spacing--h-3-bottom)\">h\u00e5llbart val f\u00f6r gym<\/h3>\n\n\n\n<p><em><strong>Kombination av h\u00e5llbarhet, estetik och kundanpassning<\/strong><\/em><\/p>\n\n\n\n<p>Evolve Ultra Series CPU Urethane Weight Plates \u00e4r k\u00e4nda f\u00f6r sin h\u00f6gkvalitativa TPU uretanbel\u00e4ggning, som s\u00e4kerst\u00e4ller maximal h\u00e5llbarhet och motst\u00e5ndskraft mot flisning, sprickbildning och skalning, vanliga problem med gummibel\u00e4ggningar. Detta g\u00f6r dem till en l\u00e5ngsiktig investering, s\u00e4rskilt f\u00f6r professionella milj\u00f6er d\u00e4r utrustningen anv\u00e4nds ofta och intensivt.<\/p>\n<\/div>\n\n\n\n<div class=\"wp-block-column is-vertically-aligned-center is-layout-flow wp-block-column-is-layout-flow\">\n<div class=\"wp-block-columns is-layout-flex wp-container-core-columns-is-layout-9d6595d7 wp-block-columns-is-layout-flex\">\n<div class=\"wp-block-column is-layout-flow wp-block-column-is-layout-flow\">\n<figure class=\"wp-block-image size-large\"><img decoding=\"async\" src=\"https:\/\/evolve-fitness.eu\/wp-content\/uploads\/2024\/01\/New-Weight-Plate-DesignV2-1024x576.png\" alt=\"EV-WP-CP-1.25-25\" class=\"wp-image-10092\"\/><\/figure>\n<\/div>\n<\/div>\n<\/div>\n<\/div>\n\n\n\n<div class=\"wp-block-columns alignwide is-layout-flex wp-container-core-columns-is-layout-c45ee707 wp-block-columns-is-layout-flex\" style=\"margin-bottom:var(--wp--preset--spacing--side-padding);padding-top:var(--wp--preset--spacing--side-padding)\">\n<div class=\"wp-block-column is-vertically-aligned-center is-layout-flow wp-block-column-is-layout-flow\">\n<figure class=\"wp-block-image size-large\"><img decoding=\"async\" src=\"https:\/\/evolve-fitness.eu\/wp-content\/uploads\/2024\/01\/EV-WP-CP-1-25-Evolve-Ultra-Series-CPU-Urethane-Weight-plates-1024x576.jpg\" alt=\"EV-WP-CP-1-25\" class=\"wp-image-10103\"\/><\/figure>\n<\/div>\n\n\n\n<div class=\"wp-block-column is-vertically-aligned-center is-layout-flow wp-block-column-is-layout-flow\">\n<h3 class=\"wp-block-heading\" style=\"margin-bottom:var(--wp--preset--spacing--h-3-bottom)\"><strong>Precision full\u00e4ndad<\/strong><\/h3>\n\n\n\n<p><strong><em>Den senaste tekniken<\/em><\/strong><\/p>\n\n\n\n<p>N\u00e4r det g\u00e4ller designen \u00e4r Evolve-viktskivorna utrustade med fyra handtag och rundade hylsor, vilket g\u00f6r dem l\u00e4tta att hantera och ladda p\u00e5 st\u00e4nger. Deras ergonomiska design ger ett s\u00e4kert grepp och g\u00f6r det enkelt att \u00e4ndra vikter, vilket \u00e4r s\u00e4rskilt f\u00f6rdelaktigt under dynamiska och tunga lyftpass. Plattorna \u00e4r ocks\u00e5 utformade f\u00f6r att passa alla olympiska 50 mm st\u00e4nger, vilket \u00f6kar deras m\u00e5ngsidighet.<br\/><br\/>Dessutom s\u00e4kerst\u00e4ller precisionsgjutningen av dessa plattor maximal balans och exakta dimensioner, vilket bidrar till deras exceptionella h\u00e5llbarhet. Denna egenskap \u00e4r s\u00e4rskilt viktig f\u00f6r att s\u00e4kerst\u00e4lla en j\u00e4mn och balanserad vikt under tr\u00e4ningen.<\/p>\n<\/div>\n<\/div>\n<\/section>\n","protected":false},"excerpt":{"rendered":"<p>Evolve Ultra Series CPU viktplattor i uretan. Dessa h\u00f6gkvalitativa plattor har enast\u00e5ende h\u00e5llbarhet med en UV- och slitstark uretanbel\u00e4ggning. De \u00e4r precisionskalibrerade och har laserskurna viktsiffror och logotyper som \u00e4r infuserade med uretan f\u00f6r l\u00e5ngvarig livfullhet. Evolve CPU Urethane Weight Plates \u00e4r idealiska f\u00f6r b\u00e5de hemmagym och kommersiella gym och \u00e4r en ekonomisk, l\u00e5ngsiktig investering i prestanda och h\u00e5llbarhet<\/p>\n","protected":false},"featured_media":38987,"template":"","meta":{"_acf_changed":false,"inline_featured_image":false},"product_cat":[550,1053],"product_tag":[],"class_list":{"0":"post-38986","1":"product","2":"type-product","3":"status-publish","4":"has-post-thumbnail","6":"product_cat-startsida","7":"product_cat-viktplattor","9":"first","10":"instock","11":"shipping-taxable","12":"purchasable","13":"product-type-variable"},"acf":[],"_links":{"self":[{"href":"https:\/\/store.evolve-fitness.eu\/sv\/wp-json\/wp\/v2\/product\/38986","targetHints":{"allow":["GET"]}}],"collection":[{"href":"https:\/\/store.evolve-fitness.eu\/sv\/wp-json\/wp\/v2\/product"}],"about":[{"href":"https:\/\/store.evolve-fitness.eu\/sv\/wp-json\/wp\/v2\/types\/product"}],"wp:featuredmedia":[{"embeddable":true,"href":"https:\/\/store.evolve-fitness.eu\/sv\/wp-json\/wp\/v2\/media\/38987"}],"wp:attachment":[{"href":"https:\/\/store.evolve-fitness.eu\/sv\/wp-json\/wp\/v2\/media?parent=38986"}],"wp:term":[{"taxonomy":"product_cat","embeddable":true,"href":"https:\/\/store.evolve-fitness.eu\/sv\/wp-json\/wp\/v2\/product_cat?post=38986"},{"taxonomy":"product_tag","embeddable":true,"href":"https:\/\/store.evolve-fitness.eu\/sv\/wp-json\/wp\/v2\/product_tag?post=38986"}],"curies":[{"name":"wp","href":"https:\/\/api.w.org\/{rel}","templated":true}]}}