{"id":38699,"date":"2023-09-21T12:05:19","date_gmt":"2023-09-21T12:05:19","guid":{"rendered":"https:\/\/store.evolve-fitness.eu\/product\/evolve-carbon-series-mjuk-plyo-box-set\/"},"modified":"2026-03-11T12:00:18","modified_gmt":"2026-03-11T12:00:18","slug":"evolve-carbon-series-mjuk-plyo-box-set","status":"publish","type":"product","link":"https:\/\/store.evolve-fitness.eu\/sv\/produkt\/evolve-carbon-series-mjuk-plyo-box-set\/","title":{"rendered":"Evolve Carbon Series Mjuk Plyo Box Set"},"content":{"rendered":"\n<section class=\"wp-block-group alignfull black-content has-white-color has-darkgray-background-color has-text-color has-background is-layout-constrained wp-block-group-is-layout-constrained\" style=\"padding-top:var(--wp--preset--spacing--section-bottom);padding-bottom:var(--wp--preset--spacing--section-bottom)\">\n<div class=\"wp-block-columns alignwide mobile-reverse is-layout-flex wp-container-core-columns-is-layout-ca64bf2d wp-block-columns-is-layout-flex\" style=\"margin-bottom:var(--wp--preset--spacing--side-padding)\">\n<div class=\"wp-block-column is-vertically-aligned-center is-layout-flow wp-block-column-is-layout-flow\">\n<h3 class=\"wp-block-heading\" style=\"margin-bottom:var(--wp--preset--spacing--h-3-bottom)\"><strong>O\u00f6vertr\u00e4ffad kvalitet, oslagbar prestanda<\/strong><\/h3>\n\n\n\n<p><strong><em>Vi introducerar Evolve Carbon Series Soft Plyo Box Set<\/em><\/strong><\/p>\n\n\n\n<p style=\"margin-bottom:var(--wp--preset--spacing--tb-section-padding)\">Det ultimata tillskottet till din tr\u00e4ningsarsenal! Detta set \u00e4r framtaget f\u00f6r idrottare och fitnessentusiaster och \u00e4r utformat f\u00f6r att ta din tr\u00e4ningsrutin till nya h\u00f6jder.<\/p>\n\n\n\n<h3 class=\"wp-block-heading\" style=\"margin-bottom:var(--wp--preset--spacing--h-3-bottom)\"><strong>S\u00e4ker, mjuk och robust<\/strong><\/h3>\n\n\n\n<p><a href=\"https:\/\/www.merriam-webster.com\/dictionary\/down%20to%20the%20smallest\/last\/tiniest%20detail\" target=\"_blank\" rel=\"noreferrer noopener\">Ner till minsta detalj<\/a><\/p>\n\n\n\n<p>V\u00e5ra Plyo Boxar \u00e4r konstruerade med en unik mjuk skumk\u00e4rna, vilket garanterar maximal s\u00e4kerhet under h\u00f6gintensiva \u00f6vningar. S\u00e4g adj\u00f6 till r\u00e4dslan f\u00f6r skraps\u00e5r och skador!<\/p>\n<\/div>\n\n\n\n<div class=\"wp-block-column is-vertically-aligned-center is-layout-flow wp-block-column-is-layout-flow\">\n<figure class=\"wp-block-video\"><video autoplay=\"\" controls=\"\" loop=\"\" muted=\"\" src=\"https:\/\/evolve-fitness.eu\/wp-content\/uploads\/2023\/12\/1-17.mp4\"><\/video><\/figure>\n<\/div>\n<\/div>\n\n\n\n<div class=\"wp-block-columns alignwide is-layout-flex wp-container-core-columns-is-layout-c45ee707 wp-block-columns-is-layout-flex\" style=\"margin-bottom:var(--wp--preset--spacing--side-padding);padding-top:var(--wp--preset--spacing--side-padding)\">\n<div class=\"wp-block-column is-vertically-aligned-center is-layout-flow wp-block-column-is-layout-flow\">\n<figure class=\"wp-block-video\"><video autoplay=\"\" controls=\"\" loop=\"\" muted=\"\" src=\"https:\/\/evolve-fitness.eu\/wp-content\/uploads\/2023\/12\/3-4.mp4\"><\/video><\/figure>\n<\/div>\n\n\n\n<div class=\"wp-block-column is-vertically-aligned-center is-layout-flow wp-block-column-is-layout-flow\">\n<h3 class=\"wp-block-heading\" style=\"margin-bottom:var(--wp--preset--spacing--h-3-bottom)\"><strong>M\u00e5ngsidig och funktionell<\/strong><\/h3>\n\n\n\n<p><strong><em>med varierande h\u00f6jder<\/em><\/strong><\/p>\n\n\n\n<p style=\"margin-bottom:var(--wp--preset--spacing--tb-section-padding)\">Detta set \u00e4r perfekt f\u00f6r en m\u00e4ngd olika \u00f6vningar och passar b\u00e5de nyb\u00f6rjare och proffs. Oavsett om det g\u00e4ller box jumps, step-ups eller plyometriska \u00f6vningar har dessa boxar allt du beh\u00f6ver.<\/p>\n\n\n\n<h3 class=\"wp-block-heading\" style=\"margin-bottom:var(--wp--preset--spacing--h-3-bottom)\"><strong>Slitstark kolfiberfinish<\/strong><\/h3>\n\n\n\n<p><strong><em><strong><em>Byggd f\u00f6r att klara de tuffaste tr\u00e4ningspassen<\/em><\/strong><\/em><\/strong><\/p>\n\n\n\n<p>Upplev den snygga och eleganta kolfiberfinishen som inte bara ser bra ut utan ocks\u00e5 ger o\u00f6vertr\u00e4ffad h\u00e5llbarhet.<\/p>\n<\/div>\n<\/div>\n\n\n\n<div class=\"wp-block-columns alignwide are-vertically-aligned-center mobile-reverse is-layout-flex wp-container-core-columns-is-layout-e8158c2f wp-block-columns-is-layout-flex\" style=\"padding-top:var(--wp--preset--spacing--side-padding)\">\n<div class=\"wp-block-column is-vertically-aligned-center is-layout-flow wp-block-column-is-layout-flow\">\n<h3 class=\"wp-block-heading\" style=\"margin-bottom:var(--wp--preset--spacing--h-3-bottom)\"><strong>L\u00e4tt att reng\u00f6ra och underh\u00e5lla<\/strong><\/h3>\n\n\n\n<p><strong><em>I kompakt karossdesign<\/em><\/strong><\/p>\n\n\n\n<p style=\"margin-bottom:var(--wp--preset--spacing--tb-section-padding)\">Den l\u00e4ttrengjorda ytan s\u00e4kerst\u00e4ller att ditt set f\u00f6rblir hygieniskt och f\u00f6rstklassigt, \u00e4ven vid den mest rigor\u00f6sa anv\u00e4ndningen. Evolve Carbon Series \u00e4r kompakt och l\u00e4tt att stapla och passar s\u00f6ml\u00f6st in i ditt hemmagym eller professionella tr\u00e4ningsanl\u00e4ggning utan att ta upp on\u00f6digt utrymme.<\/p>\n<\/div>\n\n\n\n<div class=\"wp-block-column is-vertically-aligned-center is-layout-flow wp-block-column-is-layout-flow\">\n<figure class=\"wp-block-video\"><video autoplay=\"\" controls=\"\" loop=\"\" muted=\"\" src=\"https:\/\/evolve-fitness.eu\/wp-content\/uploads\/2023\/12\/4-2.mp4\"><\/video><\/figure>\n<\/div>\n<\/div>\n\n\n\n<div class=\"wp-block-columns alignwide are-vertically-aligned-center mobile-reverse is-layout-flex wp-container-core-columns-is-layout-e8158c2f wp-block-columns-is-layout-flex\" style=\"padding-top:var(--wp--preset--spacing--side-padding)\">\n<div class=\"wp-block-column is-vertically-aligned-center is-layout-flow wp-block-column-is-layout-flow\">\n<figure class=\"wp-block-video\"><video autoplay=\"\" controls=\"\" loop=\"\" muted=\"\" src=\"https:\/\/evolve-fitness.eu\/wp-content\/uploads\/2023\/12\/2-11.mp4\"><\/video><\/figure>\n<\/div>\n\n\n\n<div class=\"wp-block-column is-vertically-aligned-center is-layout-flow wp-block-column-is-layout-flow\">\n<h3 class=\"wp-block-heading\" style=\"margin-bottom:var(--wp--preset--spacing--h-3-bottom)\">\u00d6ka ditt spel<\/h3>\n\n\n\n<p><strong><em><strong><em>med <strong>Evolve Carbon Series Soft Plyo Box Set<\/strong><\/em><\/strong><\/em><\/strong><\/p>\n\n\n\n<p style=\"margin-bottom:var(--wp--preset--spacing--tb-section-padding)\">Perfekt f\u00f6r CrossFit, HIIT, styrketr\u00e4ning och mycket mer. Best\u00e4ll nu och ta det f\u00f6rsta steget mot att utveckla din tr\u00e4ningsresa!<\/p>\n<\/div>\n<\/div>\n<\/section>\n","protected":false},"excerpt":{"rendered":"<p>Uppgradera din tr\u00e4ningsrutin med Evolve Carbon Series Soft Plyo Box Set. Dessa eleganta PVC Carbon-designade l\u00e5dor \u00e4r h\u00e5llbara och enkla att underh\u00e5lla. Med ett mjukt innerfoder som minskar st\u00f6tar under tr\u00e4ning och anpassningsbara h\u00f6jder fr\u00e5n 7,5 cm till 157,5 cm \u00e4r de perfekta f\u00f6r dynamisk tr\u00e4ning och sjukgymnastik. De \u00e4r utformade f\u00f6r s\u00e4kerhet och har skum med h\u00f6g densitet f\u00f6r en s\u00e4ker landningsyta och har f\u00f6rst\u00e4rkta s\u00f6mmar, halkfria ytor och stapelbara kardborreband. Oavsett om du \u00e4r hemanv\u00e4ndare eller driver ett professionellt gym kommer dessa plyo boxar att ge m\u00e5ngsidighet och stil till din tr\u00e4ningslokal. Lyft dina tr\u00e4ningspass med Evolve.<\/p>\n","protected":false},"featured_media":96527,"template":"","meta":{"_acf_changed":false,"inline_featured_image":false},"product_cat":[550,623,625],"product_tag":[],"class_list":{"0":"post-38699","1":"product","2":"type-product","3":"status-publish","4":"has-post-thumbnail","6":"product_cat-startsida","7":"product_cat-korsvis-funktionell","8":"product_cat-funktionell-utrustning","10":"first","11":"instock","12":"shipping-taxable","13":"purchasable","14":"product-type-simple"},"acf":[],"_links":{"self":[{"href":"https:\/\/store.evolve-fitness.eu\/sv\/wp-json\/wp\/v2\/product\/38699","targetHints":{"allow":["GET"]}}],"collection":[{"href":"https:\/\/store.evolve-fitness.eu\/sv\/wp-json\/wp\/v2\/product"}],"about":[{"href":"https:\/\/store.evolve-fitness.eu\/sv\/wp-json\/wp\/v2\/types\/product"}],"wp:featuredmedia":[{"embeddable":true,"href":"https:\/\/store.evolve-fitness.eu\/sv\/wp-json\/wp\/v2\/media\/96527"}],"wp:attachment":[{"href":"https:\/\/store.evolve-fitness.eu\/sv\/wp-json\/wp\/v2\/media?parent=38699"}],"wp:term":[{"taxonomy":"product_cat","embeddable":true,"href":"https:\/\/store.evolve-fitness.eu\/sv\/wp-json\/wp\/v2\/product_cat?post=38699"},{"taxonomy":"product_tag","embeddable":true,"href":"https:\/\/store.evolve-fitness.eu\/sv\/wp-json\/wp\/v2\/product_tag?post=38699"}],"curies":[{"name":"wp","href":"https:\/\/api.w.org\/{rel}","templated":true}]}}