{"id":38446,"date":"2023-09-21T10:56:57","date_gmt":"2023-09-21T10:56:57","guid":{"rendered":"https:\/\/store.evolve-fitness.eu\/product\/evolve-carbon-series-powerbags-5-25-kg\/"},"modified":"2026-04-29T12:01:37","modified_gmt":"2026-04-29T12:01:37","slug":"evolve-carbon-series-powerbags-5-25-kg","status":"publish","type":"product","link":"https:\/\/store.evolve-fitness.eu\/sv\/produkt\/evolve-carbon-series-powerbags-5-25-kg\/","title":{"rendered":"Evolve Carbon Series Powerbags 5-25 kg"},"content":{"rendered":"\n<section class=\"wp-block-group alignfull has-lightgray-background-color has-background is-layout-constrained wp-block-group-is-layout-constrained\">\n<div class=\"wp-block-columns alignwide is-layout-flex wp-container-core-columns-is-layout-2edb0647 wp-block-columns-is-layout-flex\" style=\"margin-top:0;margin-bottom:0\">\n<div class=\"wp-block-column is-layout-flow wp-block-column-is-layout-flow\" style=\"flex-basis:33.33%\"><\/div>\n\n\n\n<div class=\"wp-block-column is-layout-flow wp-block-column-is-layout-flow\" style=\"flex-basis:66.66%\"><\/div>\n<\/div>\n<\/section>\n\n<div class=\"wp-block-columns alignfull mobile-reverse has-black-background-color has-background is-layout-flex wp-container-core-columns-is-layout-ca64bf2d wp-block-columns-is-layout-flex\" style=\"margin-bottom:var(--wp--preset--spacing--side-padding)\">\n<div class=\"wp-block-column is-vertically-aligned-center is-layout-flow wp-block-column-is-layout-flow\">\n<figure class=\"wp-block-video\"><video height=\"1080\" style=\"aspect-ratio: 1920 \/ 1080;\" width=\"1920\" controls=\"\" src=\"https:\/\/store.evolve-fitness.eu\/wp-content\/uploads\/2023\/09\/8.mp4\"><\/video><\/figure>\n<\/div>\n\n\n\n<div class=\"wp-block-column is-vertically-aligned-center is-layout-flow wp-block-column-is-layout-flow\">\n<h3 class=\"wp-block-heading has-white-color has-text-color\" style=\"margin-bottom:var(--wp--preset--spacing--h-3-bottom)\"><strong><strong><strong><strong><strong><strong><strong>TV\u00c4RFUNKTIONELL OCH FUNKTIONELL<\/strong><\/strong><\/strong><\/strong><\/strong><\/strong><\/strong><\/h3>\n\n\n\n<p>M\u00c5NGSIDIG OCH H\u00c5LLBAR<\/p>\n\n\n\n<ul style=\"font-size:1.1rem;letter-spacing:0.02em\" class=\"wp-block-list has-white-color has-text-color\">\n<li><strong>H\u00e5llbar utrustning f\u00f6r olika funktioner:<\/strong> V\u00e5r noggrant konstruerade tv\u00e4rfunktionella utrustning \u00e4r byggd f\u00f6r att klara de krav som st\u00e4lls vid dagliga, intensiva tr\u00e4ningspass.<\/li>\n\n\n\n<li><strong>Den perfekta tr\u00e4ningslokalen:<\/strong> Lyft din fitnessresa genom att inf\u00f6rliva v\u00e5rt m\u00e5ngsidiga utbud av tillbeh\u00f6r i ditt tr\u00e4ningsutrymme, vilket g\u00f6r det till ett nav f\u00f6r sp\u00e4nnande helkroppstr\u00e4ning.<\/li>\n\n\n\n<li><strong>Anv\u00e4ndarcentrerad design:<\/strong> Upplev skillnaden med utrustning som \u00e4r omsorgsfullt utformad med anv\u00e4ndaren i \u00e5tanke, s\u00e5 att dina tr\u00e4ningspass blir effektiva, bekv\u00e4ma och s\u00e4kra.<\/li>\n\n\n\n<li><strong>Paket med utrustning:<\/strong> Utforska v\u00e5ra omfattande utrustningspaket som f\u00f6renklar processen med att skapa ditt eget gym. Med allt du beh\u00f6ver f\u00f6r cross training eller funktionell tr\u00e4ning har det aldrig varit enklare att uppn\u00e5 dina tr\u00e4ningsm\u00e5l.<\/li>\n<\/ul>\n\n\n\n<p><\/p>\n\n\n\n<p class=\"has-white-color has-text-color\"><strong>F\u00f6rnya din tr\u00e4ningslokal och n\u00e5 en ny niv\u00e5 av kondition med v\u00e5r robusta och anv\u00e4ndarv\u00e4nliga multifunktionella utrustning.<\/strong><\/p>\n<\/div>\n<\/div>\n","protected":false},"excerpt":{"rendered":"<p>F\u00f6rb\u00e4ttra din tr\u00e4ningsrutin med Evolve Carbon Series Powerbags, som finns i en rad olika vikter fr\u00e5n 5 kg till 25 kg. Dessa Powerbags \u00e4r mer \u00e4n bara vanlig tr\u00e4ningsutrustning &#8211; de \u00e4r utformade f\u00f6r att ge stil och funktionalitet till din tr\u00e4ning. Med en avancerad PVC Carbon-yta som inte bara \u00e4r l\u00e4tt att reng\u00f6ra utan ocks\u00e5 ger ett s\u00e4kert grepp, har dessa Powerbags en elegant och modern design som kompletterar alla gymmilj\u00f6er. Insidan har ett mjukt foder som d\u00e4mpar st\u00f6tar under tr\u00e4ningen, vilket ger b\u00e5de s\u00e4kerhet och bibeh\u00e5llen form. Dessa Powerbags \u00e4r m\u00e5ngsidiga och l\u00e4mpar sig f\u00f6r intensiv, kommersiell anv\u00e4ndning och passar anv\u00e4ndare p\u00e5 alla tr\u00e4ningsniv\u00e5er f\u00f6r konditionstr\u00e4ning, funktionell tr\u00e4ning, crossfit och mycket mer. Med f\u00f6rst\u00e4rkta s\u00f6mmar, halkfria handtag och luftventiler \u00e4r dessa Powerbags byggda f\u00f6r att h\u00e5lla l\u00e4nge, vilket g\u00f6r dem till det perfekta valet f\u00f6r b\u00e5de hemanv\u00e4ndare och professionella gym. F\u00f6rb\u00e4ttra dina tr\u00e4ningsm\u00f6jligheter med Evolve Carbon Series Powerbags och upplev f\u00f6rdelarna med h\u00f6gkvalitativ, m\u00e5ngsidig tr\u00e4ningsutrustning.<\/p>\n","protected":false},"featured_media":94570,"template":"","meta":{"_acf_changed":false,"inline_featured_image":false},"product_cat":[2408,550,623,625],"product_tag":[],"class_list":{"0":"post-38446","1":"product","2":"type-product","3":"status-publish","4":"has-post-thumbnail","6":"product_cat-hyrox-redskap","7":"product_cat-startsida","8":"product_cat-korsvis-funktionell","9":"product_cat-funktionell-utrustning","11":"first","12":"instock","13":"shipping-taxable","14":"purchasable","15":"product-type-variable"},"acf":[],"_links":{"self":[{"href":"https:\/\/store.evolve-fitness.eu\/sv\/wp-json\/wp\/v2\/product\/38446","targetHints":{"allow":["GET"]}}],"collection":[{"href":"https:\/\/store.evolve-fitness.eu\/sv\/wp-json\/wp\/v2\/product"}],"about":[{"href":"https:\/\/store.evolve-fitness.eu\/sv\/wp-json\/wp\/v2\/types\/product"}],"wp:featuredmedia":[{"embeddable":true,"href":"https:\/\/store.evolve-fitness.eu\/sv\/wp-json\/wp\/v2\/media\/94570"}],"wp:attachment":[{"href":"https:\/\/store.evolve-fitness.eu\/sv\/wp-json\/wp\/v2\/media?parent=38446"}],"wp:term":[{"taxonomy":"product_cat","embeddable":true,"href":"https:\/\/store.evolve-fitness.eu\/sv\/wp-json\/wp\/v2\/product_cat?post=38446"},{"taxonomy":"product_tag","embeddable":true,"href":"https:\/\/store.evolve-fitness.eu\/sv\/wp-json\/wp\/v2\/product_tag?post=38446"}],"curies":[{"name":"wp","href":"https:\/\/api.w.org\/{rel}","templated":true}]}}