{"id":37708,"date":"2024-01-09T14:07:18","date_gmt":"2024-01-09T14:07:18","guid":{"rendered":"https:\/\/store.evolve-fitness.eu\/product\/evolve-prime-series-platbelastad-smedmaskin\/"},"modified":"2024-12-02T14:51:59","modified_gmt":"2024-12-02T14:51:59","slug":"evolve-prime-series-platbelastad-smedmaskin","status":"publish","type":"product","link":"https:\/\/store.evolve-fitness.eu\/sv\/produkt\/evolve-prime-series-platbelastad-smedmaskin\/","title":{"rendered":"Evolve Prime Series pl\u00e5tbelastad Smith-maskin, PR-222"},"content":{"rendered":"\n<p><\/p>\n\n<section class=\"wp-block-group alignfull black-content has-white-color has-darkgray-background-color has-text-color has-background is-layout-constrained wp-block-group-is-layout-constrained\" style=\"padding-top:var(--wp--preset--spacing--section-bottom);padding-bottom:var(--wp--preset--spacing--section-bottom)\">\n<h3 class=\"wp-block-heading has-text-align-center\" style=\"padding-top:var(--wp--preset--spacing--section-title-bottom);padding-bottom:var(--wp--preset--spacing--section-title-bottom)\"><strong>EVOLVE PLATE LADDAD PRIME-SERIE<\/strong><\/h3>\n\n\n\n<p>Med Evolve Plate Loaded Prime Series \u00e4r excellens standarden.\nH\u00f6j din styrketr\u00e4ning med maskiner som \u00e4r utformade f\u00f6r komfort, h\u00e5llbarhet och prestanda.\nUtforska hela sortimentet idag och omdefiniera din tr\u00e4ningsresa.  <\/p>\n\n\n\n<section class=\"wp-block-group alignfull black-content has-white-color has-darkgray-background-color has-text-color has-background is-layout-constrained wp-block-group-is-layout-constrained\" style=\"margin-bottom:0;padding-top:var(--wp--preset--spacing--tb-padding);padding-bottom:var(--wp--preset--spacing--tb-padding)\">\n<div class=\"wp-block-columns alignwide mobile-reverse is-layout-flex wp-container-core-columns-is-layout-7a02faa9 wp-block-columns-is-layout-flex\" style=\"margin-bottom:var(--wp--preset--spacing--tb-section-padding)\">\n<div class=\"wp-block-column is-vertically-aligned-center is-layout-flow wp-block-column-is-layout-flow\">\n<h3 class=\"wp-block-heading\" style=\"margin-bottom:var(--wp--preset--spacing--h-3-bottom)\"><strong><strong><strong><strong>EXCELLENS OMDEFINIERAD<\/strong><\/strong><\/strong><\/strong><\/h3>\n\n\n\n<p><strong><em><strong>Vi introducerar Evolve Plate Loaded Prime Series<\/strong><\/em><\/strong><\/p>\n\n\n\n<p>Upplev toppen av styrketr\u00e4ning med Evolve Plate Loaded Prime Series. Varje maskin i denna serie \u00e4r noggrant utformad f\u00f6r att erbjuda en \u00f6verl\u00e4gsen tr\u00e4ningsupplevelse, och h\u00e4r \u00e4r varf\u00f6r.<\/p>\n\n\n\n<h3 class=\"wp-block-heading\" style=\"margin-bottom:var(--wp--preset--spacing--h-3-bottom)\"><strong><strong>F\u00d6RVARINGSL\u00d6SNINGAR<\/strong><\/strong><\/h3>\n\n\n\n<p><strong><em><strong>Maximal utrymmeseffektivitet<\/strong><\/em><\/strong><\/p>\n\n\n\n<p>H\u00e5ll ordning och maximera utrymmeseffektiviteten med <strong>Pegs f\u00f6r f\u00f6rvaring av viktskivor<\/strong>. H\u00e5ll dina tallrikar inom r\u00e4ckh\u00e5ll och skapa en st\u00f6kfri tr\u00e4ningsmilj\u00f6.<\/p>\n<\/div>\n\n\n\n<div class=\"wp-block-column is-vertically-aligned-center is-layout-flow wp-block-column-is-layout-flow\">\n<figure class=\"wp-block-image size-full is-resized is-style-rounded\"><img loading=\"lazy\" decoding=\"async\" width=\"1315\" height=\"1980\" src=\"https:\/\/store.evolve-fitness.eu\/wp-content\/uploads\/2024\/05\/EV-PL-PR-222-Evolve-Prime-Series-Plate-Loaded-Smith-Machine-5.jpg\" alt=\"\" class=\"wp-image-64264\" style=\"aspect-ratio:1.1333333333333333;object-fit:cover;width:943px;height:auto\" srcset=\"https:\/\/store.evolve-fitness.eu\/wp-content\/uploads\/2024\/05\/EV-PL-PR-222-Evolve-Prime-Series-Plate-Loaded-Smith-Machine-5.jpg 1315w, https:\/\/store.evolve-fitness.eu\/wp-content\/uploads\/2024\/05\/EV-PL-PR-222-Evolve-Prime-Series-Plate-Loaded-Smith-Machine-5-199x300.jpg 199w, https:\/\/store.evolve-fitness.eu\/wp-content\/uploads\/2024\/05\/EV-PL-PR-222-Evolve-Prime-Series-Plate-Loaded-Smith-Machine-5-680x1024.jpg 680w, https:\/\/store.evolve-fitness.eu\/wp-content\/uploads\/2024\/05\/EV-PL-PR-222-Evolve-Prime-Series-Plate-Loaded-Smith-Machine-5-768x1156.jpg 768w, https:\/\/store.evolve-fitness.eu\/wp-content\/uploads\/2024\/05\/EV-PL-PR-222-Evolve-Prime-Series-Plate-Loaded-Smith-Machine-5-1020x1536.jpg 1020w, https:\/\/store.evolve-fitness.eu\/wp-content\/uploads\/2024\/05\/EV-PL-PR-222-Evolve-Prime-Series-Plate-Loaded-Smith-Machine-5-600x903.jpg 600w\" sizes=\"auto, (max-width: 1315px) 100vw, 1315px\" \/><\/figure>\n<\/div>\n<\/div>\n\n\n\n<div class=\"wp-block-columns alignwide mobile-reverse is-layout-flex wp-container-core-columns-is-layout-7a02faa9 wp-block-columns-is-layout-flex\" style=\"margin-bottom:var(--wp--preset--spacing--tb-section-padding)\">\n<div class=\"wp-block-column is-vertically-aligned-center is-layout-flow wp-block-column-is-layout-flow\">\n<figure class=\"wp-block-image alignleft size-full is-resized is-style-rounded\"><img loading=\"lazy\" decoding=\"async\" width=\"1980\" height=\"1320\" src=\"https:\/\/store.evolve-fitness.eu\/wp-content\/uploads\/2024\/05\/EV-PL-PR-222-Evolve-Prime-Series-Plate-Loaded-Smith-Machine-8.jpg\" alt=\"\" class=\"wp-image-64289\" style=\"aspect-ratio:1.1333333333333333;object-fit:cover;width:872px;height:auto\" srcset=\"https:\/\/store.evolve-fitness.eu\/wp-content\/uploads\/2024\/05\/EV-PL-PR-222-Evolve-Prime-Series-Plate-Loaded-Smith-Machine-8.jpg 1980w, https:\/\/store.evolve-fitness.eu\/wp-content\/uploads\/2024\/05\/EV-PL-PR-222-Evolve-Prime-Series-Plate-Loaded-Smith-Machine-8-300x200.jpg 300w, https:\/\/store.evolve-fitness.eu\/wp-content\/uploads\/2024\/05\/EV-PL-PR-222-Evolve-Prime-Series-Plate-Loaded-Smith-Machine-8-1024x683.jpg 1024w, https:\/\/store.evolve-fitness.eu\/wp-content\/uploads\/2024\/05\/EV-PL-PR-222-Evolve-Prime-Series-Plate-Loaded-Smith-Machine-8-768x512.jpg 768w, https:\/\/store.evolve-fitness.eu\/wp-content\/uploads\/2024\/05\/EV-PL-PR-222-Evolve-Prime-Series-Plate-Loaded-Smith-Machine-8-1536x1024.jpg 1536w, https:\/\/store.evolve-fitness.eu\/wp-content\/uploads\/2024\/05\/EV-PL-PR-222-Evolve-Prime-Series-Plate-Loaded-Smith-Machine-8-600x400.jpg 600w\" sizes=\"auto, (max-width: 1980px) 100vw, 1980px\" \/><\/figure>\n<\/div>\n\n\n\n<div class=\"wp-block-column is-vertically-aligned-center is-layout-flow wp-block-column-is-layout-flow\">\n<h3 class=\"wp-block-heading\" style=\"margin-bottom:var(--wp--preset--spacing--h-3-bottom)\"><strong><strong><br\/><strong><strong>RIKTAD MUSKELAKTIVERING<\/strong><\/strong><\/strong><\/strong><\/h3>\n\n\n\n<p><strong>L\u00e4ttanv\u00e4nda justeringsknappar i vibrerande gult<\/strong><\/p>\n\n\n\n<p>F\u00f6r dem som s\u00f6ker m\u00e5ngsidighet erbjuder utvalda maskiner i Prime-serien <strong>unilateral armr\u00f6relse<\/strong>. Denna funktion ger dig m\u00f6jlighet att effektivt rikta in dig p\u00e5 specifika muskelgrupper, s\u00e5 att du kan anpassa ditt tr\u00e4ningsprogram.<\/p>\n<\/div>\n<\/div>\n\n\n\n<div class=\"wp-block-columns alignwide mobile-reverse is-layout-flex wp-container-core-columns-is-layout-035fa626 wp-block-columns-is-layout-flex\" style=\"margin-bottom:var(--wp--preset--spacing--side-padding);padding-top:var(--wp--preset--spacing--tb-padding);padding-bottom:var(--wp--preset--spacing--tb-padding)\">\n<div class=\"wp-block-column is-vertically-aligned-center is-layout-flow wp-block-column-is-layout-flow\">\n<h3 class=\"wp-block-heading\" style=\"margin-bottom:var(--wp--preset--spacing--h-3-bottom)\"><strong><strong><strong><strong><strong><strong><strong><strong>PROBLEMFRIA TR\u00c4NINGSPASS<\/strong><\/strong><\/strong><\/strong><\/strong><\/strong><\/strong><\/strong><\/h3>\n\n\n\n<p><strong><em><strong>\u00d6ppen ram f\u00f6r enkel \u00e5tkomst<\/strong><\/em><\/strong><\/p>\n\n\n\n<p style=\"margin-bottom:var(--wp--preset--spacing--tb-section-padding)\">Open Frame-designen p\u00e5 v\u00e5ra maskiner ger enkel \u00e5tkomst, s\u00e5 att du kan v\u00e4xla mellan olika \u00f6vningar utan problem. Slipp on\u00f6digt kr\u00e5ngel och fokusera p\u00e5 din tr\u00e4ning.<\/p>\n\n\n\n<h3 class=\"wp-block-heading\" style=\"margin-bottom:var(--wp--preset--spacing--h-3-bottom)\"><strong><strong><strong><strong><strong><strong><strong><strong><strong><strong><br\/><strong><strong>L\u00c5NGVARIG PRESTANDA<\/strong><\/strong><\/strong><\/strong><\/strong><\/strong><\/strong><\/strong><\/strong><\/strong><\/strong><\/strong><\/h3>\n\n\n\n<p><strong><em><strong>Premiumkvalitet, kraftigt PU-l\u00e4der<\/strong><\/em><\/strong><\/p>\n\n\n\n<p>V\u00e5r utrustning best\u00e5r av <strong>h\u00f6gkvalitativt, kraftigt PU-l\u00e4der<\/strong> som \u00e4r utformat f\u00f6r att t\u00e5la \u00e4ven de tuffaste tr\u00e4ningspassen. Den ser inte bara bra ut utan har ocks\u00e5 l\u00e5ng livsl\u00e4ngd.<\/p>\n<\/div>\n\n\n\n<div class=\"wp-block-column is-vertically-aligned-center is-layout-flow wp-block-column-is-layout-flow\">\n<figure class=\"wp-block-image size-full is-resized is-style-rounded\"><img loading=\"lazy\" decoding=\"async\" width=\"1980\" height=\"1320\" src=\"https:\/\/store.evolve-fitness.eu\/wp-content\/uploads\/2024\/05\/EV-PL-PR-222-Evolve-Prime-Series-Plate-Loaded-Smith-Machine-1.jpg\" alt=\"\" class=\"wp-image-64314\" style=\"aspect-ratio:1.1333333333333333;object-fit:cover;width:859px;height:auto\" srcset=\"https:\/\/store.evolve-fitness.eu\/wp-content\/uploads\/2024\/05\/EV-PL-PR-222-Evolve-Prime-Series-Plate-Loaded-Smith-Machine-1.jpg 1980w, https:\/\/store.evolve-fitness.eu\/wp-content\/uploads\/2024\/05\/EV-PL-PR-222-Evolve-Prime-Series-Plate-Loaded-Smith-Machine-1-300x200.jpg 300w, https:\/\/store.evolve-fitness.eu\/wp-content\/uploads\/2024\/05\/EV-PL-PR-222-Evolve-Prime-Series-Plate-Loaded-Smith-Machine-1-1024x683.jpg 1024w, https:\/\/store.evolve-fitness.eu\/wp-content\/uploads\/2024\/05\/EV-PL-PR-222-Evolve-Prime-Series-Plate-Loaded-Smith-Machine-1-768x512.jpg 768w, https:\/\/store.evolve-fitness.eu\/wp-content\/uploads\/2024\/05\/EV-PL-PR-222-Evolve-Prime-Series-Plate-Loaded-Smith-Machine-1-1536x1024.jpg 1536w, https:\/\/store.evolve-fitness.eu\/wp-content\/uploads\/2024\/05\/EV-PL-PR-222-Evolve-Prime-Series-Plate-Loaded-Smith-Machine-1-600x400.jpg 600w\" sizes=\"auto, (max-width: 1980px) 100vw, 1980px\" \/><\/figure>\n<\/div>\n<\/div>\n\n\n\n<div class=\"wp-block-columns alignwide mobile-reverse is-layout-flex wp-container-core-columns-is-layout-7a02faa9 wp-block-columns-is-layout-flex\" style=\"margin-bottom:var(--wp--preset--spacing--tb-section-padding)\">\n<div class=\"wp-block-column is-vertically-aligned-center is-layout-flow wp-block-column-is-layout-flow\">\n<figure class=\"wp-block-image alignleft size-full is-resized is-style-rounded\"><img loading=\"lazy\" decoding=\"async\" width=\"1980\" height=\"1320\" src=\"https:\/\/store.evolve-fitness.eu\/wp-content\/uploads\/2024\/05\/EV-PL-PR-222-Evolve-Prime-Series-Plate-Loaded-Smith-Machine-3.jpg\" alt=\"\" class=\"wp-image-64339\" style=\"aspect-ratio:1.1333333333333333;object-fit:cover;width:872px;height:auto\" srcset=\"https:\/\/store.evolve-fitness.eu\/wp-content\/uploads\/2024\/05\/EV-PL-PR-222-Evolve-Prime-Series-Plate-Loaded-Smith-Machine-3.jpg 1980w, https:\/\/store.evolve-fitness.eu\/wp-content\/uploads\/2024\/05\/EV-PL-PR-222-Evolve-Prime-Series-Plate-Loaded-Smith-Machine-3-300x200.jpg 300w, https:\/\/store.evolve-fitness.eu\/wp-content\/uploads\/2024\/05\/EV-PL-PR-222-Evolve-Prime-Series-Plate-Loaded-Smith-Machine-3-1024x683.jpg 1024w, https:\/\/store.evolve-fitness.eu\/wp-content\/uploads\/2024\/05\/EV-PL-PR-222-Evolve-Prime-Series-Plate-Loaded-Smith-Machine-3-768x512.jpg 768w, https:\/\/store.evolve-fitness.eu\/wp-content\/uploads\/2024\/05\/EV-PL-PR-222-Evolve-Prime-Series-Plate-Loaded-Smith-Machine-3-1536x1024.jpg 1536w, https:\/\/store.evolve-fitness.eu\/wp-content\/uploads\/2024\/05\/EV-PL-PR-222-Evolve-Prime-Series-Plate-Loaded-Smith-Machine-3-600x400.jpg 600w\" sizes=\"auto, (max-width: 1980px) 100vw, 1980px\" \/><\/figure>\n<\/div>\n\n\n\n<div class=\"wp-block-column is-vertically-aligned-center is-layout-flow wp-block-column-is-layout-flow\">\n<h3 class=\"wp-block-heading\" style=\"margin-bottom:var(--wp--preset--spacing--h-3-bottom)\"><strong><strong><br\/><strong><strong><br\/><strong>SLITSTARK FINISH<\/strong><\/strong><\/strong><\/strong><\/strong><\/h3>\n\n\n\n<p><strong><em><strong>Elektrostatisk sprutningsteknik f\u00f6r h\u00e4rdplastpulver<\/strong><\/em><\/strong><\/p>\n\n\n\n<p>Upplev en h\u00e5llbar finish med v\u00e5r <strong>elektrostatiska sprutteknik f\u00f6r h\u00e4rdplastpulver<\/strong>. Denna avancerade bel\u00e4ggning s\u00e4kerst\u00e4ller att din utrustning beh\u00e5ller sitt visuella utseende \u00f6ver tid.<\/p>\n\n\n\n<h3 class=\"wp-block-heading\" style=\"margin-bottom:var(--wp--preset--spacing--h-3-bottom)\"><strong><strong><strong><strong><br\/><strong><strong><strong>BYGGD F\u00d6R ATT H\u00c5LLA L\u00c4NGE<\/strong><\/strong><\/strong><\/strong><\/strong><\/strong><\/strong><\/h3>\n\n\n\n<p><strong><em><strong>Bultar och muttrar i rostfritt st\u00e5l<\/strong><\/em><\/strong><\/p>\n\n\n\n<p>Prime-serien \u00e4r byggd f\u00f6r att h\u00e5lla l\u00e4nge, med alla bultar och muttrar tillverkade av <strong>rostfritt st\u00e5l<\/strong>. Denna kvalitetskonstruktion garanterar att din utrustning h\u00e5ller l\u00e4nge.<\/p>\n<\/div>\n<\/div>\n<\/section>\n<\/section>\n","protected":false},"excerpt":{"rendered":"<p>Evolve Prime Series Plate Loaded Smith Machine kombinerar precisionsteknik med avancerad design f\u00f6r en m\u00e5ngsidig och effektiv styrketr\u00e4ningsupplevelse. Denna Smith-maskin \u00e4r tillverkad med h\u00e5llbarhet i \u00e5tanke, med kraftig konstruktion och en pulverlackerad yta f\u00f6r l\u00e5ngvarig prestanda. Skivst\u00e5ngens mjuka och kontrollerade r\u00f6relse, som styrs av de linj\u00e4ra lagren, m\u00f6jligg\u00f6r s\u00e4kra och effektiva \u00f6vningar som kn\u00e4b\u00f6j, pressar och mycket mer. Med sin anv\u00e4ndarv\u00e4nliga design och \u00f6verl\u00e4gsna byggkvalitet \u00e4r denna Smith-maskin ett m\u00e5ste f\u00f6r alla gym eller tr\u00e4ningsanl\u00e4ggningar som vill ha f\u00f6rstklassig utrustning f\u00f6r ett komplett styrketr\u00e4ningsprogram.<\/p>\n","protected":false},"featured_media":100272,"template":"","meta":{"_acf_changed":false,"inline_featured_image":false},"product_cat":[550,773,1215],"product_tag":[],"class_list":{"0":"post-37708","1":"product","2":"type-product","3":"status-publish","4":"has-post-thumbnail","6":"product_cat-startsida","7":"product_cat-platbelastade-maskiner","8":"product_cat-prime-series-platbelastad","10":"first","11":"outofstock","12":"shipping-taxable","13":"purchasable","14":"product-type-simple"},"acf":[],"_links":{"self":[{"href":"https:\/\/store.evolve-fitness.eu\/sv\/wp-json\/wp\/v2\/product\/37708","targetHints":{"allow":["GET"]}}],"collection":[{"href":"https:\/\/store.evolve-fitness.eu\/sv\/wp-json\/wp\/v2\/product"}],"about":[{"href":"https:\/\/store.evolve-fitness.eu\/sv\/wp-json\/wp\/v2\/types\/product"}],"wp:featuredmedia":[{"embeddable":true,"href":"https:\/\/store.evolve-fitness.eu\/sv\/wp-json\/wp\/v2\/media\/100272"}],"wp:attachment":[{"href":"https:\/\/store.evolve-fitness.eu\/sv\/wp-json\/wp\/v2\/media?parent=37708"}],"wp:term":[{"taxonomy":"product_cat","embeddable":true,"href":"https:\/\/store.evolve-fitness.eu\/sv\/wp-json\/wp\/v2\/product_cat?post=37708"},{"taxonomy":"product_tag","embeddable":true,"href":"https:\/\/store.evolve-fitness.eu\/sv\/wp-json\/wp\/v2\/product_tag?post=37708"}],"curies":[{"name":"wp","href":"https:\/\/api.w.org\/{rel}","templated":true}]}}