{"id":37589,"date":"2024-01-09T14:25:12","date_gmt":"2024-01-09T14:25:12","guid":{"rendered":"https:\/\/store.evolve-fitness.eu\/product\/evolve-prime-series-platta-laddad-rad\/"},"modified":"2024-12-02T15:02:37","modified_gmt":"2024-12-02T15:02:37","slug":"evolve-prime-series-platta-laddad-rad","status":"publish","type":"product","link":"https:\/\/store.evolve-fitness.eu\/sv\/produkt\/evolve-prime-series-platta-laddad-rad\/","title":{"rendered":"Evolve Prime Series med plattbelastad rodd, PR-231"},"content":{"rendered":"\n<p><\/p>\n\n<section class=\"wp-block-group alignfull black-content has-white-color has-darkgray-background-color has-text-color has-background is-layout-constrained wp-block-group-is-layout-constrained\" style=\"padding-top:var(--wp--preset--spacing--section-bottom);padding-bottom:var(--wp--preset--spacing--section-bottom)\">\n<h3 class=\"wp-block-heading has-text-align-center\"><strong><strong>EVOLVE PLATE LADDAD PRIME-SERIE<\/strong><\/strong><\/h3>\n\n\n\n<p>Med Evolve Plate Loaded Prime Series \u00e4r excellens standarden.\nH\u00f6j din styrketr\u00e4ning med maskiner som \u00e4r utformade f\u00f6r komfort, h\u00e5llbarhet och prestanda.\nUtforska hela sortimentet idag och omdefiniera din tr\u00e4ningsresa.  <\/p>\n\n\n\n<section class=\"wp-block-group alignfull black-content has-white-color has-darkgray-background-color has-text-color has-background is-layout-constrained wp-block-group-is-layout-constrained\" style=\"padding-top:var(--wp--preset--spacing--section-bottom);padding-bottom:var(--wp--preset--spacing--section-bottom)\">\n<div class=\"wp-block-columns alignwide mobile-reverse is-layout-flex wp-container-core-columns-is-layout-ca64bf2d wp-block-columns-is-layout-flex\" style=\"margin-bottom:var(--wp--preset--spacing--side-padding)\">\n<div class=\"wp-block-column is-vertically-aligned-center is-layout-flow wp-block-column-is-layout-flow\">\n<h3 class=\"wp-block-heading\" style=\"margin-bottom:var(--wp--preset--spacing--h-3-bottom)\"><strong><strong><strong>Spetskompetens omdefinierad<\/strong><\/strong><\/strong><\/h3>\n\n\n\n<p><strong><em><strong>Vi introducerar Evolve Plate Loaded Prime Series<\/strong><\/em><\/strong><\/p>\n\n\n\n<p style=\"margin-bottom:var(--wp--preset--spacing--tb-section-padding)\">Upplev toppen av styrketr\u00e4ning med Evolve Plate Loaded Prime Series. Varje maskin i denna serie \u00e4r minuti\u00f6st utformad f\u00f6r att erbjuda en \u00f6verl\u00e4gsen tr\u00e4ningsupplevelse, och h\u00e4r \u00e4r varf\u00f6r<\/p>\n\n\n\n<h3 class=\"wp-block-heading\" style=\"margin-bottom:var(--wp--preset--spacing--h-3-bottom)\"><strong><strong><strong><strong><strong>Tjock kl\u00e4dsel<\/strong><\/strong><\/strong><\/strong><\/strong><\/h3>\n\n\n\n<p><strong><em><strong><strong><strong>\u00d6verl\u00e4gsen komfort och h\u00e5llbarhet<\/strong><\/strong><\/strong><\/em><\/strong><\/p>\n\n\n\n<p>H\u00e5ll ordning och maximera utrymmeseffektiviteten med <strong>Pegs f\u00f6r f\u00f6rvaring av viktskivor<\/strong>. H\u00e5ll dina tallrikar inom r\u00e4ckh\u00e5ll och skapa en st\u00f6kfri tr\u00e4ningsmilj\u00f6.<\/p>\n<\/div>\n\n\n\n<div class=\"wp-block-column is-vertically-aligned-center is-layout-flow wp-block-column-is-layout-flow\">\n<figure class=\"wp-block-image size-large\"><img decoding=\"async\" src=\"https:\/\/evolve-fitness.eu\/wp-content\/uploads\/2023\/09\/EV-PL-PR-231-1-1-683x1024.jpg\" alt=\"EV-PL-PR-231\" class=\"wp-image-166359\"\/><\/figure>\n<\/div>\n<\/div>\n\n\n\n<div class=\"wp-block-columns alignwide mobile-reverse is-layout-flex wp-container-core-columns-is-layout-ca64bf2d wp-block-columns-is-layout-flex\" style=\"margin-bottom:var(--wp--preset--spacing--side-padding)\">\n<div class=\"wp-block-column is-vertically-aligned-center is-layout-flow wp-block-column-is-layout-flow\">\n<figure class=\"wp-block-image size-large\"><img decoding=\"async\" src=\"https:\/\/evolve-fitness.eu\/wp-content\/uploads\/2023\/09\/EV-PL-PR-231-3-1-683x1024.jpg\" alt=\"\" class=\"wp-image-166384\"\/><\/figure>\n<\/div>\n\n\n\n<div class=\"wp-block-column is-vertically-aligned-center is-layout-flow wp-block-column-is-layout-flow\">\n<h3 class=\"wp-block-heading\" style=\"margin-bottom:var(--wp--preset--spacing--h-3-bottom)\"><strong><strong>Riktad muskelp\u00e5verkan<\/strong><\/strong><\/h3>\n\n\n\n<p><strong>L\u00e4ttanv\u00e4nda justeringsknappar i vibrerande gult<\/strong><\/p>\n\n\n\n<p style=\"margin-bottom:var(--wp--preset--spacing--tb-section-padding)\">F\u00f6r dem som s\u00f6ker m\u00e5ngsidighet erbjuder utvalda maskiner i Prime-serien <strong>unilateral armr\u00f6relse<\/strong>. Denna funktion ger dig m\u00f6jlighet att effektivt rikta in dig p\u00e5 specifika muskelgrupper, s\u00e5 att du kan anpassa ditt tr\u00e4ningsprogram.<\/p>\n\n\n\n<h3 class=\"wp-block-heading\" style=\"margin-bottom:var(--wp--preset--spacing--h-3-bottom)\"><strong><strong><strong>Justerbar sittposition<\/strong><\/strong><\/strong><\/h3>\n\n\n\n<p><strong><em><strong><strong>L\u00e4ttanv\u00e4nda justeringsknappar i vibrerande gult<\/strong><\/strong><\/em><\/strong><\/p>\n\n\n\n<p>V\u00e5ra maskiner har en <strong>justerbar sittposition<\/strong> med justeringsrattar och handtag i ljust, l\u00e4tt\u00f6versk\u00e5dligt gult. Den anv\u00e4ndarv\u00e4nliga designen s\u00e4kerst\u00e4ller att du kan st\u00e4lla in din utrustning snabbt och exakt, vilket f\u00f6rb\u00e4ttrar din tr\u00e4ningsupplevelse.<\/p>\n<\/div>\n<\/div>\n\n\n\n<div class=\"wp-block-columns alignwide mobile-reverse is-layout-flex wp-container-core-columns-is-layout-ca64bf2d wp-block-columns-is-layout-flex\" style=\"margin-bottom:var(--wp--preset--spacing--side-padding)\">\n<div class=\"wp-block-column is-vertically-aligned-center is-layout-flow wp-block-column-is-layout-flow\">\n<h3 class=\"wp-block-heading\" style=\"margin-bottom:var(--wp--preset--spacing--h-3-bottom)\"><strong><strong>Tr\u00e4ning utan kr\u00e5ngel<\/strong><\/strong><\/h3>\n\n\n\n<p><strong><em><strong><strong><strong><strong><strong>\u00d6ppen ram f\u00f6r enkel \u00e5tkomst<\/strong><\/strong><\/strong><\/strong><\/strong><\/em><\/strong><\/p>\n\n\n\n<p style=\"margin-bottom:var(--wp--preset--spacing--tb-section-padding)\">Open Frame-designen p\u00e5 v\u00e5ra maskiner ger enkel \u00e5tkomst, s\u00e5 att du kan v\u00e4xla mellan olika \u00f6vningar utan problem. Slipp on\u00f6digt kr\u00e5ngel och fokusera p\u00e5 din tr\u00e4ning.<\/p>\n\n\n\n<h3 class=\"wp-block-heading\" style=\"margin-bottom:var(--wp--preset--spacing--h-3-bottom)\"><strong><strong><strong><strong>Handtag med halkskydd<\/strong><\/strong><\/strong><\/strong><\/h3>\n\n\n\n<p><strong><em><strong><strong>S\u00e4kert grepp f\u00f6r trygghet och f\u00f6rtroende<\/strong><\/strong><\/em><\/strong><\/p>\n\n\n\n<p>Prioritera s\u00e4kerhet och f\u00f6rtroende med v\u00e5ra <strong>halkfria handtag<\/strong>. De ger ett s\u00e4kert grepp och minskar risken f\u00f6r olyckor under tr\u00e4ningspasset.<\/p>\n<\/div>\n\n\n\n<div class=\"wp-block-column is-vertically-aligned-center is-layout-flow wp-block-column-is-layout-flow\">\n<figure class=\"wp-block-image size-large\"><img decoding=\"async\" src=\"https:\/\/evolve-fitness.eu\/wp-content\/uploads\/2023\/09\/EV-PL-PR-231-2-1024x683.jpg\" alt=\"\" class=\"wp-image-166409\"\/><\/figure>\n<\/div>\n<\/div>\n\n\n\n<div class=\"wp-block-columns alignwide mobile-reverse is-layout-flex wp-container-core-columns-is-layout-ca64bf2d wp-block-columns-is-layout-flex\" style=\"margin-bottom:var(--wp--preset--spacing--side-padding)\">\n<div class=\"wp-block-column is-vertically-aligned-center is-layout-flow wp-block-column-is-layout-flow\">\n<figure class=\"wp-block-image size-large\"><img decoding=\"async\" src=\"https:\/\/evolve-fitness.eu\/wp-content\/uploads\/2023\/09\/EV-PL-PR-231-6-1024x683.jpg\" alt=\"\" class=\"wp-image-166434\"\/><\/figure>\n<\/div>\n\n\n\n<div class=\"wp-block-column is-vertically-aligned-center is-layout-flow wp-block-column-is-layout-flow\">\n<h3 class=\"wp-block-heading\" style=\"margin-bottom:var(--wp--preset--spacing--h-3-bottom)\"><strong><strong><strong>L\u00e5ngvarig prestanda<\/strong><\/strong><\/strong><\/h3>\n\n\n\n<p><strong><em><strong><strong>Premiumkvalitet, kraftigt PU-l\u00e4der<\/strong><\/strong><\/em><\/strong><\/p>\n\n\n\n<p style=\"margin-bottom:var(--wp--preset--spacing--tb-section-padding)\">V\u00e5r utrustning best\u00e5r av <strong>h\u00f6gkvalitativt, kraftigt PU-l\u00e4der<\/strong> som \u00e4r utformat f\u00f6r att t\u00e5la \u00e4ven de tuffaste tr\u00e4ningspassen. Den ser inte bara bra ut utan har ocks\u00e5 l\u00e5ng livsl\u00e4ngd.<\/p>\n\n\n\n<h3 class=\"wp-block-heading\" style=\"margin-bottom:var(--wp--preset--spacing--h-3-bottom)\"><strong><strong><strong><strong><strong><strong><strong>Slitstark finish<\/strong><\/strong><\/strong><\/strong><\/strong><\/strong><\/strong><\/h3>\n\n\n\n<p><strong><em><strong><strong><strong><strong><strong>Elektrostatisk sprutningsteknik f\u00f6r h\u00e4rdplastpulver<\/strong><\/strong><\/strong><\/strong><\/strong><\/em><\/strong><\/p>\n\n\n\n<p>Upplev en h\u00e5llbar finish med v\u00e5r <strong>elektrostatiska sprutteknik f\u00f6r h\u00e4rdplastpulver<\/strong>. Denna avancerade bel\u00e4ggning s\u00e4kerst\u00e4ller att din utrustning beh\u00e5ller sitt visuella utseende \u00f6ver tid.<\/p>\n\n\n\n<h3 class=\"wp-block-heading\" style=\"margin-bottom:var(--wp--preset--spacing--h-3-bottom)\"><strong><strong><strong><strong>Byggd f\u00f6r att h\u00e5lla<\/strong><\/strong><\/strong><\/strong><\/h3>\n\n\n\n<p><strong><em><strong><strong><strong>Bultar och muttrar i rostfritt st\u00e5l<\/strong><\/strong><\/strong><\/em><\/strong><\/p>\n\n\n\n<p style=\"margin-bottom:var(--wp--preset--spacing--tb-section-padding)\">Prime-serien \u00e4r byggd f\u00f6r att h\u00e5lla l\u00e4nge, med alla bultar och muttrar tillverkade av <strong>rostfritt st\u00e5l<\/strong>. Denna kvalitetskonstruktion garanterar l\u00e5ng livsl\u00e4ngd f\u00f6r din utrustning.<\/p>\n<\/div>\n<\/div>\n<\/section>\n<\/section>\n","protected":false},"excerpt":{"rendered":"<p>Evolve Prime Series Plate Loaded Row-maskin \u00e4r ett kraftpaket f\u00f6r att utveckla en stark och skulpterad rygg. Med sin robusta konstruktion och banbrytande design ger denna roddmaskin en j\u00e4mn och kontrollerad r\u00f6relse, vilket garanterar en utmanande men bekv\u00e4m tr\u00e4ningsupplevelse. Den justerbara sitsen och de m\u00e5nga greppalternativen g\u00f6r att anv\u00e4ndaren effektivt kan tr\u00e4na olika delar av ryggmuskulaturen. Oavsett om du \u00e4r en fitnessentusiast eller en professionell idrottare erbjuder denna Plate Loaded Row-maskin en p\u00e5litlig och m\u00e5ngsidig l\u00f6sning f\u00f6r att bygga upp \u00f6verkroppsstyrka och f\u00f6rb\u00e4ttra den allm\u00e4nna konditionen. Lyft dina tr\u00e4ningspass med denna h\u00f6gkvalitativa och prestandadrivna roddmaskin.<\/p>\n","protected":false},"featured_media":37621,"template":"","meta":{"_acf_changed":false,"inline_featured_image":false},"product_cat":[550,773,1215],"product_tag":[],"class_list":{"0":"post-37589","1":"product","2":"type-product","3":"status-publish","4":"has-post-thumbnail","6":"product_cat-startsida","7":"product_cat-platbelastade-maskiner","8":"product_cat-prime-series-platbelastad","10":"first","11":"outofstock","12":"shipping-taxable","13":"purchasable","14":"product-type-simple"},"acf":[],"_links":{"self":[{"href":"https:\/\/store.evolve-fitness.eu\/sv\/wp-json\/wp\/v2\/product\/37589","targetHints":{"allow":["GET"]}}],"collection":[{"href":"https:\/\/store.evolve-fitness.eu\/sv\/wp-json\/wp\/v2\/product"}],"about":[{"href":"https:\/\/store.evolve-fitness.eu\/sv\/wp-json\/wp\/v2\/types\/product"}],"wp:featuredmedia":[{"embeddable":true,"href":"https:\/\/store.evolve-fitness.eu\/sv\/wp-json\/wp\/v2\/media\/37621"}],"wp:attachment":[{"href":"https:\/\/store.evolve-fitness.eu\/sv\/wp-json\/wp\/v2\/media?parent=37589"}],"wp:term":[{"taxonomy":"product_cat","embeddable":true,"href":"https:\/\/store.evolve-fitness.eu\/sv\/wp-json\/wp\/v2\/product_cat?post=37589"},{"taxonomy":"product_tag","embeddable":true,"href":"https:\/\/store.evolve-fitness.eu\/sv\/wp-json\/wp\/v2\/product_tag?post=37589"}],"curies":[{"name":"wp","href":"https:\/\/api.w.org\/{rel}","templated":true}]}}