{"id":37570,"date":"2024-01-09T13:41:44","date_gmt":"2024-01-09T13:41:44","guid":{"rendered":"https:\/\/store.evolve-fitness.eu\/product\/evolve-prime-series-plattbelastat-knabojsstativ\/"},"modified":"2025-11-06T09:37:27","modified_gmt":"2025-11-06T09:37:27","slug":"evolve-prime-series-plattbelastat-knabojsstativ","status":"publish","type":"product","link":"https:\/\/store.evolve-fitness.eu\/sv\/produkt\/evolve-prime-series-plattbelastat-knabojsstativ\/","title":{"rendered":"Evolve Prime Series plattbelastat squat rack (EC-031)"},"content":{"rendered":"\n<p><\/p>\n\n<section class=\"wp-block-group alignfull black-content has-white-color has-darkgray-background-color has-text-color has-background is-layout-constrained wp-block-group-is-layout-constrained\" style=\"padding-top:var(--wp--preset--spacing--section-bottom);padding-bottom:var(--wp--preset--spacing--section-bottom)\">\n<h3 class=\"wp-block-heading has-text-align-center\" style=\"padding-top:var(--wp--preset--spacing--section-title-bottom);padding-bottom:var(--wp--preset--spacing--section-title-bottom)\"><strong>EVOLVE PLATE LADDAD PRIME-SERIE<\/strong><\/h3>\n\n\n\n<p>Med Evolve Plate Loaded Prime Series \u00e4r h\u00f6gsta kvalitet standard. F\u00f6rb\u00e4ttra din styrketr\u00e4ning med maskiner som \u00e4r utformade f\u00f6r komfort, h\u00e5llbarhet och prestanda. Utforska hela sortimentet idag och omdefiniera din tr\u00e4ningsresa.  <\/p>\n\n\n\n<section class=\"wp-block-group alignfull black-content has-white-color has-darkgray-background-color has-text-color has-background is-layout-constrained wp-block-group-is-layout-constrained\" style=\"margin-bottom:0;padding-top:var(--wp--preset--spacing--tb-padding);padding-bottom:var(--wp--preset--spacing--tb-padding)\">\n<div class=\"wp-block-columns alignwide mobile-reverse is-layout-flex wp-container-core-columns-is-layout-7a02faa9 wp-block-columns-is-layout-flex\" style=\"margin-bottom:var(--wp--preset--spacing--tb-section-padding)\">\n<div class=\"wp-block-column is-vertically-aligned-center is-layout-flow wp-block-column-is-layout-flow\">\n<h3 class=\"wp-block-heading\" style=\"margin-bottom:var(--wp--preset--spacing--h-3-bottom)\"><strong>Maximera styrka och kraft<\/strong><\/h3>\n\n\n\n<p><strong><em><strong>Tunga lyft<\/strong><\/em><\/strong><\/p>\n\n\n\n<p style=\"margin-bottom:var(--wp--preset--spacing--tb-section-padding)\"><strong>Evolve Prime Series Plate-Loaded Squat Rack<\/strong> \u00e4r en viktig del av utrustningen f\u00f6r seri\u00f6s styrketr\u00e4ning. Det \u00e4r utformat f\u00f6r plattbelastat motst\u00e5nd och erbjuder en robust och stabil plattform f\u00f6r att utf\u00f6ra kn\u00e4b\u00f6j, utfall och olika \u00f6vningar f\u00f6r underkroppen. Med sin h\u00e5llbara konstruktion och ergonomiska design hj\u00e4lper detta squat rack anv\u00e4ndare att bygga explosiv kraft, \u00f6ka muskelmassan och f\u00f6rb\u00e4ttra den \u00f6vergripande atletiska prestationen.  <\/p>\n\n\n\n<h3 class=\"wp-block-heading\" style=\"margin-bottom:var(--wp--preset--spacing--h-3-bottom)\"><strong>Rikta in sig p\u00e5 viktiga muskelgrupper<\/strong><\/h3>\n\n\n\n<p><strong><em><strong>f\u00f6r total utveckling av nedre delen av kroppen<\/strong><\/em><\/strong><\/p>\n\n\n\n<p>Kn\u00e4b\u00f6j och andra \u00f6vningar som utf\u00f6rs p\u00e5 detta stativ riktar sig fr\u00e4mst mot <strong>quadriceps, hamstrings, s\u00e4tesmuskler och vader,<\/strong> vilket g\u00f6r det till ett grundl\u00e4ggande verktyg f\u00f6r styrkeutveckling i underkroppen. Dessutom engagerar kn\u00e4b\u00f6j <g id=\"gid_1\">k\u00e4rnmusklerna<\/g>, inklusive buken och nedre delen av ryggen, f\u00f6r att f\u00f6rb\u00e4ttra stabilitet och balans. Genom att justera din h\u00e5llning eller anv\u00e4nda olika variationer, t.ex. front squats eller lunges, kan du fokusera p\u00e5 specifika muskelgrupper och utveckla en v\u00e4lbalanserad fysik.  <\/p>\n<\/div>\n\n\n\n<div class=\"wp-block-column is-vertically-aligned-center is-layout-flow wp-block-column-is-layout-flow\">\n<figure class=\"wp-block-image size-full is-resized is-style-rounded\"><img loading=\"lazy\" decoding=\"async\" width=\"608\" height=\"603\" src=\"https:\/\/store.evolve-fitness.eu\/wp-content\/uploads\/2024\/01\/EV-PL-EC-031.png\" alt=\"\" class=\"wp-image-127854\" style=\"aspect-ratio:1.1333333333333333;object-fit:cover;width:661px;height:auto\" srcset=\"https:\/\/store.evolve-fitness.eu\/wp-content\/uploads\/2024\/01\/EV-PL-EC-031.png 608w, https:\/\/store.evolve-fitness.eu\/wp-content\/uploads\/2024\/01\/EV-PL-EC-031-300x298.png 300w, https:\/\/store.evolve-fitness.eu\/wp-content\/uploads\/2024\/01\/EV-PL-EC-031-150x150.png 150w, https:\/\/store.evolve-fitness.eu\/wp-content\/uploads\/2024\/01\/EV-PL-EC-031-600x595.png 600w, https:\/\/store.evolve-fitness.eu\/wp-content\/uploads\/2024\/01\/EV-PL-EC-031-100x100.png 100w\" sizes=\"auto, (max-width: 608px) 100vw, 608px\" \/><\/figure>\n<\/div>\n<\/div>\n\n\n\n<div class=\"wp-block-columns alignwide mobile-reverse is-layout-flex wp-container-core-columns-is-layout-7a02faa9 wp-block-columns-is-layout-flex\" style=\"margin-bottom:var(--wp--preset--spacing--tb-section-padding)\"><\/div>\n<\/section>\n<\/section>\n","protected":false},"excerpt":{"rendered":"<p>F\u00f6rh\u00f6j ditt gym med Evolve Prime Series Plate Loaded Squat Rack EV-PL-EC-031. Detta squat-rack \u00e4r utformat f\u00f6r kommersiella milj\u00f6er och kombinerar h\u00e5llbarhet och s\u00e4kerhet. Dess robusta st\u00e5lram och s\u00e4kerhetsfunktioner, inklusive integrerade s\u00e4kerhetsstopp och mjuka PVC-belagda f\u00f6tter, garanterar s\u00e4kra solotr\u00e4ningspass. Med fem justerbara positioner \u00e4r det m\u00e5ngsidigt f\u00f6r olika \u00f6vningar, och det \u00e4r kompatibelt med justerbara b\u00e4nkar. Du kan till och med anpassa f\u00e4rgen s\u00e5 att den matchar ditt gyms varum\u00e4rke. Detta rack erbjuder bekv\u00e4mlighet med sex f\u00f6rvaringspinnar f\u00f6r viktplattor och 20 f\u00e4stpunkter f\u00f6r st\u00e5ngen. Uppgradera din styrketr\u00e4ning med Evolve Prime Series Squat Rack.      <\/p>\n","protected":false},"featured_media":140437,"template":"","meta":{"_acf_changed":false,"inline_featured_image":false},"product_cat":[773,1182],"product_tag":[],"class_list":{"0":"post-37570","1":"product","2":"type-product","3":"status-publish","4":"has-post-thumbnail","6":"product_cat-platbelastade-maskiner","7":"product_cat-econ-serien-plattan-ar-laddad","9":"first","10":"instock","11":"shipping-taxable","12":"purchasable","13":"product-type-simple"},"acf":[],"_links":{"self":[{"href":"https:\/\/store.evolve-fitness.eu\/sv\/wp-json\/wp\/v2\/product\/37570","targetHints":{"allow":["GET"]}}],"collection":[{"href":"https:\/\/store.evolve-fitness.eu\/sv\/wp-json\/wp\/v2\/product"}],"about":[{"href":"https:\/\/store.evolve-fitness.eu\/sv\/wp-json\/wp\/v2\/types\/product"}],"wp:featuredmedia":[{"embeddable":true,"href":"https:\/\/store.evolve-fitness.eu\/sv\/wp-json\/wp\/v2\/media\/140437"}],"wp:attachment":[{"href":"https:\/\/store.evolve-fitness.eu\/sv\/wp-json\/wp\/v2\/media?parent=37570"}],"wp:term":[{"taxonomy":"product_cat","embeddable":true,"href":"https:\/\/store.evolve-fitness.eu\/sv\/wp-json\/wp\/v2\/product_cat?post=37570"},{"taxonomy":"product_tag","embeddable":true,"href":"https:\/\/store.evolve-fitness.eu\/sv\/wp-json\/wp\/v2\/product_tag?post=37570"}],"curies":[{"name":"wp","href":"https:\/\/api.w.org\/{rel}","templated":true}]}}