{"id":37294,"date":"2024-01-09T13:04:28","date_gmt":"2024-01-09T13:04:28","guid":{"rendered":"https:\/\/store.evolve-fitness.eu\/product\/evolve-prime-series-plattbelastat-power-rack\/"},"modified":"2024-05-27T12:22:48","modified_gmt":"2024-05-27T12:22:48","slug":"evolve-prime-series-plattbelastat-power-rack","status":"publish","type":"product","link":"https:\/\/store.evolve-fitness.eu\/sv\/produkt\/evolve-prime-series-plattbelastat-power-rack\/","title":{"rendered":"Evolve Prime Series med plattbelastat kraftst\u00e4ll"},"content":{"rendered":"\n<p> <\/p>\n","protected":false},"excerpt":{"rendered":"<p>Evolve Prime Series Plate Loaded Power Rack PR-202 \u00e4r ett robust och m\u00e5ngsidigt tillskott till ditt gym. Detta power rack \u00e4r utformat f\u00f6r maximal styrketr\u00e4ning och erbjuder en s\u00e4ker och anpassningsbar tr\u00e4ningsmilj\u00f6. Med plattbelastad funktionalitet ger den flexibilitet att justera motst\u00e5ndsniv\u00e5er enligt individuella preferenser. Den slitstarka konstruktionen garanterar l\u00e5ngvarig prestanda, och PR-202 \u00e4r utrustad med olika tillbeh\u00f6r f\u00f6r en omfattande styrketr\u00e4ningsupplevelse. F\u00f6rb\u00e4ttra dina tr\u00e4ningspass och uppn\u00e5 dina fitnessm\u00e5l med Evolve Prime Series Plate Loaded Power Rack PR-202.<\/p>\n","protected":false},"featured_media":37301,"template":"","meta":{"_acf_changed":false,"inline_featured_image":false},"product_cat":[],"product_tag":[],"class_list":{"0":"post-37294","1":"product","2":"type-product","3":"status-publish","4":"has-post-thumbnail","7":"first","8":"instock","9":"shipping-taxable","10":"purchasable","11":"product-type-simple"},"acf":[],"_links":{"self":[{"href":"https:\/\/store.evolve-fitness.eu\/sv\/wp-json\/wp\/v2\/product\/37294","targetHints":{"allow":["GET"]}}],"collection":[{"href":"https:\/\/store.evolve-fitness.eu\/sv\/wp-json\/wp\/v2\/product"}],"about":[{"href":"https:\/\/store.evolve-fitness.eu\/sv\/wp-json\/wp\/v2\/types\/product"}],"wp:featuredmedia":[{"embeddable":true,"href":"https:\/\/store.evolve-fitness.eu\/sv\/wp-json\/wp\/v2\/media\/37301"}],"wp:attachment":[{"href":"https:\/\/store.evolve-fitness.eu\/sv\/wp-json\/wp\/v2\/media?parent=37294"}],"wp:term":[{"taxonomy":"product_cat","embeddable":true,"href":"https:\/\/store.evolve-fitness.eu\/sv\/wp-json\/wp\/v2\/product_cat?post=37294"},{"taxonomy":"product_tag","embeddable":true,"href":"https:\/\/store.evolve-fitness.eu\/sv\/wp-json\/wp\/v2\/product_tag?post=37294"}],"curies":[{"name":"wp","href":"https:\/\/api.w.org\/{rel}","templated":true}]}}