{"id":36933,"date":"2024-01-09T11:43:00","date_gmt":"2024-01-09T11:43:00","guid":{"rendered":"https:\/\/store.evolve-fitness.eu\/product\/evolve-econ-series-plattbelastad-sittande-hojning-av-vaderna\/"},"modified":"2024-12-06T12:23:03","modified_gmt":"2024-12-06T12:23:03","slug":"evolve-econ-series-plattbelastad-sittande-hojning-av-vaderna","status":"publish","type":"product","link":"https:\/\/store.evolve-fitness.eu\/sv\/produkt\/evolve-econ-series-plattbelastad-sittande-hojning-av-vaderna\/","title":{"rendered":"Evolve Econ Series plattbelastad sittande vadlyft, EC-011"},"content":{"rendered":"\n<p><\/p>\n\n<section class=\"wp-block-group alignfull black-content has-white-color has-darkgray-background-color has-text-color has-background is-layout-constrained wp-block-group-is-layout-constrained\" style=\"padding-top:var(--wp--preset--spacing--section-bottom);padding-bottom:var(--wp--preset--spacing--section-bottom)\">\n<h3 class=\"wp-block-heading has-text-align-center\" style=\"padding-top:var(--wp--preset--spacing--section-title-bottom);padding-bottom:var(--wp--preset--spacing--section-title-bottom)\"><strong><strong><strong><strong>UPPT\u00c4CK PRISV\u00c4RD KVALITET MED EVOLVE ECON-SERIEN SOM \u00c4R LADDAD MED PLATTOR<\/strong><\/strong><\/strong><\/strong><\/h3>\n\n\n\n<p>Evolve Plate Loaded Econ Series \u00e4r ditt f\u00f6rstahandsval f\u00f6r budgetv\u00e4nlig men \u00e4nd\u00e5 h\u00f6gkvalitativ styrketr\u00e4ningsutrustning. Med Econ-serien ger vi dig de b\u00e4sta ekonomiska alternativen utan att kompromissa med prestandan. H\u00e4r \u00e4r vad som skiljer den h\u00e4r linjen fr\u00e5n andra:<\/p>\n\n\n\n<section class=\"wp-block-group alignfull black-content has-white-color has-darkgray-background-color has-text-color has-background is-layout-constrained wp-block-group-is-layout-constrained\" style=\"margin-bottom:0;padding-top:var(--wp--preset--spacing--tb-padding);padding-bottom:var(--wp--preset--spacing--tb-padding)\">\n<div class=\"wp-block-columns alignwide mobile-reverse is-layout-flex wp-container-core-columns-is-layout-7a02faa9 wp-block-columns-is-layout-flex\" style=\"margin-bottom:var(--wp--preset--spacing--tb-section-padding)\">\n<div class=\"wp-block-column is-vertically-aligned-center is-layout-flow wp-block-column-is-layout-flow\">\n<h3 class=\"wp-block-heading\" style=\"margin-bottom:var(--wp--preset--spacing--h-3-bottom)\"><strong><strong><strong><strong><strong><strong>ROBUST STORDATOR<\/strong><\/strong><\/strong><\/strong><\/strong><\/strong><\/h3>\n\n\n\n<p><strong><em>Kraftiga 50 x 100 mm platta ovala r\u00f6r<\/em><\/strong><\/p>\n\n\n\n<p>Evolve Plate Loaded Econ Series \u00e4r ditt f\u00f6rstahandsval f\u00f6r budgetv\u00e4nlig men \u00e4nd\u00e5 h\u00f6gkvalitativ styrketr\u00e4ningsutrustning. Med Econ-serien ger vi dig de b\u00e4sta ekonomiska alternativen utan att kompromissa med prestandan. H\u00e4r \u00e4r vad som skiljer den h\u00e4r linjen fr\u00e5n andra:<\/p>\n\n\n\n<p><\/p>\n\n\n\n<p><\/p>\n\n\n\n<h3 class=\"wp-block-heading\" style=\"margin-bottom:var(--wp--preset--spacing--h-3-bottom)\"><strong><strong><strong><strong>H\u00c5LL DITT UTRYMME ORGANISERAT<\/strong><\/strong><\/strong><\/strong><\/h3>\n\n\n\n<p><strong><em><strong>Pinnar f\u00f6r f\u00f6rvaring av viktskivor<\/strong><\/em><\/strong><\/p>\n\n\n\n<p>H\u00e5ll ordning och maximera utrymmeseffektiviteten med <strong>Pegs f\u00f6r f\u00f6rvaring av viktskivor<\/strong>. H\u00e5ll dina tallrikar inom r\u00e4ckh\u00e5ll och skapa en st\u00f6kfri tr\u00e4ningsmilj\u00f6.<\/p>\n<\/div>\n\n\n\n<div class=\"wp-block-column is-vertically-aligned-center is-layout-flow wp-block-column-is-layout-flow\">\n<figure class=\"wp-block-image size-full is-resized is-style-rounded\"><img loading=\"lazy\" decoding=\"async\" width=\"810\" height=\"810\" src=\"https:\/\/store.evolve-fitness.eu\/wp-content\/uploads\/2024\/05\/Dizainas-be-pavadinimo-21.png\" alt=\"\" class=\"wp-image-65575\" style=\"aspect-ratio:1.1333333333333333;object-fit:cover;width:1134px;height:auto\" srcset=\"https:\/\/store.evolve-fitness.eu\/wp-content\/uploads\/2024\/05\/Dizainas-be-pavadinimo-21.png 810w, https:\/\/store.evolve-fitness.eu\/wp-content\/uploads\/2024\/05\/Dizainas-be-pavadinimo-21-300x300.png 300w, https:\/\/store.evolve-fitness.eu\/wp-content\/uploads\/2024\/05\/Dizainas-be-pavadinimo-21-150x150.png 150w, https:\/\/store.evolve-fitness.eu\/wp-content\/uploads\/2024\/05\/Dizainas-be-pavadinimo-21-768x768.png 768w, https:\/\/store.evolve-fitness.eu\/wp-content\/uploads\/2024\/05\/Dizainas-be-pavadinimo-21-600x600.png 600w, https:\/\/store.evolve-fitness.eu\/wp-content\/uploads\/2024\/05\/Dizainas-be-pavadinimo-21-100x100.png 100w\" sizes=\"auto, (max-width: 810px) 100vw, 810px\" \/><\/figure>\n<\/div>\n<\/div>\n\n\n\n<div class=\"wp-block-columns alignwide mobile-reverse is-layout-flex wp-container-core-columns-is-layout-7a02faa9 wp-block-columns-is-layout-flex\" style=\"margin-bottom:var(--wp--preset--spacing--tb-section-padding)\">\n<div class=\"wp-block-column is-vertically-aligned-center is-layout-flow wp-block-column-is-layout-flow\">\n<figure class=\"wp-block-image alignleft size-full is-resized is-style-rounded\"><img loading=\"lazy\" decoding=\"async\" width=\"810\" height=\"810\" src=\"https:\/\/store.evolve-fitness.eu\/wp-content\/uploads\/2024\/05\/Dizainas-be-pavadinimo-23.png\" alt=\"\" class=\"wp-image-65600\" style=\"aspect-ratio:1.1333333333333333;object-fit:cover;width:835px;height:auto\" srcset=\"https:\/\/store.evolve-fitness.eu\/wp-content\/uploads\/2024\/05\/Dizainas-be-pavadinimo-23.png 810w, https:\/\/store.evolve-fitness.eu\/wp-content\/uploads\/2024\/05\/Dizainas-be-pavadinimo-23-300x300.png 300w, https:\/\/store.evolve-fitness.eu\/wp-content\/uploads\/2024\/05\/Dizainas-be-pavadinimo-23-150x150.png 150w, https:\/\/store.evolve-fitness.eu\/wp-content\/uploads\/2024\/05\/Dizainas-be-pavadinimo-23-768x768.png 768w, https:\/\/store.evolve-fitness.eu\/wp-content\/uploads\/2024\/05\/Dizainas-be-pavadinimo-23-600x600.png 600w, https:\/\/store.evolve-fitness.eu\/wp-content\/uploads\/2024\/05\/Dizainas-be-pavadinimo-23-100x100.png 100w\" sizes=\"auto, (max-width: 810px) 100vw, 810px\" \/><\/figure>\n<\/div>\n\n\n\n<div class=\"wp-block-column is-vertically-aligned-center is-layout-flow wp-block-column-is-layout-flow\">\n<h3 class=\"wp-block-heading\" style=\"margin-bottom:var(--wp--preset--spacing--h-3-bottom)\"><strong><strong><br\/><strong><strong><strong><strong>JUSTERBAR SITTPLATS<\/strong><\/strong><\/strong><\/strong><\/strong><\/strong><\/h3>\n\n\n\n<p><strong><em><strong>Enkel anpassning i livfullt gult<\/strong><\/em><\/strong><\/p>\n\n\n\n<p>V\u00e5ra maskiner har en <strong>justerbar sittposition<\/strong> med justeringsrattar och handtag i ljust, l\u00e4tt\u00f6versk\u00e5dligt gult. Den anv\u00e4ndarv\u00e4nliga designen g\u00f6r det enkelt att anpassa tr\u00e4ningen s\u00e5 att den passar dina \u00f6nskem\u00e5l.<\/p>\n\n\n\n<p><\/p>\n\n\n\n<h3 class=\"wp-block-heading\" style=\"margin-bottom:var(--wp--preset--spacing--h-3-bottom)\"><strong><strong><strong><strong><strong><strong><strong>HALKFRIA HANDTAG<\/strong><\/strong><\/strong><\/strong><\/strong><\/strong><\/strong><\/h3>\n\n\n\n<p><strong><em><strong>S\u00e4kert grepp f\u00f6r s\u00e4kerhet<\/strong><\/em><\/strong><\/p>\n\n\n\n<p>S\u00e4kerheten \u00e4r av st\u00f6rsta vikt och v\u00e5ra <strong>halkfria handtag<\/strong> ger ett s\u00e4kert grepp och minskar risken f\u00f6r olyckor under tr\u00e4ningspassen. Fokusera p\u00e5 din tr\u00e4ning utan att beh\u00f6va oroa dig.<\/p>\n<\/div>\n<\/div>\n\n\n\n<div class=\"wp-block-columns alignwide mobile-reverse is-layout-flex wp-container-core-columns-is-layout-035fa626 wp-block-columns-is-layout-flex\" style=\"margin-bottom:var(--wp--preset--spacing--side-padding);padding-top:var(--wp--preset--spacing--tb-padding);padding-bottom:var(--wp--preset--spacing--tb-padding)\">\n<div class=\"wp-block-column is-vertically-aligned-center is-layout-flow wp-block-column-is-layout-flow\">\n<h3 class=\"wp-block-heading\" style=\"margin-bottom:var(--wp--preset--spacing--h-3-bottom)\"><strong><strong><strong><strong><strong><strong><strong><strong><strong><strong>L\u00c5NGVARIG PRESTANDA<\/strong><\/strong><\/strong><\/strong><\/strong><\/strong><\/strong><\/strong><\/strong><\/strong><\/h3>\n\n\n\n<p><strong><em><strong>Premiumkvalitet, kraftigt PU-l\u00e4der<\/strong><\/em><\/strong><\/p>\n\n\n\n<p>Underh\u00e5ll golvet i ditt gym p\u00e5 ett enkelt s\u00e4tt. Econ-serien \u00e4r utrustad med <strong>slitstarka golvskydd<\/strong> som skyddar mot skador och repor, \u00e4ven under intensiva tr\u00e4ningspass.<\/p>\n\n\n\n<h3 class=\"wp-block-heading\" style=\"margin-bottom:var(--wp--preset--spacing--h-3-bottom)\"><strong><strong><strong><strong><strong><strong><strong><strong><strong><strong><br\/><strong><strong><strong><strong>TJOCK STOPPNING<\/strong><\/strong><\/strong><\/strong><\/strong><\/strong><\/strong><\/strong><\/strong><\/strong><\/strong><\/strong><\/strong><\/strong><\/h3>\n\n\n\n<p><strong><em><strong>Komfort m\u00f6ter h\u00e5llbarhet<\/strong><\/em><\/strong><\/p>\n\n\n\n<p>Njut av b\u00e5de komfort och h\u00e5llbarhet med <strong>Thick Upholstery<\/strong>. Denna funktion f\u00f6rb\u00e4ttrar din tr\u00e4ningsupplevelse och g\u00f6r att du kan tr\u00e4na med tillf\u00f6rsikt.<\/p>\n<\/div>\n\n\n\n<div class=\"wp-block-column is-vertically-aligned-center is-layout-flow wp-block-column-is-layout-flow\">\n<figure class=\"wp-block-image size-full is-resized is-style-rounded\"><img loading=\"lazy\" decoding=\"async\" width=\"810\" height=\"810\" src=\"https:\/\/store.evolve-fitness.eu\/wp-content\/uploads\/2024\/05\/Dizainas-be-pavadinimo-21-1.png\" alt=\"\" class=\"wp-image-65625\" style=\"aspect-ratio:1.1333333333333333;object-fit:cover;width:1084px;height:auto\" srcset=\"https:\/\/store.evolve-fitness.eu\/wp-content\/uploads\/2024\/05\/Dizainas-be-pavadinimo-21-1.png 810w, https:\/\/store.evolve-fitness.eu\/wp-content\/uploads\/2024\/05\/Dizainas-be-pavadinimo-21-1-300x300.png 300w, https:\/\/store.evolve-fitness.eu\/wp-content\/uploads\/2024\/05\/Dizainas-be-pavadinimo-21-1-150x150.png 150w, https:\/\/store.evolve-fitness.eu\/wp-content\/uploads\/2024\/05\/Dizainas-be-pavadinimo-21-1-768x768.png 768w, https:\/\/store.evolve-fitness.eu\/wp-content\/uploads\/2024\/05\/Dizainas-be-pavadinimo-21-1-600x600.png 600w, https:\/\/store.evolve-fitness.eu\/wp-content\/uploads\/2024\/05\/Dizainas-be-pavadinimo-21-1-100x100.png 100w\" sizes=\"auto, (max-width: 810px) 100vw, 810px\" \/><\/figure>\n<\/div>\n<\/div>\n\n\n\n<div class=\"wp-block-columns alignwide mobile-reverse is-layout-flex wp-container-core-columns-is-layout-7a02faa9 wp-block-columns-is-layout-flex\" style=\"margin-bottom:var(--wp--preset--spacing--tb-section-padding)\">\n<div class=\"wp-block-column is-vertically-aligned-center is-layout-flow wp-block-column-is-layout-flow\">\n<figure class=\"wp-block-image alignleft size-full is-resized is-style-rounded\"><img loading=\"lazy\" decoding=\"async\" width=\"810\" height=\"810\" src=\"https:\/\/store.evolve-fitness.eu\/wp-content\/uploads\/2024\/05\/Dizainas-be-pavadinimo-22.png\" alt=\"\" class=\"wp-image-65650\" style=\"aspect-ratio:1.1333333333333333;object-fit:cover;width:872px;height:auto\" srcset=\"https:\/\/store.evolve-fitness.eu\/wp-content\/uploads\/2024\/05\/Dizainas-be-pavadinimo-22.png 810w, https:\/\/store.evolve-fitness.eu\/wp-content\/uploads\/2024\/05\/Dizainas-be-pavadinimo-22-300x300.png 300w, https:\/\/store.evolve-fitness.eu\/wp-content\/uploads\/2024\/05\/Dizainas-be-pavadinimo-22-150x150.png 150w, https:\/\/store.evolve-fitness.eu\/wp-content\/uploads\/2024\/05\/Dizainas-be-pavadinimo-22-768x768.png 768w, https:\/\/store.evolve-fitness.eu\/wp-content\/uploads\/2024\/05\/Dizainas-be-pavadinimo-22-600x600.png 600w, https:\/\/store.evolve-fitness.eu\/wp-content\/uploads\/2024\/05\/Dizainas-be-pavadinimo-22-100x100.png 100w\" sizes=\"auto, (max-width: 810px) 100vw, 810px\" \/><\/figure>\n<\/div>\n\n\n\n<div class=\"wp-block-column is-vertically-aligned-center is-layout-flow wp-block-column-is-layout-flow\">\n<h3 class=\"wp-block-heading\" style=\"margin-bottom:var(--wp--preset--spacing--h-3-bottom)\"><strong><strong><br\/><strong><strong><br\/><strong><strong><strong>H\u00c5LLBARA GOLVSKYDD<\/strong><\/strong><\/strong><\/strong><\/strong><\/strong><\/strong><\/h3>\n\n\n\n<p><strong><em><strong>Bevara golvet i ditt gym<\/strong><\/em><\/strong><\/p>\n\n\n\n<p>Underh\u00e5ll golvet i ditt gym p\u00e5 ett enkelt s\u00e4tt. Econ-serien \u00e4r utrustad med <strong>slitstarka golvskydd<\/strong> som skyddar mot skador och repor, \u00e4ven under intensiva tr\u00e4ningspass.<\/p>\n\n\n\n<h3 class=\"wp-block-heading\" style=\"margin-bottom:var(--wp--preset--spacing--h-3-bottom)\"><strong><strong><strong><strong><br\/><strong><strong><strong><strong><strong>H\u00c5LLBAR FINISH<\/strong><\/strong><\/strong><\/strong><\/strong><\/strong><\/strong><\/strong><\/strong><\/h3>\n\n\n\n<p><strong><em><strong>Elektrostatisk sprutningsteknik f\u00f6r h\u00e4rdplastpulver<\/strong><\/em><\/strong><\/p>\n\n\n\n<p>Upplev en h\u00e5llbar finish med v\u00e5r <strong>elektrostatiska sprutteknik f\u00f6r h\u00e4rdplaster<\/strong>. Denna avancerade bel\u00e4ggning s\u00e4kerst\u00e4ller att din utrustning beh\u00e5ller sitt estetiska utseende \u00f6ver tid.<\/p>\n<\/div>\n<\/div>\n<\/section>\n<\/section>\n","protected":false},"excerpt":{"rendered":"<p>Evolve Econ Series Plate Loaded Calf Raise \u00e4r en specialiserad maskin som \u00e4r utformad f\u00f6r effektiv tr\u00e4ning av vaderna. Med en kompakt design och anpassningsbart motst\u00e5nd \u00e4r den idealisk f\u00f6r hemmabruk och gym. Tr\u00e4na dina vadmuskler med precision med denna h\u00e5llbara och effektiva utrustning fr\u00e5n Evolve Econ Series. F\u00f6rb\u00e4ttra din underkroppstr\u00e4ning och f\u00e5 v\u00e4ldefinierade vader med denna p\u00e5litliga maskin.<\/p>\n","protected":false},"featured_media":36934,"template":"","meta":{"_acf_changed":false,"inline_featured_image":false},"product_cat":[550,773,1182],"product_tag":[],"class_list":{"0":"post-36933","1":"product","2":"type-product","3":"status-publish","4":"has-post-thumbnail","6":"product_cat-startsida","7":"product_cat-platbelastade-maskiner","8":"product_cat-econ-serien-plattan-ar-laddad","10":"first","11":"instock","12":"sale","13":"shipping-taxable","14":"purchasable","15":"product-type-simple"},"acf":[],"_links":{"self":[{"href":"https:\/\/store.evolve-fitness.eu\/sv\/wp-json\/wp\/v2\/product\/36933","targetHints":{"allow":["GET"]}}],"collection":[{"href":"https:\/\/store.evolve-fitness.eu\/sv\/wp-json\/wp\/v2\/product"}],"about":[{"href":"https:\/\/store.evolve-fitness.eu\/sv\/wp-json\/wp\/v2\/types\/product"}],"wp:featuredmedia":[{"embeddable":true,"href":"https:\/\/store.evolve-fitness.eu\/sv\/wp-json\/wp\/v2\/media\/36934"}],"wp:attachment":[{"href":"https:\/\/store.evolve-fitness.eu\/sv\/wp-json\/wp\/v2\/media?parent=36933"}],"wp:term":[{"taxonomy":"product_cat","embeddable":true,"href":"https:\/\/store.evolve-fitness.eu\/sv\/wp-json\/wp\/v2\/product_cat?post=36933"},{"taxonomy":"product_tag","embeddable":true,"href":"https:\/\/store.evolve-fitness.eu\/sv\/wp-json\/wp\/v2\/product_tag?post=36933"}],"curies":[{"name":"wp","href":"https:\/\/api.w.org\/{rel}","templated":true}]}}