{"id":35572,"date":"2024-01-05T05:33:10","date_gmt":"2024-01-05T05:33:10","guid":{"rendered":"https:\/\/store.evolve-fitness.eu\/product\/evolve-econ-series-selectoriserad-sidledshojare\/"},"modified":"2024-12-06T12:30:18","modified_gmt":"2024-12-06T12:30:18","slug":"evolve-econ-series-selectoriserad-sidledshojare","status":"publish","type":"product","link":"https:\/\/store.evolve-fitness.eu\/sv\/produkt\/evolve-econ-series-selectoriserad-sidledshojare\/","title":{"rendered":"Evolve Econ Series Selectoriserad sidledsh\u00f6jare"},"content":{"rendered":"\n<section class=\"wp-block-group alignfull black-content has-white-color has-darkgray-background-color has-text-color has-background is-layout-constrained wp-block-group-is-layout-constrained\" style=\"padding-top:var(--wp--preset--spacing--section-bottom);padding-bottom:var(--wp--preset--spacing--section-bottom)\">\n<div class=\"wp-block-columns alignwide mobile-reverse is-layout-flex wp-container-core-columns-is-layout-ca64bf2d wp-block-columns-is-layout-flex\" style=\"margin-bottom:var(--wp--preset--spacing--side-padding)\">\n<div class=\"wp-block-column is-vertically-aligned-center is-layout-flow wp-block-column-is-layout-flow\">\n<h3 class=\"wp-block-heading\" style=\"margin-bottom:var(--wp--preset--spacing--h-3-bottom)\">Utveckla Econ-serien<\/h3>\n\n\n\n<p><em><strong><em><strong>Prisv\u00e4rd spetskompetens<\/strong><\/em><\/strong><\/em><\/p>\n\n\n\n<p style=\"margin-bottom:var(--wp--preset--spacing--tb-section-padding)\">V\u00e4lkommen till Evolve Econ Series, d\u00e4r vi omdefinierar kvalitet utan att g\u00f6ra avkall p\u00e5 pengarna. V\u00e5r Econ-serie \u00e4r utformad f\u00f6r gym\u00e4gare, potentiella gym\u00e4gare och fitnessanl\u00e4ggningar i alla storlekar och erbjuder en rad kostnadseffektiva selectorized-maskiner som prioriterar kvalitet och prestanda. L\u00e5t oss utforska de unika egenskaper som g\u00f6r Econ-serien till ett exceptionellt val f\u00f6r dem som s\u00f6ker budgetv\u00e4nlig men \u00e4nd\u00e5 h\u00f6gkvalitativ tr\u00e4ningsutrustning.<\/p>\n\n\n\n<h3 class=\"wp-block-heading\" style=\"margin-bottom:var(--wp--preset--spacing--h-3-bottom)\">H\u00e5llbarhet och skydd<\/h3>\n\n\n\n<p><strong><em><strong><em>F\u00f6rdelen med pulverlackerade ramar<\/em><\/strong><\/em><\/strong><\/p>\n\n\n\n<p>Uppt\u00e4ck h\u00e5llbarheten hos v\u00e5r utrustning med f\u00f6rdelen av pulverlackerade ramar. Dessa ramar \u00e4r sp\u00e5n- och rostfria och skr\u00e4ddarsydda f\u00f6r l\u00e5ng livsl\u00e4ngd, s\u00e5 att din investering st\u00e5r sig \u00f6ver tid. F\u00f6r gym\u00e4gare och budgetmedvetna fitnessanl\u00e4ggningar \u00e4r denna funktion avg\u00f6rande f\u00f6r att tillhandah\u00e5lla utrustning som h\u00e5ller l\u00e4nge utan att spr\u00e4cka budgeten.<\/p>\n<\/div>\n\n\n\n<div class=\"wp-block-column is-vertically-aligned-center is-layout-flow wp-block-column-is-layout-flow\">\n<figure class=\"wp-block-image alignright size-full is-resized is-style-rounded\"><img loading=\"lazy\" decoding=\"async\" width=\"680\" height=\"600\" src=\"https:\/\/store.evolve-fitness.eu\/wp-content\/uploads\/2024\/05\/Evolve-Selectorized-EC-034.png\" alt=\"\" class=\"wp-image-68390\" style=\"object-fit:cover;width:886px;height:auto\" srcset=\"https:\/\/store.evolve-fitness.eu\/wp-content\/uploads\/2024\/05\/Evolve-Selectorized-EC-034.png 680w, https:\/\/store.evolve-fitness.eu\/wp-content\/uploads\/2024\/05\/Evolve-Selectorized-EC-034-300x265.png 300w, https:\/\/store.evolve-fitness.eu\/wp-content\/uploads\/2024\/05\/Evolve-Selectorized-EC-034-600x529.png 600w\" sizes=\"auto, (max-width: 680px) 100vw, 680px\" \/><\/figure>\n<\/div>\n<\/div>\n\n\n\n<div class=\"wp-block-columns alignwide is-layout-flex wp-container-core-columns-is-layout-c45ee707 wp-block-columns-is-layout-flex\" style=\"margin-bottom:var(--wp--preset--spacing--side-padding);padding-top:var(--wp--preset--spacing--side-padding)\">\n<div class=\"wp-block-column is-vertically-aligned-center is-layout-flow wp-block-column-is-layout-flow\">\n<figure class=\"wp-block-image size-full is-resized is-style-rounded\"><img loading=\"lazy\" decoding=\"async\" width=\"680\" height=\"600\" src=\"https:\/\/store.evolve-fitness.eu\/wp-content\/uploads\/2024\/05\/Evolve-Selectorized-EC-034-1.png\" alt=\"\" class=\"wp-image-68396\" style=\"aspect-ratio:1;object-fit:cover;width:882px;height:auto\" srcset=\"https:\/\/store.evolve-fitness.eu\/wp-content\/uploads\/2024\/05\/Evolve-Selectorized-EC-034-1.png 680w, https:\/\/store.evolve-fitness.eu\/wp-content\/uploads\/2024\/05\/Evolve-Selectorized-EC-034-1-300x265.png 300w, https:\/\/store.evolve-fitness.eu\/wp-content\/uploads\/2024\/05\/Evolve-Selectorized-EC-034-1-600x529.png 600w\" sizes=\"auto, (max-width: 680px) 100vw, 680px\" \/><\/figure>\n<\/div>\n\n\n\n<div class=\"wp-block-column is-vertically-aligned-center is-layout-flow wp-block-column-is-layout-flow\">\n<h3 class=\"wp-block-heading\" style=\"margin-bottom:var(--wp--preset--spacing--h-3-bottom)\">S\u00e4kerhet m\u00f6ter stil<\/h3>\n\n\n\n<p><strong><em><strong><em>Inkapslade viktstaplar<\/em><\/strong><\/em><\/strong><\/p>\n\n\n\n<p style=\"margin-bottom:var(--wp--preset--spacing--tb-section-padding)\">Econ-serien introducerar en kombination av s\u00e4kerhet och stil med kapslade viktmagasin. Ogenomskinliga plast\u00f6verdrag prioriterar tr\u00e4ningss\u00e4kerhet samtidigt som de ger en elegant touch till din tr\u00e4ningslokal. Oavsett om du \u00e4r gym\u00e4gare eller fitnessentusiast kommer du att uppskatta det visuella intrycket och den s\u00e4kerhet som dessa h\u00f6ljen ger ditt gym.<\/p>\n\n\n\n<h3 class=\"wp-block-heading\" style=\"margin-bottom:var(--wp--preset--spacing--h-3-bottom)\">Bevara ditt utrymme<\/h3>\n\n\n\n<p><strong><em><strong><em>Gummikuddar f\u00f6r golvskydd<\/em><\/strong><\/em><\/strong><\/p>\n\n\n\n<p>Uppr\u00e4tth\u00e5ll en ren och skadefri tr\u00e4ningsmilj\u00f6 med Rubber Pads. Gym\u00e4gare f\u00f6rst\u00e5r vikten av att bevara sina gymgolv. V\u00e5ra gummibelagda ben skyddar golvet mot repor och potentiella skador, vilket g\u00f6r Econ-serien till ett kostnadseffektivt val f\u00f6r gym\u00e4gare som vill skydda sitt utrymme.<\/p>\n<\/div>\n<\/div>\n\n\n\n<div class=\"wp-block-columns alignwide are-vertically-aligned-center mobile-reverse is-layout-flex wp-container-core-columns-is-layout-e8158c2f wp-block-columns-is-layout-flex\" style=\"padding-top:var(--wp--preset--spacing--side-padding)\">\n<div class=\"wp-block-column is-vertically-aligned-center is-layout-flow wp-block-column-is-layout-flow\">\n<h3 class=\"wp-block-heading\" style=\"margin-bottom:var(--wp--preset--spacing--h-3-bottom)\">Smart bekv\u00e4mlighet<\/h3>\n\n\n\n<p><strong><em>Inbyggd f\u00f6rvaring f\u00f6r moderna tr\u00e4ningspass<\/em><\/strong><\/p>\n\n\n\n<p style=\"margin-bottom:var(--wp--preset--spacing--tb-section-padding)\">I dagens tr\u00e4ningslandskap \u00e4r bekv\u00e4mlighet viktigt. V\u00e5r inbyggda f\u00f6rvaring g\u00f6r att gym\u00e4gare och fitnessentusiaster kan h\u00e5lla vattenflaskor, mobiltelefoner och andra tillbeh\u00f6r inom r\u00e4ckh\u00e5ll. Det \u00e4r en liten men effektfull funktion som \u00e4r utformad f\u00f6r att tillgodose dina kunders moderna tr\u00e4ningsbehov.<\/p>\n\n\n\n<h3 class=\"wp-block-heading\" style=\"margin-bottom:var(--wp--preset--spacing--h-3-bottom)\">F\u00f6rtroende och stabilitet<\/h3>\n\n\n\n<p><strong><em>Halkfria handtag f\u00f6r s\u00e4ker tr\u00e4ning<\/em><\/strong><\/p>\n\n\n\n<p>Prioritera tr\u00e4ningss\u00e4kerhet och stabilitet med halkfria handtag. Gym\u00e4gare och chefer f\u00f6r tr\u00e4ningsanl\u00e4ggningar f\u00f6rst\u00e5r vikten av utrustning som inger f\u00f6rtroende. V\u00e5ra handtag \u00e4r t\u00e4ckta med halkfritt material, vilket ger anv\u00e4ndarna den s\u00e4kerhet de beh\u00f6ver under sina tr\u00e4ningspass.<\/p>\n<\/div>\n\n\n\n<div class=\"wp-block-column is-vertically-aligned-center is-layout-flow wp-block-column-is-layout-flow\">\n<figure class=\"wp-block-image alignright size-full is-resized is-style-rounded\"><img loading=\"lazy\" decoding=\"async\" width=\"680\" height=\"600\" src=\"https:\/\/store.evolve-fitness.eu\/wp-content\/uploads\/2024\/05\/Evolve-Selectorized-EC-034-2.png\" alt=\"\" class=\"wp-image-68420\" style=\"aspect-ratio:1;width:899px;height:auto\" srcset=\"https:\/\/store.evolve-fitness.eu\/wp-content\/uploads\/2024\/05\/Evolve-Selectorized-EC-034-2.png 680w, https:\/\/store.evolve-fitness.eu\/wp-content\/uploads\/2024\/05\/Evolve-Selectorized-EC-034-2-300x265.png 300w, https:\/\/store.evolve-fitness.eu\/wp-content\/uploads\/2024\/05\/Evolve-Selectorized-EC-034-2-600x529.png 600w\" sizes=\"auto, (max-width: 680px) 100vw, 680px\" \/><\/figure>\n<\/div>\n<\/div>\n\n\n\n<div class=\"wp-block-columns alignwide are-vertically-aligned-center mobile-reverse is-layout-flex wp-container-core-columns-is-layout-e8158c2f wp-block-columns-is-layout-flex\" style=\"padding-top:var(--wp--preset--spacing--side-padding)\">\n<div class=\"wp-block-column is-vertically-aligned-center is-layout-flow wp-block-column-is-layout-flow\">\n<figure class=\"wp-block-image alignright size-full is-resized is-style-rounded\"><img loading=\"lazy\" decoding=\"async\" width=\"680\" height=\"600\" src=\"https:\/\/store.evolve-fitness.eu\/wp-content\/uploads\/2024\/05\/Evolve-Selectorized-EC-034-3.png\" alt=\"\" class=\"wp-image-68448\" style=\"aspect-ratio:1;width:908px;height:auto\" srcset=\"https:\/\/store.evolve-fitness.eu\/wp-content\/uploads\/2024\/05\/Evolve-Selectorized-EC-034-3.png 680w, https:\/\/store.evolve-fitness.eu\/wp-content\/uploads\/2024\/05\/Evolve-Selectorized-EC-034-3-300x265.png 300w, https:\/\/store.evolve-fitness.eu\/wp-content\/uploads\/2024\/05\/Evolve-Selectorized-EC-034-3-600x529.png 600w\" sizes=\"auto, (max-width: 680px) 100vw, 680px\" \/><\/figure>\n<\/div>\n\n\n\n<div class=\"wp-block-column is-vertically-aligned-center is-layout-flow wp-block-column-is-layout-flow\">\n<h3 class=\"wp-block-heading\" style=\"margin-bottom:var(--wp--preset--spacing--h-3-bottom)\">Varaktig komfort<\/h3>\n\n\n\n<p><strong><em><strong><em>Kraftig kl\u00e4dsel f\u00f6r fitnessentusiaster<\/em><\/strong><\/em><\/strong><\/p>\n\n\n\n<p style=\"margin-bottom:var(--wp--preset--spacing--tb-section-padding)\">Upplev varaktig komfort med v\u00e5r kraftiga kl\u00e4dsel. Den \u00e4r bekv\u00e4m och elastisk och anpassar sig efter anv\u00e4ndarens kroppsform, s\u00e5 att varje tr\u00e4ningspass inte bara blir kostnadseffektivt utan ocks\u00e5 bekv\u00e4mt. Gym\u00e4gare kan erbjuda sina kunder en bekv\u00e4m tr\u00e4ningsupplevelse som f\u00e5r dem att komma tillbaka.<\/p>\n\n\n\n<h3 class=\"wp-block-heading\" style=\"margin-bottom:var(--wp--preset--spacing--h-3-bottom)\">M\u00e5ngsidiga alternativ<\/h3>\n\n\n\n<p><strong><em><strong><em>Konvergerande axelvapen och unilateral r\u00f6relse <\/em><\/strong><em>(Tillg\u00e4nglig p\u00e5 vissa maskiner)<\/em><\/em><\/strong><\/p>\n\n\n\n<p>Upplev varaktig komfort med v\u00e5r kraftiga kl\u00e4dsel. Den \u00e4r bekv\u00e4m och elastisk och anpassar sig efter anv\u00e4ndarens kroppsform, s\u00e5 att varje tr\u00e4ningspass inte bara blir kostnadseffektivt utan ocks\u00e5 bekv\u00e4mt. Gym\u00e4gare kan erbjuda sina kunder en bekv\u00e4m tr\u00e4ningsupplevelse som f\u00e5r dem att komma tillbaka.<\/p>\n<\/div>\n<\/div>\n<\/section>\n","protected":false},"excerpt":{"rendered":"<p>Optimera dina laterala h\u00f6jningstr\u00e4ningspass med Evolve Econ Series Lateral Raise-maskin. Ergonomisk design, halkfria handtag och justerbara funktioner ger s\u00e4ker och effektiv tr\u00e4ning. Justera enkelt motst\u00e5ndet med den inkapslade viktstapeln och magnetpinnen. H\u00e5llbar ram, korrosionsskydd och inbyggd f\u00f6rvaring g\u00f6r den till ett m\u00e5ngsidigt val f\u00f6r alla tr\u00e4ningsutrymmen.<\/p>\n","protected":false},"featured_media":34824,"template":"","meta":{"_acf_changed":false,"inline_featured_image":false},"product_cat":[550,1149,1150],"product_tag":[],"class_list":{"0":"post-35572","1":"product","2":"type-product","3":"status-publish","4":"has-post-thumbnail","6":"product_cat-startsida","7":"product_cat-selectoriserade-maskiner","8":"product_cat-econ-series-selectoriserade-maskiner","10":"first","11":"instock","12":"sale","13":"shipping-taxable","14":"purchasable","15":"product-type-simple"},"acf":[],"_links":{"self":[{"href":"https:\/\/store.evolve-fitness.eu\/sv\/wp-json\/wp\/v2\/product\/35572","targetHints":{"allow":["GET"]}}],"collection":[{"href":"https:\/\/store.evolve-fitness.eu\/sv\/wp-json\/wp\/v2\/product"}],"about":[{"href":"https:\/\/store.evolve-fitness.eu\/sv\/wp-json\/wp\/v2\/types\/product"}],"wp:featuredmedia":[{"embeddable":true,"href":"https:\/\/store.evolve-fitness.eu\/sv\/wp-json\/wp\/v2\/media\/34824"}],"wp:attachment":[{"href":"https:\/\/store.evolve-fitness.eu\/sv\/wp-json\/wp\/v2\/media?parent=35572"}],"wp:term":[{"taxonomy":"product_cat","embeddable":true,"href":"https:\/\/store.evolve-fitness.eu\/sv\/wp-json\/wp\/v2\/product_cat?post=35572"},{"taxonomy":"product_tag","embeddable":true,"href":"https:\/\/store.evolve-fitness.eu\/sv\/wp-json\/wp\/v2\/product_tag?post=35572"}],"curies":[{"name":"wp","href":"https:\/\/api.w.org\/{rel}","templated":true}]}}