{"id":34276,"date":"2024-01-03T14:50:41","date_gmt":"2024-01-03T14:50:41","guid":{"rendered":"https:\/\/store.evolve-fitness.eu\/product\/evolve-ultra-series-kommersiell-sittcykel\/"},"modified":"2026-03-04T11:59:58","modified_gmt":"2026-03-04T11:59:58","slug":"evolve-ultra-series-kommersiell-sittcykel","status":"publish","type":"product","link":"https:\/\/store.evolve-fitness.eu\/sv\/produkt\/evolve-ultra-series-kommersiell-sittcykel\/","title":{"rendered":"Evolve Ultra Series kommersiell sittcykel"},"content":{"rendered":"\n<section class=\"wp-block-group alignfull black-content has-white-color has-darkgray-background-color has-text-color has-background is-layout-constrained wp-block-group-is-layout-constrained\" style=\"padding-top:var(--wp--preset--spacing--section-bottom);padding-bottom:var(--wp--preset--spacing--section-bottom)\">\n<section class=\"wp-block-group alignfull black-content has-white-color has-darkgray-background-color has-text-color has-background is-layout-constrained wp-block-group-is-layout-constrained\" style=\"padding-top:var(--wp--preset--spacing--section-bottom);padding-bottom:var(--wp--preset--spacing--section-bottom)\">\n<div class=\"wp-block-columns alignwide is-layout-flex wp-container-core-columns-is-layout-c45ee707 wp-block-columns-is-layout-flex\" style=\"margin-bottom:var(--wp--preset--spacing--side-padding);padding-top:var(--wp--preset--spacing--side-padding)\">\n<div class=\"wp-block-column is-vertically-aligned-center is-layout-flow wp-block-column-is-layout-flow\">\n<h3 class=\"wp-block-heading\" style=\"margin-bottom:var(--wp--preset--spacing--h-3-bottom)\"><strong>Familjeutseende estetik  <\/strong><\/h3>\n\n\n\n<p><strong><em><strong><strong><strong>Prestanda i kommersiell konditionsutrustning<\/strong><\/strong><\/strong><\/em><\/strong><\/p>\n\n\n\n<p>Ultra-serien fr\u00e5n Evolve har en distinkt familj\u00e4r stil som \u00e4r skr\u00e4ddarsydd f\u00f6r den dynamiska milj\u00f6n i komplexa kommersiella gym. Med eleganta linjer, modern design och f\u00f6rstklassiga ytbehandlingar integreras varje del i Ultra-serien s\u00f6ml\u00f6st f\u00f6r att skapa en sammanh\u00e4ngande estetik i hela tr\u00e4ningsanl\u00e4ggningen. Oavsett om det handlar om l\u00f6pband, elliptiska maskiner eller station\u00e4ra cyklar utstr\u00e5lar varje maskin sofistikering och funktionalitet, vilket f\u00f6rh\u00f6jer atmosf\u00e4ren i gymmet. Fr\u00e5n de livfulla LED-displayerna till de ergonomiska handtagen och justerbara funktionerna f\u00f6r alla tr\u00e4ningsentusiaster.<\/p>\n<\/div>\n\n\n\n<div class=\"wp-block-column is-vertically-aligned-center is-layout-flow wp-block-column-is-layout-flow\">\n<figure class=\"wp-block-video\"><video autoplay=\"\" controls=\"\" loop=\"\" muted=\"\" src=\"https:\/\/evolve-fitness.eu\/wp-content\/uploads\/2024\/04\/Evolve-Ultra-Series-Family-Look.mp4\"><\/video><\/figure>\n<\/div>\n<\/div>\n\n\n\n<div class=\"wp-block-columns alignwide mobile-reverse is-layout-flex wp-container-core-columns-is-layout-ca64bf2d wp-block-columns-is-layout-flex\" style=\"margin-bottom:var(--wp--preset--spacing--side-padding)\">\n<div class=\"wp-block-column is-vertically-aligned-center is-layout-flow wp-block-column-is-layout-flow\">\n<figure class=\"wp-block-video\"><video height=\"2160\" style=\"aspect-ratio: 2160 \/ 2160;\" width=\"2160\" autoplay=\"\" controls=\"\" loop=\"\" muted=\"\" src=\"https:\/\/evolve-fitness.eu\/wp-content\/uploads\/2024\/04\/Final-Recumbent-bike-Web-HD.mp4\"><\/video><\/figure>\n<\/div>\n\n\n\n<div class=\"wp-block-column is-vertically-aligned-center is-layout-flow wp-block-column-is-layout-flow\">\n<h3 class=\"wp-block-heading\" style=\"margin-bottom:var(--wp--preset--spacing--h-3-bottom)\"><strong><strong><strong>Vi presenterar Evolve Ultra-serien <\/strong><\/strong><\/strong>cardio<\/h3>\n\n\n\n<p><strong><em>Stil och stabilitet  <\/em><\/strong><\/p>\n\n\n\n<p>Vi presenterar Evolve Ultra Series UL-156 Commercial Recumbent Bike, din biljett till en o\u00f6vertr\u00e4ffad kardioupplevelse. Denna tr\u00e4ningsutrustning \u00e4r utformad med precision och sofistikering och omdefinierar din tr\u00e4ningsrutin. Den sl\u00e5ende Sandy Black-ramen ger inte bara en touch av elegans till ditt gym utan visar ocks\u00e5 p\u00e5 dess \u00f6verl\u00e4gsna kvalitet och hantverkskunnande.<\/p>\n\n\n\n<p><em>Aktivera ljud i spelarkontrollerna f\u00f6r full upplevelse.<\/em><\/p>\n<\/div>\n<\/div>\n\n\n\n<div class=\"wp-block-columns alignwide mobile-reverse is-layout-flex wp-container-core-columns-is-layout-ca64bf2d wp-block-columns-is-layout-flex\" style=\"margin-bottom:var(--wp--preset--spacing--side-padding)\">\n<div class=\"wp-block-column is-vertically-aligned-center is-layout-flow wp-block-column-is-layout-flow\">\n<h3 class=\"wp-block-heading\" style=\"margin-bottom:var(--wp--preset--spacing--h-3-bottom)\"><strong>Liggcykel Evolve Ultra Series<\/strong><\/h3>\n\n\n\n<p><strong><em><strong><strong><strong><strong><strong>Den ultimata tr\u00e4ningsupplevelsen<\/strong><\/strong><\/strong><\/strong><\/strong><\/em><\/strong><\/p>\n\n\n\n<p>Evolve Ultra Series UL-156 Commercial Recumbent Bike erbjuder komfort och prestanda och f\u00f6rvandlar din tr\u00e4ningsrutin. N\u00e4r du s\u00e4tter dig till r\u00e4tta i den ergonomiska sitsen k\u00e4nns varje pedaltag enkelt och smidigt. Den justerbara sitsen och styret ger en personlig passform som passar anv\u00e4ndare i alla storlekar och kroppstyper. Med intuitiva kontroller och ett anv\u00e4ndarv\u00e4nligt gr\u00e4nssnitt \u00e4r det enkelt att navigera genom olika tr\u00e4ningsprogram och motst\u00e5ndsniv\u00e5er.<\/p>\n<\/div>\n\n\n\n<div class=\"wp-block-column is-vertically-aligned-center is-layout-flow wp-block-column-is-layout-flow\">\n<figure class=\"wp-block-video\"><video autoplay=\"\" controls=\"\" loop=\"\" muted=\"\" src=\"https:\/\/evolve-fitness.eu\/wp-content\/uploads\/2024\/04\/Evolve-Ultra-Series-Commercial-Recumbent-bike.mp4\"><\/video><\/figure>\n<\/div>\n<\/div>\n\n\n\n<div class=\"wp-block-columns alignwide mobile-reverse is-layout-flex wp-container-core-columns-is-layout-ca64bf2d wp-block-columns-is-layout-flex\" style=\"margin-bottom:var(--wp--preset--spacing--side-padding)\">\n<div class=\"wp-block-column is-vertically-aligned-center is-layout-flow wp-block-column-is-layout-flow\">\n<figure class=\"wp-block-image size-full is-resized\"><img decoding=\"async\" src=\"https:\/\/evolve-fitness.eu\/wp-content\/uploads\/2023\/11\/7.png\" alt=\"\" class=\"wp-image-7102\" style=\"object-fit:cover;width:680px;height:600px\"\/><\/figure>\n<\/div>\n\n\n\n<div class=\"wp-block-column is-vertically-aligned-center is-layout-flow wp-block-column-is-layout-flow\">\n<h3 class=\"wp-block-heading\" style=\"margin-bottom:var(--wp--preset--spacing--h-3-bottom)\"><strong>Prestanda och h\u00e5llbarhet<\/strong><\/h3>\n\n\n\n<p><strong><em><strong><strong><strong><strong><strong>F\u00f6r optimal prestanda<\/strong><\/strong><\/strong><\/strong><\/strong><\/em><\/strong><\/p>\n\n\n\n<p>UL-156 \u00e4r byggd f\u00f6r att h\u00e5lla l\u00e4nge och har en sittskena i aluminium som ger den h\u00e5llbarhet och stabilitet du beh\u00f6ver under dina tr\u00e4ningspass. Den avancerade EMS-systembromsen ger exakt motst\u00e5ndskontroll, medan sv\u00e4nghjulet p\u00e5 10 kg * 265 mm s\u00e4kerst\u00e4ller en smidig och effektiv trampr\u00f6relse. Tillbeh\u00f6ren \u00e4r svartlackerade och kompletterar ramen, vilket skapar en s\u00f6ml\u00f6s och elegant look. Med s\u00e4kra 9\/16&#8243;-pedaler och ett 400 mm PJ8-b\u00e4lte klarar denna cykel en maximal anv\u00e4ndarvikt p\u00e5 200 kg, vilket g\u00f6r den l\u00e4mplig f\u00f6r ett brett spektrum av konditionsniv\u00e5er.<\/p>\n<\/div>\n<\/div>\n\n\n\n<div class=\"wp-block-columns alignwide is-layout-flex wp-container-core-columns-is-layout-c45ee707 wp-block-columns-is-layout-flex\" style=\"margin-bottom:var(--wp--preset--spacing--side-padding);padding-top:var(--wp--preset--spacing--side-padding)\">\n<div class=\"wp-block-column is-vertically-aligned-center is-layout-flow wp-block-column-is-layout-flow\">\n<h3 class=\"wp-block-heading\" style=\"margin-bottom:var(--wp--preset--spacing--h-3-bottom)\"><strong>Teknik i framkant  <\/strong><\/h3>\n\n\n\n<p><strong><em><strong><strong><strong>TFT-konsol<\/strong><\/strong><\/strong><\/em><\/strong><\/p>\n\n\n\n<p>H\u00f6jdpunkten i UL-156 \u00e4r den toppmoderna 15,6&#8243; TFT-konsolen. Den h\u00f6guppl\u00f6sta sk\u00e4rmen visar inte bara viktiga tr\u00e4ningsdata utan har \u00e4ven underh\u00e5llnings- och anslutningsfunktioner. Anslut s\u00f6ml\u00f6st till popul\u00e4ra fitnessappar som Kinomap och Zwift via Bluetooth f\u00f6r en uppslukande tr\u00e4ningsupplevelse. Dessutom h\u00e5ller de inbyggda apparna, inklusive Google Chrome, Facebook, Netflix, Amazon Video, Amazon shopping, Spotify, YouTube, Twitter och Instagram, dig engagerad och underh\u00e5llen under hela tr\u00e4ningspasset.<\/p>\n<\/div>\n\n\n\n<div class=\"wp-block-column is-vertically-aligned-center is-layout-flow wp-block-column-is-layout-flow\">\n<figure class=\"wp-block-video\"><video height=\"600\" style=\"aspect-ratio: 680 \/ 600;\" width=\"680\" autoplay=\"\" controls=\"\" loop=\"\" muted=\"\" src=\"https:\/\/evolve-fitness.eu\/wp-content\/uploads\/2023\/11\/Evolve-Ultra-cardio-console-full.mp4\"><\/video><\/figure>\n<\/div>\n<\/div>\n\n\n\n<div class=\"wp-block-columns alignwide is-layout-flex wp-container-core-columns-is-layout-c45ee707 wp-block-columns-is-layout-flex\" style=\"margin-bottom:var(--wp--preset--spacing--side-padding);padding-top:var(--wp--preset--spacing--side-padding)\">\n<div class=\"wp-block-column is-vertically-aligned-center is-layout-flow wp-block-column-is-layout-flow\">\n<figure class=\"wp-block-video\"><video height=\"1536\" style=\"aspect-ratio: 2048 \/ 1536;\" width=\"2048\" autoplay=\"\" controls=\"\" loop=\"\" muted=\"\" src=\"https:\/\/evolve-fitness.eu\/wp-content\/uploads\/2023\/11\/EV-RB-UL-156-Evolve-Ultra-Series-Recumbent-Bike-With-3D.mp4\"><\/video><\/figure>\n<\/div>\n\n\n\n<div class=\"wp-block-column is-vertically-aligned-center is-layout-flow wp-block-column-is-layout-flow\">\n<h3 class=\"wp-block-heading\" style=\"margin-bottom:var(--wp--preset--spacing--h-3-bottom)\"><strong><strong><strong>Anv\u00e4ndarv\u00e4nlig design  <\/strong><\/strong><\/strong><\/h3>\n\n\n\n<p><strong><em>Och utrymmeseffektiv<\/em><\/strong><\/p>\n\n\n\n<p>Med en installationsstorlek p\u00e5 1725 x 75 x 122 mm och en nettovikt\/bruttovikt p\u00e5 75\/83 kg ger UL-156 en stabil plattform f\u00f6r dina tr\u00e4ningspass utan att ta upp f\u00f6r mycket utrymme. Den har \u00e4ven en praktisk h\u00e5llare f\u00f6r vattenflaskor s\u00e5 att du kan h\u00e5lla v\u00e4tskebalansen under hela passet.<\/p>\n<\/div>\n<\/div>\n\n\n\n<div class=\"wp-block-columns alignwide are-vertically-aligned-center mobile-reverse is-layout-flex wp-container-core-columns-is-layout-e8158c2f wp-block-columns-is-layout-flex\" style=\"padding-top:var(--wp--preset--spacing--side-padding)\">\n<div class=\"wp-block-column is-vertically-aligned-center is-layout-flow wp-block-column-is-layout-flow\">\n<h3 class=\"wp-block-heading\" style=\"margin-bottom:var(--wp--preset--spacing--h-3-bottom)\"><strong><strong><strong>Underh\u00e5llning och uppkoppling<\/strong><\/strong><\/strong><\/h3>\n\n\n\n<p><strong><em><strong><strong>Ultra prestanda<\/strong><\/strong><\/em><\/strong><\/p>\n\n\n\n<p>UL-156 har ocks\u00e5 en pulssensor f\u00f6r handtaget. Den har inbyggda h\u00f6gtalare och en USB-laddningsport, s\u00e5 att du kan njuta av din favoritmusik och h\u00e5lla dina enheter laddade under tr\u00e4ningspassen. Med Evolve Ultra Series UL-156 Commercial Recumbent Bike investerar du inte bara i tr\u00e4ningsutrustning, du investerar i en komplett tr\u00e4nings- och underh\u00e5llningsupplevelse som kommer att revolutionera din konditionsrutin. F\u00f6rb\u00e4ttra dina tr\u00e4ningspass med UL-156 och ta ett steg n\u00e4rmare dina fitnessm\u00e5l.<\/p>\n<\/div>\n\n\n\n<div class=\"wp-block-column is-vertically-aligned-center is-layout-flow wp-block-column-is-layout-flow\">\n<figure class=\"wp-block-image size-full\"><img decoding=\"async\" src=\"https:\/\/evolve-fitness.eu\/wp-content\/uploads\/2023\/11\/Dizainas-be-pavadinimo-9.png\" alt=\"\" class=\"wp-image-7106\"\/><\/figure>\n<\/div>\n<\/div>\n\n\n\n<figure class=\"wp-block-video\"><video height=\"1000\" style=\"aspect-ratio: 1000 \/ 1000;\" width=\"1000\" autoplay=\"\" loop=\"\" muted=\"\" src=\"https:\/\/evolve-fitness.eu\/wp-content\/uploads\/2023\/11\/Ultra-site-apps.mp4\"><\/video><\/figure>\n<\/section>\n<\/section>\n","protected":false},"excerpt":{"rendered":"<p>Upplev den ultimata konditionstr\u00e4ningen med Evolve Ultra Series UL-156 Commercial Recumbent Bike. Den eleganta Sandy Black-ramen, den h\u00e5llbara sadelskenan i aluminium och det avancerade EMS-bromssystemet ger stil och prestanda. Med ett sv\u00e4nghjul p\u00e5 10 kg*265 mm, en maximal anv\u00e4ndarvikt p\u00e5 200 kg och praktiska funktioner som en vattenflaskh\u00e5llare \u00e4r den utformad f\u00f6r alla tr\u00e4ningsniv\u00e5er. TFT-konsolen p\u00e5 15,6 tum ansluts till appar som Kinomap och Zwift via Bluetooth och har inbyggda appar som Google Chrome och Netflix. Med pulssensor p\u00e5 handtaget, h\u00f6gtalare och USB-laddningsport kan du h\u00e5lla dig underh\u00e5llen och uppkopplad medan du tr\u00e4nar. Omdefiniera din konditionsupplevelse med UL-156.<\/p>\n","protected":false},"featured_media":34278,"template":"","meta":{"_acf_changed":false,"inline_featured_image":false},"product_cat":[550,546,549,1073],"product_tag":[],"class_list":{"0":"post-34276","1":"product","2":"type-product","3":"status-publish","4":"has-post-thumbnail","6":"product_cat-startsida","7":"product_cat-cardio-utrustning","8":"product_cat-kommersiell-konditionsutrustning","9":"product_cat-ultra-series-konditionstraning","11":"first","12":"outofstock","13":"shipping-taxable","14":"purchasable","15":"product-type-simple"},"acf":[],"_links":{"self":[{"href":"https:\/\/store.evolve-fitness.eu\/sv\/wp-json\/wp\/v2\/product\/34276","targetHints":{"allow":["GET"]}}],"collection":[{"href":"https:\/\/store.evolve-fitness.eu\/sv\/wp-json\/wp\/v2\/product"}],"about":[{"href":"https:\/\/store.evolve-fitness.eu\/sv\/wp-json\/wp\/v2\/types\/product"}],"wp:featuredmedia":[{"embeddable":true,"href":"https:\/\/store.evolve-fitness.eu\/sv\/wp-json\/wp\/v2\/media\/34278"}],"wp:attachment":[{"href":"https:\/\/store.evolve-fitness.eu\/sv\/wp-json\/wp\/v2\/media?parent=34276"}],"wp:term":[{"taxonomy":"product_cat","embeddable":true,"href":"https:\/\/store.evolve-fitness.eu\/sv\/wp-json\/wp\/v2\/product_cat?post=34276"},{"taxonomy":"product_tag","embeddable":true,"href":"https:\/\/store.evolve-fitness.eu\/sv\/wp-json\/wp\/v2\/product_tag?post=34276"}],"curies":[{"name":"wp","href":"https:\/\/api.w.org\/{rel}","templated":true}]}}