{"id":34203,"date":"2024-01-03T09:20:35","date_gmt":"2024-01-03T09:20:35","guid":{"rendered":"https:\/\/store.evolve-fitness.eu\/product\/upright-cykel-evolve-ultra-series-for-kommersiellt-bruk\/"},"modified":"2026-03-31T12:00:58","modified_gmt":"2026-03-31T12:00:58","slug":"upright-cykel-evolve-ultra-series-for-kommersiellt-bruk","status":"publish","type":"product","link":"https:\/\/store.evolve-fitness.eu\/sv\/produkt\/upright-cykel-evolve-ultra-series-for-kommersiellt-bruk\/","title":{"rendered":"Upright-cykel Evolve Ultra Series f\u00f6r kommersiellt bruk"},"content":{"rendered":"\n<p class=\"has-text-align-center has-medium-2-font-size\"><\/p>\n\n<section class=\"wp-block-group alignfull black-content has-white-color has-darkgray-background-color has-text-color has-background is-layout-constrained wp-block-group-is-layout-constrained\" style=\"padding-top:var(--wp--preset--spacing--section-bottom);padding-bottom:var(--wp--preset--spacing--section-bottom)\">\n<section class=\"wp-block-group alignfull black-content has-white-color has-darkgray-background-color has-text-color has-background is-layout-constrained wp-block-group-is-layout-constrained\" style=\"padding-top:var(--wp--preset--spacing--section-bottom);padding-bottom:var(--wp--preset--spacing--section-bottom)\">\n<div class=\"wp-block-columns alignwide is-layout-flex wp-container-core-columns-is-layout-c45ee707 wp-block-columns-is-layout-flex\" style=\"margin-bottom:var(--wp--preset--spacing--side-padding);padding-top:var(--wp--preset--spacing--side-padding)\">\n<div class=\"wp-block-column is-vertically-aligned-center is-layout-flow wp-block-column-is-layout-flow\">\n<h3 class=\"wp-block-heading\" style=\"margin-bottom:var(--wp--preset--spacing--h-3-bottom)\"><strong>Familjeutseende estetik  <\/strong><\/h3>\n\n\n\n<p><strong><em><strong><strong><strong>Prestanda i kommersiell konditionsutrustning<\/strong><\/strong><\/strong><\/em><\/strong><\/p>\n\n\n\n<p>Ultra-serien fr\u00e5n Evolve har en distinkt familj\u00e4r stil som \u00e4r skr\u00e4ddarsydd f\u00f6r den dynamiska milj\u00f6n i komplexa kommersiella gym. Med eleganta linjer, modern design och f\u00f6rstklassiga ytbehandlingar integreras varje del i Ultra-serien s\u00f6ml\u00f6st f\u00f6r att skapa en sammanh\u00e4ngande estetik i hela tr\u00e4ningsanl\u00e4ggningen. Oavsett om det handlar om l\u00f6pband, elliptiska maskiner eller station\u00e4ra cyklar utstr\u00e5lar varje maskin sofistikering och funktionalitet, vilket f\u00f6rh\u00f6jer atmosf\u00e4ren i gymmet. Fr\u00e5n de livfulla LED-displayerna till de ergonomiska handtagen och justerbara funktionerna f\u00f6r alla tr\u00e4ningsentusiaster.<\/p>\n<\/div>\n\n\n\n<div class=\"wp-block-column is-vertically-aligned-center is-layout-flow wp-block-column-is-layout-flow\">\n<figure class=\"wp-block-video\"><video autoplay=\"\" controls=\"\" loop=\"\" muted=\"\" src=\"https:\/\/evolve-fitness.eu\/wp-content\/uploads\/2024\/04\/Evolve-Ultra-Series-Family-Look.mp4\"><\/video><\/figure>\n<\/div>\n<\/div>\n\n\n\n<div class=\"wp-block-columns alignwide mobile-reverse is-layout-flex wp-container-core-columns-is-layout-ca64bf2d wp-block-columns-is-layout-flex\" style=\"margin-bottom:var(--wp--preset--spacing--side-padding)\">\n<div class=\"wp-block-column is-vertically-aligned-center is-layout-flow wp-block-column-is-layout-flow\">\n<figure class=\"wp-block-video\"><video autoplay=\"\" controls=\"\" loop=\"\" muted=\"\" src=\"https:\/\/evolve-fitness.eu\/wp-content\/uploads\/2024\/04\/Final-Upright-bike-Web-HD.mp4\"><\/video><\/figure>\n<\/div>\n\n\n\n<div class=\"wp-block-column is-vertically-aligned-center is-layout-flow wp-block-column-is-layout-flow\">\n<h3 class=\"wp-block-heading\" style=\"margin-bottom:var(--wp--preset--spacing--h-3-bottom)\"><strong><strong><strong>Vi presenterar Evolve Ultra-serien <\/strong><\/strong><\/strong>cardio<\/h3>\n\n\n\n<p><strong><em>Stil och stabilitet  <\/em><\/strong><\/p>\n\n\n\n<p>Vi presenterar Evolve Ultra Series UL-156 Commercial Upright Bike, en toppmodern fitnessmaskin som kombinerar den senaste tekniken med f\u00f6rstklassig design. Detta kraftpaket f\u00f6r konditionstr\u00e4ning \u00e4r omsorgsfullt tillverkat med en elegant Sandy Black-ram som utstr\u00e5lar sofistikering och h\u00e5llbarhet. Ramen kompletteras av svartm\u00e5lade tillbeh\u00f6r, vilket skapar en sammanh\u00e4ngande och visuellt tilltalande estetik.<\/p>\n\n\n\n<p><em>Aktivera ljud i spelarkontrollerna f\u00f6r full upplevelse.<\/em><\/p>\n<\/div>\n<\/div>\n\n\n\n<div class=\"wp-block-columns alignwide mobile-reverse is-layout-flex wp-container-core-columns-is-layout-ca64bf2d wp-block-columns-is-layout-flex\" style=\"margin-bottom:var(--wp--preset--spacing--side-padding)\">\n<div class=\"wp-block-column is-vertically-aligned-center is-layout-flow wp-block-column-is-layout-flow\">\n<h3 class=\"wp-block-heading\" style=\"margin-bottom:var(--wp--preset--spacing--h-3-bottom)\"><strong>Upright-cykel Evolve Ultra Series f\u00f6r kommersiellt bruk<\/strong><\/h3>\n\n\n\n<p><strong><em><strong><strong><strong><strong><strong>Den ultimata tr\u00e4ningsupplevelsen<\/strong><\/strong><\/strong><\/strong><\/strong><\/em><\/strong><\/p>\n\n\n\n<p>Evolve Ultra Series UL-156 Commercial Upright Bike erbjuder en s\u00f6ml\u00f6s blandning av komfort och prestanda, vilket ger anv\u00e4ndarna en tillfredsst\u00e4llande tr\u00e4ningsupplevelse. N\u00e4r du monterar cykeln och s\u00e4tter dig tillr\u00e4tta p\u00e5 den ergonomiska sitsen m\u00e4rker du direkt att den st\u00f6djande designen s\u00e4kerst\u00e4ller en bra h\u00e5llning under hela cykelturen. Pedalernas mjuka, flytande r\u00f6relse, i kombination med anpassningsbara motst\u00e5ndsniv\u00e5er, g\u00f6r att du kan skr\u00e4ddarsy ditt tr\u00e4ningspass efter din konditionsniv\u00e5 och dina m\u00e5l. Med intuitiva kontroller och ett anv\u00e4ndarv\u00e4nligt gr\u00e4nssnitt \u00e4r det enkelt att justera inst\u00e4llningar och sp\u00e5ra dina framsteg, s\u00e5 att du kan fokusera helt p\u00e5 din tr\u00e4ning. Oavsett om du vill utmana dig sj\u00e4lv med ett intensivt konditionspass eller bara njuta av en lugn cykeltur, Evolve Ultra Series UL-156 Commercial Upright Bike.<\/p>\n<\/div>\n\n\n\n<div class=\"wp-block-column is-vertically-aligned-center is-layout-flow wp-block-column-is-layout-flow\">\n<figure class=\"wp-block-video\"><video autoplay=\"\" controls=\"\" loop=\"\" muted=\"\" src=\"https:\/\/evolve-fitness.eu\/wp-content\/uploads\/2023\/11\/Evolve-Ultra-Series-Commercial-Upright-bike-1.mp4\"><\/video><\/figure>\n<\/div>\n<\/div>\n\n\n\n<div class=\"wp-block-columns alignwide mobile-reverse is-layout-flex wp-container-core-columns-is-layout-ca64bf2d wp-block-columns-is-layout-flex\" style=\"margin-bottom:var(--wp--preset--spacing--side-padding)\">\n<div class=\"wp-block-column is-vertically-aligned-center is-layout-flow wp-block-column-is-layout-flow\">\n<figure class=\"wp-block-image size-full is-resized\"><img decoding=\"async\" src=\"https:\/\/evolve-fitness.eu\/wp-content\/uploads\/2023\/11\/Evolve-UL-156-upright.png\" alt=\"\" class=\"wp-image-6203\" style=\"object-fit:cover;width:680px;height:600px\"\/><\/figure>\n<\/div>\n\n\n\n<div class=\"wp-block-column is-vertically-aligned-center is-layout-flow wp-block-column-is-layout-flow\">\n<h3 class=\"wp-block-heading\" style=\"margin-bottom:var(--wp--preset--spacing--h-3-bottom)\"><strong><strong>Avancerad mekanik  <\/strong><\/strong><\/h3>\n\n\n\n<p><strong><em><strong><strong><strong><strong><strong>F\u00f6r optimal prestanda<\/strong><\/strong><\/strong><\/strong><\/strong><\/em><\/strong><\/p>\n\n\n\n<p>K\u00e4rnan i Evolve Ultra-serien \u00e4r ett avancerat EMS-bromssystem som ger smidig och exakt motst\u00e5ndskontroll under dina tr\u00e4ningspass. Sv\u00e4nghjulet p\u00e5 10 kg med en diameter p\u00e5 265 mm ger en utmanande men \u00e4nd\u00e5 bekv\u00e4m cykelupplevelse. Den tredelade kromade veven, som pryds av kromade dekorationslock, ger inte bara stil utan \u00f6kar ocks\u00e5 cykelns livsl\u00e4ngd.<\/p>\n<\/div>\n<\/div>\n\n\n\n<div class=\"wp-block-columns alignwide is-layout-flex wp-container-core-columns-is-layout-c45ee707 wp-block-columns-is-layout-flex\" style=\"margin-bottom:var(--wp--preset--spacing--side-padding);padding-top:var(--wp--preset--spacing--side-padding)\">\n<div class=\"wp-block-column is-vertically-aligned-center is-layout-flow wp-block-column-is-layout-flow\">\n<h3 class=\"wp-block-heading\" style=\"margin-bottom:var(--wp--preset--spacing--h-3-bottom)\"><strong>Teknik i framkant  <\/strong><\/h3>\n\n\n\n<p><strong><em><strong><strong>F\u00f6r ett engagerande tr\u00e4ningspass<\/strong><\/strong><\/em><\/strong><\/p>\n\n\n\n<p>En av de mest framtr\u00e4dande funktionerna p\u00e5 denna cykel \u00e4r 15,6&#8243; TFT-konsolen, som har en pulssensor i handtaget f\u00f6r exakt pulsm\u00e4tning. Den h\u00e4r konsolen \u00e4r inte bara till f\u00f6r att h\u00e5lla koll p\u00e5 din statistik, den \u00e4r ocks\u00e5 ett nav f\u00f6r uppkoppling. Du kan smidigt ansluta till popul\u00e4ra fitnessappar som Kinomap och Zwift via Bluetooth, vilket f\u00f6rb\u00e4ttrar din tr\u00e4ningsupplevelse. TFT-konsolen \u00e4r dessutom utrustad med en rad inbyggda appar, inklusive Google Chrome, Facebook, Netflix, Amazon Video, Amazon Shopping, Spotify, YouTube, Twitter och Instagram. Det \u00e4r din sj\u00e4lvklara f\u00f6ljeslagare f\u00f6r underh\u00e5llning och tr\u00e4ning.<\/p>\n<\/div>\n\n\n\n<div class=\"wp-block-column is-vertically-aligned-center is-layout-flow wp-block-column-is-layout-flow\">\n<figure class=\"wp-block-video\"><video height=\"600\" style=\"aspect-ratio: 680 \/ 600;\" width=\"680\" autoplay=\"\" controls=\"\" loop=\"\" muted=\"\" src=\"https:\/\/evolve-fitness.eu\/wp-content\/uploads\/2023\/11\/Evolve-Ultra-cardio-console-full.mp4\"><\/video><\/figure>\n<\/div>\n<\/div>\n\n\n\n<div class=\"wp-block-columns alignwide is-layout-flex wp-container-core-columns-is-layout-c45ee707 wp-block-columns-is-layout-flex\" style=\"margin-bottom:var(--wp--preset--spacing--side-padding);padding-top:var(--wp--preset--spacing--side-padding)\">\n<div class=\"wp-block-column is-vertically-aligned-center is-layout-flow wp-block-column-is-layout-flow\">\n<figure class=\"wp-block-video\"><video height=\"451\" style=\"aspect-ratio: 1185 \/ 451;\" width=\"1185\" autoplay=\"\" controls=\"\" loop=\"\" muted=\"\" src=\"https:\/\/evolve-fitness.eu\/wp-content\/uploads\/2024\/01\/EV-UB-UL-156-Evolve-Ultra-Series-Upright-Bike-With-3D.mp4\"><\/video><\/figure>\n<\/div>\n\n\n\n<div class=\"wp-block-column is-vertically-aligned-center is-layout-flow wp-block-column-is-layout-flow\">\n<h3 class=\"wp-block-heading\" style=\"margin-bottom:var(--wp--preset--spacing--h-3-bottom)\"><strong><strong><strong>Anv\u00e4ndarv\u00e4nlig design  <\/strong><\/strong><\/strong><\/h3>\n\n\n\n<p><strong><em><strong><strong><strong><strong><strong>F\u00f6r \u00f6kad bekv\u00e4mlighet<\/strong><\/strong><\/strong><\/strong><\/strong><\/em><\/strong><\/p>\n\n\n\n<p>F\u00f6r dem som f\u00f6redrar en traditionell pulsm\u00e4tare har Evolve Ultra Series UL-156 en inbyggd normal mottagare, vilket eliminerar behovet av ett br\u00f6stb\u00e4lte. Dessutom har cykeln inbyggda h\u00f6gtalare och en USB-laddningsport, s\u00e5 att du kan lyssna p\u00e5 din favoritmusik eller podcasts samtidigt som du laddar dina enheter, vilket g\u00f6r den till den ultimata konditionsmaskinen f\u00f6r den moderna fitnessentusiasten.<\/p>\n<\/div>\n<\/div>\n\n\n\n<div class=\"wp-block-columns alignwide are-vertically-aligned-center mobile-reverse is-layout-flex wp-container-core-columns-is-layout-e8158c2f wp-block-columns-is-layout-flex\" style=\"padding-top:var(--wp--preset--spacing--side-padding)\">\n<div class=\"wp-block-column is-vertically-aligned-center is-layout-flow wp-block-column-is-layout-flow\">\n<h3 class=\"wp-block-heading\" style=\"margin-bottom:var(--wp--preset--spacing--h-3-bottom)\"><strong><strong>Snygg och modern estetik<\/strong><\/strong><\/h3>\n\n\n\n<p><strong><em><strong><strong>Ultra prestanda<\/strong><\/strong><\/em><\/strong><\/p>\n\n\n\n<p>Evolve Ultra Series UL-156 \u00e4r utformad f\u00f6r bekv\u00e4mlighet och m\u00e5ngsidighet. Sittskenan i aluminium kan justeras f\u00f6r att passa anv\u00e4ndare med varierande l\u00e4ngd, medan PJ8-b\u00e4ltet p\u00e5 440 mm s\u00e4kerst\u00e4ller smidig och tyst drift. Med m\u00e5tten 1220x610x1540 mm passar den h\u00e4r cykeln perfekt i alla tr\u00e4ningsutrymmen. Dessutom har den en vattenflaskh\u00e5llare f\u00f6r enkel v\u00e4tskep\u00e5fyllning under tr\u00e4ningspasset.<\/p>\n<\/div>\n\n\n\n<div class=\"wp-block-column is-vertically-aligned-center is-layout-flow wp-block-column-is-layout-flow\">\n<figure class=\"wp-block-image size-large is-resized\"><img decoding=\"async\" src=\"https:\/\/evolve-fitness.eu\/wp-content\/uploads\/2023\/11\/4-1-1024x576.png\" alt=\"\" class=\"wp-image-6322\" style=\"object-fit:cover;width:680px;height:600px\"\/><\/figure>\n<\/div>\n<\/div>\n\n\n\n<p class=\"has-text-align-center has-medium-2-font-size\">Upplev framtiden f\u00f6r konditionstr\u00e4ning med Evolve Ultra Series UL-156 Commercial Upright Bike, d\u00e4r stil, teknik och prestanda sammanstr\u00e5lar f\u00f6r att h\u00f6ja din tr\u00e4ningsrutin.<\/p>\n\n\n\n<figure class=\"wp-block-video\"><video height=\"1000\" style=\"aspect-ratio: 1000 \/ 1000;\" width=\"1000\" autoplay=\"\" loop=\"\" muted=\"\" src=\"https:\/\/evolve-fitness.eu\/wp-content\/uploads\/2023\/11\/Ultra-site-apps.mp4\"><\/video><\/figure>\n<\/section>\n<\/section>\n","protected":false},"excerpt":{"rendered":"<p>Vi introducerar Evolve Ultra Series UL-156 Commercial Upright Bike, en premium fitnessmaskin som kombinerar elegant design med avancerad teknik. Sandy Black-stommen och de svartm\u00e5lade tillbeh\u00f6ren ger b\u00e5de h\u00e5llbarhet och estetik. Med funktioner som ett EMS-bromssystem, ett 10 kg sv\u00e4nghjul och en kromad vev i tre delar \u00e4r den h\u00e4r cykeln byggd f\u00f6r en smidig och utmanande tr\u00e4ningsupplevelse. S\u00e4tesskenan i aluminium garanterar justerbarheten, och 15,6&#8243; TFT-konsolen, som \u00e4r utrustad med pulssensorer i handtaget, registrerar inte bara din statistik utan kan ocks\u00e5 anslutas till popul\u00e4ra fitnessappar och erbjuder inbyggda underh\u00e5llningsappar. Med inbyggd pulsmottagare, h\u00f6gtalare och USB-laddningsport omdefinierar Evolve Ultra Series UL-156 konditionstr\u00e4ning f\u00f6r den moderna entusiasten, vilket g\u00f6r den till ett enast\u00e5ende val f\u00f6r dina tr\u00e4ningsbehov.<\/p>\n","protected":false},"featured_media":34229,"template":"","meta":{"_acf_changed":false,"inline_featured_image":false},"product_cat":[550,546,549,1073],"product_tag":[],"class_list":{"0":"post-34203","1":"product","2":"type-product","3":"status-publish","4":"has-post-thumbnail","6":"product_cat-startsida","7":"product_cat-cardio-utrustning","8":"product_cat-kommersiell-konditionsutrustning","9":"product_cat-ultra-series-konditionstraning","11":"first","12":"instock","13":"shipping-taxable","14":"purchasable","15":"product-type-simple"},"acf":[],"_links":{"self":[{"href":"https:\/\/store.evolve-fitness.eu\/sv\/wp-json\/wp\/v2\/product\/34203","targetHints":{"allow":["GET"]}}],"collection":[{"href":"https:\/\/store.evolve-fitness.eu\/sv\/wp-json\/wp\/v2\/product"}],"about":[{"href":"https:\/\/store.evolve-fitness.eu\/sv\/wp-json\/wp\/v2\/types\/product"}],"wp:featuredmedia":[{"embeddable":true,"href":"https:\/\/store.evolve-fitness.eu\/sv\/wp-json\/wp\/v2\/media\/34229"}],"wp:attachment":[{"href":"https:\/\/store.evolve-fitness.eu\/sv\/wp-json\/wp\/v2\/media?parent=34203"}],"wp:term":[{"taxonomy":"product_cat","embeddable":true,"href":"https:\/\/store.evolve-fitness.eu\/sv\/wp-json\/wp\/v2\/product_cat?post=34203"},{"taxonomy":"product_tag","embeddable":true,"href":"https:\/\/store.evolve-fitness.eu\/sv\/wp-json\/wp\/v2\/product_tag?post=34203"}],"curies":[{"name":"wp","href":"https:\/\/api.w.org\/{rel}","templated":true}]}}