{"id":33929,"date":"2023-10-31T14:35:53","date_gmt":"2023-10-31T14:35:53","guid":{"rendered":"https:\/\/store.evolve-fitness.eu\/product\/evolve-kettlebells-i-gummi-4-14-kg\/"},"modified":"2026-04-22T12:00:53","modified_gmt":"2026-04-22T12:00:53","slug":"evolve-kettlebells-i-gummi-4-14-kg","status":"publish","type":"product","link":"https:\/\/store.evolve-fitness.eu\/sv\/produkt\/evolve-kettlebells-i-gummi-4-14-kg\/","title":{"rendered":"Evolve Rubber Kettlebells 4 &#8211; 14 kg"},"content":{"rendered":"\n<section class=\"wp-block-group alignfull black-content has-white-color has-darkgray-background-color has-text-color has-background is-layout-constrained wp-block-group-is-layout-constrained\" style=\"padding-top:var(--wp--preset--spacing--section-bottom);padding-bottom:var(--wp--preset--spacing--section-bottom)\">\n<div class=\"wp-block-columns alignwide mobile-reverse is-layout-flex wp-container-core-columns-is-layout-ca64bf2d wp-block-columns-is-layout-flex\" style=\"margin-bottom:var(--wp--preset--spacing--side-padding)\">\n<div class=\"wp-block-column is-vertically-aligned-center is-layout-flow wp-block-column-is-layout-flow\">\n<h3 class=\"wp-block-heading\" style=\"margin-bottom:var(--wp--preset--spacing--h-3-bottom)\"><strong>Exceptionell h\u00e5llbarhet<\/strong><\/h3>\n\n\n\n<p><strong><em><strong><em><strong><em>Livsl\u00e4ngd och motst\u00e5ndskraft<\/em><\/strong><\/em><\/strong><\/em><\/strong><\/p>\n\n\n\n<p>Varje Evolve kettlebell b\u00f6rjar sitt liv som en robust gjuten metalllegering, vilket utlovar l\u00e5ng livsl\u00e4ngd och motst\u00e5ndskraft mot slitage. Dessa kettlebells \u00e4r noggrant utformade och motst\u00e5r korrosion och deformation, s\u00e5 att de beh\u00e5ller sitt ursprungliga skick tr\u00e4ningspass efter tr\u00e4ningspass. Deras precisionsgjutning garanterar utm\u00e4rkt balans och m\u00e5ttnoggrannhet, vilket g\u00f6r dem till ett f\u00f6rstahandsval f\u00f6r professionella gym, milit\u00e4rbaser, hotell, rehabiliteringscenter och hemtr\u00e4ningsentusiaster som kr\u00e4ver det b\u00e4sta.<\/p>\n<\/div>\n\n\n\n<div class=\"wp-block-column is-vertically-aligned-center is-layout-flow wp-block-column-is-layout-flow\">\n<figure class=\"wp-block-image alignright size-full is-resized is-style-rounded\"><img decoding=\"async\" src=\"https:\/\/evolve-fitness.eu\/wp-content\/uploads\/2023\/11\/Evolve-Rubber-Kettlebells.png\" alt=\"\" class=\"wp-image-5697\" style=\"object-fit:cover;width:680px;height:600px\"\/><\/figure>\n<\/div>\n<\/div>\n\n\n\n<div class=\"wp-block-columns alignwide is-layout-flex wp-container-core-columns-is-layout-c45ee707 wp-block-columns-is-layout-flex\" style=\"margin-bottom:var(--wp--preset--spacing--side-padding);padding-top:var(--wp--preset--spacing--side-padding)\">\n<div class=\"wp-block-column is-vertically-aligned-center is-layout-flow wp-block-column-is-layout-flow\">\n<figure class=\"wp-block-image size-full is-resized is-style-rounded\"><img loading=\"lazy\" decoding=\"async\" width=\"1920\" height=\"1280\" src=\"https:\/\/store.evolve-fitness.eu\/wp-content\/uploads\/2023\/10\/EV-KB-RB-Evolve-Rubber-Kettlebells-4-14-kg-5-1.jpg\" alt=\"\" class=\"wp-image-95479\" style=\"object-fit:cover;width:680px;height:600px\" srcset=\"https:\/\/store.evolve-fitness.eu\/wp-content\/uploads\/2023\/10\/EV-KB-RB-Evolve-Rubber-Kettlebells-4-14-kg-5-1.jpg 1920w, https:\/\/store.evolve-fitness.eu\/wp-content\/uploads\/2023\/10\/EV-KB-RB-Evolve-Rubber-Kettlebells-4-14-kg-5-1-300x200.jpg 300w, https:\/\/store.evolve-fitness.eu\/wp-content\/uploads\/2023\/10\/EV-KB-RB-Evolve-Rubber-Kettlebells-4-14-kg-5-1-1024x683.jpg 1024w, https:\/\/store.evolve-fitness.eu\/wp-content\/uploads\/2023\/10\/EV-KB-RB-Evolve-Rubber-Kettlebells-4-14-kg-5-1-768x512.jpg 768w, https:\/\/store.evolve-fitness.eu\/wp-content\/uploads\/2023\/10\/EV-KB-RB-Evolve-Rubber-Kettlebells-4-14-kg-5-1-1536x1024.jpg 1536w, https:\/\/store.evolve-fitness.eu\/wp-content\/uploads\/2023\/10\/EV-KB-RB-Evolve-Rubber-Kettlebells-4-14-kg-5-1-600x400.jpg 600w\" sizes=\"auto, (max-width: 1920px) 100vw, 1920px\" \/><\/figure>\n<\/div>\n\n\n\n<div class=\"wp-block-column is-vertically-aligned-center is-layout-flow wp-block-column-is-layout-flow\">\n<h3 class=\"wp-block-heading\" style=\"margin-bottom:var(--wp--preset--spacing--h-3-bottom)\"><strong><strong>Avancerad funktionalitet<\/strong><\/strong><\/h3>\n\n\n\n<p><strong><em><strong><em><strong><em>H\u00e5llbarhet<\/em><\/strong><\/em><\/strong><\/em><\/strong> <em><strong>och skydd<\/strong><\/em><\/p>\n\n\n\n<p>Evolve kettlebells gummih\u00f6lje \u00e4r mer \u00e4n bara ett estetiskt val. Det \u00f6kar h\u00e5llbarheten avsev\u00e4rt, skyddar golv och utrustning fr\u00e5n skador och minskar bullret avsev\u00e4rt under tr\u00e4ningspasset. Den strukturerade ytan \u00e4r inte bara l\u00e4tt att reng\u00f6ra utan ger ocks\u00e5 ett s\u00e4kert, halkfritt grepp, vilket \u00e4r avg\u00f6rande f\u00f6r s\u00e4kerheten under intensiva tr\u00e4ningspass. Dessutom \u00e4r det enkelt att v\u00e4lja r\u00e4tt kettlebell f\u00f6r ditt tr\u00e4ningspass tack vare de pr\u00e4glade och laserskurna viktmarkeringarna.<\/p>\n<\/div>\n<\/div>\n\n\n\n<div class=\"wp-block-columns alignwide are-vertically-aligned-center mobile-reverse is-layout-flex wp-container-core-columns-is-layout-e8158c2f wp-block-columns-is-layout-flex\" style=\"padding-top:var(--wp--preset--spacing--side-padding)\">\n<div class=\"wp-block-column is-vertically-aligned-center is-layout-flow wp-block-column-is-layout-flow\">\n<h3 class=\"wp-block-heading\" style=\"margin-bottom:var(--wp--preset--spacing--h-3-bottom)\"><strong><strong><strong>M\u00e5ngsidighet f\u00f6r alla tr\u00e4ningsniv\u00e5er<\/strong><\/strong><\/strong><\/h3>\n\n\n\n<p><strong><em><strong><em><strong>Kvalitet och v\u00e4rde<\/strong><\/em><\/strong><\/em><\/strong><\/p>\n\n\n\n<p>Oavsett om det \u00e4r individuell, grupp-, funktionell eller CrossFit-tr\u00e4ning, Evolve kettlebells tillgodoser allt. Deras m\u00e5ngsidiga sortiment, som varierar i storlek, diameter och handtagstjocklek, g\u00f6r att du kan v\u00e4lja den perfekta kettlebellen f\u00f6r dina tr\u00e4ningsbehov. Dessa kettlebells finns i vikter fr\u00e5n 4 kg till 14 kg och har en platt, bred bas f\u00f6r o\u00f6vertr\u00e4ffad stabilitet, vilket eliminerar vingel och f\u00f6rb\u00e4ttrar din tr\u00e4ningsupplevelse.<\/p>\n<\/div>\n\n\n\n<div class=\"wp-block-column is-vertically-aligned-center is-layout-flow wp-block-column-is-layout-flow\">\n<figure class=\"wp-block-image alignright size-full is-resized is-style-rounded\"><img decoding=\"async\" src=\"https:\/\/evolve-fitness.eu\/wp-content\/uploads\/2023\/11\/Evolve-Rubber-Kettlebells-3.png\" alt=\"\" class=\"wp-image-5701\" style=\"object-fit:cover;width:680px;height:600px\"\/><\/figure>\n<\/div>\n<\/div>\n\n\n\n<p class=\"has-text-align-center has-medium-font-size\"><strong>Uppt\u00e4ck skillnaden med Evolve och f\u00f6r\u00e4ndra din tr\u00e4ningsresa med v\u00e5rt sortiment av gummikettlebells. Evolve kettlebells \u00e4r utformade f\u00f6r dem som v\u00e4rdes\u00e4tter kvalitet och prestanda och \u00e4r din p\u00e5litliga partner f\u00f6r att uppn\u00e5 dina m\u00e5l f\u00f6r styrka och kondition.<\/strong><\/p>\n<\/section>\n","protected":false},"excerpt":{"rendered":"<p>Evolve gummibelagda kettlebells, gjutna av solid metallegering. Den platta basen p\u00e5 kettlebellen ger maximal stabilitet, medan de halkfria handtagen ger ett fast grepp under \u00f6vningarna. Beroende p\u00e5 kettlebellens vikt varierar handtagets diameter. Gummibel\u00e4ggningen s\u00e4kerst\u00e4ller inte bara tyst drift utan skyddar ocks\u00e5 metallen fr\u00e5n skador, repor och rost.<\/p>\n","protected":false},"featured_media":95402,"template":"","meta":{"_acf_changed":false,"inline_featured_image":false},"product_cat":[2408,1001,1097],"product_tag":[],"class_list":{"0":"post-33929","1":"product","2":"type-product","3":"status-publish","4":"has-post-thumbnail","6":"product_cat-hyrox-redskap","7":"product_cat-fria-vikter","8":"product_cat-kettlebells-sv","10":"first","11":"instock","12":"shipping-taxable","13":"purchasable","14":"product-type-variable"},"acf":[],"_links":{"self":[{"href":"https:\/\/store.evolve-fitness.eu\/sv\/wp-json\/wp\/v2\/product\/33929","targetHints":{"allow":["GET"]}}],"collection":[{"href":"https:\/\/store.evolve-fitness.eu\/sv\/wp-json\/wp\/v2\/product"}],"about":[{"href":"https:\/\/store.evolve-fitness.eu\/sv\/wp-json\/wp\/v2\/types\/product"}],"wp:featuredmedia":[{"embeddable":true,"href":"https:\/\/store.evolve-fitness.eu\/sv\/wp-json\/wp\/v2\/media\/95402"}],"wp:attachment":[{"href":"https:\/\/store.evolve-fitness.eu\/sv\/wp-json\/wp\/v2\/media?parent=33929"}],"wp:term":[{"taxonomy":"product_cat","embeddable":true,"href":"https:\/\/store.evolve-fitness.eu\/sv\/wp-json\/wp\/v2\/product_cat?post=33929"},{"taxonomy":"product_tag","embeddable":true,"href":"https:\/\/store.evolve-fitness.eu\/sv\/wp-json\/wp\/v2\/product_tag?post=33929"}],"curies":[{"name":"wp","href":"https:\/\/api.w.org\/{rel}","templated":true}]}}