{"id":33793,"date":"2024-01-02T14:46:14","date_gmt":"2024-01-02T14:46:14","guid":{"rendered":"https:\/\/store.evolve-fitness.eu\/product\/lopband-evolve-ultra-series-for-kommersiellt-bruk\/"},"modified":"2026-03-31T12:00:53","modified_gmt":"2026-03-31T12:00:53","slug":"lopband-evolve-ultra-series-for-kommersiellt-bruk","status":"publish","type":"product","link":"https:\/\/store.evolve-fitness.eu\/sv\/produkt\/lopband-evolve-ultra-series-for-kommersiellt-bruk\/","title":{"rendered":"L\u00f6pband Evolve Ultra Series f\u00f6r kommersiellt bruk"},"content":{"rendered":"\n<section class=\"wp-block-group alignfull black-content has-white-color has-darkgray-background-color has-text-color has-background is-layout-constrained wp-block-group-is-layout-constrained\" style=\"padding-top:var(--wp--preset--spacing--section-bottom);padding-bottom:var(--wp--preset--spacing--section-bottom)\">\n<section class=\"wp-block-group alignfull black-content has-white-color has-darkgray-background-color has-text-color has-background is-layout-constrained wp-block-group-is-layout-constrained\" style=\"padding-top:var(--wp--preset--spacing--section-bottom);padding-bottom:var(--wp--preset--spacing--section-bottom)\">\n<div class=\"wp-block-columns alignwide is-layout-flex wp-container-core-columns-is-layout-c45ee707 wp-block-columns-is-layout-flex\" style=\"margin-bottom:var(--wp--preset--spacing--side-padding);padding-top:var(--wp--preset--spacing--side-padding)\">\n<div class=\"wp-block-column is-vertically-aligned-center is-layout-flow wp-block-column-is-layout-flow\">\n<h3 class=\"wp-block-heading\" style=\"margin-bottom:var(--wp--preset--spacing--h-3-bottom)\"><strong>Familjeutseende estetik  <\/strong><\/h3>\n\n\n\n<p><strong><em><strong><strong><strong>Prestanda i kommersiell konditionsutrustning<\/strong><\/strong><\/strong><\/em><\/strong><\/p>\n\n\n\n<p>Ultra-serien fr\u00e5n Evolve har en distinkt familj\u00e4r stil som \u00e4r skr\u00e4ddarsydd f\u00f6r den dynamiska milj\u00f6n i komplexa kommersiella gym. Med eleganta linjer, modern design och f\u00f6rstklassiga ytbehandlingar integreras varje del i Ultra-serien s\u00f6ml\u00f6st f\u00f6r att skapa en sammanh\u00e4ngande estetik i hela tr\u00e4ningsanl\u00e4ggningen. Oavsett om det handlar om l\u00f6pband, elliptiska maskiner eller station\u00e4ra cyklar utstr\u00e5lar varje maskin sofistikering och funktionalitet, vilket f\u00f6rh\u00f6jer atmosf\u00e4ren i gymmet. Fr\u00e5n de livfulla LED-displayerna till de ergonomiska handtagen och justerbara funktionerna f\u00f6r alla tr\u00e4ningsentusiaster.<\/p>\n<\/div>\n\n\n\n<div class=\"wp-block-column is-vertically-aligned-center is-layout-flow wp-block-column-is-layout-flow\">\n<figure class=\"wp-block-video\"><video autoplay=\"\" controls=\"\" loop=\"\" muted=\"\" src=\"https:\/\/evolve-fitness.eu\/wp-content\/uploads\/2024\/04\/Evolve-Ultra-Series-Family-Look.mp4\"><\/video><\/figure>\n<\/div>\n<\/div>\n\n\n\n<div class=\"wp-block-columns alignwide mobile-reverse is-layout-flex wp-container-core-columns-is-layout-ca64bf2d wp-block-columns-is-layout-flex\" style=\"margin-bottom:var(--wp--preset--spacing--side-padding)\">\n<div class=\"wp-block-column is-vertically-aligned-center is-layout-flow wp-block-column-is-layout-flow\">\n<figure class=\"wp-block-video\"><video autoplay=\"\" controls=\"\" loop=\"\" muted=\"\" src=\"https:\/\/evolve-fitness.eu\/wp-content\/uploads\/2024\/04\/Final-Treadmill-Web-HD.mp4\"><\/video><\/figure>\n<\/div>\n\n\n\n<div class=\"wp-block-column is-vertically-aligned-center is-layout-flow wp-block-column-is-layout-flow\">\n<h3 class=\"wp-block-heading\" style=\"margin-bottom:var(--wp--preset--spacing--h-3-bottom)\"><strong><strong>Snygg design med praktiska funktioner<\/strong><\/strong><\/h3>\n\n\n\n<p><strong><em><strong>Lyft ditt gym med det kommersiella l\u00f6pbandet Evolve UL 215<\/strong><\/em><\/strong><\/p>\n\n\n\n<p>Lys upp din v\u00e4g till tr\u00e4ning med eleganta LED-lampor p\u00e5 b\u00e5da sidost\u00e4ngerna, vilket skapar en energigivande atmosf\u00e4r f\u00f6r din tr\u00e4ningsmilj\u00f6. Den eleganta designen matchas med praktisk komfort, med svart PU-skum f\u00f6r styret, vilket ger ett s\u00e4kert och bekv\u00e4mt grepp under de mest kr\u00e4vande l\u00f6prundorna.<\/p>\n\n\n\n<p><em>Aktivera ljud i spelarkontrollerna f\u00f6r full upplevelse.<\/em><\/p>\n<\/div>\n<\/div>\n\n\n\n<div class=\"wp-block-columns alignwide mobile-reverse is-layout-flex wp-container-core-columns-is-layout-ca64bf2d wp-block-columns-is-layout-flex\" style=\"margin-bottom:var(--wp--preset--spacing--side-padding)\">\n<div class=\"wp-block-column is-vertically-aligned-center is-layout-flow wp-block-column-is-layout-flow\">\n<h3 class=\"wp-block-heading\" style=\"margin-bottom:var(--wp--preset--spacing--h-3-bottom)\"><strong>L\u00f6pband Evolve Ultra Series f\u00f6r kommersiellt bruk<\/strong><\/h3>\n\n\n\n<p><strong><em><strong><strong><strong><strong><strong>Den ultimata tr\u00e4ningsupplevelsen<\/strong><\/strong><\/strong><\/strong><\/strong><\/em><\/strong><\/p>\n\n\n\n<p>Det kommersiella l\u00f6pbandet Evolve Ultra Series UL-215 levererar kraft och kontroll. N\u00e4r du kliver p\u00e5 det rymliga och d\u00e4mpade d\u00e4cket m\u00f6ts du av en k\u00e4nsla av stabilitet och st\u00f6d som skapar f\u00f6ruts\u00e4ttningar f\u00f6r ett tr\u00e4ningspass. L\u00f6pbandets sl\u00e4ta och responsiva yta driver dig fram\u00e5t med varje steg. Oavsett om du g\u00e5r, joggar eller springer kan du med de justerbara hastighets- och lutningsinst\u00e4llningarna skr\u00e4ddarsy ditt tr\u00e4ningspass till \u00f6nskad intensitetsniv\u00e5. Det anv\u00e4ndarv\u00e4nliga gr\u00e4nssnittet och de intuitiva kontrollerna g\u00f6r det enkelt att f\u00f6lja dina framsteg och h\u00e5lla motivationen uppe under hela tr\u00e4ningspasset. Oavsett om du tr\u00e4nar f\u00f6r ett lopp, br\u00e4nner kalorier eller bara njuter av en lugn promenad, ger Evolve Ultra Series UL-215 Commercial l\u00f6pband kraft och prestation med varje steg.<\/p>\n<\/div>\n\n\n\n<div class=\"wp-block-column is-vertically-aligned-center is-layout-flow wp-block-column-is-layout-flow\">\n<figure class=\"wp-block-video\"><video autoplay=\"\" controls=\"\" loop=\"\" muted=\"\" src=\"https:\/\/evolve-fitness.eu\/wp-content\/uploads\/2024\/04\/Evolve-Ultra-Series-Commercial-Treadmill.mp4\"><\/video><\/figure>\n<\/div>\n<\/div>\n\n\n\n<div class=\"wp-block-columns alignwide mobile-reverse is-layout-flex wp-container-core-columns-is-layout-ca64bf2d wp-block-columns-is-layout-flex\" style=\"margin-bottom:var(--wp--preset--spacing--side-padding)\">\n<div class=\"wp-block-column is-vertically-aligned-center is-layout-flow wp-block-column-is-layout-flow\">\n<figure class=\"wp-block-video\"><video autoplay=\"\" controls=\"\" loop=\"\" muted=\"\" src=\"https:\/\/evolve-fitness.eu\/wp-content\/uploads\/2023\/11\/EV-CT-UL-215-Evolve-Ultra-Series-Commercial-Treadmill-360.mp4\"><\/video><\/figure>\n<\/div>\n\n\n\n<div class=\"wp-block-column is-vertically-aligned-center is-layout-flow wp-block-column-is-layout-flow\">\n<h3 class=\"wp-block-heading\" style=\"margin-bottom:var(--wp--preset--spacing--h-3-bottom)\"><strong>Max anv\u00e4ndarvikt Anpassning<\/strong><\/h3>\n\n\n\n<p><strong><em><strong><strong><strong>Spetskompetens inom styrka och stabilitet<\/strong><\/strong><\/strong><\/em><\/strong><\/p>\n\n\n\n<p>Det kommersiella l\u00f6pbandet Evolve Ultra Series UL-215 s\u00e4tter en ny standard f\u00f6r inkluderande tr\u00e4ningsutrustning. Med sin robusta ram och avancerade mekanism som klarar en maximal anv\u00e4ndarvikt p\u00e5 upp till 200 kg framst\u00e5r den som ett mycket tillg\u00e4ngligt alternativ f\u00f6r anv\u00e4ndare med olika kroppstyper och konditionsniv\u00e5er. Denna kapacitet f\u00f6r h\u00f6gre anv\u00e4ndarvikt \u00f6kar inte bara anv\u00e4ndbarheten utan visar ocks\u00e5 l\u00f6pbandets engagemang f\u00f6r h\u00e5llbarhet och tillf\u00f6rlitlighet. Till skillnad fr\u00e5n m\u00e5nga konventionella l\u00f6pband som begr\u00e4nsar anv\u00e4ndarvikten vid l\u00e4gre tr\u00f6sklar, \u00f6ppnar UL-215:s \u00f6verl\u00e4gsna byggkvalitet d\u00f6rrarna f\u00f6r tyngre personer att delta i rigor\u00f6s tr\u00e4ning med tillf\u00f6rsikt. Dess f\u00f6rm\u00e5ga att p\u00e5 ett s\u00e4kert och effektivt s\u00e4tt hantera ett st\u00f6rre viktintervall g\u00f6r den till en ledare inom omr\u00e5det, som t\u00e4njer p\u00e5 gr\u00e4nserna f\u00f6r traditionell gymutrustning och inleder en ny era av innovativa, inkluderande tr\u00e4ningsl\u00f6sningar.<\/p>\n<\/div>\n<\/div>\n\n\n\n<div class=\"wp-block-columns alignwide is-layout-flex wp-container-core-columns-is-layout-c45ee707 wp-block-columns-is-layout-flex\" style=\"margin-bottom:var(--wp--preset--spacing--side-padding);padding-top:var(--wp--preset--spacing--side-padding)\">\n<div class=\"wp-block-column is-vertically-aligned-center is-layout-flow wp-block-column-is-layout-flow\">\n<h3 class=\"wp-block-heading\" style=\"margin-bottom:var(--wp--preset--spacing--h-3-bottom)\">Revolutionerande fitness<\/h3>\n\n\n\n<p><strong><em><strong>L\u00f6pbandet Evolve Ultra Series UL-215 med avancerad underh\u00e5llningskonsol<\/strong><\/em><\/strong><\/p>\n\n\n\n<p style=\"margin-bottom:var(--wp--preset--spacing--tb-section-padding)\">Det kommersiella l\u00f6pbandet Evolve Ultra Series UL-215 omdefinierar tr\u00e4ningsupplevelsen genom att kombinera banbrytande fitnessprogram med en rad underh\u00e5llningsfunktioner p\u00e5 den avancerade konsolen. Anv\u00e4ndarna kan njuta av en m\u00e4ngd olika l\u00f6pningsprogram &#8211; inklusive simulerade uppf\u00f6rsbackar, m\u00e5linriktade \u00f6vningar och intervalltr\u00e4ning &#8211; som tillgodoser olika fitnessm\u00e5l medan de upplever virtuella rutter och natursk\u00f6na utmaningar med appar som YouTube, Netflix, Spotify, Zwift och Kinomap. Denna integration ger inte bara ett mycket engagerande och uppslukande tr\u00e4ningspass utan s\u00e4kerst\u00e4ller ocks\u00e5 att anv\u00e4ndarna underh\u00e5lls och motiveras n\u00e4r de str\u00e4var efter sina tr\u00e4ningsm\u00e5l. Med sin s\u00f6ml\u00f6sa anslutning som m\u00f6jligg\u00f6rs av en inbyggd mottagare, Bluetooth-st\u00f6d, ett h\u00f6gkvalitativt h\u00f6gtalarsystem och en USB-laddningsport ser UL-215 till att dina enheter \u00e4r synkade och att du kan underh\u00e5llas med dina favoritmedier under varje kilometer du tar dig fram. Det \u00e4r en harmonisk blandning av robusta tr\u00e4ningsprogram och \u00f6verl\u00e4gsna underh\u00e5llningsalternativ f\u00f6rpackade i en str\u00f6mlinjeformad, anv\u00e4ndarcentrerad konsol, vilket s\u00e4kerst\u00e4ller att UL-215 sticker ut som en innovativ ledare i v\u00e4rlden av kommersiell tr\u00e4ningsutrustning.<\/p>\n<\/div>\n\n\n\n<div class=\"wp-block-column is-vertically-aligned-center is-layout-flow wp-block-column-is-layout-flow\">\n<figure class=\"wp-block-video\"><video height=\"600\" style=\"aspect-ratio: 680 \/ 600;\" width=\"680\" autoplay=\"\" controls=\"\" loop=\"\" muted=\"\" src=\"https:\/\/evolve-fitness.eu\/wp-content\/uploads\/2023\/11\/Evolve-Ultra-cardio-console-full.mp4\"><\/video><\/figure>\n<\/div>\n<\/div>\n\n\n\n<div class=\"wp-block-columns alignwide is-layout-flex wp-container-core-columns-is-layout-c45ee707 wp-block-columns-is-layout-flex\" style=\"margin-bottom:var(--wp--preset--spacing--side-padding);padding-top:var(--wp--preset--spacing--side-padding)\">\n<div class=\"wp-block-column is-vertically-aligned-center is-layout-flow wp-block-column-is-layout-flow\">\n<figure class=\"wp-block-image size-full\"><img decoding=\"async\" src=\"https:\/\/evolve-fitness.eu\/wp-content\/uploads\/2023\/11\/Evolve-UL-215-2-1.png\" alt=\"\" class=\"wp-image-5137\"\/><\/figure>\n<\/div>\n\n\n\n<div class=\"wp-block-column is-vertically-aligned-center is-layout-flow wp-block-column-is-layout-flow\">\n<h3 class=\"wp-block-heading\" style=\"margin-bottom:var(--wp--preset--spacing--h-3-bottom)\"><strong><strong>Avancerade inst\u00e4llningar f\u00f6r hastighet och lutning<\/strong><\/strong><\/h3>\n\n\n\n<p><strong><em><strong><strong>Optimera engagemanget genom annonser p\u00e5 sk\u00e4rmen<\/strong><\/strong><\/em><\/strong><\/p>\n\n\n\n<p>Skr\u00e4ddarsy din tr\u00e4ning med precision tack vare ett hastighetsomr\u00e5de p\u00e5 0,5 till 25 km\/h och ett lutningsalternativ p\u00e5 0-15%. Oavsett om du \u00e4r p\u00e5 hum\u00f6r f\u00f6r en lugn joggingtur eller en spurt i uppf\u00f6rsbacke, anpassar sig UL-215 enkelt till din \u00f6nskade utmaningsniv\u00e5.<\/p>\n<\/div>\n<\/div>\n\n\n\n<div class=\"wp-block-columns alignwide are-vertically-aligned-center mobile-reverse is-layout-flex wp-container-core-columns-is-layout-e8158c2f wp-block-columns-is-layout-flex\" style=\"padding-top:var(--wp--preset--spacing--side-padding)\">\n<div class=\"wp-block-column is-vertically-aligned-center is-layout-flow wp-block-column-is-layout-flow\">\n<h3 class=\"wp-block-heading\" style=\"margin-bottom:var(--wp--preset--spacing--h-3-bottom)\"><strong>Interaktiv utbildning<\/strong><\/h3>\n\n\n\n<p><strong><em><strong><strong>Anpassningsf\u00f6rm\u00e5ga och prestanda  <\/strong><\/strong><\/em><\/strong><\/p>\n\n\n\n<p>F\u00e5 ut mer av din tr\u00e4ning med integrerad \u00e5tkomst till KINOMAP och ZWIFT, s\u00e5 att du kan delta i virtuella utmaningar och springa i simulerade milj\u00f6er, riktiga rutter fr\u00e5n hela v\u00e4rlden. Virtuella tr\u00e4ningspass ger en verklighetstrogen l\u00f6pupplevelse bekv\u00e4mt hemma eller p\u00e5 gymmet<\/p>\n<\/div>\n\n\n\n<div class=\"wp-block-column is-vertically-aligned-center is-layout-flow wp-block-column-is-layout-flow\">\n<figure class=\"wp-block-video\"><video height=\"600\" style=\"aspect-ratio: 680 \/ 600;\" width=\"680\" autoplay=\"\" controls=\"\" loop=\"\" muted=\"\" src=\"https:\/\/evolve-fitness.eu\/wp-content\/uploads\/2023\/11\/Evolve-virtual-run-console-1-2.mp4\"><\/video><\/figure>\n<\/div>\n<\/div>\n\n\n\n<div class=\"wp-block-columns alignwide are-vertically-aligned-center mobile-reverse is-layout-flex wp-container-core-columns-is-layout-e8158c2f wp-block-columns-is-layout-flex\" style=\"padding-top:var(--wp--preset--spacing--side-padding)\">\n<div class=\"wp-block-column is-vertically-aligned-center is-layout-flow wp-block-column-is-layout-flow\">\n<figure class=\"wp-block-video\"><video height=\"600\" style=\"aspect-ratio: 680 \/ 600;\" width=\"680\" autoplay=\"\" controls=\"\" loop=\"\" muted=\"\" src=\"https:\/\/evolve-fitness.eu\/wp-content\/uploads\/2023\/11\/Evolve-UL-215-treadmill.mp4\"><\/video><\/figure>\n<\/div>\n\n\n\n<div class=\"wp-block-column is-vertically-aligned-center is-layout-flow wp-block-column-is-layout-flow\">\n<h3 class=\"wp-block-heading\" style=\"margin-bottom:var(--wp--preset--spacing--h-3-bottom)\"><strong>\u00d6verl\u00e4gsen l\u00f6pyta<\/strong><\/h3>\n\n\n\n<p><strong><em><strong>L\u00f6pband, b\u00e4lte och humaniserad design<\/strong><\/em><\/strong><\/p>\n\n\n\n<p style=\"margin-bottom:var(--wp--preset--spacing--tb-section-padding)\">En rymlig l\u00f6pyta p\u00e5 60 x 160 cm garanterar r\u00f6relsefrihet, medan AC3.0-motorn ger en j\u00e4mn och konsekvent k\u00f6rning. De 100 mm stora rullarna ger stabilitet och bidrar till maskinens l\u00e5nga livsl\u00e4ngd. Upplev en \u00f6verl\u00e4gsen l\u00f6pstegsplattform med en underh\u00e5llsfri remtjocklek p\u00e5 4,3 mm och en l\u00f6pstegstjocklek p\u00e5 25 mm, vilket garanterar b\u00e5de komfort och h\u00e5llbarhet.<\/p>\n<\/div>\n<\/div>\n\n\n\n<figure class=\"wp-block-video\"><video height=\"1000\" style=\"aspect-ratio: 1000 \/ 1000;\" width=\"1000\" autoplay=\"\" loop=\"\" muted=\"\" src=\"https:\/\/evolve-fitness.eu\/wp-content\/uploads\/2023\/11\/Ultra-site-apps.mp4\"><\/video><\/figure>\n<\/section>\n<\/section>\n","protected":false},"excerpt":{"rendered":"<p>  Evolve Ultra Series UL-215 Commercial Treadmill erbjuder en f\u00f6rstklassig och tekniskt avancerad tr\u00e4ningsplattform som \u00e4r perfekt f\u00f6r alla kommersiella gym, hotellfitnessrum eller hemmagym med plats f\u00f6r utrustning av professionell kvalitet. Omfamna framtidens fitness med UL-215 och utveckla ditt tr\u00e4ningspass redan idag.<\/p>\n","protected":false},"featured_media":33819,"template":"","meta":{"_acf_changed":false,"inline_featured_image":false},"product_cat":[550,546,549,1073],"product_tag":[],"class_list":{"0":"post-33793","1":"product","2":"type-product","3":"status-publish","4":"has-post-thumbnail","6":"product_cat-startsida","7":"product_cat-cardio-utrustning","8":"product_cat-kommersiell-konditionsutrustning","9":"product_cat-ultra-series-konditionstraning","11":"first","12":"instock","13":"shipping-taxable","14":"purchasable","15":"product-type-simple"},"acf":[],"_links":{"self":[{"href":"https:\/\/store.evolve-fitness.eu\/sv\/wp-json\/wp\/v2\/product\/33793","targetHints":{"allow":["GET"]}}],"collection":[{"href":"https:\/\/store.evolve-fitness.eu\/sv\/wp-json\/wp\/v2\/product"}],"about":[{"href":"https:\/\/store.evolve-fitness.eu\/sv\/wp-json\/wp\/v2\/types\/product"}],"wp:featuredmedia":[{"embeddable":true,"href":"https:\/\/store.evolve-fitness.eu\/sv\/wp-json\/wp\/v2\/media\/33819"}],"wp:attachment":[{"href":"https:\/\/store.evolve-fitness.eu\/sv\/wp-json\/wp\/v2\/media?parent=33793"}],"wp:term":[{"taxonomy":"product_cat","embeddable":true,"href":"https:\/\/store.evolve-fitness.eu\/sv\/wp-json\/wp\/v2\/product_cat?post=33793"},{"taxonomy":"product_tag","embeddable":true,"href":"https:\/\/store.evolve-fitness.eu\/sv\/wp-json\/wp\/v2\/product_tag?post=33793"}],"curies":[{"name":"wp","href":"https:\/\/api.w.org\/{rel}","templated":true}]}}