{"id":33705,"date":"2023-10-18T14:28:29","date_gmt":"2023-10-18T14:28:29","guid":{"rendered":"https:\/\/store.evolve-fitness.eu\/product\/evolve-powerlifting-kalibrerad-viktskiva-025-kg-25-kg\/"},"modified":"2025-11-07T11:51:24","modified_gmt":"2025-11-07T11:51:24","slug":"evolve-powerlifting-kalibrerad-viktskiva-025-kg-25-kg","status":"publish","type":"product","link":"https:\/\/store.evolve-fitness.eu\/sv\/produkt\/evolve-powerlifting-kalibrerad-viktskiva-025-kg-25-kg\/","title":{"rendered":"Evolve Powerlifting Kalibrerad viktskiva 0,25 kg &#8211; 25 kg"},"content":{"rendered":"\n<section class=\"wp-block-group alignfull black-content has-white-color has-darkgray-background-color has-text-color has-background is-layout-constrained wp-block-group-is-layout-constrained\" style=\"padding-top:var(--wp--preset--spacing--section-bottom);padding-bottom:var(--wp--preset--spacing--section-bottom)\">\n<div class=\"wp-block-columns alignwide mobile-reverse is-layout-flex wp-container-core-columns-is-layout-ca64bf2d wp-block-columns-is-layout-flex\" style=\"margin-bottom:var(--wp--preset--spacing--side-padding)\">\n<div class=\"wp-block-column is-vertically-aligned-center is-layout-flow wp-block-column-is-layout-flow\">\n<h3 class=\"wp-block-heading\" style=\"margin-bottom:var(--wp--preset--spacing--h-3-bottom)\">\u00d6verensst\u00e4mmelse med IPF:s standarder<\/h3>\n\n\n\n<p><em><strong>Garanterad o\u00f6vertr\u00e4ffad prestanda<\/strong><\/em><\/p>\n\n\n\n<p style=\"margin-bottom:var(--wp--preset--spacing--tb-section-padding)\">Evolve Powerlifting Steel Weight Plates uppfyller IPF-standarderna och s\u00e4tter ett nytt riktm\u00e4rke f\u00f6r kompromissl\u00f6s kvalitet och prestanda. Dessa plattor har testats rigor\u00f6st f\u00f6r att uppfylla f\u00f6rbundets str\u00e4nga krav och garanterar att du f\u00e5r uppleva den h\u00f6gsta lyftstandarden. Med Evolve kan du lita p\u00e5 att varje platta uppfyller de kriterier som kr\u00e4vs av yrkesverksamma v\u00e4rlden \u00f6ver, vilket ger o\u00f6vertr\u00e4ffad konsekvens och precision under hela din utbildningsresa.<\/p>\n<\/div>\n\n\n\n<div class=\"wp-block-column is-vertically-aligned-center is-layout-flow wp-block-column-is-layout-flow\">\n<figure class=\"wp-block-image alignright size-full is-resized is-style-rounded\"><img decoding=\"async\" src=\"https:\/\/evolve-fitness.eu\/wp-content\/uploads\/2023\/08\/1-2.jpg\" alt=\"\" class=\"wp-image-596\" style=\"object-fit:cover;width:680px;height:600px\"\/><\/figure>\n<\/div>\n<\/div>\n\n\n\n<div class=\"wp-block-columns alignwide is-layout-flex wp-container-core-columns-is-layout-c45ee707 wp-block-columns-is-layout-flex\" style=\"margin-bottom:var(--wp--preset--spacing--side-padding);padding-top:var(--wp--preset--spacing--side-padding)\">\n<div class=\"wp-block-column is-vertically-aligned-center is-layout-flow wp-block-column-is-layout-flow\">\n<figure class=\"wp-block-video\"><video height=\"1920\" style=\"aspect-ratio: 1920 \/ 1920;\" width=\"1920\" autoplay=\"\" controls=\"\" loop=\"\" muted=\"\" src=\"https:\/\/evolve-fitness.eu\/wp-content\/uploads\/2023\/10\/Evolve-Powerlifting-Calibrated-Weight-Plate25kg.mp4\"><\/video><\/figure>\n<\/div>\n\n\n\n<div class=\"wp-block-column is-vertically-aligned-center is-layout-constrained wp-block-column-is-layout-constrained\">\n<h3 class=\"wp-block-heading\" style=\"margin-bottom:var(--wp--preset--spacing--h-3-bottom)\">Maximal kalibrering, minimal tolerans<\/h3>\n\n\n\n<p><strong><em><strong><em>F\u00f6rb\u00e4ttra din prestation<\/em><\/strong><\/em><\/strong><\/p>\n\n\n\n<p style=\"margin-bottom:var(--wp--preset--spacing--tb-section-padding)\">Precision \u00e4r A och O inom styrkelyft, och Evolve Powerlifting Steel Weight Plates utm\u00e4rker sig i detta avseende. Dessa plattor \u00e4r kalibrerade med maximal precision och en minsta vikttolerans p\u00e5 \u00b1 10 g, vilket garanterar att du f\u00e5r s\u00e5 exakta och tillf\u00f6rlitliga lyft som m\u00f6jligt. S\u00e4g hejd\u00e5 till inkonsekvenser och omfamna sj\u00e4lvf\u00f6rtroendet som kommer med perfekt kalibrering, eftersom varje lyft driver dig n\u00e4rmare dina styrkem\u00e5l.<\/p>\n<\/div>\n<\/div>\n\n\n\n<div class=\"wp-block-columns alignwide is-layout-flex wp-container-core-columns-is-layout-c45ee707 wp-block-columns-is-layout-flex\" style=\"margin-bottom:var(--wp--preset--spacing--side-padding);padding-top:var(--wp--preset--spacing--side-padding)\">\n<div class=\"wp-block-column is-vertically-aligned-center is-layout-flow wp-block-column-is-layout-flow\">\n<h3 class=\"wp-block-heading\" style=\"margin-bottom:var(--wp--preset--spacing--h-3-bottom)\">Rostfritt st\u00e5l av h\u00f6gsta kvalitet<\/h3>\n\n\n\n<p><strong><em>Omfamna obeveklig styrka<\/em><\/strong><\/p>\n\n\n\n<p style=\"margin-bottom:var(--wp--preset--spacing--tb-section-padding)\">Evolve Powerlifting Steel Weight Plates \u00e4r smidda av f\u00f6rstklassigt rostfritt st\u00e5l, ett bevis p\u00e5 deras orubbliga styrka och h\u00e5llbarhet. Dessa plattor \u00e4r tillverkade f\u00f6r att t\u00e5la de mest intensiva tr\u00e4ningsprogrammen och ger en robust grund f\u00f6r dina lyftanstr\u00e4ngningar. Som en p\u00e5litlig partner i din tr\u00e4ningsresa s\u00e4kerst\u00e4ller Evolves \u00e5tagande att anv\u00e4nda material av h\u00f6gsta kvalitet att du upplever utrustning som st\u00e5r emot tidens test.<\/p>\n<\/div>\n\n\n\n<div class=\"wp-block-column is-vertically-aligned-center is-layout-flow wp-block-column-is-layout-flow\">\n<div class=\"wp-block-columns is-layout-flex wp-container-core-columns-is-layout-9d6595d7 wp-block-columns-is-layout-flex\">\n<div class=\"wp-block-column is-layout-flow wp-block-column-is-layout-flow\">\n<figure class=\"wp-block-image size-full is-resized is-style-rounded\"><img decoding=\"async\" src=\"https:\/\/evolve-fitness.eu\/wp-content\/uploads\/2023\/08\/2-1.jpg\" alt=\"\" class=\"wp-image-598\" style=\"object-fit:cover;width:680px;height:600px\"\/><\/figure>\n<\/div>\n<\/div>\n<\/div>\n<\/div>\n\n\n\n<div class=\"wp-block-columns alignwide is-layout-flex wp-container-core-columns-is-layout-c45ee707 wp-block-columns-is-layout-flex\" style=\"margin-bottom:var(--wp--preset--spacing--side-padding);padding-top:var(--wp--preset--spacing--side-padding)\">\n<div class=\"wp-block-column is-vertically-aligned-center is-layout-flow wp-block-column-is-layout-flow\">\n<figure class=\"wp-block-image size-full is-resized is-style-rounded\"><img decoding=\"async\" src=\"https:\/\/evolve-fitness.eu\/wp-content\/uploads\/2023\/08\/0-3.jpg\" alt=\"\" class=\"wp-image-594\" style=\"object-fit:cover;width:680px;height:600px\"\/><\/figure>\n<\/div>\n\n\n\n<div class=\"wp-block-column is-vertically-aligned-center is-layout-flow wp-block-column-is-layout-flow\">\n<h3 class=\"wp-block-heading\" style=\"margin-bottom:var(--wp--preset--spacing--h-3-bottom)\">Olympisk f\u00e4rgkodning och viktvariation<\/h3>\n\n\n\n<p><strong><em>Skr\u00e4ddarsydd f\u00f6r dina behov<\/em><\/strong><\/p>\n\n\n\n<p>Evolve Powerlifting viktplattor i st\u00e5l ger bekv\u00e4mlighet och m\u00e5ngsidighet till din tr\u00e4ning. Med olympisk f\u00e4rgkodning p\u00e5 sidorna \u00e4r det enkelt att v\u00e4lja r\u00e4tt vikt, vilket optimerar din tr\u00e4ningseffektivitet. V\u00e4lj mellan en m\u00e4ngd olika vikter, fr\u00e5n 0,25 kg och upp till 25 kg, f\u00f6r att matcha dina unika styrkem\u00e5l. Oavsett om du \u00e4r nyb\u00f6rjare eller en erfaren lyftare erbjuder Evolve det perfekta sortimentet f\u00f6r att h\u00f6ja din lyftupplevelse och frig\u00f6ra din fulla potential.<\/p>\n<\/div>\n<\/div>\n\n\n\n<div class=\"wp-block-columns alignwide is-layout-flex wp-container-core-columns-is-layout-c45ee707 wp-block-columns-is-layout-flex\" style=\"margin-bottom:var(--wp--preset--spacing--side-padding);padding-top:var(--wp--preset--spacing--side-padding)\">\n<div class=\"wp-block-column is-vertically-aligned-center is-layout-flow wp-block-column-is-layout-flow\">\n<h3 class=\"wp-block-heading\" style=\"margin-bottom:var(--wp--preset--spacing--h-3-bottom)\">anm\u00e4rkningsv\u00e4rt tunn profil<\/h3>\n\n\n\n<p><strong><em>Och f\u00e4rgkodad<\/em><\/strong><\/p>\n\n\n\n<p>Tillverkningsprocessen f\u00f6r dessa skivor omfattar precisionssk\u00e4rning, vilket resulterar i en anm\u00e4rkningsv\u00e4rt tunn profil. Detta medvetna designval f\u00f6rb\u00e4ttrar skivornas lastkapacitet, vilket g\u00f6r att de kan b\u00e4ra stora viktbelastningar, upp till imponerande 900+ kg. Dessutom \u00e4r varje skiva noggrant f\u00e4rgkodad, vilket tj\u00e4nar ett dubbelt syfte. Det ger dem inte bara ett visuellt tilltalande utseende, utan g\u00f6r det ocks\u00e5 mycket enklare att identifiera dem \u00e4ven p\u00e5 l\u00e5ngt avst\u00e5nd.<\/p>\n<\/div>\n\n\n\n<div class=\"wp-block-column is-vertically-aligned-center is-layout-flow wp-block-column-is-layout-flow\">\n<figure class=\"wp-block-image size-large is-resized is-style-rounded\"><img decoding=\"async\" src=\"https:\/\/evolve-fitness.eu\/wp-content\/uploads\/2023\/08\/Dimensions_Main-Camera-1024x1024.png\" alt=\"\" class=\"wp-image-4578\" style=\"object-fit:cover;width:680px;height:600px\"\/><\/figure>\n<\/div>\n<\/div>\n\n\n\n<div class=\"wp-block-columns alignwide is-layout-flex wp-container-core-columns-is-layout-c45ee707 wp-block-columns-is-layout-flex\" style=\"margin-bottom:var(--wp--preset--spacing--side-padding);padding-top:var(--wp--preset--spacing--side-padding)\">\n<div class=\"wp-block-column is-vertically-aligned-center is-layout-flow wp-block-column-is-layout-flow\">\n<div class=\"wp-block-columns is-layout-flex wp-container-core-columns-is-layout-9d6595d7 wp-block-columns-is-layout-flex\">\n<div class=\"wp-block-column is-layout-flow wp-block-column-is-layout-flow\">\n<figure class=\"wp-block-embed is-type-video is-provider-youtube wp-block-embed-youtube wp-embed-aspect-16-9 wp-has-aspect-ratio\"><div class=\"wp-block-embed__wrapper\">\n<iframe loading=\"lazy\" title=\"Evolve Free Standing Powerlifting Sound &amp; Vibration Absorption Platform\" width=\"500\" height=\"281\" src=\"https:\/\/www.youtube.com\/embed\/0ycTmQD86Mw?feature=oembed\" frameborder=\"0\" allow=\"accelerometer; autoplay; clipboard-write; encrypted-media; gyroscope; picture-in-picture; web-share\" referrerpolicy=\"strict-origin-when-cross-origin\" allowfullscreen><\/iframe>\n<\/div><\/figure>\n<\/div>\n<\/div>\n<\/div>\n<\/div>\n<\/section>\n","protected":false},"excerpt":{"rendered":"<p>Uppt\u00e4ck styrka och precision med Evolve Powerliftings viktplattor i st\u00e5l. Dessa plattor \u00e4r omsorgsfullt tillverkade av rostfritt st\u00e5l och uppfyller IPF-standarderna, vilket garanterar o\u00f6vertr\u00e4ffad prestanda och h\u00e5llbarhet. Med precisionskalibrering och en minsta vikttolerans p\u00e5 \u00b1 10 g kan du lita p\u00e5 konsekventa och tillf\u00f6rlitliga lyft. Den olympiska f\u00e4rgkodade remsan f\u00f6renklar viktidentifieringen, medan det omfattande viktutbudet, fr\u00e5n 0,25 kg till 25 kg, tillgodoser lyftare p\u00e5 alla niv\u00e5er. Lyft dina lyft med Evolves oslagbara kvalitet och hantverk, utformade f\u00f6r att klara de mest rigor\u00f6sa tr\u00e4ningsregimerna. Upplev det sj\u00e4lvf\u00f6rtroende som kommer fr\u00e5n att lyfta med Evolve Powerlifting Steel Weight Plates, det perfekta valet f\u00f6r professionell prestanda och progression.<\/p>\n","protected":false},"featured_media":148565,"template":"","meta":{"_acf_changed":false,"inline_featured_image":false},"product_cat":[550,1001,1053],"product_tag":[],"class_list":{"0":"post-33705","1":"product","2":"type-product","3":"status-publish","4":"has-post-thumbnail","6":"product_cat-startsida","7":"product_cat-fria-vikter","8":"product_cat-viktplattor","10":"first","11":"instock","12":"sale","13":"shipping-taxable","14":"purchasable","15":"product-type-variable"},"acf":[],"_links":{"self":[{"href":"https:\/\/store.evolve-fitness.eu\/sv\/wp-json\/wp\/v2\/product\/33705","targetHints":{"allow":["GET"]}}],"collection":[{"href":"https:\/\/store.evolve-fitness.eu\/sv\/wp-json\/wp\/v2\/product"}],"about":[{"href":"https:\/\/store.evolve-fitness.eu\/sv\/wp-json\/wp\/v2\/types\/product"}],"wp:featuredmedia":[{"embeddable":true,"href":"https:\/\/store.evolve-fitness.eu\/sv\/wp-json\/wp\/v2\/media\/148565"}],"wp:attachment":[{"href":"https:\/\/store.evolve-fitness.eu\/sv\/wp-json\/wp\/v2\/media?parent=33705"}],"wp:term":[{"taxonomy":"product_cat","embeddable":true,"href":"https:\/\/store.evolve-fitness.eu\/sv\/wp-json\/wp\/v2\/product_cat?post=33705"},{"taxonomy":"product_tag","embeddable":true,"href":"https:\/\/store.evolve-fitness.eu\/sv\/wp-json\/wp\/v2\/product_tag?post=33705"}],"curies":[{"name":"wp","href":"https:\/\/api.w.org\/{rel}","templated":true}]}}