{"id":33463,"date":"2023-10-18T14:10:57","date_gmt":"2023-10-18T14:10:57","guid":{"rendered":"https:\/\/store.evolve-fitness.eu\/product\/evolve-cpu-stotfangarplatta-i-uretan-5-25-kg\/"},"modified":"2026-04-23T12:00:23","modified_gmt":"2026-04-23T12:00:23","slug":"evolve-cpu-stotfangarplatta-i-uretan-5-25-kg","status":"publish","type":"product","link":"https:\/\/store.evolve-fitness.eu\/sv\/produkt\/evolve-cpu-stotfangarplatta-i-uretan-5-25-kg\/","title":{"rendered":"Evolve CPU St\u00f6tf\u00e5ngarplatta i uretan 5 &#8211; 25 kg"},"content":{"rendered":"\n<section class=\"wp-block-group alignfull black-content has-white-color has-darkgray-background-color has-text-color has-background is-layout-constrained wp-block-group-is-layout-constrained\" style=\"padding-top:var(--wp--preset--spacing--section-bottom);padding-bottom:var(--wp--preset--spacing--section-bottom)\">\n<div class=\"wp-block-columns alignwide is-layout-flex wp-container-core-columns-is-layout-c45ee707 wp-block-columns-is-layout-flex\" style=\"margin-bottom:var(--wp--preset--spacing--side-padding);padding-top:var(--wp--preset--spacing--side-padding)\">\n<div class=\"wp-block-column is-vertically-aligned-center is-layout-flow wp-block-column-is-layout-flow\">\n<figure class=\"wp-block-image size-large is-resized is-style-rounded\"><img decoding=\"async\" src=\"https:\/\/evolve-fitness.eu\/wp-content\/uploads\/2023\/10\/Evolve-CPU-Urethane-Bumpers-2-1024x1024.png\" alt=\"\" class=\"wp-image-4285\" style=\"object-fit:cover;width:680px;height:600px\"\/><\/figure>\n<\/div>\n\n\n\n<div class=\"wp-block-column is-vertically-aligned-center is-layout-constrained wp-block-column-is-layout-constrained\">\n<h3 class=\"wp-block-heading\" style=\"margin-bottom:var(--wp--preset--spacing--h-3-bottom)\">CPU-bel\u00e4ggning med uretan  <\/h3>\n\n\n\n<p><strong><em><strong><em>Ultimat h\u00e5llbarhet<\/em><\/strong><\/em><\/strong><\/p>\n\n\n\n<p style=\"margin-bottom:var(--wp--preset--spacing--tb-section-padding)\">Uppt\u00e4ck den exceptionella h\u00e5llbarheten hos CPU Urethane-bel\u00e4ggning f\u00f6r gymutrustning. Till skillnad fr\u00e5n gummi beh\u00e5ller CPU Urethane sitt utseende \u00e4ven efter m\u00e5nga \u00e5rs konstant anv\u00e4ndning, tack vare sin UV-, brott-, v\u00e4rme- och slitstyrka. Dess luktfria sammans\u00e4ttning och enast\u00e5ende styrka g\u00f6r den till ett idealiskt val f\u00f6r att skydda gymgolv, minska tr\u00e4ningsljud och tillhandah\u00e5lla en l\u00e5ngsiktig, kostnadseffektiv l\u00f6sning f\u00f6r b\u00e5de hemmagym och kommersiella gym. Investera i kvalitet som h\u00e5ller med CPU Urethane.<\/p>\n<\/div>\n<\/div>\n\n\n\n<div class=\"wp-block-columns alignwide is-layout-flex wp-container-core-columns-is-layout-c45ee707 wp-block-columns-is-layout-flex\" style=\"margin-bottom:var(--wp--preset--spacing--side-padding);padding-top:var(--wp--preset--spacing--side-padding)\">\n<div class=\"wp-block-column is-vertically-aligned-center is-layout-flow wp-block-column-is-layout-flow\">\n<h3 class=\"wp-block-heading\" style=\"margin-bottom:var(--wp--preset--spacing--h-3-bottom)\">Logotyp och viktindikering<\/h3>\n\n\n\n<p><em><strong>Tillverkad med precision<\/strong><\/em><\/p>\n\n\n\n<p>V\u00e5ra viktsiffror \u00e4r noggrant laserskurna och skickligt gjutna, vilket garanterar ett rent och splintfritt utseende som utstr\u00e5lar hantverkskunnande och precision. Vi g\u00f6r det lilla extra f\u00f6r att garantera h\u00e5llbar kvalitet genom att f\u00f6rse b\u00e5de siffror och logotyper med f\u00f6rstklassig uretan. Denna innovativa process skapar inte bara starka och livfulla f\u00e4rger utan s\u00e4kerst\u00e4ller ocks\u00e5 att de st\u00e5r emot tidens tand och inte bleknar eller slits.<\/p>\n<\/div>\n\n\n\n<div class=\"wp-block-column is-vertically-aligned-center is-layout-flow wp-block-column-is-layout-flow\">\n<div class=\"wp-block-columns is-layout-flex wp-container-core-columns-is-layout-9d6595d7 wp-block-columns-is-layout-flex\">\n<div class=\"wp-block-column is-layout-flow wp-block-column-is-layout-flow\">\n<figure class=\"wp-block-image size-large is-resized is-style-rounded\"><img decoding=\"async\" src=\"https:\/\/evolve-fitness.eu\/wp-content\/uploads\/2023\/10\/Bumper-plate-1-edited-scaled.jpg\" alt=\"\" class=\"wp-image-4289\" style=\"object-fit:cover;width:680px;height:600px\"\/><\/figure>\n<\/div>\n<\/div>\n<\/div>\n<\/div>\n\n\n\n<div class=\"wp-block-columns alignwide is-layout-flex wp-container-core-columns-is-layout-c45ee707 wp-block-columns-is-layout-flex\" style=\"margin-bottom:var(--wp--preset--spacing--side-padding);padding-top:var(--wp--preset--spacing--side-padding)\">\n<div class=\"wp-block-column is-vertically-aligned-center is-layout-flow wp-block-column-is-layout-flow\">\n<figure class=\"wp-block-image size-large is-resized is-style-rounded\"><img decoding=\"async\" src=\"https:\/\/evolve-fitness.eu\/wp-content\/uploads\/2023\/10\/Barbell-1024x863.png\" alt=\"\" class=\"wp-image-4279\" style=\"object-fit:cover;width:671px;height:592px\"\/><\/figure>\n<\/div>\n\n\n\n<div class=\"wp-block-column is-vertically-aligned-center is-layout-flow wp-block-column-is-layout-flow\">\n<h3 class=\"wp-block-heading\" style=\"margin-bottom:var(--wp--preset--spacing--h-3-bottom)\"><strong>Precision full\u00e4ndad<\/strong><\/h3>\n\n\n\n<p><strong><em><strong>CPU-st\u00f6tf\u00e5ngare i uretan<\/strong><\/em><\/strong><\/p>\n\n\n\n<p>Upplev o\u00f6vertr\u00e4ffad precision med Evolve CPU Urethane Bumpers. V\u00e5ra st\u00f6tf\u00e5ngare \u00e4r noggrant kalibrerade och har en anm\u00e4rkningsv\u00e4rd vikttolerans p\u00e5 bara +\/- 2 gram &#8211; vilket s\u00e4tter standarden f\u00f6r n\u00e4stan felfri noggrannhet i v\u00e4rlden av tr\u00e4ningsutrustning. Lyft dina tr\u00e4ningspass med tillf\u00f6rsikt, tack vare v\u00e5ra precisionskonstruerade st\u00f6tf\u00e5ngare.<\/p>\n<\/div>\n<\/div>\n<\/section>\n","protected":false},"excerpt":{"rendered":"<p>Evolve CPU st\u00f6tf\u00e5ngarplattor i uretan. Dessa h\u00f6gkvalitativa plattor har enast\u00e5ende h\u00e5llbarhet med en UV- och slitstark uretanbel\u00e4ggning. De \u00e4r precisionskalibrerade med en noggrannhet p\u00e5 +\/- 2 gram och har laserskurna viktsiffror och logotyper med uretan f\u00f6r l\u00e5ngvarig livfullhet. Evolve CPU Urethane Bumper Plates \u00e4r idealiska f\u00f6r b\u00e5de hemmagym och kommersiella gym och ger en ekonomisk, l\u00e5ngsiktig investering i prestanda och h\u00e5llbarhet<\/p>\n","protected":false},"featured_media":33467,"template":"","meta":{"_acf_changed":false,"inline_featured_image":false},"product_cat":[2408,1001,1053],"product_tag":[],"class_list":{"0":"post-33463","1":"product","2":"type-product","3":"status-publish","4":"has-post-thumbnail","6":"product_cat-hyrox-redskap","7":"product_cat-fria-vikter","8":"product_cat-viktplattor","10":"first","11":"instock","12":"shipping-taxable","13":"purchasable","14":"product-type-variable"},"acf":[],"_links":{"self":[{"href":"https:\/\/store.evolve-fitness.eu\/sv\/wp-json\/wp\/v2\/product\/33463","targetHints":{"allow":["GET"]}}],"collection":[{"href":"https:\/\/store.evolve-fitness.eu\/sv\/wp-json\/wp\/v2\/product"}],"about":[{"href":"https:\/\/store.evolve-fitness.eu\/sv\/wp-json\/wp\/v2\/types\/product"}],"wp:featuredmedia":[{"embeddable":true,"href":"https:\/\/store.evolve-fitness.eu\/sv\/wp-json\/wp\/v2\/media\/33467"}],"wp:attachment":[{"href":"https:\/\/store.evolve-fitness.eu\/sv\/wp-json\/wp\/v2\/media?parent=33463"}],"wp:term":[{"taxonomy":"product_cat","embeddable":true,"href":"https:\/\/store.evolve-fitness.eu\/sv\/wp-json\/wp\/v2\/product_cat?post=33463"},{"taxonomy":"product_tag","embeddable":true,"href":"https:\/\/store.evolve-fitness.eu\/sv\/wp-json\/wp\/v2\/product_tag?post=33463"}],"curies":[{"name":"wp","href":"https:\/\/api.w.org\/{rel}","templated":true}]}}