{"id":32884,"date":"2023-10-18T10:23:48","date_gmt":"2023-10-18T10:23:48","guid":{"rendered":"https:\/\/store.evolve-fitness.eu\/product\/evolve-viktskivor-av-gummi-125-25-kg\/"},"modified":"2026-04-20T11:59:18","modified_gmt":"2026-04-20T11:59:18","slug":"evolve-viktskivor-av-gummi-125-25-kg","status":"publish","type":"product","link":"https:\/\/store.evolve-fitness.eu\/sv\/produkt\/evolve-viktskivor-av-gummi-125-25-kg\/","title":{"rendered":"Evolve Viktskivor av gummi 1,25 &#8211; 25 kg"},"content":{"rendered":"\n<section class=\"wp-block-group alignfull black-content has-white-color has-darkgray-background-color has-text-color has-background is-layout-constrained wp-block-group-is-layout-constrained\" style=\"padding-top:var(--wp--preset--spacing--section-bottom);padding-bottom:var(--wp--preset--spacing--section-bottom)\">\n<div class=\"wp-block-columns alignwide is-layout-flex wp-container-core-columns-is-layout-c45ee707 wp-block-columns-is-layout-flex\" style=\"margin-bottom:var(--wp--preset--spacing--side-padding);padding-top:var(--wp--preset--spacing--side-padding)\">\n<div class=\"wp-block-column is-vertically-aligned-center is-layout-constrained wp-block-column-is-layout-constrained\">\n<h3 class=\"wp-block-heading\" style=\"margin-bottom:var(--wp--preset--spacing--h-3-bottom)\">LOGOTYP OCH VIKTANGIVELSE<\/h3>\n\n\n\n<p><strong><em><strong><em>F\u00f6rb\u00e4ttrad h\u00e5llbarhet<\/em><\/strong><\/em><\/strong><\/p>\n\n\n\n<p style=\"margin-bottom:var(--wp--preset--spacing--tb-section-padding)\">V\u00e5rt logotyp- och viktindikeringssystem anv\u00e4nder laserskurna viktsiffror, vilket garanterar ett perfekt, splintfritt utseende. Dessutom \u00e4r siffrorna och logotypen infuserade med l\u00e5ngtidsbest\u00e4ndig uretan, vilket garanterar livfulla f\u00e4rger som inte bleknar med tiden. V\u00e4lj oss f\u00f6r o\u00f6vertr\u00e4ffad h\u00e5llbarhet och tydlighet i dina behov av viktindikering.<\/p>\n<\/div>\n\n\n\n<div class=\"wp-block-column is-vertically-aligned-center is-layout-flow wp-block-column-is-layout-flow\">\n<figure class=\"wp-block-video\"><video height=\"864\" style=\"aspect-ratio: 1154 \/ 864;\" width=\"1154\" autoplay=\"\" controls=\"\" loop=\"\" src=\"https:\/\/evolve-fitness.eu\/wp-content\/uploads\/2024\/01\/EV-WP-RB-Evolve.mp4\"><\/video><\/figure>\n<\/div>\n<\/div>\n\n\n\n<div class=\"wp-block-columns alignwide is-layout-flex wp-container-core-columns-is-layout-c45ee707 wp-block-columns-is-layout-flex\" style=\"margin-bottom:var(--wp--preset--spacing--side-padding);padding-top:var(--wp--preset--spacing--side-padding)\">\n<div class=\"wp-block-column is-vertically-aligned-center is-layout-flow wp-block-column-is-layout-flow\">\n<figure class=\"wp-block-image size-large\"><img decoding=\"async\" src=\"https:\/\/evolve-fitness.eu\/wp-content\/uploads\/2024\/01\/EV-WP-RB-683x1024.jpg\" alt=\"EV-WP-RB\" class=\"wp-image-9815\"\/><\/figure>\n<\/div>\n\n\n\n<div class=\"wp-block-column is-vertically-aligned-center is-layout-flow wp-block-column-is-layout-flow\">\n<h3 class=\"wp-block-heading\" style=\"margin-bottom:var(--wp--preset--spacing--h-3-bottom)\"><strong>FUNKTIONALITET<\/strong><\/h3>\n\n\n\n<p><strong><em><strong>H\u00e5llbarhet, s\u00e4kerhet och grepp i ett<\/strong><\/em><\/strong><\/p>\n\n\n\n<p>Dessa viktskivor \u00e4r konstruerade med st\u00f6rsta m\u00f6jliga funktionalitet i \u00e5tanke och \u00e4r inkapslade i slitstarkt gummi som skyddar b\u00e5de golv och utrustning fr\u00e5n potentiella skador samtidigt som tr\u00e4ningsljudet h\u00e5lls p\u00e5 ett minimum. Den strukturerade ytan \u00e4r l\u00e4tt att reng\u00f6ra, halkfri och har ett exceptionellt grepp f\u00f6r s\u00e4ker hantering, vilket garanterar din s\u00e4kerhet \u00e4ven under de mest intensiva tr\u00e4ningspassen.<\/p>\n<\/div>\n<\/div>\n\n\n\n<div class=\"wp-block-columns alignwide is-layout-flex wp-container-core-columns-is-layout-c45ee707 wp-block-columns-is-layout-flex\" style=\"margin-bottom:var(--wp--preset--spacing--side-padding);padding-top:var(--wp--preset--spacing--side-padding)\">\n<div class=\"wp-block-column is-vertically-aligned-center is-layout-flow wp-block-column-is-layout-flow\">\n<h3 class=\"wp-block-heading\" style=\"margin-bottom:var(--wp--preset--spacing--h-3-bottom)\">enkel justering av motst\u00e5nd<\/h3>\n\n\n\n<p><em><strong>Tillverkad med precision<\/strong><\/em><\/p>\n\n\n\n<p>Dessa plattor \u00e4r tillverkade med en h\u00e5llbar hylsa i rostfritt st\u00e5l och precisionsgjutning, vilket garanterar en passform p\u00e5 alla olympiska st\u00e4nger. Att ladda och lossa vikter \u00e4r en barnlek tack vare de ergonomiska rundade hylsspetsarna. Med tre praktiska handtag och en halkfri gummistruktur f\u00e5r du dessutom ett s\u00e4kert grepp, \u00e4ven under de mest kr\u00e4vande lyften. F\u00f6rh\u00f6j din tr\u00e4ningsupplevelse med v\u00e5ra m\u00e5ngsidiga och anv\u00e4ndarv\u00e4nliga viktskivor.<\/p>\n<\/div>\n\n\n\n<div class=\"wp-block-column is-vertically-aligned-center is-layout-flow wp-block-column-is-layout-flow\">\n<div class=\"wp-block-columns is-layout-flex wp-container-core-columns-is-layout-9d6595d7 wp-block-columns-is-layout-flex\">\n<div class=\"wp-block-column is-layout-flow wp-block-column-is-layout-flow\">\n<figure class=\"wp-block-video\"><video height=\"864\" style=\"aspect-ratio: 1154 \/ 864;\" width=\"1154\" autoplay=\"\" controls=\"\" loop=\"\" muted=\"\" src=\"https:\/\/evolve-fitness.eu\/wp-content\/uploads\/2024\/01\/EV-WP-RB-Cut.mp4\"><\/video><\/figure>\n<\/div>\n<\/div>\n<\/div>\n<\/div>\n<\/section>\n","protected":false},"excerpt":{"rendered":"<p>H\u00f6j niv\u00e5n p\u00e5 dina tr\u00e4ningspass med Evolve Rubber Weight Plates. V\u00e5ra Evolve Rubber Weight Plates \u00e4r det perfekta valet f\u00f6r professionella gym och tr\u00e4ningsentusiaster i hemmet. Dessa plattor \u00e4r tillverkade av h\u00f6gkvalitativt, luktfritt gummi, har rostfria hylsor av rostfritt st\u00e5l och finns i olika vikter fr\u00e5n 1,25 kg till 25 kg. Deras exceptionella h\u00e5llbarhet, precisionsgjutning och halkfria design g\u00f6r dem perfekta f\u00f6r intensiva tr\u00e4ningspass. Dessa plattor, som enkelt kan f\u00e4stas p\u00e5 Olympic 50 mm styrst\u00e4nger, \u00e4r inte bara funktionella utan ocks\u00e5 snygga med laserskurna viktsiffror och en dj\u00e4rv logotyp. Uppgradera din tr\u00e4ningsrutin med Evolve Weight Plates idag.<\/p>\n","protected":false},"featured_media":32969,"template":"","meta":{"_acf_changed":false,"inline_featured_image":false},"product_cat":[1001,1053],"product_tag":[],"class_list":{"0":"post-32884","1":"product","2":"type-product","3":"status-publish","4":"has-post-thumbnail","6":"product_cat-fria-vikter","7":"product_cat-viktplattor","9":"first","10":"instock","11":"shipping-taxable","12":"purchasable","13":"product-type-variable"},"acf":[],"_links":{"self":[{"href":"https:\/\/store.evolve-fitness.eu\/sv\/wp-json\/wp\/v2\/product\/32884","targetHints":{"allow":["GET"]}}],"collection":[{"href":"https:\/\/store.evolve-fitness.eu\/sv\/wp-json\/wp\/v2\/product"}],"about":[{"href":"https:\/\/store.evolve-fitness.eu\/sv\/wp-json\/wp\/v2\/types\/product"}],"wp:featuredmedia":[{"embeddable":true,"href":"https:\/\/store.evolve-fitness.eu\/sv\/wp-json\/wp\/v2\/media\/32969"}],"wp:attachment":[{"href":"https:\/\/store.evolve-fitness.eu\/sv\/wp-json\/wp\/v2\/media?parent=32884"}],"wp:term":[{"taxonomy":"product_cat","embeddable":true,"href":"https:\/\/store.evolve-fitness.eu\/sv\/wp-json\/wp\/v2\/product_cat?post=32884"},{"taxonomy":"product_tag","embeddable":true,"href":"https:\/\/store.evolve-fitness.eu\/sv\/wp-json\/wp\/v2\/product_tag?post=32884"}],"curies":[{"name":"wp","href":"https:\/\/api.w.org\/{rel}","templated":true}]}}