{"id":32258,"date":"2023-10-18T13:17:28","date_gmt":"2023-10-18T13:17:28","guid":{"rendered":"https:\/\/store.evolve-fitness.eu\/product\/evolve-hi-temp-x-bumper-viktplattor-5-25-kg\/"},"modified":"2026-04-23T12:01:07","modified_gmt":"2026-04-23T12:01:07","slug":"evolve-hi-temp-x-bumper-viktplattor-5-25-kg","status":"publish","type":"product","link":"https:\/\/store.evolve-fitness.eu\/sv\/produkt\/evolve-hi-temp-x-bumper-viktplattor-5-25-kg\/","title":{"rendered":"Evolve Hi-Temp X Bumper Viktplattor 5 &#8211; 25 kg"},"content":{"rendered":"\n<section class=\"wp-block-group alignfull black-content has-white-color has-darkgray-background-color has-text-color has-background is-layout-constrained wp-block-group-is-layout-constrained\" style=\"padding-top:var(--wp--preset--spacing--section-bottom);padding-bottom:var(--wp--preset--spacing--section-bottom)\">\n<div class=\"wp-block-columns alignwide mobile-reverse is-layout-flex wp-container-core-columns-is-layout-ca64bf2d wp-block-columns-is-layout-flex\" style=\"margin-bottom:var(--wp--preset--spacing--side-padding)\">\n<div class=\"wp-block-column is-vertically-aligned-center is-layout-flow wp-block-column-is-layout-flow\">\n<h3 class=\"wp-block-heading\" style=\"margin-bottom:var(--wp--preset--spacing--h-3-bottom)\">PERFEKT PASSFORM<\/h3>\n\n\n\n<p><em><strong>Garanterad o\u00f6vertr\u00e4ffad prestanda<\/strong><\/em><\/p>\n\n\n\n<p style=\"margin-bottom:var(--wp--preset--spacing--tb-section-padding)\">Uppt\u00e4ck de perfekt passande viktskivorna med precisionsgjutning och hylsor i rostfritt st\u00e5l som garanterar kompatibilitet med alla olympiska 50 mm st\u00e4nger. V\u00e5ra viktskivor har ergonomiska rundade hylsor f\u00f6r enkel p\u00e5- och avlastning, medan den texturerade gummiytan ger ett s\u00e4kert grepp \u00e4ven med tunga vikter. F\u00f6rh\u00f6j din tr\u00e4ningsupplevelse med v\u00e5r f\u00f6rstklassiga fitnessutrustning.<\/p>\n<\/div>\n\n\n\n<div class=\"wp-block-column is-vertically-aligned-center is-layout-flow wp-block-column-is-layout-flow\">\n<figure class=\"wp-block-image size-large is-resized\"><img decoding=\"async\" src=\"https:\/\/evolve-fitness.eu\/wp-content\/uploads\/2023\/10\/Evolve-Hi-Temp-X-Bumper-Weight-Plates-2-edited.png\" alt=\"\" class=\"wp-image-4234\" style=\"object-fit:cover;width:680px;height:600px\"\/><\/figure>\n<\/div>\n<\/div>\n\n\n\n<div class=\"wp-block-columns alignwide is-layout-flex wp-container-core-columns-is-layout-c45ee707 wp-block-columns-is-layout-flex\" style=\"margin-bottom:var(--wp--preset--spacing--side-padding);padding-top:var(--wp--preset--spacing--side-padding)\">\n<div class=\"wp-block-column is-vertically-aligned-center is-layout-flow wp-block-column-is-layout-flow\">\n<figure class=\"wp-block-image size-large\"><img decoding=\"async\" src=\"https:\/\/evolve-fitness.eu\/wp-content\/uploads\/2023\/10\/A7_08262-1-683x1024.jpg\" alt=\"\" class=\"wp-image-9112\"\/><\/figure>\n<\/div>\n\n\n\n<div class=\"wp-block-column is-vertically-aligned-center is-layout-constrained wp-block-column-is-layout-constrained\">\n<h3 class=\"wp-block-heading\" style=\"margin-bottom:var(--wp--preset--spacing--h-3-bottom)\">Viktplattor, kompletterade med ett robust rack<\/h3>\n\n\n\n<p>P<strong><em><strong><em>en dynamisk duo f\u00f6r styrketr\u00e4ning<\/em><\/strong><\/em><\/strong> och en elegant estetik<\/p>\n\n\n\n<p style=\"margin-bottom:var(--wp--preset--spacing--tb-section-padding)\">Dessa plattor, tillverkade av elastiskt gummi, varierar i vikt och tillgodoser olika tr\u00e4ningsniv\u00e5er. Deras design s\u00e4kerst\u00e4ller en bra passform p\u00e5 olympiska st\u00e4nger, med fokus p\u00e5 brusreducering och st\u00f6td\u00e4mpning. Den medf\u00f6ljande hyllan, med sin str\u00f6mlinjeformade design, erbjuder en organiserad f\u00f6rvaringsl\u00f6sning som h\u00e5ller tallrikarna tillg\u00e4ngliga och tr\u00e4ningsutrymmet st\u00e4dat. Denna kombination f\u00f6rb\u00e4ttrar alla gymuppst\u00e4llningar och kombinerar funktionalitet med en elegant estetik.<\/p>\n<\/div>\n<\/div>\n\n\n\n<div class=\"wp-block-columns alignwide mobile-reverse is-layout-flex wp-container-core-columns-is-layout-ca64bf2d wp-block-columns-is-layout-flex\" style=\"margin-bottom:var(--wp--preset--spacing--side-padding)\">\n<div class=\"wp-block-column is-vertically-aligned-center is-layout-flow wp-block-column-is-layout-flow\">\n<h3 class=\"wp-block-heading\" style=\"margin-bottom:var(--wp--preset--spacing--h-3-bottom)\">Tallrikar finns i olika storlekar<\/h3>\n\n\n\n<p><em><strong><strong><em>F\u00f6r olika styrkeniv\u00e5er och tr\u00e4ningsbehov<\/em><\/strong><\/strong><\/em><\/p>\n\n\n\n<p style=\"margin-bottom:var(--wp--preset--spacing--tb-section-padding)\">De mindre plattorna \u00e4r perfekta f\u00f6r gradvis progression, s\u00e5 att anv\u00e4ndarna kan \u00f6ka sin lyftvikt i hanterbara steg. Samtidigt passar de st\u00f6rre plattorna f\u00f6r mer avancerade tyngdlyftare som vill ha ett betydande motst\u00e5nd. Varje storlek h\u00e5ller samma kvalitet och h\u00e5llbarhet som varum\u00e4rket Evolve, med samma gummimaterial och kompatibilitet med olympiska st\u00e4nger.<\/p>\n<\/div>\n\n\n\n<div class=\"wp-block-column is-vertically-aligned-center is-layout-flow wp-block-column-is-layout-flow\">\n<figure class=\"wp-block-gallery has-nested-images columns-default is-cropped wp-block-gallery-1 is-layout-flex wp-block-gallery-is-layout-flex\">\n<figure class=\"wp-block-image size-large\"><img decoding=\"async\" data-id=\"9116\" src=\"https:\/\/evolve-fitness.eu\/wp-content\/uploads\/2023\/10\/A7_08265-1024x683.jpg\" alt=\"\" class=\"wp-image-9116\"\/><\/figure>\n<\/figure>\n<\/div>\n<\/div>\n\n\n\n<div class=\"wp-block-columns alignwide is-layout-flex wp-container-core-columns-is-layout-c45ee707 wp-block-columns-is-layout-flex\" style=\"margin-bottom:var(--wp--preset--spacing--side-padding);padding-top:var(--wp--preset--spacing--side-padding)\">\n<div class=\"wp-block-column is-vertically-aligned-center is-layout-flow wp-block-column-is-layout-flow\">\n<figure class=\"wp-block-image size-large is-resized is-style-default\"><img decoding=\"async\" src=\"https:\/\/evolve-fitness.eu\/wp-content\/uploads\/2023\/10\/6KT8117-1024x1024.jpg\" alt=\"\" class=\"wp-image-4232\" style=\"object-fit:cover;width:680px;height:600px\"\/><\/figure>\n<\/div>\n\n\n\n<div class=\"wp-block-column is-vertically-aligned-center is-layout-constrained wp-block-column-is-layout-constrained\">\n<h3 class=\"wp-block-heading\" style=\"margin-bottom:var(--wp--preset--spacing--h-3-bottom)\">MJUK STUDS OCH BRUSREDUCERING<\/h3>\n\n\n\n<p><strong><em><strong><em>F\u00f6rb\u00e4ttra din prestation<\/em><\/strong><\/em><\/strong><\/p>\n\n\n\n<p style=\"margin-bottom:var(--wp--preset--spacing--tb-section-padding)\">Upplev exceptionell st\u00f6td\u00e4mpning och bullerd\u00e4mpning under dina intensiva tr\u00e4ningspass med Evolve Crumb Bumper Plates. Dessa plattor \u00e4r tillverkade av mjukt men h\u00e5llbart gummi och har f\u00f6rstklassiga d\u00e4mpningsegenskaper, vilket garanterar s\u00e4kerheten f\u00f6r dina golv och din utrustning. De \u00e4r perfekta f\u00f6r b\u00e5de inomhus- och utomhusbruk och ger en skonsam, golvv\u00e4nlig l\u00f6sning f\u00f6r dina tr\u00e4ningsbehov.<\/p>\n<\/div>\n<\/div>\n\n\n\n<div class=\"wp-block-columns alignwide is-layout-flex wp-container-core-columns-is-layout-c45ee707 wp-block-columns-is-layout-flex\" style=\"margin-bottom:var(--wp--preset--spacing--side-padding);padding-top:var(--wp--preset--spacing--side-padding)\">\n<div class=\"wp-block-column is-vertically-aligned-center is-layout-flow wp-block-column-is-layout-flow\">\n<h3 class=\"wp-block-heading\" style=\"margin-bottom:var(--wp--preset--spacing--h-3-bottom)\">H\u00c5LLBARA FORMAR F\u00d6R LOGOTYPER<\/h3>\n\n\n\n<p><em><strong>L\u00e5ngvarig och elegant<\/strong><\/em><\/p>\n\n\n\n<p>F\u00f6rh\u00f6j din tr\u00e4ningsutrustning med Evolve Hi-Temp X Bumper viktplattor, d\u00e4r h\u00e5llbarhet m\u00f6ter stil. V\u00e5ra tallrikar har en innovativ design med en logotyp och viktsiffror som inte bara \u00e4r tryckta utan faktiskt \u00e4r ingjutna och permanent gjutna i tallrikens yta. Denna unika process s\u00e4kerst\u00e4ller att markeringarna aldrig kommer att n\u00f6tas bort, blekna eller f\u00f6rs\u00e4mras, vilket bevarar deras felfria utseende under hela din tr\u00e4ningsresa. Investera i utrustning som kan klara testet av tid och tr\u00e4ning, v\u00e4lj Evolve Hi-Temp X Bumper Weight Plates f\u00f6r o\u00f6vertr\u00e4ffad livsl\u00e4ngd och kvalitet i din tr\u00e4ningsarsenal.<\/p>\n<\/div>\n\n\n\n<div class=\"wp-block-column is-vertically-aligned-center is-layout-flow wp-block-column-is-layout-flow\">\n<div class=\"wp-block-columns is-layout-flex wp-container-core-columns-is-layout-9d6595d7 wp-block-columns-is-layout-flex\">\n<div class=\"wp-block-column is-layout-flow wp-block-column-is-layout-flow\">\n<figure class=\"wp-block-image size-full is-resized is-style-default\"><img decoding=\"async\" src=\"https:\/\/evolve-fitness.eu\/wp-content\/uploads\/2023\/10\/evolve-Bumper-Weight-edited.jpg\" alt=\"\" class=\"wp-image-4230\" style=\"object-fit:cover;width:680px;height:600px\"\/><\/figure>\n<\/div>\n<\/div>\n<\/div>\n<\/div>\n\n\n\n<div class=\"wp-block-columns alignwide is-layout-flex wp-container-core-columns-is-layout-c45ee707 wp-block-columns-is-layout-flex\" style=\"margin-bottom:var(--wp--preset--spacing--side-padding);padding-top:var(--wp--preset--spacing--side-padding)\">\n<div class=\"wp-block-column is-vertically-aligned-center is-layout-flow wp-block-column-is-layout-flow\">\n<figure class=\"wp-block-image size-large is-resized is-style-default\"><img decoding=\"async\" src=\"https:\/\/evolve-fitness.eu\/wp-content\/uploads\/2023\/10\/Measurments-1-1024x1024.png\" alt=\"\" class=\"wp-image-4258\" style=\"object-fit:cover;width:671px;height:592px\"\/><\/figure>\n<\/div>\n\n\n\n<div class=\"wp-block-column is-vertically-aligned-center is-layout-flow wp-block-column-is-layout-flow\">\n<h3 class=\"wp-block-heading\" style=\"margin-bottom:var(--wp--preset--spacing--h-3-bottom)\">Revolutionera din styrka  <\/h3>\n\n\n\n<p><strong><em>Tr\u00e4ning med Evolve X-st\u00f6tf\u00e5ngare<\/em><\/strong><\/p>\n\n\n\n<p>Evolve X-st\u00f6tf\u00e5ngare, nu med en banbrytande design av komprimerat gummi som \u00e4r tunnare \u00e4n vanliga st\u00f6tf\u00e5ngare. Denna innovation ger dig m\u00f6jlighet att maximera din skivst\u00e5ngs viktkapacitet och \u00f6ka den till imponerande 210 kg. F\u00f6rb\u00e4ttra din styrketr\u00e4ning med dessa h\u00f6gpresterande bumpers.<\/p>\n<\/div>\n<\/div>\n\n\n\n<figure class=\"wp-block-video\"><video height=\"860\" style=\"aspect-ratio: 818 \/ 860;\" width=\"818\" autoplay=\"\" controls=\"\" loop=\"\" muted=\"\" preload=\"auto\" src=\"https:\/\/evolve-fitness.eu\/wp-content\/uploads\/2023\/10\/5-360.mp4\"><\/video><\/figure>\n<\/section>\n","protected":false},"excerpt":{"rendered":"<p>Uppt\u00e4ck de ultimata tr\u00e4ningskompisarna med Evolve Hi-Temp X Bumper viktplattor fr\u00e5n 5 kg till 25 kg. Dessa plattor \u00e4r tillverkade av slitstarkt komprimerat gummi och har utm\u00e4rkt st\u00f6td\u00e4mpning och bullerd\u00e4mpning, vilket g\u00f6r dem idealiska f\u00f6r hemmagym och kommersiella gym. Deras mjuka studs och bullerd\u00e4mpande egenskaper skyddar dina golv och g\u00f6r tr\u00e4ningen lugn och rofylld. De \u00e4r utformade f\u00f6r perfekt passform och har en hylsa i rostfritt st\u00e5l och exakt gjutning f\u00f6r att utan problem passa alla Olympic 50 mm-st\u00e4nger. Med ergonomiskt rundade hylsor och texturerade gummiytor f\u00f6r ett s\u00e4kert grepp ger dessa plattor en s\u00f6ml\u00f6s lyftupplevelse. F\u00f6rb\u00e4ttra din tr\u00e4ning med Evolves f\u00f6rstklassiga bumper-viktskivor.<\/p>\n","protected":false},"featured_media":93482,"template":"","meta":{"_acf_changed":false,"inline_featured_image":false},"product_cat":[1001,1053],"product_tag":[],"class_list":{"0":"post-32258","1":"product","2":"type-product","3":"status-publish","4":"has-post-thumbnail","6":"product_cat-fria-vikter","7":"product_cat-viktplattor","9":"first","10":"instock","11":"shipping-taxable","12":"purchasable","13":"product-type-variable"},"acf":[],"_links":{"self":[{"href":"https:\/\/store.evolve-fitness.eu\/sv\/wp-json\/wp\/v2\/product\/32258","targetHints":{"allow":["GET"]}}],"collection":[{"href":"https:\/\/store.evolve-fitness.eu\/sv\/wp-json\/wp\/v2\/product"}],"about":[{"href":"https:\/\/store.evolve-fitness.eu\/sv\/wp-json\/wp\/v2\/types\/product"}],"wp:featuredmedia":[{"embeddable":true,"href":"https:\/\/store.evolve-fitness.eu\/sv\/wp-json\/wp\/v2\/media\/93482"}],"wp:attachment":[{"href":"https:\/\/store.evolve-fitness.eu\/sv\/wp-json\/wp\/v2\/media?parent=32258"}],"wp:term":[{"taxonomy":"product_cat","embeddable":true,"href":"https:\/\/store.evolve-fitness.eu\/sv\/wp-json\/wp\/v2\/product_cat?post=32258"},{"taxonomy":"product_tag","embeddable":true,"href":"https:\/\/store.evolve-fitness.eu\/sv\/wp-json\/wp\/v2\/product_tag?post=32258"}],"curies":[{"name":"wp","href":"https:\/\/api.w.org\/{rel}","templated":true}]}}