{"id":32101,"date":"2023-10-17T14:04:39","date_gmt":"2023-10-17T14:04:39","guid":{"rendered":"https:\/\/store.evolve-fitness.eu\/product\/evolve-olympiska-barhalsband\/"},"modified":"2024-07-16T11:23:28","modified_gmt":"2024-07-16T11:23:28","slug":"evolve-olympiska-barhalsband","status":"publish","type":"product","link":"https:\/\/store.evolve-fitness.eu\/sv\/produkt\/evolve-olympiska-barhalsband\/","title":{"rendered":"Evolve olympiska barhalsband"},"content":{"rendered":"\n<section class=\"wp-block-group alignfull black-content has-white-color has-darkgray-background-color has-text-color has-background is-layout-constrained wp-block-group-is-layout-constrained\" style=\"padding-top:var(--wp--preset--spacing--section-bottom);padding-bottom:var(--wp--preset--spacing--section-bottom)\">\n<div class=\"wp-block-columns alignwide mobile-reverse is-layout-flex wp-container-core-columns-is-layout-ca64bf2d wp-block-columns-is-layout-flex\" style=\"margin-bottom:var(--wp--preset--spacing--side-padding)\">\n<div class=\"wp-block-column is-vertically-aligned-center is-layout-flow wp-block-column-is-layout-flow\">\n<h3 class=\"wp-block-heading\" style=\"margin-bottom:var(--wp--preset--spacing--h-3-bottom)\"><strong>passar standard olympiska st\u00e4nger  <\/strong><\/h3>\n\n\n\n<p><strong><em><strong><em><strong><em><strong>Med en nyckelh\u00e5lsdiameter p\u00e5 50 mm<\/strong><\/em><\/strong><\/em><\/strong><\/em><\/strong><\/p>\n\n\n\n<p>Evolve Olympic Bar Collars \u00e4r utformade f\u00f6r s\u00e4ker och effektiv tyngdlyftning. De har enhandsgrepp f\u00f6r enkel anv\u00e4ndning och \u00e4r konstruerade med en h\u00e5llbar nylonram och elastomerkuddar f\u00f6r skydd av utrustningen. De v\u00e4ger bara 0,4 kg och passar till vanliga olympiska st\u00e4nger med en nyckelh\u00e5lsdiameter p\u00e5 50 mm, vilket g\u00f6r dem idealiska f\u00f6r b\u00e5de hemmagym och kommersiella gym.<\/p>\n<\/div>\n\n\n\n<div class=\"wp-block-column is-vertically-aligned-center is-layout-flow wp-block-column-is-layout-flow\">\n<figure class=\"wp-block-video\"><video autoplay=\"\" controls=\"\" loop=\"\" muted=\"\" src=\"https:\/\/evolve-fitness.eu\/wp-content\/uploads\/2024\/01\/EV-OC-CC-02.mp4\"><\/video><\/figure>\n<\/div>\n<\/div>\n\n\n\n<div class=\"wp-block-columns alignwide is-layout-flex wp-container-core-columns-is-layout-c45ee707 wp-block-columns-is-layout-flex\" style=\"margin-bottom:var(--wp--preset--spacing--side-padding);padding-top:var(--wp--preset--spacing--side-padding)\">\n<div class=\"wp-block-column is-vertically-aligned-center is-layout-flow wp-block-column-is-layout-flow\">\n<figure class=\"wp-block-video\"><video height=\"1536\" style=\"aspect-ratio: 2048 \/ 1536;\" width=\"2048\" autoplay=\"\" controls=\"\" loop=\"\" muted=\"\" src=\"https:\/\/evolve-fitness.eu\/wp-content\/uploads\/2023\/11\/EV-OC-CC-02-2.mp4\"><\/video><\/figure>\n<\/div>\n\n\n\n<div class=\"wp-block-column is-vertically-aligned-center is-layout-flow wp-block-column-is-layout-flow\">\n<h3 class=\"wp-block-heading\" style=\"margin-bottom:var(--wp--preset--spacing--h-3-bottom)\"><strong><strong>magnetiska anslutningspunkter<\/strong><\/strong><\/h3>\n\n\n\n<p><strong><em>En egenskap som f\u00f6rb\u00e4ttrar deras funktionalitet och underl\u00e4ttar f\u00f6rvaring<\/em><\/strong><\/p>\n\n\n\n<p>Magneterna g\u00f6r att halsbanden enkelt kan f\u00e4stas p\u00e5 en metallisk yta, t.ex. en hylla eller rigg, s\u00e5 att de alltid finns inom r\u00e4ckh\u00e5ll och inte tappas bort. Den innovativa konstruktionen g\u00f6r halsbanden s\u00e4rskilt anv\u00e4ndarv\u00e4nliga och effektiva f\u00f6r tyngdlyftare och gymentusiaster.<\/p>\n<\/div>\n<\/div>\n<\/section>\n","protected":false},"excerpt":{"rendered":"<p>F\u00f6rb\u00e4ttra din tr\u00e4ning med Evolves Press-On Olympic Fret Locks (EV-OC-CC-04), en perfekt blandning av innovation och kvalitet. Dessa kl\u00e4mmor \u00e4r utformade f\u00f6r enkel enhandsanv\u00e4ndning och skyddar din utrustning med elastomerkuddar och en h\u00e5llbar nylonram. De \u00e4r idealiska f\u00f6r b\u00e5de hemmagym och kommersiella gym, passar standard olympiska st\u00e4nger med en nyckelh\u00e5lsdiameter p\u00e5 50 mm och v\u00e4ger bara 0,4 kg. K\u00f6p idag f\u00f6r att effektivisera din tr\u00e4ningsrutin och tj\u00e4na lojalitetspo\u00e4ng med Evolve.<\/p>\n","protected":false},"featured_media":92748,"template":"","meta":{"_acf_changed":false,"inline_featured_image":false},"product_cat":[1001,1040],"product_tag":[],"class_list":{"0":"post-32101","1":"product","2":"type-product","3":"status-publish","4":"has-post-thumbnail","6":"product_cat-fria-vikter","7":"product_cat-barer-och-tillbehor","9":"first","10":"outofstock","11":"shipping-taxable","12":"purchasable","13":"product-type-simple"},"acf":[],"_links":{"self":[{"href":"https:\/\/store.evolve-fitness.eu\/sv\/wp-json\/wp\/v2\/product\/32101","targetHints":{"allow":["GET"]}}],"collection":[{"href":"https:\/\/store.evolve-fitness.eu\/sv\/wp-json\/wp\/v2\/product"}],"about":[{"href":"https:\/\/store.evolve-fitness.eu\/sv\/wp-json\/wp\/v2\/types\/product"}],"wp:featuredmedia":[{"embeddable":true,"href":"https:\/\/store.evolve-fitness.eu\/sv\/wp-json\/wp\/v2\/media\/92748"}],"wp:attachment":[{"href":"https:\/\/store.evolve-fitness.eu\/sv\/wp-json\/wp\/v2\/media?parent=32101"}],"wp:term":[{"taxonomy":"product_cat","embeddable":true,"href":"https:\/\/store.evolve-fitness.eu\/sv\/wp-json\/wp\/v2\/product_cat?post=32101"},{"taxonomy":"product_tag","embeddable":true,"href":"https:\/\/store.evolve-fitness.eu\/sv\/wp-json\/wp\/v2\/product_tag?post=32101"}],"curies":[{"name":"wp","href":"https:\/\/api.w.org\/{rel}","templated":true}]}}