{"id":31654,"date":"2023-10-18T10:23:48","date_gmt":"2023-10-18T10:23:48","guid":{"rendered":"https:\/\/store.evolve-fitness.eu\/product\/evolve-tpu-uretan-viktplatta-125-25-kg\/"},"modified":"2026-04-23T12:01:07","modified_gmt":"2026-04-23T12:01:07","slug":"evolve-tpu-uretan-viktplatta-125-25-kg","status":"publish","type":"product","link":"https:\/\/store.evolve-fitness.eu\/sv\/produkt\/evolve-tpu-uretan-viktplatta-125-25-kg\/","title":{"rendered":"Evolve TPU Uretan Viktskiva 1,25 &#8211; 25 kg"},"content":{"rendered":"\n<section class=\"wp-block-group alignfull black-content has-white-color has-darkgray-background-color has-text-color has-background is-layout-constrained wp-block-group-is-layout-constrained\" style=\"padding-top:var(--wp--preset--spacing--section-bottom);padding-bottom:var(--wp--preset--spacing--section-bottom)\">\n<div class=\"wp-block-columns alignwide mobile-reverse is-layout-flex wp-container-core-columns-is-layout-ca64bf2d wp-block-columns-is-layout-flex\" style=\"margin-bottom:var(--wp--preset--spacing--side-padding)\">\n<div class=\"wp-block-column is-vertically-aligned-center is-layout-flow wp-block-column-is-layout-flow\">\n<h3 class=\"wp-block-heading\" style=\"margin-bottom:var(--wp--preset--spacing--h-3-bottom)\"><strong>F\u00f6rh\u00f6j ditt gym med Evolve viktplattor i uretan<\/strong><\/h3>\n\n\n\n<p><em><strong>O\u00f6vertr\u00e4ffad h\u00e5llbarhet f\u00f6r gym\u00e4gare<\/strong><\/em><\/p>\n\n\n\n<p style=\"margin-bottom:var(--wp--preset--spacing--tb-section-padding)\">Uppt\u00e4ck den ultimata l\u00f6sningen f\u00f6r gym\u00e4gare som s\u00f6ker utrustning med l\u00e5ng livsl\u00e4ngd &#8211; Evolve Urethane Weight Plates. Dessa plattor \u00e4r tillverkade av f\u00f6rstklassigt uretanmaterial och har en utm\u00e4rkt h\u00e5llbarhet, vilket g\u00f6r dem till ett perfekt val f\u00f6r kommersiella gym. Du beh\u00f6ver inte oroa dig f\u00f6r repor, flisor eller skalning &#8211; dessa plattor beh\u00e5ller sitt ursprungliga utseende i flera \u00e5r och \u00e4r ett kostnadseffektivt alternativ som eliminerar behovet av frekventa byten.<\/p>\n<\/div>\n\n\n\n<div class=\"wp-block-column is-vertically-aligned-center is-layout-flow wp-block-column-is-layout-flow\">\n<figure class=\"wp-block-image alignright size-full is-style-rounded\"><img decoding=\"async\" src=\"https:\/\/evolve-fitness.eu\/wp-content\/uploads\/2023\/08\/TPU-urethane-weight-plates-6.jpg\" alt=\"\" class=\"wp-image-838\"\/><\/figure>\n<\/div>\n<\/div>\n\n\n\n<div class=\"wp-block-columns alignwide is-layout-flex wp-container-core-columns-is-layout-c45ee707 wp-block-columns-is-layout-flex\" style=\"margin-bottom:var(--wp--preset--spacing--side-padding);padding-top:var(--wp--preset--spacing--side-padding)\">\n<div class=\"wp-block-column is-vertically-aligned-center is-layout-flow wp-block-column-is-layout-flow\">\n<figure class=\"wp-block-image alignright size-full is-style-rounded\"><img decoding=\"async\" src=\"https:\/\/evolve-fitness.eu\/wp-content\/uploads\/2023\/08\/TPU-urethane-weight-plates-4.jpg\" alt=\"\" class=\"wp-image-836\"\/><\/figure>\n<\/div>\n\n\n\n<div class=\"wp-block-column is-vertically-aligned-center is-layout-constrained wp-block-column-is-layout-constrained\">\n<h3 class=\"wp-block-heading\" style=\"margin-bottom:var(--wp--preset--spacing--h-3-bottom)\">Anpassningsbar prestanda<\/h3>\n\n\n\n<p><strong><em><strong><em>Evolve viktplattor i uretan f\u00f6r distinkt varum\u00e4rkesprofilering<\/em><\/strong><\/em><\/strong><\/p>\n\n\n\n<p style=\"margin-bottom:var(--wp--preset--spacing--tb-section-padding)\">Ut\u00f6ver deras exceptionella h\u00e5llbarhet erbjuder Evolve Urethane Weight Plates anpassningsalternativ f\u00f6r att h\u00f6ja ditt gyms varum\u00e4rke och estetik. L\u00e4gg till din logotyp och v\u00e4lj anpassade f\u00e4rger f\u00f6r att skapa en unik tr\u00e4ningsupplevelse, som skiljer ditt gym fr\u00e5n konkurrenterna och l\u00e4mnar ett best\u00e5ende intryck p\u00e5 dina medlemmar.<\/p>\n<\/div>\n<\/div>\n\n\n\n<div class=\"wp-block-columns alignwide is-layout-flex wp-container-core-columns-is-layout-c45ee707 wp-block-columns-is-layout-flex\" style=\"margin-bottom:var(--wp--preset--spacing--side-padding);padding-top:var(--wp--preset--spacing--side-padding)\">\n<div class=\"wp-block-column is-vertically-aligned-center is-layout-flow wp-block-column-is-layout-flow\">\n<h3 class=\"wp-block-heading\" style=\"margin-bottom:var(--wp--preset--spacing--h-3-bottom)\">Laserskurna och Urethane-infunderade logotyper<\/h3>\n\n\n\n<p><strong><em>F\u00f6rh\u00f6jd estetik, f\u00f6rb\u00e4ttrad prestanda<\/em><\/strong><\/p>\n\n\n\n<p>Evolve Urethane viktskivor har en laserskuren, uretan-infunderad logotyp och viktindikering som inte lossnar eller slits bort med tiden. Till skillnad fr\u00e5n vanliga viktskivor med m\u00e5lade eller klistrade logotyper \u00e4r Evolves viktskivor byggda f\u00f6r att h\u00e5lla l\u00e4nge, vilket s\u00e4kerst\u00e4ller att ditt gyms utrustning ser ut som ny i m\u00e5nga \u00e5r fram\u00f6ver.<\/p>\n<\/div>\n\n\n\n<div class=\"wp-block-column is-vertically-aligned-center is-layout-flow wp-block-column-is-layout-flow\">\n<div class=\"wp-block-columns is-layout-flex wp-container-core-columns-is-layout-9d6595d7 wp-block-columns-is-layout-flex\">\n<div class=\"wp-block-column is-layout-flow wp-block-column-is-layout-flow\">\n<figure class=\"wp-block-image size-full is-style-rounded\"><img decoding=\"async\" src=\"https:\/\/evolve-fitness.eu\/wp-content\/uploads\/2023\/08\/taisyta-00.jpg\" alt=\"\" class=\"wp-image-856\"\/><\/figure>\n<\/div>\n<\/div>\n<\/div>\n<\/div>\n\n\n\n<div class=\"wp-block-columns alignwide is-layout-flex wp-container-core-columns-is-layout-c45ee707 wp-block-columns-is-layout-flex\" style=\"margin-bottom:var(--wp--preset--spacing--side-padding);padding-top:var(--wp--preset--spacing--side-padding)\">\n<div class=\"wp-block-column is-vertically-aligned-center is-layout-flow wp-block-column-is-layout-flow\">\n<figure class=\"wp-block-image size-full is-style-rounded\"><img decoding=\"async\" src=\"https:\/\/evolve-fitness.eu\/wp-content\/uploads\/2023\/08\/Lemon-Gym-Saharova-11.jpg\" alt=\"\" class=\"wp-image-828\"\/><\/figure>\n<\/div>\n\n\n\n<div class=\"wp-block-column is-vertically-aligned-center is-layout-flow wp-block-column-is-layout-flow\">\n<h3 class=\"wp-block-heading\" style=\"margin-bottom:var(--wp--preset--spacing--h-3-bottom)\">S\u00e4kerhet f\u00f6rst<\/h3>\n\n\n\n<p><strong><em>En s\u00e4ker och p\u00e5litlig tr\u00e4ningsupplevelse<\/em><\/strong><\/p>\n\n\n\n<p>P\u00e5 Evolve \u00e4r s\u00e4kerheten v\u00e5r h\u00f6gsta prioritet. V\u00e5ra viktplattor i uretan \u00e4r tillverkade av h\u00f6gkvalitativt, giftfritt och luktfritt uretanmaterial, vilket garanterar en s\u00e4ker och h\u00e4lsosam tr\u00e4ningsmilj\u00f6. Den robusta konstruktionen minimerar risken f\u00f6r brott eller skav, vilket minskar risken f\u00f6r skador under intensiva tr\u00e4ningspass.<\/p>\n<\/div>\n<\/div>\n\n\n\n<div class=\"wp-block-columns alignwide is-layout-flex wp-container-core-columns-is-layout-c45ee707 wp-block-columns-is-layout-flex\" style=\"margin-bottom:var(--wp--preset--spacing--side-padding);padding-top:var(--wp--preset--spacing--side-padding)\">\n<div class=\"wp-block-column is-vertically-aligned-center is-layout-flow wp-block-column-is-layout-flow\">\n<h3 class=\"wp-block-heading\" style=\"margin-bottom:var(--wp--preset--spacing--h-3-bottom)\">M\u00e5ngsidig och anv\u00e4ndarv\u00e4nlig<\/h3>\n\n\n\n<p><strong><em>Fyra handtag f\u00f6r enkel transport<\/em><\/strong><\/p>\n\n\n\n<p>Evolve Urethane viktskivor \u00e4r utformade med m\u00e5ngsidighet och anv\u00e4ndarv\u00e4nlighet i \u00e5tanke. Med fyra handtag kan dessa plattor enkelt b\u00e4ras och anv\u00e4ndas f\u00f6r en m\u00e4ngd olika \u00f6vningar. Oavsett om du g\u00f6r marklyft eller utfall g\u00f6r de fyra handtagen det enkelt att transportera och anv\u00e4nda dina viktskivor, vilket g\u00f6r din tr\u00e4ning mer effektiv och \u00e4ndam\u00e5lsenlig.<\/p>\n<\/div>\n\n\n\n<div class=\"wp-block-column is-vertically-aligned-center is-layout-flow wp-block-column-is-layout-flow\">\n<div class=\"wp-block-columns is-layout-flex wp-container-core-columns-is-layout-9d6595d7 wp-block-columns-is-layout-flex\">\n<div class=\"wp-block-column is-layout-flow wp-block-column-is-layout-flow\">\n<figure class=\"wp-block-image size-full is-style-rounded\"><img decoding=\"async\" src=\"https:\/\/evolve-fitness.eu\/wp-content\/uploads\/2023\/08\/TPU-urethane-weight-plates-7.jpg\" alt=\"\" class=\"wp-image-840\"\/><\/figure>\n<\/div>\n<\/div>\n<\/div>\n<\/div>\n\n\n\n<div class=\"wp-block-columns alignwide is-layout-flex wp-container-core-columns-is-layout-c45ee707 wp-block-columns-is-layout-flex\" style=\"margin-bottom:var(--wp--preset--spacing--side-padding);padding-top:var(--wp--preset--spacing--side-padding)\">\n<div class=\"wp-block-column is-vertically-aligned-center is-layout-flow wp-block-column-is-layout-flow\">\n<figure class=\"wp-block-image size-large is-style-rounded\"><img decoding=\"async\" src=\"https:\/\/evolve-fitness.eu\/wp-content\/uploads\/2023\/08\/iskirpta-stanga-su-uretanu-1-1024x601.png\" alt=\"\" class=\"wp-image-826\"\/><\/figure>\n<\/div>\n\n\n\n<div class=\"wp-block-column is-vertically-aligned-center is-layout-flow wp-block-column-is-layout-flow\">\n<h3 class=\"wp-block-heading\" style=\"margin-bottom:var(--wp--preset--spacing--h-3-bottom)\">S\u00e4g hejd\u00e5 till kl\u00e4mda fingrar<\/h3>\n\n\n\n<p><strong><em>Med Evolve viktplattor i uretan<\/em><\/strong><\/p>\n\n\n\n<p>Evolve Urethane Weight Plates \u00e4r utformade f\u00f6r att g\u00f6ra lastning och lossning s\u00e4krare och effektivare f\u00f6r gymbes\u00f6kare. Den strukturerade ytan och den rundade formen g\u00f6r ocks\u00e5 att plattorna inte fastnar i varandra eller p\u00e5 andra ytor, vilket minskar risken f\u00f6r kl\u00e4mda fingrar vid viktf\u00f6r\u00e4ndringar.<\/p>\n<\/div>\n<\/div>\n\n\n\n<div class=\"wp-block-columns alignwide is-layout-flex wp-container-core-columns-is-layout-c45ee707 wp-block-columns-is-layout-flex\" style=\"margin-bottom:var(--wp--preset--spacing--side-padding);padding-top:var(--wp--preset--spacing--side-padding)\">\n<div class=\"wp-block-column is-vertically-aligned-center is-layout-flow wp-block-column-is-layout-flow\">\n<h3 class=\"wp-block-heading\" style=\"margin-bottom:var(--wp--preset--spacing--h-3-bottom)\">Precisionsgjuten<\/h3>\n\n\n\n<p><strong><em>Rundade hylsor och j\u00e4mn vikt<\/em><\/strong><\/p>\n\n\n\n<p>De rundade hylsspetsarna g\u00f6r det enkelt att ladda och lossa plattorna, medan den precisionsgjutna designen s\u00e4kerst\u00e4ller att varje platta tillverkas enligt exakta specifikationer, vilket ger en j\u00e4mn vikt och k\u00e4nsla.<\/p>\n<\/div>\n\n\n\n<div class=\"wp-block-column is-vertically-aligned-center is-layout-flow wp-block-column-is-layout-flow\">\n<div class=\"wp-block-columns is-layout-flex wp-container-core-columns-is-layout-9d6595d7 wp-block-columns-is-layout-flex\">\n<div class=\"wp-block-column is-layout-flow wp-block-column-is-layout-flow\">\n<figure class=\"wp-block-image size-full is-style-rounded\"><img decoding=\"async\" src=\"https:\/\/evolve-fitness.eu\/wp-content\/uploads\/2023\/08\/00000.jpg\" alt=\"\" class=\"wp-image-854\"\/><\/figure>\n<\/div>\n<\/div>\n<\/div>\n<\/div>\n\n\n\n<div class=\"wp-block-columns alignwide is-layout-flex wp-container-core-columns-is-layout-c45ee707 wp-block-columns-is-layout-flex\" style=\"margin-bottom:var(--wp--preset--spacing--side-padding);padding-top:var(--wp--preset--spacing--side-padding)\">\n<div class=\"wp-block-column is-vertically-aligned-center is-layout-flow wp-block-column-is-layout-flow\">\n<div class=\"wp-block-columns is-layout-flex wp-container-core-columns-is-layout-9d6595d7 wp-block-columns-is-layout-flex\">\n<div class=\"wp-block-column is-layout-flow wp-block-column-is-layout-flow\">\n<figure class=\"wp-block-image size-large is-style-rounded\"><img decoding=\"async\" src=\"https:\/\/evolve-fitness.eu\/wp-content\/uploads\/2023\/08\/Round-Urethan-Plates-Dimensions-1024x575.jpg\" alt=\"\" class=\"wp-image-9452\"\/><\/figure>\n<\/div>\n\n\n\n<div class=\"wp-block-column is-vertically-aligned-center is-layout-flow wp-block-column-is-layout-flow\">\n<h3 class=\"wp-block-heading\" style=\"margin-bottom:var(--wp--preset--spacing--h-3-bottom)\">balanserad och proportionell<\/h3>\n\n\n\n<p><strong><em>Anpassad f\u00f6r progressiv styrketr\u00e4ning<\/em><\/strong><\/p>\n\n\n\n<p>Evolve TPU Urethane Weight Plates utm\u00e4rker sig genom att erbjuda ett brett utbud av storlekar anpassade f\u00f6r progressiv styrketr\u00e4ning, med exakta m\u00e4tningar som s\u00e4kerst\u00e4ller en konsekvent \u00f6kning av b\u00e5de diameter och tjocklek som motsvarar vikten. Fr\u00e5n den kompakta 1,25 kg-skivan med 190 mm diameter, perfekt f\u00f6r finjustering av vikt\u00f6kningar, till den rej\u00e4la 25 kg-skivan med 450 mm diameter, \u00e4r varje vikt noggrant utformad f\u00f6r balans och proportionalitet. Den genomt\u00e4nkta dimensioneringen m\u00f6jligg\u00f6r m\u00e5ngsidig anv\u00e4ndning i olika \u00f6vningar och utrustningar, och passar anv\u00e4ndare p\u00e5 alla niv\u00e5er samtidigt som den bibeh\u00e5ller ett elegant och enhetligt utseende som f\u00f6rb\u00e4ttrar plattornas anv\u00e4ndbarhet och estetiska tilltal.<\/p>\n<\/div>\n<\/div>\n<\/div>\n<\/div>\n<\/section>\n","protected":false},"excerpt":{"rendered":"<p>Upplev topprestanda med Evolve TPU Urethane Weight Plates 1,25 &#8211; 25 kg: O\u00f6vertr\u00e4ffad h\u00e5llbarhet och stil Evolve TPU Urethane Weight Plates \u00e4r tillverkade av h\u00f6gkvalitativt TPU-material och \u00e4r ditt f\u00f6rstahandsval f\u00f6r best\u00e5ende styrka och elasticitet. Dessa TPU Urethane Weight Plates \u00e4r l\u00e4mpliga f\u00f6r b\u00e5de kommersiella gym och hemmatr\u00e4ning och erbjuder ett s\u00e4kert men bekv\u00e4mt grepp, vilket garanterar en s\u00e4ker och effektiv tr\u00e4ningsupplevelse. Med en snygg design, exakt kalibrering och ett brett utbud av viktalternativ passar Evolve TPU Urethane Weight Plates fitnessentusiaster p\u00e5 alla niv\u00e5er. F\u00f6rh\u00f6j din styrketr\u00e4ning med Evolves exceptionella TPU Urethane Weight Plates, det ultimata valet f\u00f6r varaktig prestanda och framsteg.   <\/p>\n","protected":false},"featured_media":31717,"template":"","meta":{"_acf_changed":false,"inline_featured_image":false},"product_cat":[550,1001,1053],"product_tag":[],"class_list":{"0":"post-31654","1":"product","2":"type-product","3":"status-publish","4":"has-post-thumbnail","6":"product_cat-startsida","7":"product_cat-fria-vikter","8":"product_cat-viktplattor","10":"first","11":"instock","12":"shipping-taxable","13":"purchasable","14":"product-type-variable"},"acf":[],"_links":{"self":[{"href":"https:\/\/store.evolve-fitness.eu\/sv\/wp-json\/wp\/v2\/product\/31654","targetHints":{"allow":["GET"]}}],"collection":[{"href":"https:\/\/store.evolve-fitness.eu\/sv\/wp-json\/wp\/v2\/product"}],"about":[{"href":"https:\/\/store.evolve-fitness.eu\/sv\/wp-json\/wp\/v2\/types\/product"}],"wp:featuredmedia":[{"embeddable":true,"href":"https:\/\/store.evolve-fitness.eu\/sv\/wp-json\/wp\/v2\/media\/31717"}],"wp:attachment":[{"href":"https:\/\/store.evolve-fitness.eu\/sv\/wp-json\/wp\/v2\/media?parent=31654"}],"wp:term":[{"taxonomy":"product_cat","embeddable":true,"href":"https:\/\/store.evolve-fitness.eu\/sv\/wp-json\/wp\/v2\/product_cat?post=31654"},{"taxonomy":"product_tag","embeddable":true,"href":"https:\/\/store.evolve-fitness.eu\/sv\/wp-json\/wp\/v2\/product_tag?post=31654"}],"curies":[{"name":"wp","href":"https:\/\/api.w.org\/{rel}","templated":true}]}}