{"id":31010,"date":"2023-10-17T13:07:40","date_gmt":"2023-10-17T13:07:40","guid":{"rendered":"https:\/\/store.evolve-fitness.eu\/product\/evolve-cerakote-serie-olympisk-man-bar-220-cm-20-kg\/"},"modified":"2024-10-11T06:40:02","modified_gmt":"2024-10-11T06:40:02","slug":"evolve-cerakote-serie-olympisk-man-bar-220-cm-20-kg","status":"publish","type":"product","link":"https:\/\/store.evolve-fitness.eu\/sv\/produkt\/evolve-cerakote-serie-olympisk-man-bar-220-cm-20-kg\/","title":{"rendered":"Evolve cerakote serie olympisk man Bar &#8211; 220 cm \/ 20 kg"},"content":{"rendered":"\n<section class=\"wp-block-group alignfull black-content has-white-color has-darkgray-background-color has-text-color has-background is-layout-constrained wp-block-group-is-layout-constrained\" style=\"padding-top:var(--wp--preset--spacing--section-bottom);padding-bottom:var(--wp--preset--spacing--section-bottom)\">\n<section class=\"wp-block-group alignfull black-content has-white-color has-darkgray-background-color has-text-color has-background is-layout-constrained wp-block-group-is-layout-constrained\" style=\"padding-top:var(--wp--preset--spacing--section-bottom);padding-bottom:var(--wp--preset--spacing--section-bottom)\">\n<section class=\"wp-block-group alignfull black-content has-white-color has-darkgray-background-color has-text-color has-background is-layout-constrained wp-block-group-is-layout-constrained\" style=\"padding-top:var(--wp--preset--spacing--section-bottom);padding-bottom:var(--wp--preset--spacing--section-bottom)\">\n<div class=\"wp-block-columns alignwide mobile-reverse is-layout-flex wp-container-core-columns-is-layout-ca64bf2d wp-block-columns-is-layout-flex\" style=\"margin-bottom:var(--wp--preset--spacing--side-padding)\">\n<div class=\"wp-block-column is-vertically-aligned-center is-layout-flow wp-block-column-is-layout-flow\">\n<h3 class=\"wp-block-heading\" style=\"margin-bottom:var(--wp--preset--spacing--h-3-bottom)\">Evolve cerakote serie olympisk man Bar &#8211; 220 cm \/ 20 kg<\/h3>\n<\/div>\n\n\n\n<div class=\"wp-block-column is-vertically-aligned-center is-layout-flow wp-block-column-is-layout-flow\">\n<figure class=\"wp-block-image size-large\"><img loading=\"lazy\" decoding=\"async\" width=\"683\" height=\"1024\" src=\"https:\/\/store.evolve-fitness.eu\/wp-content\/uploads\/2024\/07\/A7_06078-683x1024.jpg\" alt=\"\" class=\"wp-image-92188\" srcset=\"https:\/\/store.evolve-fitness.eu\/wp-content\/uploads\/2024\/07\/A7_06078-683x1024.jpg 683w, https:\/\/store.evolve-fitness.eu\/wp-content\/uploads\/2024\/07\/A7_06078-200x300.jpg 200w, https:\/\/store.evolve-fitness.eu\/wp-content\/uploads\/2024\/07\/A7_06078-768x1152.jpg 768w, https:\/\/store.evolve-fitness.eu\/wp-content\/uploads\/2024\/07\/A7_06078-1024x1536.jpg 1024w, https:\/\/store.evolve-fitness.eu\/wp-content\/uploads\/2024\/07\/A7_06078-600x900.jpg 600w, https:\/\/store.evolve-fitness.eu\/wp-content\/uploads\/2024\/07\/A7_06078.jpg 1280w\" sizes=\"auto, (max-width: 683px) 100vw, 683px\" \/><\/figure>\n<\/div>\n<\/div>\n<\/section>\n<\/section>\n<\/section>\n","protected":false},"excerpt":{"rendered":"<p>Uppt\u00e4ck den ultimata styrkan och h\u00e5llbarheten med Evolve Cerakote Olympic Bar, ett f\u00f6rstklassigt val f\u00f6r b\u00e5de professionell tr\u00e4ning och hemmaidrottare. Med en imponerande l\u00e4ngd p\u00e5 220 cm och en vikt p\u00e5 20 kg \u00e4r denna skivst\u00e5ng konstruerad f\u00f6r att klara en maximal belastning p\u00e5 1043 kg, vilket g\u00f6r den idealisk f\u00f6r tunga lyft. Med 8 n\u00e5llager och 2 kopparbussningar s\u00e4kerst\u00e4ller den j\u00e4mn rotation och stabilitet under anv\u00e4ndning. Den \u00d850 mm stora hylsdiametern rymmer standardvikter, medan den \u00d828 mm stora diametern p\u00e5 den inre delen av st\u00e5ngen f\u00f6rb\u00e4ttrar grepp och kontroll. Kromfinishen p\u00e5 b\u00e5de greppytan och den inre delen av st\u00e5ngen bidrar inte bara till dess eleganta utseende utan ocks\u00e5 till dess l\u00e5nga livsl\u00e4ngd. Med en 415 mm l\u00e5ng hylsa f\u00f6r vikter och ett 1,5 mm djup i greppbr\u00e4dans grovlek \u00e4r denna skivst\u00e5ng utformad f\u00f6r maximal effektivitet och komfort. Evolve Cerakote Olympic Bar \u00e4r certifierad enligt IMF:s standarder f\u00f6r grovbearbetning och har 2 \u00e5rs garanti &#8211; den perfekta blandningen av prestanda och kvalitet f\u00f6r seri\u00f6sa idrottare.<\/p>\n","protected":false},"featured_media":92443,"template":"","meta":{"_acf_changed":false,"inline_featured_image":false},"product_cat":[2408,1001,1040],"product_tag":[],"class_list":{"0":"post-31010","1":"product","2":"type-product","3":"status-publish","4":"has-post-thumbnail","6":"product_cat-hyrox-redskap","7":"product_cat-fria-vikter","8":"product_cat-barer-och-tillbehor","10":"first","11":"instock","12":"shipping-taxable","13":"purchasable","14":"product-type-simple"},"acf":[],"_links":{"self":[{"href":"https:\/\/store.evolve-fitness.eu\/sv\/wp-json\/wp\/v2\/product\/31010","targetHints":{"allow":["GET"]}}],"collection":[{"href":"https:\/\/store.evolve-fitness.eu\/sv\/wp-json\/wp\/v2\/product"}],"about":[{"href":"https:\/\/store.evolve-fitness.eu\/sv\/wp-json\/wp\/v2\/types\/product"}],"wp:featuredmedia":[{"embeddable":true,"href":"https:\/\/store.evolve-fitness.eu\/sv\/wp-json\/wp\/v2\/media\/92443"}],"wp:attachment":[{"href":"https:\/\/store.evolve-fitness.eu\/sv\/wp-json\/wp\/v2\/media?parent=31010"}],"wp:term":[{"taxonomy":"product_cat","embeddable":true,"href":"https:\/\/store.evolve-fitness.eu\/sv\/wp-json\/wp\/v2\/product_cat?post=31010"},{"taxonomy":"product_tag","embeddable":true,"href":"https:\/\/store.evolve-fitness.eu\/sv\/wp-json\/wp\/v2\/product_tag?post=31010"}],"curies":[{"name":"wp","href":"https:\/\/api.w.org\/{rel}","templated":true}]}}