{"id":30928,"date":"2023-10-17T10:15:34","date_gmt":"2023-10-17T10:15:34","guid":{"rendered":"https:\/\/store.evolve-fitness.eu\/product\/evolve-prime-serie-olympisk-kvinna-bar-201-cm-15-kg\/"},"modified":"2024-10-11T06:36:17","modified_gmt":"2024-10-11T06:36:17","slug":"evolve-prime-serie-olympisk-kvinna-bar-201-cm-15-kg","status":"publish","type":"product","link":"https:\/\/store.evolve-fitness.eu\/sv\/produkt\/evolve-prime-serie-olympisk-kvinna-bar-201-cm-15-kg\/","title":{"rendered":"Evolve Prime serie olympisk kvinna Bar &#8211; 201 cm \/ 15 kg"},"content":{"rendered":"\n<section class=\"wp-block-group alignfull black-content has-white-color has-darkgray-background-color has-text-color has-background is-layout-constrained wp-block-group-is-layout-constrained\" style=\"padding-top:var(--wp--preset--spacing--section-bottom);padding-bottom:var(--wp--preset--spacing--section-bottom)\">\n<div class=\"wp-block-columns alignwide mobile-reverse is-layout-flex wp-container-core-columns-is-layout-ca64bf2d wp-block-columns-is-layout-flex\" style=\"margin-bottom:var(--wp--preset--spacing--side-padding)\">\n<div class=\"wp-block-column is-vertically-aligned-center is-layout-flow wp-block-column-is-layout-flow\">\n<h3 class=\"wp-block-heading\" style=\"margin-bottom:var(--wp--preset--spacing--h-3-bottom)\"><strong>Innovativ vinklad design<\/strong><\/h3>\n\n\n\n<p><strong><em>H\u00f6gpresterande bar<\/em><\/strong><\/p>\n\n\n\n<p style=\"margin-bottom:var(--wp--preset--spacing--tb-section-padding)\">Evolve Prime Series Olympic Women&#8217;s Barbell \u00e4r utformad f\u00f6r h\u00f6gintensiva tr\u00e4ningspass och kommersiell anv\u00e4ndning. Den \u00e4r idealisk f\u00f6r \u00f6vningar som snatches, cleans och marklyft och har en robust konstruktion. Den h\u00e4r skivst\u00e5ngen \u00e4r perfekt f\u00f6r b\u00e5de professionella idrottare och h\u00e4ngivna fitnessentusiaster och f\u00f6rb\u00e4ttrar styrketr\u00e4ningsrutinerna med tillf\u00f6rlitlighet och precision.<\/p>\n<\/div>\n\n\n\n<div class=\"wp-block-column is-vertically-aligned-center is-layout-flow wp-block-column-is-layout-flow\">\n<figure class=\"wp-block-video\"><video height=\"450\" style=\"aspect-ratio: 600 \/ 450;\" width=\"600\" autoplay=\"\" controls=\"\" loop=\"\" muted=\"\" src=\"https:\/\/evolve-fitness.eu\/wp-content\/uploads\/2024\/07\/women-bar.mp4\"><\/video><\/figure>\n<\/div>\n<\/div>\n<\/section>\n","protected":false},"excerpt":{"rendered":"<p>Evolve Prime Series Olympic Women&#8217;s Barbell, med en l\u00e4ngd p\u00e5 201 cm och en vikt p\u00e5 15 kg, \u00e4r ett m\u00e4sterverk av styrketr\u00e4ningsutrustning. Denna skivst\u00e5ng \u00e4r s\u00e4rskilt konstruerad f\u00f6r b\u00e5de h\u00f6gintensiv hemmatr\u00e4ning och kr\u00e4vande kommersiell anv\u00e4ndning och utm\u00e4rker sig genom sin robusta konstruktion med 6 n\u00e5l- och 2 kullager i kombination med kopparbussningar. Denna konstruktion ger enast\u00e5ende h\u00e5llbarhet och en j\u00e4mn rotation som klarar en maximal belastning p\u00e5 upp till 900 kg. Med en 50 mm diameter p\u00e5 viktplattans bussning, en skarp IWF-standardknorr f\u00f6r s\u00e4kert grepp och en elegant kromfinish p\u00e5 b\u00e5de innerst\u00e5ngen och vikthylsans yta \u00e4r det ett perfekt val f\u00f6r seri\u00f6sa lyftare. Dessutom har skivst\u00e5ngen en betryggande 2 \u00e5rs garanti. Oavsett om du \u00e4r en professionell idrottsman eller en fitnessentusiast \u00e4r Evolve Prime Series Olympic Women&#8217;s Barbell byggd f\u00f6r att tillgodose alla dina lyftbehov.<\/p>\n","protected":false},"featured_media":92620,"template":"","meta":{"_acf_changed":false,"inline_featured_image":false},"product_cat":[1001,1040],"product_tag":[],"class_list":{"0":"post-30928","1":"product","2":"type-product","3":"status-publish","4":"has-post-thumbnail","6":"product_cat-fria-vikter","7":"product_cat-barer-och-tillbehor","9":"first","10":"instock","11":"shipping-taxable","12":"purchasable","13":"product-type-simple"},"acf":[],"_links":{"self":[{"href":"https:\/\/store.evolve-fitness.eu\/sv\/wp-json\/wp\/v2\/product\/30928","targetHints":{"allow":["GET"]}}],"collection":[{"href":"https:\/\/store.evolve-fitness.eu\/sv\/wp-json\/wp\/v2\/product"}],"about":[{"href":"https:\/\/store.evolve-fitness.eu\/sv\/wp-json\/wp\/v2\/types\/product"}],"wp:featuredmedia":[{"embeddable":true,"href":"https:\/\/store.evolve-fitness.eu\/sv\/wp-json\/wp\/v2\/media\/92620"}],"wp:attachment":[{"href":"https:\/\/store.evolve-fitness.eu\/sv\/wp-json\/wp\/v2\/media?parent=30928"}],"wp:term":[{"taxonomy":"product_cat","embeddable":true,"href":"https:\/\/store.evolve-fitness.eu\/sv\/wp-json\/wp\/v2\/product_cat?post=30928"},{"taxonomy":"product_tag","embeddable":true,"href":"https:\/\/store.evolve-fitness.eu\/sv\/wp-json\/wp\/v2\/product_tag?post=30928"}],"curies":[{"name":"wp","href":"https:\/\/api.w.org\/{rel}","templated":true}]}}