{"id":30817,"date":"2023-10-17T10:04:37","date_gmt":"2023-10-17T10:04:37","guid":{"rendered":"https:\/\/store.evolve-fitness.eu\/product\/evolve-cerakote-serie-olympisk-kvinna-bar-201-cm-15-kg\/"},"modified":"2024-10-11T06:40:02","modified_gmt":"2024-10-11T06:40:02","slug":"evolve-cerakote-serie-olympisk-kvinna-bar-201-cm-15-kg","status":"publish","type":"product","link":"https:\/\/store.evolve-fitness.eu\/sv\/produkt\/evolve-cerakote-serie-olympisk-kvinna-bar-201-cm-15-kg\/","title":{"rendered":"Evolve cerakote serie olympisk kvinna Bar &#8211; 201 cm \/ 15 kg"},"content":{"rendered":"\n<section class=\"wp-block-group alignfull black-content has-white-color has-darkgray-background-color has-text-color has-background is-layout-constrained wp-block-group-is-layout-constrained\" style=\"padding-top:var(--wp--preset--spacing--section-bottom);padding-bottom:var(--wp--preset--spacing--section-bottom)\">\n<section class=\"wp-block-group alignfull black-content has-white-color has-darkgray-background-color has-text-color has-background is-layout-constrained wp-block-group-is-layout-constrained\" style=\"padding-top:var(--wp--preset--spacing--section-bottom);padding-bottom:var(--wp--preset--spacing--section-bottom)\">\n<section class=\"wp-block-group alignfull black-content has-white-color has-darkgray-background-color has-text-color has-background is-layout-constrained wp-block-group-is-layout-constrained\" style=\"padding-top:var(--wp--preset--spacing--section-bottom);padding-bottom:var(--wp--preset--spacing--section-bottom)\">\n<div class=\"wp-block-columns alignwide mobile-reverse is-layout-flex wp-container-core-columns-is-layout-ca64bf2d wp-block-columns-is-layout-flex\" style=\"margin-bottom:var(--wp--preset--spacing--side-padding)\">\n<div class=\"wp-block-column is-vertically-aligned-center is-layout-flow wp-block-column-is-layout-flow\">\n<h3 class=\"wp-block-heading\" style=\"margin-bottom:var(--wp--preset--spacing--h-3-bottom)\">Evolve cerakote serie olympisk kvinna Bar &#8211; 201 cm \/ 15 kg<\/h3>\n<\/div>\n\n\n\n<div class=\"wp-block-column is-vertically-aligned-center is-layout-flow wp-block-column-is-layout-flow\">\n<figure class=\"wp-block-image size-large\"><img loading=\"lazy\" decoding=\"async\" width=\"683\" height=\"1024\" src=\"https:\/\/store.evolve-fitness.eu\/wp-content\/uploads\/2024\/07\/A7_06078-683x1024.jpg\" alt=\"\" class=\"wp-image-92188\" srcset=\"https:\/\/store.evolve-fitness.eu\/wp-content\/uploads\/2024\/07\/A7_06078-683x1024.jpg 683w, https:\/\/store.evolve-fitness.eu\/wp-content\/uploads\/2024\/07\/A7_06078-200x300.jpg 200w, https:\/\/store.evolve-fitness.eu\/wp-content\/uploads\/2024\/07\/A7_06078-768x1152.jpg 768w, https:\/\/store.evolve-fitness.eu\/wp-content\/uploads\/2024\/07\/A7_06078-1024x1536.jpg 1024w, https:\/\/store.evolve-fitness.eu\/wp-content\/uploads\/2024\/07\/A7_06078-600x900.jpg 600w, https:\/\/store.evolve-fitness.eu\/wp-content\/uploads\/2024\/07\/A7_06078.jpg 1280w\" sizes=\"auto, (max-width: 683px) 100vw, 683px\" \/><\/figure>\n<\/div>\n<\/div>\n<\/section>\n<\/section>\n<\/section>\n","protected":false},"excerpt":{"rendered":"<p>Uppt\u00e4ck det exceptionella Evolve Cerakote Olympic Women&#8217;s Grip, ett f\u00f6rstklassigt val f\u00f6r idrottare och fitnessentusiaster. Denna premium skivst\u00e5ng, som m\u00e4ter 201 cm i l\u00e4ngd och v\u00e4ger 15 kg, \u00e4r skr\u00e4ddarsydd f\u00f6r b\u00e5de professionell anv\u00e4ndning och hemmabruk. Den robusta konstruktionen har en maximal lastkapacitet p\u00e5 900 kg, vilket g\u00f6r den idealisk f\u00f6r intensiva tr\u00e4ningspass. St\u00e5ngen har 8 n\u00e5llager och 2 kopparbussningar, vilket ger en j\u00e4mn rotation och o\u00f6vertr\u00e4ffad h\u00e5llbarhet. Bussningsdiametern \u00d850 mm \u00e4r perfekt f\u00f6r standardvikter, medan kromfinishen p\u00e5 b\u00e5de greppytan och hylsan (320 mm l\u00e5ng) ger en elegant touch. St\u00e5ngens innerdiameter p\u00e5 \u00d825 mm och 1,5 mm djupa skrovlighet p\u00e5 greppbr\u00e4dan, i kombination med IMF-typens skrovlighet, ger ett s\u00e4kert grepp och f\u00f6rb\u00e4ttrar din tr\u00e4ningsupplevelse. Med 2 \u00e5rs garanti \u00e4r Evolve Cerakote Olympic Women&#8217;s Grip (produktkod: EV-OB-CK-201) ett p\u00e5litligt och h\u00f6gkvalitativt komplement till alla tr\u00e4ningsregimer.<\/p>\n<p>\n","protected":false},"featured_media":92443,"template":"","meta":{"_acf_changed":false,"inline_featured_image":false},"product_cat":[2408,1001,1040],"product_tag":[],"class_list":{"0":"post-30817","1":"product","2":"type-product","3":"status-publish","4":"has-post-thumbnail","6":"product_cat-hyrox-redskap","7":"product_cat-fria-vikter","8":"product_cat-barer-och-tillbehor","10":"first","11":"instock","12":"shipping-taxable","13":"purchasable","14":"product-type-simple"},"acf":[],"_links":{"self":[{"href":"https:\/\/store.evolve-fitness.eu\/sv\/wp-json\/wp\/v2\/product\/30817","targetHints":{"allow":["GET"]}}],"collection":[{"href":"https:\/\/store.evolve-fitness.eu\/sv\/wp-json\/wp\/v2\/product"}],"about":[{"href":"https:\/\/store.evolve-fitness.eu\/sv\/wp-json\/wp\/v2\/types\/product"}],"wp:featuredmedia":[{"embeddable":true,"href":"https:\/\/store.evolve-fitness.eu\/sv\/wp-json\/wp\/v2\/media\/92443"}],"wp:attachment":[{"href":"https:\/\/store.evolve-fitness.eu\/sv\/wp-json\/wp\/v2\/media?parent=30817"}],"wp:term":[{"taxonomy":"product_cat","embeddable":true,"href":"https:\/\/store.evolve-fitness.eu\/sv\/wp-json\/wp\/v2\/product_cat?post=30817"},{"taxonomy":"product_tag","embeddable":true,"href":"https:\/\/store.evolve-fitness.eu\/sv\/wp-json\/wp\/v2\/product_tag?post=30817"}],"curies":[{"name":"wp","href":"https:\/\/api.w.org\/{rel}","templated":true}]}}