{"id":30556,"date":"2023-10-16T10:21:10","date_gmt":"2023-10-16T10:21:10","guid":{"rendered":"https:\/\/store.evolve-fitness.eu\/product\/evolve-olympisk-hex-stang-150-cm\/"},"modified":"2024-07-16T08:30:05","modified_gmt":"2024-07-16T08:30:05","slug":"evolve-olympisk-hex-stang-150-cm","status":"publish","type":"product","link":"https:\/\/store.evolve-fitness.eu\/sv\/produkt\/evolve-olympisk-hex-stang-150-cm\/","title":{"rendered":"Evolve olympisk hex-st\u00e5ng &#8211; 150 cm"},"content":{"rendered":"","protected":false},"excerpt":{"rendered":"<p>Evolve Olympic Hex Bar ger m\u00f6jlighet att utf\u00f6ra ett bredare spektrum av \u00f6vningar samtidigt som du beh\u00e5ller r\u00e4tt form. Denna st\u00e5ng \u00e4r konstruerad med hylsor och s\u00e4kerst\u00e4ller smidig rotation och h\u00e5llbarhet. Denna st\u00e5ng t\u00e5l kontinuerlig anv\u00e4ndning med en maximal belastning p\u00e5 upp till 500 kg.<\/p>\n","protected":false},"featured_media":92239,"template":"","meta":{"_acf_changed":false,"inline_featured_image":false},"product_cat":[2408,1001,1040],"product_tag":[],"class_list":{"0":"post-30556","1":"product","2":"type-product","3":"status-publish","4":"has-post-thumbnail","6":"product_cat-hyrox-redskap","7":"product_cat-fria-vikter","8":"product_cat-barer-och-tillbehor","10":"first","11":"instock","12":"shipping-taxable","13":"purchasable","14":"product-type-simple"},"acf":[],"_links":{"self":[{"href":"https:\/\/store.evolve-fitness.eu\/sv\/wp-json\/wp\/v2\/product\/30556","targetHints":{"allow":["GET"]}}],"collection":[{"href":"https:\/\/store.evolve-fitness.eu\/sv\/wp-json\/wp\/v2\/product"}],"about":[{"href":"https:\/\/store.evolve-fitness.eu\/sv\/wp-json\/wp\/v2\/types\/product"}],"wp:featuredmedia":[{"embeddable":true,"href":"https:\/\/store.evolve-fitness.eu\/sv\/wp-json\/wp\/v2\/media\/92239"}],"wp:attachment":[{"href":"https:\/\/store.evolve-fitness.eu\/sv\/wp-json\/wp\/v2\/media?parent=30556"}],"wp:term":[{"taxonomy":"product_cat","embeddable":true,"href":"https:\/\/store.evolve-fitness.eu\/sv\/wp-json\/wp\/v2\/product_cat?post=30556"},{"taxonomy":"product_tag","embeddable":true,"href":"https:\/\/store.evolve-fitness.eu\/sv\/wp-json\/wp\/v2\/product_tag?post=30556"}],"curies":[{"name":"wp","href":"https:\/\/api.w.org\/{rel}","templated":true}]}}