{"id":30500,"date":"2023-10-16T08:38:11","date_gmt":"2023-10-16T08:38:11","guid":{"rendered":"https:\/\/store.evolve-fitness.eu\/product\/evolve-olympisk-curlstang-120-cm\/"},"modified":"2024-07-16T08:19:53","modified_gmt":"2024-07-16T08:19:53","slug":"evolve-olympisk-curlstang-120-cm","status":"publish","type":"product","link":"https:\/\/store.evolve-fitness.eu\/sv\/produkt\/evolve-olympisk-curlstang-120-cm\/","title":{"rendered":"Evolve olympisk curlst\u00e5ng &#8211; 120 cm"},"content":{"rendered":"\n<section class=\"wp-block-group alignfull black-content has-white-color has-darkgray-background-color has-text-color has-background is-layout-constrained wp-block-group-is-layout-constrained\" style=\"padding-top:var(--wp--preset--spacing--section-bottom);padding-bottom:var(--wp--preset--spacing--section-bottom)\">\n<section class=\"wp-block-group alignfull black-content has-white-color has-darkgray-background-color has-text-color has-background is-layout-constrained wp-block-group-is-layout-constrained\" style=\"padding-top:var(--wp--preset--spacing--section-bottom);padding-bottom:var(--wp--preset--spacing--section-bottom)\">\n<div class=\"wp-block-columns alignwide mobile-reverse is-layout-flex wp-container-core-columns-is-layout-ca64bf2d wp-block-columns-is-layout-flex\" style=\"margin-bottom:var(--wp--preset--spacing--side-padding)\">\n<div class=\"wp-block-column is-vertically-aligned-center is-layout-flow wp-block-column-is-layout-flow\">\n<h3 class=\"wp-block-heading\" style=\"margin-bottom:var(--wp--preset--spacing--h-3-bottom)\">Evolve olympisk curlst\u00e5ng &#8211; 120 cm<\/h3>\n\n\n\n<p><strong><em><strong><em>120 cm<\/em><\/strong><\/em><\/strong><\/p>\n\n\n\n<p style=\"margin-bottom:var(--wp--preset--spacing--tb-section-padding)\">Upplev styrketr\u00e4ningens h\u00f6jdpunkt med Evolve Olympic Curl Bar (EV-OB-CB-120) &#8211; en premiumcurlst\u00e5ng p\u00e5 1200 mm, 10 kg, 50 mm utformad f\u00f6r b\u00e5de intensiv hemmatr\u00e4ning och kr\u00e4vande kommersiell anv\u00e4ndning.<\/p>\n<\/div>\n\n\n\n<div class=\"wp-block-column is-vertically-aligned-center is-layout-flow wp-block-column-is-layout-flow\">\n<figure class=\"wp-block-image size-large\"><img loading=\"lazy\" decoding=\"async\" width=\"683\" height=\"1024\" src=\"https:\/\/store.evolve-fitness.eu\/wp-content\/uploads\/2024\/07\/A7_06078-683x1024.jpg\" alt=\"\" class=\"wp-image-92188\" srcset=\"https:\/\/store.evolve-fitness.eu\/wp-content\/uploads\/2024\/07\/A7_06078-683x1024.jpg 683w, https:\/\/store.evolve-fitness.eu\/wp-content\/uploads\/2024\/07\/A7_06078-200x300.jpg 200w, https:\/\/store.evolve-fitness.eu\/wp-content\/uploads\/2024\/07\/A7_06078-768x1152.jpg 768w, https:\/\/store.evolve-fitness.eu\/wp-content\/uploads\/2024\/07\/A7_06078-1024x1536.jpg 1024w, https:\/\/store.evolve-fitness.eu\/wp-content\/uploads\/2024\/07\/A7_06078-600x900.jpg 600w, https:\/\/store.evolve-fitness.eu\/wp-content\/uploads\/2024\/07\/A7_06078.jpg 1280w\" sizes=\"auto, (max-width: 683px) 100vw, 683px\" \/><\/figure>\n<\/div>\n<\/div>\n<\/section>\n<\/section>\n","protected":false},"excerpt":{"rendered":"<p>Upplev styrketr\u00e4ningens h\u00f6jdpunkt med Evolve Olympic Curl Bar (EV-OB-CB-120) &#8211; en premiumcurlst\u00e5ng p\u00e5 1200 mm, 10 kg, 50 mm utformad f\u00f6r b\u00e5de intensiv hemmatr\u00e4ning och kr\u00e4vande kommersiell anv\u00e4ndning. Denna curlst\u00e5ng har en robust konstruktion med \u00d828 mm inre st\u00e5ngdiameter och en inre yta i krom, och \u00e4r byggd f\u00f6r att h\u00e5lla l\u00e4nge. Bussningarna s\u00e4kerst\u00e4ller smidig drift och exceptionell h\u00e5llbarhet och klarar en maximal belastning p\u00e5 360 kg. Med 2 \u00e5rs garanti och \u00d850 mm viktpl\u00e5tsbussningar uppfyller denna olympiska curlst\u00e5ng de h\u00f6gsta kraven p\u00e5 kvalitet och prestanda. Oavsett om du vill f\u00f6rb\u00e4ttra ditt hemmagym eller utrusta ett kommersiellt fitnesscenter \u00e4r Evolve Olympic Curl Bar det ultimata valet f\u00f6r dem som kr\u00e4ver det b\u00e4sta.<\/p>\n","protected":false},"featured_media":30515,"template":"","meta":{"_acf_changed":false,"inline_featured_image":false},"product_cat":[2408,1001,1040],"product_tag":[],"class_list":{"0":"post-30500","1":"product","2":"type-product","3":"status-publish","4":"has-post-thumbnail","6":"product_cat-hyrox-redskap","7":"product_cat-fria-vikter","8":"product_cat-barer-och-tillbehor","10":"first","11":"instock","12":"shipping-taxable","13":"purchasable","14":"product-type-simple"},"acf":[],"_links":{"self":[{"href":"https:\/\/store.evolve-fitness.eu\/sv\/wp-json\/wp\/v2\/product\/30500","targetHints":{"allow":["GET"]}}],"collection":[{"href":"https:\/\/store.evolve-fitness.eu\/sv\/wp-json\/wp\/v2\/product"}],"about":[{"href":"https:\/\/store.evolve-fitness.eu\/sv\/wp-json\/wp\/v2\/types\/product"}],"wp:featuredmedia":[{"embeddable":true,"href":"https:\/\/store.evolve-fitness.eu\/sv\/wp-json\/wp\/v2\/media\/30515"}],"wp:attachment":[{"href":"https:\/\/store.evolve-fitness.eu\/sv\/wp-json\/wp\/v2\/media?parent=30500"}],"wp:term":[{"taxonomy":"product_cat","embeddable":true,"href":"https:\/\/store.evolve-fitness.eu\/sv\/wp-json\/wp\/v2\/product_cat?post=30500"},{"taxonomy":"product_tag","embeddable":true,"href":"https:\/\/store.evolve-fitness.eu\/sv\/wp-json\/wp\/v2\/product_tag?post=30500"}],"curies":[{"name":"wp","href":"https:\/\/api.w.org\/{rel}","templated":true}]}}