{"id":30449,"date":"2023-10-16T07:19:20","date_gmt":"2023-10-16T07:19:20","guid":{"rendered":"https:\/\/store.evolve-fitness.eu\/product\/evolve-olympisk-stang-150-cm\/"},"modified":"2024-10-11T06:34:31","modified_gmt":"2024-10-11T06:34:31","slug":"evolve-olympisk-stang-150-cm","status":"publish","type":"product","link":"https:\/\/store.evolve-fitness.eu\/sv\/produkt\/evolve-olympisk-stang-150-cm\/","title":{"rendered":"Evolve Olympisk st\u00e5ng &#8211; 150 cm"},"content":{"rendered":"\n<section class=\"wp-block-group alignfull black-content has-white-color has-darkgray-background-color has-text-color has-background is-layout-constrained wp-block-group-is-layout-constrained\" style=\"padding-top:var(--wp--preset--spacing--section-bottom);padding-bottom:var(--wp--preset--spacing--section-bottom)\">\n<section class=\"wp-block-group alignfull black-content has-white-color has-darkgray-background-color has-text-color has-background is-layout-constrained wp-block-group-is-layout-constrained\" style=\"padding-top:var(--wp--preset--spacing--section-bottom);padding-bottom:var(--wp--preset--spacing--section-bottom)\">\n<section class=\"wp-block-group alignfull black-content has-white-color has-darkgray-background-color has-text-color has-background is-layout-constrained wp-block-group-is-layout-constrained\" style=\"padding-top:var(--wp--preset--spacing--section-bottom);padding-bottom:var(--wp--preset--spacing--section-bottom)\">\n<div class=\"wp-block-columns alignwide mobile-reverse is-layout-flex wp-container-core-columns-is-layout-ca64bf2d wp-block-columns-is-layout-flex\" style=\"margin-bottom:var(--wp--preset--spacing--side-padding)\">\n<div class=\"wp-block-column is-vertically-aligned-center is-layout-flow wp-block-column-is-layout-flow\">\n<h3 class=\"wp-block-heading\" style=\"margin-bottom:var(--wp--preset--spacing--h-3-bottom)\">Evolve Olymic Bar &#8211; 150 cm<\/h3>\n\n\n\n<p><strong><em><strong><em>150 cm<\/em><\/strong><\/em><\/strong><\/p>\n\n\n\n<p style=\"margin-bottom:var(--wp--preset--spacing--tb-section-padding)\">F\u00f6rb\u00e4ttra din tr\u00e4ning med Evolve Olympic Bar, en 150 cm l\u00e5ng skivst\u00e5ng i premiumklass som \u00e4r utformad f\u00f6r \u00f6verl\u00e4gsen prestanda och h\u00e5llbarhet.  <\/p>\n<\/div>\n\n\n\n<div class=\"wp-block-column is-vertically-aligned-center is-layout-flow wp-block-column-is-layout-flow\">\n<figure class=\"wp-block-image size-large\"><img loading=\"lazy\" decoding=\"async\" width=\"683\" height=\"1024\" src=\"https:\/\/store.evolve-fitness.eu\/wp-content\/uploads\/2024\/07\/A7_06078-683x1024.jpg\" alt=\"\" class=\"wp-image-92188\" srcset=\"https:\/\/store.evolve-fitness.eu\/wp-content\/uploads\/2024\/07\/A7_06078-683x1024.jpg 683w, https:\/\/store.evolve-fitness.eu\/wp-content\/uploads\/2024\/07\/A7_06078-200x300.jpg 200w, https:\/\/store.evolve-fitness.eu\/wp-content\/uploads\/2024\/07\/A7_06078-768x1152.jpg 768w, https:\/\/store.evolve-fitness.eu\/wp-content\/uploads\/2024\/07\/A7_06078-1024x1536.jpg 1024w, https:\/\/store.evolve-fitness.eu\/wp-content\/uploads\/2024\/07\/A7_06078-600x900.jpg 600w, https:\/\/store.evolve-fitness.eu\/wp-content\/uploads\/2024\/07\/A7_06078.jpg 1280w\" sizes=\"auto, (max-width: 683px) 100vw, 683px\" \/><\/figure>\n<\/div>\n<\/div>\n<\/section>\n<\/section>\n<\/section>\n","protected":false},"excerpt":{"rendered":"<p>F\u00f6rb\u00e4ttra din tr\u00e4ning med Evolve Olympic Bar, en f\u00f6rstklassig 150 cm skivst\u00e5ng utformad f\u00f6r \u00f6verl\u00e4gsen prestanda och h\u00e5llbarhet. Med en vikt p\u00e5 12 kg och en maximal lastkapacitet p\u00e5 320 kg \u00e4r denna st\u00e5ng perfekt f\u00f6r b\u00e5de nyb\u00f6rjare och erfarna idrottare. Viktplattans \u00d8 50 mm bussningsdiameter rymmer olympiska standardvikter, medan \u00d8 30 mm inre st\u00e5ngdiameter s\u00e4kerst\u00e4ller ett bekv\u00e4mt grepp. St\u00e5ngen har h\u00f6gkvalitativa bussningar f\u00f6r j\u00e4mn rotation, en kromfinish p\u00e5 innerytan och vikthylsan f\u00f6r \u00f6kad h\u00e5llbarhet samt en bussningsl\u00e4ngd p\u00e5 250 mm f\u00f6r viktskivor. Evolve Olympic Bar har ett 1 mm djup, IWF-standardknorr och medelh\u00f6g sk\u00e4rpa, vilket ger ett optimalt grepp och minskar risken f\u00f6r glidning under tunga lyft. Med 2 \u00e5rs garanti \u00e4r denna st\u00e5ng ett p\u00e5litligt tillskott till alla gym eller tr\u00e4ningslokaler i hemmet.<\/p>\n<p>\n","protected":false},"featured_media":30461,"template":"","meta":{"_acf_changed":false,"inline_featured_image":false},"product_cat":[2408,1001,1040],"product_tag":[],"class_list":{"0":"post-30449","1":"product","2":"type-product","3":"status-publish","4":"has-post-thumbnail","6":"product_cat-hyrox-redskap","7":"product_cat-fria-vikter","8":"product_cat-barer-och-tillbehor","10":"first","11":"instock","12":"shipping-taxable","13":"purchasable","14":"product-type-simple"},"acf":[],"_links":{"self":[{"href":"https:\/\/store.evolve-fitness.eu\/sv\/wp-json\/wp\/v2\/product\/30449","targetHints":{"allow":["GET"]}}],"collection":[{"href":"https:\/\/store.evolve-fitness.eu\/sv\/wp-json\/wp\/v2\/product"}],"about":[{"href":"https:\/\/store.evolve-fitness.eu\/sv\/wp-json\/wp\/v2\/types\/product"}],"wp:featuredmedia":[{"embeddable":true,"href":"https:\/\/store.evolve-fitness.eu\/sv\/wp-json\/wp\/v2\/media\/30461"}],"wp:attachment":[{"href":"https:\/\/store.evolve-fitness.eu\/sv\/wp-json\/wp\/v2\/media?parent=30449"}],"wp:term":[{"taxonomy":"product_cat","embeddable":true,"href":"https:\/\/store.evolve-fitness.eu\/sv\/wp-json\/wp\/v2\/product_cat?post=30449"},{"taxonomy":"product_tag","embeddable":true,"href":"https:\/\/store.evolve-fitness.eu\/sv\/wp-json\/wp\/v2\/product_tag?post=30449"}],"curies":[{"name":"wp","href":"https:\/\/api.w.org\/{rel}","templated":true}]}}