{"id":30406,"date":"2023-10-16T06:59:28","date_gmt":"2023-10-16T06:59:28","guid":{"rendered":"https:\/\/store.evolve-fitness.eu\/product\/evolve-olympisk-tricepsstang\/"},"modified":"2024-07-16T08:11:52","modified_gmt":"2024-07-16T08:11:52","slug":"evolve-olympisk-tricepsstang","status":"publish","type":"product","link":"https:\/\/store.evolve-fitness.eu\/sv\/produkt\/evolve-olympisk-tricepsstang\/","title":{"rendered":"Evolve olympisk tricepsst\u00e5ng"},"content":{"rendered":"\n<p><\/p>\n\n<section class=\"wp-block-group alignfull black-content has-white-color has-darkgray-background-color has-text-color has-background is-layout-constrained wp-block-group-is-layout-constrained\" style=\"padding-top:var(--wp--preset--spacing--section-bottom);padding-bottom:var(--wp--preset--spacing--section-bottom)\">\n<div class=\"wp-block-columns alignwide mobile-reverse is-layout-flex wp-container-core-columns-is-layout-ca64bf2d wp-block-columns-is-layout-flex\" style=\"margin-bottom:var(--wp--preset--spacing--side-padding)\">\n<div class=\"wp-block-column is-vertically-aligned-center is-layout-flow wp-block-column-is-layout-flow\">\n<h3 class=\"wp-block-heading\" style=\"margin-bottom:var(--wp--preset--spacing--h-3-bottom)\">Evolve tricepsst\u00e5ng<\/h3>\n\n\n\n<p><strong><em><strong><em>860 mm \/ 10 kg \/ 50 mm<\/em><\/strong><\/em><\/strong><\/p>\n\n\n\n<p style=\"margin-bottom:var(--wp--preset--spacing--tb-section-padding)\">Denna tricepsst\u00e5ng \u00e4r utformad f\u00f6r \u00f6verl\u00e4gsen prestanda och riktar sig inte bara effektivt mot triceps-musklerna utan s\u00e4kerst\u00e4ller ocks\u00e5 ett bekv\u00e4mt grepp, vilket g\u00f6r det m\u00f6jligt f\u00f6r anv\u00e4ndare att \u00f6ka sina lyftvikter med sj\u00e4lvf\u00f6rtroende.<\/p>\n<\/div>\n\n\n\n<div class=\"wp-block-column is-vertically-aligned-center is-layout-flow wp-block-column-is-layout-flow\">\n<figure class=\"wp-block-image size-large\"><img loading=\"lazy\" decoding=\"async\" width=\"683\" height=\"1024\" src=\"https:\/\/store.evolve-fitness.eu\/wp-content\/uploads\/2024\/07\/A7_06078-683x1024.jpg\" alt=\"\" class=\"wp-image-92188\" srcset=\"https:\/\/store.evolve-fitness.eu\/wp-content\/uploads\/2024\/07\/A7_06078-683x1024.jpg 683w, https:\/\/store.evolve-fitness.eu\/wp-content\/uploads\/2024\/07\/A7_06078-200x300.jpg 200w, https:\/\/store.evolve-fitness.eu\/wp-content\/uploads\/2024\/07\/A7_06078-768x1152.jpg 768w, https:\/\/store.evolve-fitness.eu\/wp-content\/uploads\/2024\/07\/A7_06078-1024x1536.jpg 1024w, https:\/\/store.evolve-fitness.eu\/wp-content\/uploads\/2024\/07\/A7_06078-600x900.jpg 600w, https:\/\/store.evolve-fitness.eu\/wp-content\/uploads\/2024\/07\/A7_06078.jpg 1280w\" sizes=\"auto, (max-width: 683px) 100vw, 683px\" \/><\/figure>\n<\/div>\n<\/div>\n<\/section>\n","protected":false},"excerpt":{"rendered":"<p>Evolve Olympic Triceps Bar \u00e4r en h\u00f6gkvalitativ tr\u00e4ningsutrustning som \u00e4r utformad f\u00f6r att tr\u00e4na triceps och \u00f6verkroppsmuskler. Med sin mjuka rotation och bekv\u00e4ma grepp f\u00f6rb\u00e4ttrar den din tyngdlyftningsupplevelse samtidigt som den garanterar s\u00e4kerheten. Den maximala lastkapaciteten p\u00e5 200 kg g\u00f6r den l\u00e4mplig f\u00f6r anv\u00e4ndare p\u00e5 alla niv\u00e5er, fr\u00e5n nyb\u00f6rjare till fitnessproffs. Den unika designen och kromade ytbehandlingen skyddar inte bara mot rost utan hj\u00e4lper ocks\u00e5 till att isolera muskelgrupper och minska risken f\u00f6r skador. Lyft dina tr\u00e4ningspass med denna h\u00e5llbara och funktionella olympiska tricepsst\u00e5ng, ett m\u00e5ste f\u00f6r att uppn\u00e5 dina tr\u00e4ningsm\u00e5l.<\/p>\n","protected":false},"featured_media":92161,"template":"","meta":{"_acf_changed":false,"inline_featured_image":false},"product_cat":[2408,1001,1040],"product_tag":[],"class_list":{"0":"post-30406","1":"product","2":"type-product","3":"status-publish","4":"has-post-thumbnail","6":"product_cat-hyrox-redskap","7":"product_cat-fria-vikter","8":"product_cat-barer-och-tillbehor","10":"first","11":"instock","12":"shipping-taxable","13":"purchasable","14":"product-type-simple"},"acf":[],"_links":{"self":[{"href":"https:\/\/store.evolve-fitness.eu\/sv\/wp-json\/wp\/v2\/product\/30406","targetHints":{"allow":["GET"]}}],"collection":[{"href":"https:\/\/store.evolve-fitness.eu\/sv\/wp-json\/wp\/v2\/product"}],"about":[{"href":"https:\/\/store.evolve-fitness.eu\/sv\/wp-json\/wp\/v2\/types\/product"}],"wp:featuredmedia":[{"embeddable":true,"href":"https:\/\/store.evolve-fitness.eu\/sv\/wp-json\/wp\/v2\/media\/92161"}],"wp:attachment":[{"href":"https:\/\/store.evolve-fitness.eu\/sv\/wp-json\/wp\/v2\/media?parent=30406"}],"wp:term":[{"taxonomy":"product_cat","embeddable":true,"href":"https:\/\/store.evolve-fitness.eu\/sv\/wp-json\/wp\/v2\/product_cat?post=30406"},{"taxonomy":"product_tag","embeddable":true,"href":"https:\/\/store.evolve-fitness.eu\/sv\/wp-json\/wp\/v2\/product_tag?post=30406"}],"curies":[{"name":"wp","href":"https:\/\/api.w.org\/{rel}","templated":true}]}}