{"id":30137,"date":"2023-10-12T07:54:55","date_gmt":"2023-10-12T07:54:55","guid":{"rendered":"https:\/\/store.evolve-fitness.eu\/product\/evolve-kettlebell-stativ\/"},"modified":"2026-03-26T11:59:13","modified_gmt":"2026-03-26T11:59:13","slug":"evolve-kettlebell-stativ","status":"publish","type":"product","link":"https:\/\/store.evolve-fitness.eu\/sv\/produkt\/evolve-kettlebell-stativ\/","title":{"rendered":"Evolve kettlebell-stativ"},"content":{"rendered":"","protected":false},"excerpt":{"rendered":"<p>Evolve Kettlebell Rack, med sin effektiva 2-facksdesign och m\u00e5tten 1500 x 590 x 760 mm, erbjuder en idealisk f\u00f6rvaringsl\u00f6sning f\u00f6r kettlebells. Den robusta ramen \u00e4r tillverkad av ovala r\u00f6r (40 x 80 x 2 mm) och har en h\u00e5llbar pulverlackerad yta. Detta st\u00e4ll maximerar inte bara f\u00f6rvaringsutrymmet utan garanterar ocks\u00e5 s\u00e4kerheten f\u00f6r din utrustning tack vare brickfodren, som \u00e4r utformade f\u00f6r att f\u00f6rhindra repor och skador p\u00e5 kettlebells. Evolve Kettlebell Rack \u00e4r perfekt f\u00f6r b\u00e5de hemmagym och professionella milj\u00f6er och \u00e4r ett utm\u00e4rkt val f\u00f6r att h\u00e5lla ditt tr\u00e4ningsutrymme organiserat och dina kettlebells i perfekt skick.<\/p>\n","protected":false},"featured_media":30139,"template":"","meta":{"_acf_changed":false,"inline_featured_image":false},"product_cat":[550,1001,1005],"product_tag":[],"class_list":{"0":"post-30137","1":"product","2":"type-product","3":"status-publish","4":"has-post-thumbnail","6":"product_cat-startsida","7":"product_cat-fria-vikter","8":"product_cat-hyllor-och-forvaringslosningar","10":"first","11":"instock","12":"shipping-taxable","13":"purchasable","14":"product-type-simple"},"acf":[],"_links":{"self":[{"href":"https:\/\/store.evolve-fitness.eu\/sv\/wp-json\/wp\/v2\/product\/30137","targetHints":{"allow":["GET"]}}],"collection":[{"href":"https:\/\/store.evolve-fitness.eu\/sv\/wp-json\/wp\/v2\/product"}],"about":[{"href":"https:\/\/store.evolve-fitness.eu\/sv\/wp-json\/wp\/v2\/types\/product"}],"wp:featuredmedia":[{"embeddable":true,"href":"https:\/\/store.evolve-fitness.eu\/sv\/wp-json\/wp\/v2\/media\/30139"}],"wp:attachment":[{"href":"https:\/\/store.evolve-fitness.eu\/sv\/wp-json\/wp\/v2\/media?parent=30137"}],"wp:term":[{"taxonomy":"product_cat","embeddable":true,"href":"https:\/\/store.evolve-fitness.eu\/sv\/wp-json\/wp\/v2\/product_cat?post=30137"},{"taxonomy":"product_tag","embeddable":true,"href":"https:\/\/store.evolve-fitness.eu\/sv\/wp-json\/wp\/v2\/product_tag?post=30137"}],"curies":[{"name":"wp","href":"https:\/\/api.w.org\/{rel}","templated":true}]}}