{"id":29960,"date":"2023-10-12T06:45:47","date_gmt":"2023-10-12T06:45:47","guid":{"rendered":"https:\/\/store.evolve-fitness.eu\/product\/evolve-viktplatta-trad\/"},"modified":"2026-03-17T12:00:25","modified_gmt":"2026-03-17T12:00:25","slug":"evolve-viktplatta-trad","status":"publish","type":"product","link":"https:\/\/store.evolve-fitness.eu\/sv\/produkt\/evolve-viktplatta-trad\/","title":{"rendered":"Evolve Viktplatta tr\u00e4d"},"content":{"rendered":"\n<section class=\"wp-block-group alignfull black-content has-white-color has-darkgray-background-color has-text-color has-background is-layout-constrained wp-block-group-is-layout-constrained\" style=\"padding-top:var(--wp--preset--spacing--section-bottom);padding-bottom:var(--wp--preset--spacing--section-bottom)\">\n<p class=\"has-text-align-center has-medium-2-font-size\"><strong>Maximera ditt gymutrymme<\/strong> &#8211; <strong>den ultimata f\u00f6rvaringsl\u00f6sningen<\/strong><\/p>\n\n\n\n<p class=\"has-text-align-center has-medium-font-size\">V\u00e4lkommen till en v\u00e4rld av effektiv och organiserad tyngdlyftning med Evolve Weight Plate Tree. Denna vertikala ram \u00e4r utformad f\u00f6r olympiska viktskivor och \u00e4r inte bara platsbesparande utan ocks\u00e5 ett bevis p\u00e5 h\u00e5llbarhet och s\u00e4kerhet.<\/p>\n\n\n\n<div class=\"wp-block-columns alignwide mobile-reverse is-layout-flex wp-container-core-columns-is-layout-ca64bf2d wp-block-columns-is-layout-flex\" style=\"margin-bottom:var(--wp--preset--spacing--side-padding)\">\n<div class=\"wp-block-column is-vertically-aligned-center is-layout-flow wp-block-column-is-layout-flow\">\n<h3 class=\"wp-block-heading\" style=\"margin-bottom:var(--wp--preset--spacing--h-3-bottom)\"><strong><strong><strong><strong><strong><strong><strong><strong><strong>Slitstark och l\u00e5nglivad konstruktion<\/strong><\/strong><\/strong><\/strong><\/strong><\/strong><\/strong><\/strong><\/strong><\/h3>\n\n\n\n<p>Evolve Weight Plate Tree \u00e4r tillverkad f\u00f6r l\u00e5ng livsl\u00e4ngd och har en robust svetsad ram som kombinerar \u230076 x 2,5 mm cirkul\u00e4ra och 50 x 100 x 3 mm rektangul\u00e4ra r\u00f6r. Muttrar och bultar i rostfritt st\u00e5l f\u00f6rst\u00e4rker stabiliteten, vilket g\u00f6r den idealisk f\u00f6r kommersiella gym med h\u00f6g belastning, milit\u00e4ra anl\u00e4ggningar, kontorsfitnesscenter och spa. Den pulverlackerade ytan ger en dj\u00e4rv estetik samtidigt som den skyddar mot repor och rost.<\/p>\n<\/div>\n\n\n\n<div class=\"wp-block-column is-vertically-aligned-center is-layout-flow wp-block-column-is-layout-flow\">\n<figure class=\"wp-block-image alignright size-full is-resized is-style-rounded\"><img decoding=\"async\" src=\"https:\/\/evolve-fitness.eu\/wp-content\/uploads\/2023\/11\/Evolve-Weight-Plates-Tree.png\" alt=\"\" class=\"wp-image-5994\" style=\"object-fit:cover;width:680px;height:600px\"\/><\/figure>\n<\/div>\n<\/div>\n\n\n\n<div class=\"wp-block-columns alignwide is-layout-flex wp-container-core-columns-is-layout-c45ee707 wp-block-columns-is-layout-flex\" style=\"margin-bottom:var(--wp--preset--spacing--side-padding);padding-top:var(--wp--preset--spacing--side-padding)\">\n<div class=\"wp-block-column is-vertically-aligned-center is-layout-flow wp-block-column-is-layout-flow\">\n<figure class=\"wp-block-image size-full is-resized is-style-rounded\"><img decoding=\"async\" src=\"https:\/\/evolve-fitness.eu\/wp-content\/uploads\/2023\/11\/Evolve-Weight-Plates-Tree1.png\" alt=\"\" class=\"wp-image-5990\" style=\"object-fit:cover;width:680px;height:600px\"\/><\/figure>\n<\/div>\n\n\n\n<div class=\"wp-block-column is-vertically-aligned-center is-layout-constrained wp-block-column-is-layout-constrained\">\n<h3 class=\"wp-block-heading\" style=\"margin-bottom:var(--wp--preset--spacing--h-3-bottom)\"><strong><strong><strong><strong><strong><strong><strong><strong><strong>Bekv\u00e4m och utrymmesbesparande design<\/strong><\/strong><\/strong><\/strong><\/strong><\/strong><\/strong><\/strong><\/strong><\/h3>\n\n\n\n<p>Den kompakta, vertikala designen \u00e4r inte bara platsbesparande utan ocks\u00e5 en dr\u00f6m f\u00f6r den som vill organisera. L\u00e4tt\u00e5tkomligt och snyggt arrangerat g\u00f6r st\u00e4llet det enkelt att v\u00e4lja vikter. Det \u00e4r ett perfekt tillskott till alla hemmagym eller kommersiella milj\u00f6er, s\u00e5 att din tr\u00e4ningsyta f\u00f6rblir fri fr\u00e5n r\u00f6ran.<\/p>\n<\/div>\n<\/div>\n\n\n\n<div class=\"wp-block-columns alignwide is-layout-flex wp-container-core-columns-is-layout-c45ee707 wp-block-columns-is-layout-flex\" style=\"margin-bottom:var(--wp--preset--spacing--side-padding);padding-top:var(--wp--preset--spacing--side-padding)\">\n<div class=\"wp-block-column is-vertically-aligned-center is-layout-constrained wp-block-column-is-layout-constrained\">\n<h3 class=\"wp-block-heading\" style=\"margin-bottom:var(--wp--preset--spacing--h-3-bottom)\"><strong><strong><strong><strong><strong><strong><strong><strong><strong><strong>Kompromissl\u00f6s s\u00e4kerhet och stabilitet<\/strong><\/strong><\/strong><\/strong><\/strong><\/strong><\/strong><\/strong><\/strong><\/strong><\/h3>\n\n\n\n<p>F\u00f6r att prioritera din s\u00e4kerhet \u00e4r viktskivans st\u00e4nger kl\u00e4dda i h\u00f6gh\u00e5llfast, slitstarkt material som uppfyller GB 17498-2008 och EU EN2057-standarderna. Med certifieringar fr\u00e5n ROSH och REACH kan du vara s\u00e4ker p\u00e5 dess kvalitet. De mjuka PVC-fot\u00f6verdragen skyddar golvet och ger stadga under intensiva tr\u00e4ningspass.<\/p>\n<\/div>\n\n\n\n<div class=\"wp-block-column is-vertically-aligned-center is-layout-flow wp-block-column-is-layout-flow\">\n<figure class=\"wp-block-image size-full is-resized is-style-rounded\"><img decoding=\"async\" src=\"https:\/\/evolve-fitness.eu\/wp-content\/uploads\/2023\/11\/Dizainas-be-pavadinimo-hgh-edited-1.png\" alt=\"\" class=\"wp-image-6002\" style=\"object-fit:cover;width:680px;height:600px\"\/><\/figure>\n<\/div>\n<\/div>\n<\/section>\n","protected":false},"excerpt":{"rendered":"<p>Vi introducerar Evolve Weight Plate Tree, en h\u00f6jdpunkt inom gymorganisation och h\u00e5llbarhet. Detta vertikala f\u00f6rvaringsunderverk \u00e4r s\u00e4rskilt utformat f\u00f6r olympiska viktskivor och har en robust ram, skickligt svetsad av h\u00f6gh\u00e5llfasta material och med en elegant, rept\u00e5lig pulverlackering. Perfekt f\u00f6r b\u00e5de livliga kommersiella gym och tr\u00e4ningsentusiaster i hemmet, den utlovar s\u00e4kerhet med sina slitstarka skyddslister och golvv\u00e4nliga PVC-f\u00f6tter. Den kompakta designen sparar inte bara utrymme utan ser ocks\u00e5 till att dina vikter \u00e4r snyggt organiserade och l\u00e4tt\u00e5tkomliga. Med en maximal lastkapacitet p\u00e5 600 kg och en stabil tv\u00e5\u00e5rsgaranti \u00e4r Evolve Weight Plate Tree ett viktigt tillskott till alla tr\u00e4ningsutrymmen, med o\u00f6vertr\u00e4ffad stabilitet och en milj\u00f6 utan r\u00f6ran. F\u00f6rh\u00f6j din tr\u00e4ningsyta med denna eleganta, effektiva och l\u00e5nglivade l\u00f6sning.<\/p>\n","protected":false},"featured_media":96168,"template":"","meta":{"_acf_changed":false,"inline_featured_image":false},"product_cat":[550,1001,1005],"product_tag":[],"class_list":{"0":"post-29960","1":"product","2":"type-product","3":"status-publish","4":"has-post-thumbnail","6":"product_cat-startsida","7":"product_cat-fria-vikter","8":"product_cat-hyllor-och-forvaringslosningar","10":"first","11":"instock","12":"shipping-taxable","13":"purchasable","14":"product-type-simple"},"acf":[],"_links":{"self":[{"href":"https:\/\/store.evolve-fitness.eu\/sv\/wp-json\/wp\/v2\/product\/29960","targetHints":{"allow":["GET"]}}],"collection":[{"href":"https:\/\/store.evolve-fitness.eu\/sv\/wp-json\/wp\/v2\/product"}],"about":[{"href":"https:\/\/store.evolve-fitness.eu\/sv\/wp-json\/wp\/v2\/types\/product"}],"wp:featuredmedia":[{"embeddable":true,"href":"https:\/\/store.evolve-fitness.eu\/sv\/wp-json\/wp\/v2\/media\/96168"}],"wp:attachment":[{"href":"https:\/\/store.evolve-fitness.eu\/sv\/wp-json\/wp\/v2\/media?parent=29960"}],"wp:term":[{"taxonomy":"product_cat","embeddable":true,"href":"https:\/\/store.evolve-fitness.eu\/sv\/wp-json\/wp\/v2\/product_cat?post=29960"},{"taxonomy":"product_tag","embeddable":true,"href":"https:\/\/store.evolve-fitness.eu\/sv\/wp-json\/wp\/v2\/product_tag?post=29960"}],"curies":[{"name":"wp","href":"https:\/\/api.w.org\/{rel}","templated":true}]}}