{"id":29685,"date":"2023-10-11T11:11:55","date_gmt":"2023-10-11T11:11:55","guid":{"rendered":"https:\/\/store.evolve-fitness.eu\/product\/evolve-horisontellt-hantelstall-10-par\/"},"modified":"2026-04-22T12:00:25","modified_gmt":"2026-04-22T12:00:25","slug":"evolve-horisontellt-hantelstall-10-par","status":"publish","type":"product","link":"https:\/\/store.evolve-fitness.eu\/sv\/produkt\/evolve-horisontellt-hantelstall-10-par\/","title":{"rendered":"Evolve horisontellt hantelst\u00e4ll, 10 par"},"content":{"rendered":"\n<section class=\"wp-block-group alignfull black-content has-white-color has-darkgray-background-color has-text-color has-background is-layout-constrained wp-block-group-is-layout-constrained\" style=\"padding-top:var(--wp--preset--spacing--section-bottom);padding-bottom:var(--wp--preset--spacing--section-bottom)\">\n<div class=\"wp-block-columns alignwide mobile-reverse is-layout-flex wp-container-core-columns-is-layout-ca64bf2d wp-block-columns-is-layout-flex\" style=\"margin-bottom:var(--wp--preset--spacing--side-padding)\">\n<div class=\"wp-block-column is-vertically-aligned-center is-layout-flow wp-block-column-is-layout-flow\">\n<h3 class=\"wp-block-heading\" style=\"margin-bottom:var(--wp--preset--spacing--h-3-bottom)\"><strong><strong><strong><strong>H\u00e5llbar och robust konstruktion:<\/strong><\/strong><\/strong><\/strong><\/h3>\n\n\n\n<p>Evolve Horizontal Dumbbell Rack \u00e4r tillverkad av kraftig metall och garanterar l\u00e5ng livsl\u00e4ngd och motst\u00e5ndskraft. Den \u00f6verl\u00e4gsna pulverlackeringstekniken ger inte bara en dj\u00e4rv estetik utan skyddar ocks\u00e5 mot repor och rost. Racket \u00e4r konstruerat f\u00f6r att klara p\u00e5frestningarna i ett kommersiellt gym med h\u00f6g belastning, vilket g\u00f6r det till ett p\u00e5litligt val f\u00f6r alla tr\u00e4ningsmilj\u00f6er.<\/p>\n<\/div>\n\n\n\n<div class=\"wp-block-column is-vertically-aligned-center is-layout-flow wp-block-column-is-layout-flow\">\n<figure class=\"wp-block-video\"><video height=\"72\" style=\"aspect-ratio: 49 \/ 72;\" width=\"49\" autoplay=\"\" controls=\"\" loop=\"\" muted=\"\" src=\"https:\/\/evolve-fitness.eu\/wp-content\/uploads\/2023\/11\/EV-RS-DR-100-video.mp4\"><\/video><\/figure>\n<\/div>\n<\/div>\n\n\n\n<div class=\"wp-block-columns alignwide is-layout-flex wp-container-core-columns-is-layout-c45ee707 wp-block-columns-is-layout-flex\" style=\"margin-bottom:var(--wp--preset--spacing--side-padding);padding-top:var(--wp--preset--spacing--side-padding)\">\n<div class=\"wp-block-column is-vertically-aligned-center is-layout-flow wp-block-column-is-layout-flow\">\n<figure class=\"wp-block-video\"><video height=\"1536\" style=\"aspect-ratio: 2048 \/ 1536;\" width=\"2048\" autoplay=\"\" controls=\"\" loop=\"\" muted=\"\" src=\"https:\/\/evolve-fitness.eu\/wp-content\/uploads\/2023\/11\/EV-RS-DR-100-weights.mp4\"><\/video><\/figure>\n<\/div>\n\n\n\n<div class=\"wp-block-column is-vertically-aligned-center is-layout-constrained wp-block-column-is-layout-constrained\">\n<h3 class=\"wp-block-heading\" style=\"margin-bottom:var(--wp--preset--spacing--h-3-bottom)\"><strong><strong><strong>Funktionell och anv\u00e4ndarv\u00e4nlig design:<\/strong><\/strong><\/strong><\/h3>\n\n\n\n<p>Stativet har gummibel\u00e4ggning p\u00e5 f\u00f6tterna f\u00f6r att f\u00f6rhindra skador p\u00e5 golvet och f\u00f6r att ge maximal stabilitet. F\u00f6r \u00f6kad s\u00e4kerhet kan f\u00f6tterna monteras i marken. H\u00e5llarna, som \u00e4r tillverkade av ett skyddande material, f\u00f6rhindrar att hantlarnas handtag flisar sig och minskar risken f\u00f6r repor. Den vinklade designen g\u00f6r det enkelt att placera och ta bort hantlarna, vilket effektiviserar dina tr\u00e4ningspass.<\/p>\n<\/div>\n<\/div>\n\n\n\n<div class=\"wp-block-columns alignwide is-layout-flex wp-container-core-columns-is-layout-c45ee707 wp-block-columns-is-layout-flex\" style=\"margin-bottom:var(--wp--preset--spacing--side-padding);padding-top:var(--wp--preset--spacing--side-padding)\">\n<div class=\"wp-block-column is-vertically-aligned-center is-layout-constrained wp-block-column-is-layout-constrained\">\n<h3 class=\"wp-block-heading\" style=\"margin-bottom:var(--wp--preset--spacing--h-3-bottom)\"><strong><strong><strong><strong>Praktisk f\u00f6rvaringsl\u00f6sning:<\/strong><\/strong><\/strong><\/strong><\/h3>\n\n\n\n<p>Evolve-rackets konstruktion med tv\u00e5 niv\u00e5er sparar inte bara v\u00e4rdefull golvyta utan hj\u00e4lper ocks\u00e5 till att organisera hantlarna p\u00e5 ett snyggt s\u00e4tt. Detta arrangemang s\u00e4kerst\u00e4ller att utrustningen \u00e4r l\u00e4ttillg\u00e4nglig och kan organiseras efter vikt, vilket f\u00f6renklar urvalsprocessen f\u00f6r anv\u00e4ndarna. Dessutom g\u00f6r st\u00e4llets monterbara konstruktion att gym\u00e4gare kan skapa en skr\u00e4ddarsydd modul\u00e4r f\u00f6rvaringsl\u00f6sning, anpassad till deras specifika utrymmeskrav.<\/p>\n<\/div>\n\n\n\n<div class=\"wp-block-column is-vertically-aligned-center is-layout-flow wp-block-column-is-layout-flow\">\n<figure class=\"wp-block-video\"><video height=\"600\" style=\"aspect-ratio: 680 \/ 600;\" width=\"680\" autoplay=\"\" controls=\"\" loop=\"\" muted=\"\" src=\"https:\/\/evolve-fitness.eu\/wp-content\/uploads\/2023\/11\/Evolve-Horizontal-Dumbbell-Rack-.mp4\"><\/video><\/figure>\n<\/div>\n<\/div>\n<\/section>\n","protected":false},"excerpt":{"rendered":"<p>Evolve Horizontal Dumbbell Rack \u00e4r mer \u00e4n bara en f\u00f6rvaringsl\u00f6sning; det \u00e4r en investering i h\u00e5llbarhet och funktionalitet i ditt gym. Dess robusta ram, anv\u00e4ndarv\u00e4nliga design och praktiska f\u00f6rvaringskapacitet g\u00f6r den till ett perfekt val f\u00f6r alla fitnessanl\u00e4ggningar som vill maximera utrymme och effektivitet. Oavsett om det g\u00e4ller ett hemmagym eller en kommersiell milj\u00f6 kommer Evolve Rack att vara ett l\u00e5ngvarigt och v\u00e4rdefullt tillskott till din tr\u00e4ningsutrustning.<\/p>\n","protected":false},"featured_media":104694,"template":"","meta":{"_acf_changed":false,"inline_featured_image":false},"product_cat":[550,1001,1005],"product_tag":[],"class_list":{"0":"post-29685","1":"product","2":"type-product","3":"status-publish","4":"has-post-thumbnail","6":"product_cat-startsida","7":"product_cat-fria-vikter","8":"product_cat-hyllor-och-forvaringslosningar","10":"first","11":"instock","12":"shipping-taxable","13":"purchasable","14":"product-type-simple"},"acf":[],"_links":{"self":[{"href":"https:\/\/store.evolve-fitness.eu\/sv\/wp-json\/wp\/v2\/product\/29685","targetHints":{"allow":["GET"]}}],"collection":[{"href":"https:\/\/store.evolve-fitness.eu\/sv\/wp-json\/wp\/v2\/product"}],"about":[{"href":"https:\/\/store.evolve-fitness.eu\/sv\/wp-json\/wp\/v2\/types\/product"}],"wp:featuredmedia":[{"embeddable":true,"href":"https:\/\/store.evolve-fitness.eu\/sv\/wp-json\/wp\/v2\/media\/104694"}],"wp:attachment":[{"href":"https:\/\/store.evolve-fitness.eu\/sv\/wp-json\/wp\/v2\/media?parent=29685"}],"wp:term":[{"taxonomy":"product_cat","embeddable":true,"href":"https:\/\/store.evolve-fitness.eu\/sv\/wp-json\/wp\/v2\/product_cat?post=29685"},{"taxonomy":"product_tag","embeddable":true,"href":"https:\/\/store.evolve-fitness.eu\/sv\/wp-json\/wp\/v2\/product_tag?post=29685"}],"curies":[{"name":"wp","href":"https:\/\/api.w.org\/{rel}","templated":true}]}}