{"id":29653,"date":"2023-10-12T06:28:37","date_gmt":"2023-10-12T06:28:37","guid":{"rendered":"https:\/\/store.evolve-fitness.eu\/product\/evolve-skivstangsstativ-med-fast-vikt-10-st\/"},"modified":"2026-04-21T12:00:36","modified_gmt":"2026-04-21T12:00:36","slug":"evolve-skivstangsstativ-med-fast-vikt-10-st","status":"publish","type":"product","link":"https:\/\/store.evolve-fitness.eu\/sv\/produkt\/evolve-skivstangsstativ-med-fast-vikt-10-st\/","title":{"rendered":"Evolve skivst\u00e5ngsstativ med fast vikt &#8211; 10 st"},"content":{"rendered":"\n<section class=\"wp-block-group alignfull black-content has-white-color has-darkgray-background-color has-text-color has-background is-layout-constrained wp-block-group-is-layout-constrained\" style=\"padding-top:var(--wp--preset--spacing--section-bottom);padding-bottom:var(--wp--preset--spacing--section-bottom)\">\n<div class=\"wp-block-columns alignwide mobile-reverse is-layout-flex wp-container-core-columns-is-layout-ca64bf2d wp-block-columns-is-layout-flex\" style=\"margin-bottom:var(--wp--preset--spacing--side-padding)\">\n<div class=\"wp-block-column is-vertically-aligned-center is-layout-flow wp-block-column-is-layout-flow\">\n<h3 class=\"wp-block-heading\" style=\"margin-bottom:var(--wp--preset--spacing--h-3-bottom)\"><strong><strong><strong><strong><strong><strong><strong>Slitstark och l\u00e5nglivad konstruktion<\/strong><\/strong><\/strong><\/strong><\/strong><\/strong><\/strong><\/h3>\n\n\n\n<p>Evolve Fixed Barbell Rack \u00e4r tillverkat av h\u00f6gh\u00e5llfasta, h\u00f6gfrekventa \u230076 x 2,5 mm runda och 50 x 100 x 3 mm rektangul\u00e4ra r\u00f6r och \u00e4r konstruerat f\u00f6r att klara p\u00e5frestningarna i en kommersiell gymmilj\u00f6. Bultar och muttrar i rostfritt st\u00e5l f\u00f6rst\u00e4rker stabiliteten, medan den avancerade pulverlackeringstekniken ger en dj\u00e4rv, rept\u00e5lig och rostfri finish. Det h\u00e4r st\u00e4llet \u00e4r inte bara byggt f\u00f6r att h\u00e5lla l\u00e4nge, det \u00e4r designat f\u00f6r att imponera.<\/p>\n<\/div>\n\n\n\n<div class=\"wp-block-column is-vertically-aligned-center is-layout-flow wp-block-column-is-layout-flow\">\n<figure class=\"wp-block-image alignright size-full is-resized is-style-rounded\"><img decoding=\"async\" src=\"https:\/\/evolve-fitness.eu\/wp-content\/uploads\/2023\/11\/Evolve-fixed-weight-barbell-rack1.png\" alt=\"\" class=\"wp-image-5977\" style=\"object-fit:cover;width:680px;height:600px\"\/><\/figure>\n<\/div>\n<\/div>\n\n\n\n<div class=\"wp-block-columns alignwide is-layout-flex wp-container-core-columns-is-layout-c45ee707 wp-block-columns-is-layout-flex\" style=\"margin-bottom:var(--wp--preset--spacing--side-padding);padding-top:var(--wp--preset--spacing--side-padding)\">\n<div class=\"wp-block-column is-vertically-aligned-center is-layout-flow wp-block-column-is-layout-flow\">\n<figure class=\"wp-block-video\"><video height=\"1673\" style=\"aspect-ratio: 1644 \/ 1673;\" width=\"1644\" autoplay=\"\" controls=\"\" loop=\"\" muted=\"\" src=\"https:\/\/evolve-fitness.eu\/wp-content\/uploads\/2023\/12\/1-8.mp4\"><\/video><\/figure>\n<\/div>\n\n\n\n<div class=\"wp-block-column is-vertically-aligned-center is-layout-constrained wp-block-column-is-layout-constrained\">\n<h3 class=\"wp-block-heading\" style=\"margin-bottom:var(--wp--preset--spacing--h-3-bottom)\"><strong><strong><strong><strong><strong><strong><strong>Funktionell och anv\u00e4ndarv\u00e4nlig design<\/strong><\/strong><\/strong><\/strong><\/strong><\/strong><\/strong><\/h3>\n\n\n\n<p>Rackets design prioriterar b\u00e5de funktionalitet och estetik och har gummiskydd p\u00e5 f\u00f6tterna f\u00f6r att f\u00f6rhindra golvskador och \u00f6ka stabiliteten. Alternativ f\u00f6r markmontering s\u00e4kerst\u00e4ller stabiliteten ytterligare. H\u00e5llarna, som \u00e4r tillverkade av skyddsmaterial, skyddar dina skivst\u00e5ngshandtag mot skavning och ser till att din utrustning f\u00f6rblir i perfekt skick. Den vinklade designen g\u00f6r det enkelt att placera och ta bort skivst\u00e5ngen, vilket effektiviserar dina tr\u00e4ningspass.<\/p>\n<\/div>\n<\/div>\n\n\n\n<div class=\"wp-block-columns alignwide is-layout-flex wp-container-core-columns-is-layout-c45ee707 wp-block-columns-is-layout-flex\" style=\"margin-bottom:var(--wp--preset--spacing--side-padding);padding-top:var(--wp--preset--spacing--side-padding)\">\n<div class=\"wp-block-column is-vertically-aligned-center is-layout-constrained wp-block-column-is-layout-constrained\">\n<h3 class=\"wp-block-heading\" style=\"margin-bottom:var(--wp--preset--spacing--h-3-bottom)\"><strong><strong><strong><strong><strong><strong><strong><strong>Utrymmeseffektiv och organiserad f\u00f6rvaring<\/strong><\/strong><\/strong><\/strong><\/strong><\/strong><\/strong><\/strong><\/h3>\n\n\n\n<p>Den kompakta vertikala designen p\u00e5 Evolve skivst\u00e5ngsst\u00e4ll sparar inte bara v\u00e4rdefullt utrymme i gymmet utan m\u00f6jligg\u00f6r ocks\u00e5 en organiserad och tillg\u00e4nglig installation. Med plats f\u00f6r 10 skivst\u00e4nger ser den till att ditt tr\u00e4ningsomr\u00e5de f\u00f6rblir rent och att dina vikter alltid finns inom r\u00e4ckh\u00e5ll.<\/p>\n\n\n\n<h3 class=\"wp-block-heading\" style=\"margin-bottom:var(--wp--preset--spacing--h-3-bottom)\"><strong><strong><strong><strong><strong><strong><strong><strong><strong>Anpassningsbar f\u00f6r att \u00e5terspegla ditt varum\u00e4rke<\/strong><\/strong><\/strong><\/strong><\/strong><\/strong><\/strong><\/strong><\/strong><\/h3>\n\n\n\n<p>Komplettera ditt gyms estetik genom att anpassa Evolve Rack till ditt varum\u00e4rkes f\u00e4rgschema. Med den h\u00e4r funktionen kan du skapa en sammanh\u00e4ngande och visuellt tilltalande tr\u00e4ningsmilj\u00f6, skr\u00e4ddarsydd f\u00f6r din unika stil.<\/p>\n<\/div>\n\n\n\n<div class=\"wp-block-column is-vertically-aligned-center is-layout-flow wp-block-column-is-layout-flow\">\n<figure class=\"wp-block-image size-large\"><img decoding=\"async\" src=\"https:\/\/evolve-fitness.eu\/wp-content\/uploads\/2023\/11\/A7_08334-683x1024.jpg\" alt=\"\" class=\"wp-image-8772\"\/><\/figure>\n<\/div>\n<\/div>\n\n\n\n<p class=\"has-text-align-center has-medium-2-font-size\" style=\"padding-top:var(--wp--preset--spacing--tb-padding);padding-bottom:var(--wp--preset--spacing--tb-padding)\"><strong>F\u00f6rb\u00e4ttra ditt gym med Evolve Fixed Weight Barbell Rack &#8211; en blandning av h\u00e5llbarhet, funktionalitet och stil. Best\u00e4ll nu och upplev hur den f\u00f6rvandlar ditt fitnessutrymme!<\/strong><\/p>\n<\/section>\n","protected":false},"excerpt":{"rendered":"<p>Lyft ditt gym med Evolve Fixed Weight Barbell Rack, en robust och elegant l\u00f6sning f\u00f6r att organisera din gymutrustning. Detta stativ \u00e4r utformat f\u00f6r att rymma upp till 10 skivst\u00e4nger med fast vikt och \u00e4r ett perfekt komplement till alla kommersiella gym, milit\u00e4ranl\u00e4ggningar, kontorsgym eller till och med hemtr\u00e4ning.<\/p>\n","protected":false},"featured_media":96015,"template":"","meta":{"_acf_changed":false,"inline_featured_image":false},"product_cat":[550,1001,1005],"product_tag":[],"class_list":{"0":"post-29653","1":"product","2":"type-product","3":"status-publish","4":"has-post-thumbnail","6":"product_cat-startsida","7":"product_cat-fria-vikter","8":"product_cat-hyllor-och-forvaringslosningar","10":"first","11":"outofstock","12":"shipping-taxable","13":"purchasable","14":"product-type-simple"},"acf":[],"_links":{"self":[{"href":"https:\/\/store.evolve-fitness.eu\/sv\/wp-json\/wp\/v2\/product\/29653","targetHints":{"allow":["GET"]}}],"collection":[{"href":"https:\/\/store.evolve-fitness.eu\/sv\/wp-json\/wp\/v2\/product"}],"about":[{"href":"https:\/\/store.evolve-fitness.eu\/sv\/wp-json\/wp\/v2\/types\/product"}],"wp:featuredmedia":[{"embeddable":true,"href":"https:\/\/store.evolve-fitness.eu\/sv\/wp-json\/wp\/v2\/media\/96015"}],"wp:attachment":[{"href":"https:\/\/store.evolve-fitness.eu\/sv\/wp-json\/wp\/v2\/media?parent=29653"}],"wp:term":[{"taxonomy":"product_cat","embeddable":true,"href":"https:\/\/store.evolve-fitness.eu\/sv\/wp-json\/wp\/v2\/product_cat?post=29653"},{"taxonomy":"product_tag","embeddable":true,"href":"https:\/\/store.evolve-fitness.eu\/sv\/wp-json\/wp\/v2\/product_tag?post=29653"}],"curies":[{"name":"wp","href":"https:\/\/api.w.org\/{rel}","templated":true}]}}