{"id":29539,"date":"2023-10-11T10:45:27","date_gmt":"2023-10-11T10:45:27","guid":{"rendered":"https:\/\/store.evolve-fitness.eu\/product\/evolve-vertikalt-hantelstall-10-par\/"},"modified":"2026-04-03T12:00:22","modified_gmt":"2026-04-03T12:00:22","slug":"evolve-vertikalt-hantelstall-10-par","status":"publish","type":"product","link":"https:\/\/store.evolve-fitness.eu\/sv\/produkt\/evolve-vertikalt-hantelstall-10-par\/","title":{"rendered":"Evolve Vertikalt Hantelst\u00e4ll &#8211; 10 par"},"content":{"rendered":"\n<section class=\"wp-block-group alignfull black-content has-white-color has-darkgray-background-color has-text-color has-background is-layout-constrained wp-block-group-is-layout-constrained\" style=\"padding-top:var(--wp--preset--spacing--section-bottom);padding-bottom:var(--wp--preset--spacing--section-bottom)\">\n<div class=\"wp-block-columns alignwide mobile-reverse is-layout-flex wp-container-core-columns-is-layout-ca64bf2d wp-block-columns-is-layout-flex\" style=\"margin-bottom:var(--wp--preset--spacing--side-padding)\">\n<div class=\"wp-block-column is-vertically-aligned-center is-layout-flow wp-block-column-is-layout-flow\">\n<h3 class=\"wp-block-heading\" style=\"margin-bottom:var(--wp--preset--spacing--h-3-bottom)\"><strong><strong>Utrymmesbesparande vertikal design<\/strong><\/strong><\/h3>\n\n\n\n<p style=\"margin-bottom:var(--wp--preset--spacing--tb-section-padding)\">V\u00e5r Evolve Vertical Dumbbell Rack utm\u00e4rker sig med sin kompakta och vertikala ram. Den utrymmeseffektiva designen g\u00f6r den perfekt f\u00f6r gym med begr\u00e4nsat utrymme. Den erbjuder ett snyggt och prydligt s\u00e4tt att visa och f\u00e5 tillg\u00e5ng till en m\u00e4ngd olika hantelvikter, vilket g\u00f6r den till ett m\u00e5ste f\u00f6r fitnessentusiaster och gym\u00e4gare.<\/p>\n\n\n\n<h3 class=\"wp-block-heading\" style=\"margin-bottom:var(--wp--preset--spacing--h-3-bottom)\"><strong><strong>H\u00e5llbarhet och styrka<\/strong><\/strong><\/h3>\n\n\n\n<p style=\"margin-bottom:var(--wp--preset--spacing--tb-section-padding)\">Evolve Vertical Dumbbell Rack \u00e4r tillverkat av kraftig metall och svetsat f\u00f6r extra styrka och \u00e4r byggt f\u00f6r att h\u00e5lla l\u00e4nge. Den pulverlackerade ytan motst\u00e5r repor och rost, vilket g\u00f6r att den beh\u00e5ller sitt professionella utseende i m\u00e5nga \u00e5r fram\u00f6ver. Den h\u00e5llbara konstruktionen g\u00f6r den l\u00e4mplig f\u00f6r kommersiella gym med h\u00f6g belastning, milit\u00e4ra anl\u00e4ggningar, friskv\u00e5rdsavdelningar p\u00e5 kontor och spa.<\/p>\n<\/div>\n\n\n\n<div class=\"wp-block-column is-vertically-aligned-center is-layout-flow wp-block-column-is-layout-flow\">\n<figure class=\"wp-block-video\"><video height=\"1089\" style=\"aspect-ratio: 1401 \/ 1089;\" width=\"1401\" autoplay=\"\" controls=\"\" loop=\"\" muted=\"\" src=\"https:\/\/evolve-fitness.eu\/wp-content\/uploads\/2023\/12\/2-4.mp4\"><\/video><\/figure>\n<\/div>\n<\/div>\n\n\n\n<div class=\"wp-block-columns alignwide is-layout-flex wp-container-core-columns-is-layout-c45ee707 wp-block-columns-is-layout-flex\" style=\"margin-bottom:var(--wp--preset--spacing--side-padding);padding-top:var(--wp--preset--spacing--side-padding)\">\n<div class=\"wp-block-column is-vertically-aligned-center is-layout-flow wp-block-column-is-layout-flow\">\n<figure class=\"wp-block-image size-full is-resized\"><img decoding=\"async\" src=\"https:\/\/evolve-fitness.eu\/wp-content\/uploads\/2023\/11\/Chrome-Dumbbells-whole-2.png\" alt=\"\" class=\"wp-image-4893\" style=\"object-fit:cover;width:680px;height:600px\"\/><\/figure>\n<\/div>\n\n\n\n<div class=\"wp-block-column is-vertically-aligned-center is-layout-constrained wp-block-column-is-layout-constrained\">\n<h3 class=\"wp-block-heading\" style=\"margin-bottom:var(--wp--preset--spacing--h-3-bottom)\"><strong>Funktionell och skyddande design<\/strong><\/h3>\n\n\n\n<p style=\"margin-bottom:var(--wp--preset--spacing--tb-section-padding)\">Hyllans f\u00e4sten \u00e4r belagda med ett skyddande material som skyddar hantlarnas handtag fr\u00e5n att splittras och r\u00e4fflorna fr\u00e5n repor. Dessa vinklade h\u00e5llare g\u00f6r det enkelt att placera och ta bort hantlar, vilket underl\u00e4ttar snabba viktf\u00f6r\u00e4ndringar under tr\u00e4ningspasset.<\/p>\n\n\n\n<h3 class=\"wp-block-heading\" style=\"margin-bottom:var(--wp--preset--spacing--h-3-bottom)\"><strong><strong>Kompakt och bekv\u00e4m<\/strong><\/strong><\/h3>\n\n\n\n<p style=\"margin-bottom:var(--wp--preset--spacing--tb-section-padding)\">Trots att stativet rymmer upp till 10 par hantlar tar det med sina m\u00e5tt (790 x 490 x 1500 mm) inte upp mycket plats. Den kompakta storleken \u00e4r perfekt f\u00f6r att h\u00e5lla ordning p\u00e5 gymmet och h\u00e5lla hantlarna tillg\u00e4ngliga.<\/p>\n<\/div>\n<\/div>\n\n\n\n<p class=\"has-text-align-center has-montserrat-font-family has-medium-2-font-size\"><strong>Evolve Vertical Dumbbells Rack \u00e4r den perfekta l\u00f6sningen f\u00f6r gym som s\u00f6ker ett h\u00e5llbart, utrymmesbesparande och funktionellt alternativ f\u00f6r f\u00f6rvaring av utrustning. Den robusta konstruktionen, skyddsfunktionerna och kompakta designen g\u00f6r den till ett perfekt val f\u00f6r alla gym.<\/strong><\/p>\n<\/section>\n","protected":false},"excerpt":{"rendered":"<p>Maximera ditt gymutrymme och h\u00e5ll din tr\u00e4ningsyta organiserad med Evolve Vertical Dumbbells Rack. Detta st\u00e4ll \u00e4r utformat f\u00f6r att rymma upp till 10 par hantlar och \u00e4r ett perfekt komplement till b\u00e5de kommersiella gym och hemmagym.<\/p>\n","protected":false},"featured_media":95989,"template":"","meta":{"_acf_changed":false,"inline_featured_image":false},"product_cat":[550,1001,1005],"product_tag":[],"class_list":{"0":"post-29539","1":"product","2":"type-product","3":"status-publish","4":"has-post-thumbnail","6":"product_cat-startsida","7":"product_cat-fria-vikter","8":"product_cat-hyllor-och-forvaringslosningar","10":"first","11":"instock","12":"shipping-taxable","13":"purchasable","14":"product-type-simple"},"acf":[],"_links":{"self":[{"href":"https:\/\/store.evolve-fitness.eu\/sv\/wp-json\/wp\/v2\/product\/29539","targetHints":{"allow":["GET"]}}],"collection":[{"href":"https:\/\/store.evolve-fitness.eu\/sv\/wp-json\/wp\/v2\/product"}],"about":[{"href":"https:\/\/store.evolve-fitness.eu\/sv\/wp-json\/wp\/v2\/types\/product"}],"wp:featuredmedia":[{"embeddable":true,"href":"https:\/\/store.evolve-fitness.eu\/sv\/wp-json\/wp\/v2\/media\/95989"}],"wp:attachment":[{"href":"https:\/\/store.evolve-fitness.eu\/sv\/wp-json\/wp\/v2\/media?parent=29539"}],"wp:term":[{"taxonomy":"product_cat","embeddable":true,"href":"https:\/\/store.evolve-fitness.eu\/sv\/wp-json\/wp\/v2\/product_cat?post=29539"},{"taxonomy":"product_tag","embeddable":true,"href":"https:\/\/store.evolve-fitness.eu\/sv\/wp-json\/wp\/v2\/product_tag?post=29539"}],"curies":[{"name":"wp","href":"https:\/\/api.w.org\/{rel}","templated":true}]}}