{"id":28880,"date":"2023-10-06T13:49:54","date_gmt":"2023-10-06T13:49:54","guid":{"rendered":"https:\/\/store.evolve-fitness.eu\/product\/utveckla-sakerhetsuppsattningar-for-nalar-och-ror\/"},"modified":"2024-05-24T08:33:13","modified_gmt":"2024-05-24T08:33:13","slug":"utveckla-sakerhetsuppsattningar-for-nalar-och-ror","status":"publish","type":"product","link":"https:\/\/store.evolve-fitness.eu\/sv\/produkt\/utveckla-sakerhetsuppsattningar-for-nalar-och-ror\/","title":{"rendered":"Utveckla s\u00e4kerhetsupps\u00e4ttningar f\u00f6r n\u00e5lar och r\u00f6r"},"content":{"rendered":"","protected":false},"excerpt":{"rendered":"<p>H\u00f6j s\u00e4kerheten vid tr\u00e4ning med Evolves s\u00e4kerhetssatser f\u00f6r stift och r\u00f6r. Dessa viktiga set \u00e4r utformade f\u00f6r att s\u00f6ml\u00f6st integreras med din Evolve-rigg och ger f\u00f6rb\u00e4ttrat skydd under funktionella, CrossFit-, grupp- eller individuella tr\u00e4ningspass. Evolve-riggsystemets modul\u00e4ra design g\u00f6r att du kan anpassa din installation efter dina specifika behov, och dessa s\u00e4kerhetsanordningar ger ett extra lager av s\u00e4kerhet. Uppt\u00e4ck sinnesro och ta dina tr\u00e4ningsrutiner till n\u00e4sta niv\u00e5 med dessa p\u00e5litliga s\u00e4kerhetsupps\u00e4ttningar, tillg\u00e4ngliga i praktiska upps\u00e4ttningar f\u00f6r din bekv\u00e4mlighet.<\/p>\n","protected":false},"featured_media":28897,"template":"","meta":{"_acf_changed":false,"inline_featured_image":false},"product_cat":[550,623,642,646],"product_tag":[],"class_list":{"0":"post-28880","1":"product","2":"type-product","3":"status-publish","4":"has-post-thumbnail","6":"product_cat-startsida","7":"product_cat-korsvis-funktionell","8":"product_cat-komponenter-till-riggen","9":"product_cat-tillbehor","11":"first","12":"instock","13":"shipping-taxable","14":"purchasable","15":"product-type-simple"},"acf":[],"_links":{"self":[{"href":"https:\/\/store.evolve-fitness.eu\/sv\/wp-json\/wp\/v2\/product\/28880","targetHints":{"allow":["GET"]}}],"collection":[{"href":"https:\/\/store.evolve-fitness.eu\/sv\/wp-json\/wp\/v2\/product"}],"about":[{"href":"https:\/\/store.evolve-fitness.eu\/sv\/wp-json\/wp\/v2\/types\/product"}],"wp:featuredmedia":[{"embeddable":true,"href":"https:\/\/store.evolve-fitness.eu\/sv\/wp-json\/wp\/v2\/media\/28897"}],"wp:attachment":[{"href":"https:\/\/store.evolve-fitness.eu\/sv\/wp-json\/wp\/v2\/media?parent=28880"}],"wp:term":[{"taxonomy":"product_cat","embeddable":true,"href":"https:\/\/store.evolve-fitness.eu\/sv\/wp-json\/wp\/v2\/product_cat?post=28880"},{"taxonomy":"product_tag","embeddable":true,"href":"https:\/\/store.evolve-fitness.eu\/sv\/wp-json\/wp\/v2\/product_tag?post=28880"}],"curies":[{"name":"wp","href":"https:\/\/api.w.org\/{rel}","templated":true}]}}