{"id":28773,"date":"2023-10-06T13:43:11","date_gmt":"2023-10-06T13:43:11","guid":{"rendered":"https:\/\/store.evolve-fitness.eu\/product\/evolve-bojpinnar-4-pack\/"},"modified":"2026-03-18T12:00:19","modified_gmt":"2026-03-18T12:00:19","slug":"evolve-bojpinnar-4-pack","status":"publish","type":"product","link":"https:\/\/store.evolve-fitness.eu\/sv\/produkt\/evolve-bojpinnar-4-pack\/","title":{"rendered":"Evolve b\u00f6jpinnar &#8211; 4-pack"},"content":{"rendered":"","protected":false},"excerpt":{"rendered":"<p>F\u00f6rb\u00e4ttra din Evolve-rigg med Evolve Bend Pegs &#8211; en upps\u00e4ttning med fyra viktiga tillbeh\u00f6r som \u00f6ppnar upp en v\u00e4rld av tr\u00e4ningsm\u00f6jligheter.<br \/>\nDessa m\u00e5ngsidiga b\u00f6jpinnar \u00e4r utformade f\u00f6r att s\u00f6ml\u00f6st integreras med din modul\u00e4ra rigg, s\u00e5 att du kan skr\u00e4ddarsy din installation f\u00f6r att uppfylla dina unika tr\u00e4ningsm\u00e5l.<br \/>\nF\u00f6rh\u00f6j dina funktionella, CrossFit-, grupp- eller individuella tr\u00e4ningspass genom att l\u00e4gga till dessa b\u00f6jpinnar i din rigg.<br \/>\nUppt\u00e4ck n\u00e4sta niv\u00e5 av m\u00e5ngsidighet och funktionalitet f\u00f6r dina tr\u00e4ningspass med detta praktiska 4-pack.     <\/p>\n","protected":false},"featured_media":97922,"template":"","meta":{"_acf_changed":false,"inline_featured_image":false},"product_cat":[550,623,642,646],"product_tag":[],"class_list":{"0":"post-28773","1":"product","2":"type-product","3":"status-publish","4":"has-post-thumbnail","6":"product_cat-startsida","7":"product_cat-korsvis-funktionell","8":"product_cat-komponenter-till-riggen","9":"product_cat-tillbehor","11":"first","12":"outofstock","13":"shipping-taxable","14":"purchasable","15":"product-type-simple"},"acf":[],"_links":{"self":[{"href":"https:\/\/store.evolve-fitness.eu\/sv\/wp-json\/wp\/v2\/product\/28773","targetHints":{"allow":["GET"]}}],"collection":[{"href":"https:\/\/store.evolve-fitness.eu\/sv\/wp-json\/wp\/v2\/product"}],"about":[{"href":"https:\/\/store.evolve-fitness.eu\/sv\/wp-json\/wp\/v2\/types\/product"}],"wp:featuredmedia":[{"embeddable":true,"href":"https:\/\/store.evolve-fitness.eu\/sv\/wp-json\/wp\/v2\/media\/97922"}],"wp:attachment":[{"href":"https:\/\/store.evolve-fitness.eu\/sv\/wp-json\/wp\/v2\/media?parent=28773"}],"wp:term":[{"taxonomy":"product_cat","embeddable":true,"href":"https:\/\/store.evolve-fitness.eu\/sv\/wp-json\/wp\/v2\/product_cat?post=28773"},{"taxonomy":"product_tag","embeddable":true,"href":"https:\/\/store.evolve-fitness.eu\/sv\/wp-json\/wp\/v2\/product_tag?post=28773"}],"curies":[{"name":"wp","href":"https:\/\/api.w.org\/{rel}","templated":true}]}}