{"id":28738,"date":"2023-10-05T14:26:57","date_gmt":"2023-10-05T14:26:57","guid":{"rendered":"https:\/\/store.evolve-fitness.eu\/product\/evolve-rep-balteshallare\/"},"modified":"2024-03-13T23:30:55","modified_gmt":"2024-03-13T23:30:55","slug":"evolve-rep-balteshallare","status":"publish","type":"product","link":"https:\/\/store.evolve-fitness.eu\/sv\/produkt\/evolve-rep-balteshallare\/","title":{"rendered":"Evolve Rep\/b\u00e4ltesh\u00e5llare"},"content":{"rendered":"","protected":false},"excerpt":{"rendered":"<p>Sl\u00e4pp loss din tr\u00e4ningspotential med Evolve Rope \/ Belt Holder, en nyckelkomponent i Evolve riggsystem. Den modul\u00e4ra h\u00e5llaren \u00e4r utformad f\u00f6r m\u00e5ngsidighet och integreras s\u00f6ml\u00f6st i dina funktionella, CrossFit-, grupp- eller individuella tr\u00e4ningspass. Dess anpassningsf\u00f6rm\u00e5ga g\u00f6r att du kan skapa en personlig rigg som ut\u00f6kar dina tr\u00e4ningsm\u00f6jligheter och funktionalitet. Lyft din fitnessresa idag med detta m\u00e5ste-ha-tillbeh\u00f6r. Pris per styck.<\/p>\n","protected":false},"featured_media":28754,"template":"","meta":{"_acf_changed":false,"inline_featured_image":false},"product_cat":[550,623,642,646],"product_tag":[],"class_list":{"0":"post-28738","1":"product","2":"type-product","3":"status-publish","4":"has-post-thumbnail","6":"product_cat-startsida","7":"product_cat-korsvis-funktionell","8":"product_cat-komponenter-till-riggen","9":"product_cat-tillbehor","11":"first","12":"instock","13":"shipping-taxable","14":"purchasable","15":"product-type-simple"},"acf":[],"_links":{"self":[{"href":"https:\/\/store.evolve-fitness.eu\/sv\/wp-json\/wp\/v2\/product\/28738","targetHints":{"allow":["GET"]}}],"collection":[{"href":"https:\/\/store.evolve-fitness.eu\/sv\/wp-json\/wp\/v2\/product"}],"about":[{"href":"https:\/\/store.evolve-fitness.eu\/sv\/wp-json\/wp\/v2\/types\/product"}],"wp:featuredmedia":[{"embeddable":true,"href":"https:\/\/store.evolve-fitness.eu\/sv\/wp-json\/wp\/v2\/media\/28754"}],"wp:attachment":[{"href":"https:\/\/store.evolve-fitness.eu\/sv\/wp-json\/wp\/v2\/media?parent=28738"}],"wp:term":[{"taxonomy":"product_cat","embeddable":true,"href":"https:\/\/store.evolve-fitness.eu\/sv\/wp-json\/wp\/v2\/product_cat?post=28738"},{"taxonomy":"product_tag","embeddable":true,"href":"https:\/\/store.evolve-fitness.eu\/sv\/wp-json\/wp\/v2\/product_tag?post=28738"}],"curies":[{"name":"wp","href":"https:\/\/api.w.org\/{rel}","templated":true}]}}