{"id":28674,"date":"2023-10-05T14:52:39","date_gmt":"2023-10-05T14:52:39","guid":{"rendered":"https:\/\/store.evolve-fitness.eu\/product\/evolve-mal-for-vaggboll\/"},"modified":"2024-03-13T23:33:08","modified_gmt":"2024-03-13T23:33:08","slug":"evolve-mal-for-vaggboll","status":"publish","type":"product","link":"https:\/\/store.evolve-fitness.eu\/sv\/produkt\/evolve-mal-for-vaggboll\/","title":{"rendered":"Evolve m\u00e5l f\u00f6r v\u00e4ggboll"},"content":{"rendered":"","protected":false},"excerpt":{"rendered":"<p>Evolve Wall Ball Target &#8211; Long Attachment \u00e4r ett m\u00e5ste f\u00f6r att utvidga dina tr\u00e4ningshorisonter. Det modul\u00e4ra tillbeh\u00f6ret \u00e4r kompatibelt med de m\u00e5ngsidiga Evolve-riggarna och \u00f6ppnar upp nya dimensioner f\u00f6r funktionell tr\u00e4ning, CrossFit, grupptr\u00e4ning eller individuella sessioner. Med den anv\u00e4ndarv\u00e4nliga designen kan du enkelt skr\u00e4ddarsy din rigg och f\u00e4sta en m\u00e4ngd olika tillbeh\u00f6r f\u00f6r att f\u00f6rb\u00e4ttra dess funktionalitet. F\u00f6rh\u00f6j din tr\u00e4ningsupplevelse och sikta h\u00f6gre med detta viktiga verktyg. Pris per styck.<\/p>\n","protected":false},"featured_media":28682,"template":"","meta":{"_acf_changed":false,"inline_featured_image":false},"product_cat":[623,642,646],"product_tag":[],"class_list":{"0":"post-28674","1":"product","2":"type-product","3":"status-publish","4":"has-post-thumbnail","6":"product_cat-korsvis-funktionell","7":"product_cat-komponenter-till-riggen","8":"product_cat-tillbehor","10":"first","11":"instock","12":"shipping-taxable","13":"purchasable","14":"product-type-simple"},"acf":[],"_links":{"self":[{"href":"https:\/\/store.evolve-fitness.eu\/sv\/wp-json\/wp\/v2\/product\/28674","targetHints":{"allow":["GET"]}}],"collection":[{"href":"https:\/\/store.evolve-fitness.eu\/sv\/wp-json\/wp\/v2\/product"}],"about":[{"href":"https:\/\/store.evolve-fitness.eu\/sv\/wp-json\/wp\/v2\/types\/product"}],"wp:featuredmedia":[{"embeddable":true,"href":"https:\/\/store.evolve-fitness.eu\/sv\/wp-json\/wp\/v2\/media\/28682"}],"wp:attachment":[{"href":"https:\/\/store.evolve-fitness.eu\/sv\/wp-json\/wp\/v2\/media?parent=28674"}],"wp:term":[{"taxonomy":"product_cat","embeddable":true,"href":"https:\/\/store.evolve-fitness.eu\/sv\/wp-json\/wp\/v2\/product_cat?post=28674"},{"taxonomy":"product_tag","embeddable":true,"href":"https:\/\/store.evolve-fitness.eu\/sv\/wp-json\/wp\/v2\/product_tag?post=28674"}],"curies":[{"name":"wp","href":"https:\/\/api.w.org\/{rel}","templated":true}]}}