{"id":28583,"date":"2023-10-05T14:42:22","date_gmt":"2023-10-05T14:42:22","guid":{"rendered":"https:\/\/store.evolve-fitness.eu\/product\/evolve-vertikal-barhallare\/"},"modified":"2026-01-19T12:00:10","modified_gmt":"2026-01-19T12:00:10","slug":"evolve-vertikal-barhallare","status":"publish","type":"product","link":"https:\/\/store.evolve-fitness.eu\/sv\/produkt\/evolve-vertikal-barhallare\/","title":{"rendered":"Evolve vertikal barh\u00e5llare"},"content":{"rendered":"","protected":false},"excerpt":{"rendered":"<p>F\u00f6rh\u00f6j din tr\u00e4ning med Evolve Vertical Bar Holder, ett viktigt komplement till Evolves riggsystem. Denna modul\u00e4ra h\u00e5llare \u00e4r utformad f\u00f6r att f\u00f6rb\u00e4ttra dina funktionella, CrossFit, grupp- eller individuella tr\u00e4ningspass. Dess m\u00e5ngsidighet g\u00f6r att du kan anpassa din rigg och f\u00e4sta ett brett utbud av tillbeh\u00f6r f\u00f6r att maximera funktionaliteten. F\u00f6rvandla din tr\u00e4ningsrutin och n\u00e5 nya h\u00f6jder med detta viktiga verktyg. Pris per styck.<\/p>\n","protected":false},"featured_media":28600,"template":"","meta":{"_acf_changed":false,"inline_featured_image":false},"product_cat":[550,623,642,646],"product_tag":[],"class_list":{"0":"post-28583","1":"product","2":"type-product","3":"status-publish","4":"has-post-thumbnail","6":"product_cat-startsida","7":"product_cat-korsvis-funktionell","8":"product_cat-komponenter-till-riggen","9":"product_cat-tillbehor","11":"first","12":"instock","13":"shipping-taxable","14":"purchasable","15":"product-type-simple"},"acf":[],"_links":{"self":[{"href":"https:\/\/store.evolve-fitness.eu\/sv\/wp-json\/wp\/v2\/product\/28583","targetHints":{"allow":["GET"]}}],"collection":[{"href":"https:\/\/store.evolve-fitness.eu\/sv\/wp-json\/wp\/v2\/product"}],"about":[{"href":"https:\/\/store.evolve-fitness.eu\/sv\/wp-json\/wp\/v2\/types\/product"}],"wp:featuredmedia":[{"embeddable":true,"href":"https:\/\/store.evolve-fitness.eu\/sv\/wp-json\/wp\/v2\/media\/28600"}],"wp:attachment":[{"href":"https:\/\/store.evolve-fitness.eu\/sv\/wp-json\/wp\/v2\/media?parent=28583"}],"wp:term":[{"taxonomy":"product_cat","embeddable":true,"href":"https:\/\/store.evolve-fitness.eu\/sv\/wp-json\/wp\/v2\/product_cat?post=28583"},{"taxonomy":"product_tag","embeddable":true,"href":"https:\/\/store.evolve-fitness.eu\/sv\/wp-json\/wp\/v2\/product_tag?post=28583"}],"curies":[{"name":"wp","href":"https:\/\/api.w.org\/{rel}","templated":true}]}}