{"id":28322,"date":"2023-10-04T13:54:10","date_gmt":"2023-10-04T13:54:10","guid":{"rendered":"https:\/\/store.evolve-fitness.eu\/product\/utveckla-dip-bar\/"},"modified":"2024-08-06T12:55:35","modified_gmt":"2024-08-06T12:55:35","slug":"utveckla-dip-bar","status":"publish","type":"product","link":"https:\/\/store.evolve-fitness.eu\/sv\/produkt\/utveckla-dip-bar\/","title":{"rendered":"Utveckla Dip bar"},"content":{"rendered":"","protected":false},"excerpt":{"rendered":"<p>Evolve Dip Bar \u00e4r en m\u00e5ngsidig tr\u00e4ningsrigg som \u00e4r utformad f\u00f6r att lyfta din funktionella tr\u00e4ning, CrossFit-sessioner, grupptr\u00e4ning eller individuella tr\u00e4ningsrutiner.<br \/>\nDess modul\u00e4ra design g\u00f6r att du kan anpassa utrustningen efter dina specifika krav och enkelt l\u00e4gga till en m\u00e4ngd tillbeh\u00f6r, vilket f\u00f6rb\u00e4ttrar dess funktionalitet till max.<br \/>\nG\u00f6r dig redo att utveckla din fitnessresa med denna exceptionella utrustning.   Pris per styck.  <\/p>\n","protected":false},"featured_media":28350,"template":"","meta":{"_acf_changed":false,"inline_featured_image":false},"product_cat":[550,623,642,646],"product_tag":[],"class_list":{"0":"post-28322","1":"product","2":"type-product","3":"status-publish","4":"has-post-thumbnail","6":"product_cat-startsida","7":"product_cat-korsvis-funktionell","8":"product_cat-komponenter-till-riggen","9":"product_cat-tillbehor","11":"first","12":"instock","13":"shipping-taxable","14":"purchasable","15":"product-type-simple"},"acf":[],"_links":{"self":[{"href":"https:\/\/store.evolve-fitness.eu\/sv\/wp-json\/wp\/v2\/product\/28322","targetHints":{"allow":["GET"]}}],"collection":[{"href":"https:\/\/store.evolve-fitness.eu\/sv\/wp-json\/wp\/v2\/product"}],"about":[{"href":"https:\/\/store.evolve-fitness.eu\/sv\/wp-json\/wp\/v2\/types\/product"}],"wp:featuredmedia":[{"embeddable":true,"href":"https:\/\/store.evolve-fitness.eu\/sv\/wp-json\/wp\/v2\/media\/28350"}],"wp:attachment":[{"href":"https:\/\/store.evolve-fitness.eu\/sv\/wp-json\/wp\/v2\/media?parent=28322"}],"wp:term":[{"taxonomy":"product_cat","embeddable":true,"href":"https:\/\/store.evolve-fitness.eu\/sv\/wp-json\/wp\/v2\/product_cat?post=28322"},{"taxonomy":"product_tag","embeddable":true,"href":"https:\/\/store.evolve-fitness.eu\/sv\/wp-json\/wp\/v2\/product_tag?post=28322"}],"curies":[{"name":"wp","href":"https:\/\/api.w.org\/{rel}","templated":true}]}}