{"id":28170,"date":"2023-10-04T13:45:54","date_gmt":"2023-10-04T13:45:54","guid":{"rendered":"https:\/\/store.evolve-fitness.eu\/product\/utveckla-landminan\/"},"modified":"2024-03-13T23:26:57","modified_gmt":"2024-03-13T23:26:57","slug":"utveckla-landminan","status":"publish","type":"product","link":"https:\/\/store.evolve-fitness.eu\/sv\/produkt\/utveckla-landminan\/","title":{"rendered":"Utveckla landminan"},"content":{"rendered":"","protected":false},"excerpt":{"rendered":"<p>Ut\u00f6ka dina tr\u00e4ningsm\u00f6jligheter med Evolve Land Mine-f\u00e4stet. Detta m\u00e5ngsidiga tillbeh\u00f6r \u00e4r utformat f\u00f6r att s\u00f6ml\u00f6st integreras med Evolve-riggar och f\u00f6rb\u00e4ttrar funktionell fitness, crossfit, grupptr\u00e4ning eller individuell tr\u00e4ning. Den modul\u00e4ra designen g\u00f6r att du kan anpassa din rigg efter dina specifika behov och enkelt f\u00e4sta olika tillbeh\u00f6r. F\u00f6rh\u00f6j din tr\u00e4ningsupplevelse med Evolve landmina, tillg\u00e4nglig till ett attraktivt pris per styck.<\/p>\n","protected":false},"featured_media":28190,"template":"","meta":{"_acf_changed":false,"inline_featured_image":false},"product_cat":[550,623,642,646],"product_tag":[],"class_list":{"0":"post-28170","1":"product","2":"type-product","3":"status-publish","4":"has-post-thumbnail","6":"product_cat-startsida","7":"product_cat-korsvis-funktionell","8":"product_cat-komponenter-till-riggen","9":"product_cat-tillbehor","11":"first","12":"instock","13":"shipping-taxable","14":"purchasable","15":"product-type-simple"},"acf":[],"_links":{"self":[{"href":"https:\/\/store.evolve-fitness.eu\/sv\/wp-json\/wp\/v2\/product\/28170","targetHints":{"allow":["GET"]}}],"collection":[{"href":"https:\/\/store.evolve-fitness.eu\/sv\/wp-json\/wp\/v2\/product"}],"about":[{"href":"https:\/\/store.evolve-fitness.eu\/sv\/wp-json\/wp\/v2\/types\/product"}],"wp:featuredmedia":[{"embeddable":true,"href":"https:\/\/store.evolve-fitness.eu\/sv\/wp-json\/wp\/v2\/media\/28190"}],"wp:attachment":[{"href":"https:\/\/store.evolve-fitness.eu\/sv\/wp-json\/wp\/v2\/media?parent=28170"}],"wp:term":[{"taxonomy":"product_cat","embeddable":true,"href":"https:\/\/store.evolve-fitness.eu\/sv\/wp-json\/wp\/v2\/product_cat?post=28170"},{"taxonomy":"product_tag","embeddable":true,"href":"https:\/\/store.evolve-fitness.eu\/sv\/wp-json\/wp\/v2\/product_tag?post=28170"}],"curies":[{"name":"wp","href":"https:\/\/api.w.org\/{rel}","templated":true}]}}