{"id":28033,"date":"2023-10-04T13:39:05","date_gmt":"2023-10-04T13:39:05","guid":{"rendered":"https:\/\/store.evolve-fitness.eu\/product\/evolve-repankare\/"},"modified":"2024-03-13T23:27:56","modified_gmt":"2024-03-13T23:27:56","slug":"evolve-repankare","status":"publish","type":"product","link":"https:\/\/store.evolve-fitness.eu\/sv\/produkt\/evolve-repankare\/","title":{"rendered":"Evolve repankare"},"content":{"rendered":"","protected":false},"excerpt":{"rendered":"<p>F\u00f6rb\u00e4ttra m\u00e5ngsidigheten i din tr\u00e4ning med Evolve Rope Anchor. Detta viktiga tillbeh\u00f6r \u00e4r utformat f\u00f6r att s\u00f6ml\u00f6st integreras med Evolve-riggar och ut\u00f6kar dina alternativ f\u00f6r funktionell fitness, crossfit, grupptr\u00e4ning eller individuella tr\u00e4ningspass. Den modul\u00e4ra designen g\u00f6r att du kan anpassa din rigg s\u00e5 att den passar just dina behov och enkelt f\u00e4sta en m\u00e4ngd olika tillbeh\u00f6r. F\u00f6rb\u00e4ttra din tr\u00e4ningsupplevelse med detta repankare, som finns tillg\u00e4ngligt till ett attraktivt pris per styck.<\/p>\n","protected":false},"featured_media":28035,"template":"","meta":{"_acf_changed":false,"inline_featured_image":false},"product_cat":[550,623,642,646],"product_tag":[],"class_list":{"0":"post-28033","1":"product","2":"type-product","3":"status-publish","4":"has-post-thumbnail","6":"product_cat-startsida","7":"product_cat-korsvis-funktionell","8":"product_cat-komponenter-till-riggen","9":"product_cat-tillbehor","11":"first","12":"instock","13":"shipping-taxable","14":"purchasable","15":"product-type-simple"},"acf":[],"_links":{"self":[{"href":"https:\/\/store.evolve-fitness.eu\/sv\/wp-json\/wp\/v2\/product\/28033","targetHints":{"allow":["GET"]}}],"collection":[{"href":"https:\/\/store.evolve-fitness.eu\/sv\/wp-json\/wp\/v2\/product"}],"about":[{"href":"https:\/\/store.evolve-fitness.eu\/sv\/wp-json\/wp\/v2\/types\/product"}],"wp:featuredmedia":[{"embeddable":true,"href":"https:\/\/store.evolve-fitness.eu\/sv\/wp-json\/wp\/v2\/media\/28035"}],"wp:attachment":[{"href":"https:\/\/store.evolve-fitness.eu\/sv\/wp-json\/wp\/v2\/media?parent=28033"}],"wp:term":[{"taxonomy":"product_cat","embeddable":true,"href":"https:\/\/store.evolve-fitness.eu\/sv\/wp-json\/wp\/v2\/product_cat?post=28033"},{"taxonomy":"product_tag","embeddable":true,"href":"https:\/\/store.evolve-fitness.eu\/sv\/wp-json\/wp\/v2\/product_tag?post=28033"}],"curies":[{"name":"wp","href":"https:\/\/api.w.org\/{rel}","templated":true}]}}